{"id":1136,"date":"2021-08-24T15:56:16","date_gmt":"2021-08-24T15:56:16","guid":{"rendered":"https:\/\/www.mackeviciai.lt\/?page_id=1136"},"modified":"2025-02-14T10:42:07","modified_gmt":"2025-02-14T10:42:07","slug":"video","status":"publish","type":"page","link":"https:\/\/mackeviciai.lt\/en\/video\/","title":{"rendered":"Video"},"content":{"rendered":"<div class=\"wp-block-group alignwide\"><div class=\"wp-block-group__inner-container\">\n<div class=\"wp-block-columns alignfull mack3\">\n<div class=\"wp-block-column is-vertically-aligned-top bordercol\">\n<figure class=\"wp-block-embed is-type-video is-provider-youtube wp-block-embed-youtube wp-embed-aspect-16-9 wp-has-aspect-ratio\"><div class=\"wp-block-embed__wrapper\">\n<iframe loading=\"lazy\" title=\"Dant\u0173 protezavimas - Astijus Mackevi\u010dius | Mackevi\u010di\u0173 \u0161eimos Odontologijos klinika\" width=\"580\" height=\"326\" src=\"https:\/\/www.youtube.com\/embed\/GR6Ze1VQ3kc?feature=oembed\" frameborder=\"0\" allow=\"accelerometer; autoplay; clipboard-write; encrypted-media; gyroscope; picture-in-picture\" allowfullscreen><\/iframe>\n<\/div><\/figure>\n\n\n\n<p>Astijus Mackevi\u010dius<\/p>\n\n\n\n<div id=\"ez-toc-container\" class=\"ez-toc-v2_0_17 counter-hierarchy counter-decimal ez-toc-transparent\">\n<nav><ul class=\"ez-toc-list ez-toc-list-level-1\"><li class=\"ez-toc-page-1 ez-toc-heading-level-2\"><a class=\"ez-toc-link ez-toc-heading-1\" href=\"https:\/\/mackeviciai.lt\/en\/video\/#Dental_prosthetics\" title=\"Dental prosthetics\">Dental prosthetics<\/a><\/li><li class=\"ez-toc-page-1 ez-toc-heading-level-2\"><a class=\"ez-toc-link ez-toc-heading-2\" href=\"https:\/\/mackeviciai.lt\/en\/video\/#Salivary_gland_diseases\" title=\"Salivary gland diseases\">Salivary gland diseases<\/a><\/li><li class=\"ez-toc-page-1 ez-toc-heading-level-2\"><a class=\"ez-toc-link ez-toc-heading-3\" href=\"https:\/\/mackeviciai.lt\/en\/video\/#All-on-four_implantation\" title=\"All-on-four implantation\">All-on-four implantation<\/a><\/li><li class=\"ez-toc-page-1 ez-toc-heading-level-2\"><a class=\"ez-toc-link ez-toc-heading-4\" href=\"https:\/\/mackeviciai.lt\/en\/video\/#Oral_cancer\" title=\"Oral cancer\">Oral cancer<\/a><\/li><li class=\"ez-toc-page-1 ez-toc-heading-level-2\"><a class=\"ez-toc-link ez-toc-heading-5\" href=\"https:\/\/mackeviciai.lt\/en\/video\/#Dental_implantation\" title=\"Dental implantation\">Dental implantation<\/a><\/li><li class=\"ez-toc-page-1 ez-toc-heading-level-2\"><a class=\"ez-toc-link ez-toc-heading-6\" href=\"https:\/\/mackeviciai.lt\/en\/video\/#Endodontics\" title=\"Endodontics\">Endodontics<\/a><\/li><li class=\"ez-toc-page-1 ez-toc-heading-level-2\"><a class=\"ez-toc-link ez-toc-heading-7\" href=\"https:\/\/mackeviciai.lt\/en\/video\/#Oral_and_maxillofacial_surgery\" title=\"Oral and maxillofacial surgery\">Oral and maxillofacial surgery<\/a><\/li><li class=\"ez-toc-page-1 ez-toc-heading-level-2\"><a class=\"ez-toc-link ez-toc-heading-8\" href=\"https:\/\/mackeviciai.lt\/en\/video\/#Oral_hygiene\" title=\"Oral hygiene\">Oral hygiene<\/a><\/li><li class=\"ez-toc-page-1 ez-toc-heading-level-2\"><a class=\"ez-toc-link ez-toc-heading-9\" href=\"https:\/\/mackeviciai.lt\/en\/video\/#Orthodontics\" title=\"Orthodontics\">Orthodontics<\/a><\/li><li class=\"ez-toc-page-1 ez-toc-heading-level-2\"><a class=\"ez-toc-link ez-toc-heading-10\" href=\"https:\/\/mackeviciai.lt\/en\/video\/#Periodontology\" title=\"Periodontology\">Periodontology<\/a><\/li><li class=\"ez-toc-page-1 ez-toc-heading-level-2\"><a class=\"ez-toc-link ez-toc-heading-11\" href=\"https:\/\/mackeviciai.lt\/en\/video\/#Orthodontics-2\" title=\"Orthodontics\">Orthodontics<\/a><\/li><\/ul><\/nav><\/div>\n<h2 class=\"has-larger-font-size\"><span class=\"ez-toc-section\" id=\"Dental_prosthetics\"><\/span>Dental prosthetics<span class=\"ez-toc-section-end\"><\/span><\/h2>\n<\/div>\n\n\n\n<div class=\"wp-block-column is-vertically-aligned-top bordercol\">\n<figure class=\"wp-block-embed is-type-video is-provider-youtube wp-block-embed-youtube wp-embed-aspect-16-9 wp-has-aspect-ratio\"><div class=\"wp-block-embed__wrapper\">\n<iframe loading=\"lazy\" title=\"Seili\u0173 liauk\u0173 ligos - Andrius Talij\u016bnas | Mackevi\u010di\u0173 \u0161eimos odontologijos klinika\" width=\"580\" height=\"326\" src=\"https:\/\/www.youtube.com\/embed\/W5YITeyKX5w?feature=oembed\" frameborder=\"0\" allow=\"accelerometer; autoplay; clipboard-write; encrypted-media; gyroscope; picture-in-picture\" allowfullscreen><\/iframe>\n<\/div><\/figure>\n\n\n\n<p>Andrius Talij\u016bnas<\/p>\n\n\n\n<h2 class=\"has-larger-font-size\"><span class=\"ez-toc-section\" id=\"Salivary_gland_diseases\"><\/span>Salivary gland diseases<span class=\"ez-toc-section-end\"><\/span><\/h2>\n<\/div>\n<\/div>\n<\/div><\/div>\n\n\n\n<div class=\"wp-block-group alignwide\"><div class=\"wp-block-group__inner-container\">\n<div class=\"wp-block-columns alignfull mack3\">\n<div class=\"wp-block-column is-vertically-aligned-top bordercol\">\n<figure class=\"wp-block-embed is-type-video is-provider-youtube wp-block-embed-youtube wp-embed-aspect-16-9 wp-has-aspect-ratio\"><div class=\"wp-block-embed__wrapper\">\n<iframe loading=\"lazy\" title=\"Visi ant keturi\u0173 - dant\u0173 atk\u016brimas  - Astijus Mackevi\u010dius | Mackevi\u010di\u0173 odontologijos klinika\" width=\"580\" height=\"326\" src=\"https:\/\/www.youtube.com\/embed\/rK22koJsvb0?feature=oembed\" frameborder=\"0\" allow=\"accelerometer; autoplay; clipboard-write; encrypted-media; gyroscope; picture-in-picture\" allowfullscreen><\/iframe>\n<\/div><\/figure>\n\n\n\n<p>Astijus Mackevi\u010dius<\/p>\n\n\n\n<h2 class=\"has-larger-font-size\"><span class=\"ez-toc-section\" id=\"All-on-four_implantation\"><\/span>All-on-four implantation<span class=\"ez-toc-section-end\"><\/span><\/h2>\n<\/div>\n\n\n\n<div class=\"wp-block-column is-vertically-aligned-top bordercol\">\n<figure class=\"wp-block-embed is-type-video is-provider-youtube wp-block-embed-youtube wp-embed-aspect-16-9 wp-has-aspect-ratio\"><div class=\"wp-block-embed__wrapper\">\n<iframe loading=\"lazy\" title=\"Burnos v\u0117\u017einiai susirgimai - Andrius Talij\u016bnas | Mackevi\u010di\u0173 \u0161eimos odontologijos klinika\" width=\"580\" height=\"326\" src=\"https:\/\/www.youtube.com\/embed\/nPmqeKzLf40?feature=oembed\" frameborder=\"0\" allow=\"accelerometer; autoplay; clipboard-write; encrypted-media; gyroscope; picture-in-picture\" allowfullscreen><\/iframe>\n<\/div><\/figure>\n\n\n\n<p>Andrius Talij\u016bnas<\/p>\n\n\n\n<h2 class=\"has-larger-font-size\"><span class=\"ez-toc-section\" id=\"Oral_cancer\"><\/span>Oral cancer<span class=\"ez-toc-section-end\"><\/span><\/h2>\n<\/div>\n<\/div>\n<\/div><\/div>\n\n\n\n<div class=\"wp-block-group alignwide\"><div class=\"wp-block-group__inner-container\">\n<div class=\"wp-block-columns alignfull mack3\">\n<div class=\"wp-block-column is-vertically-aligned-top bordercol\">\n<figure class=\"wp-block-embed is-type-video is-provider-youtube wp-block-embed-youtube wp-embed-aspect-16-9 wp-has-aspect-ratio\"><div class=\"wp-block-embed__wrapper\">\n<iframe loading=\"lazy\" title=\"Dant\u0173 implantavimas  - Astijus Mackevi\u010dius | Mackevi\u010di\u0173 \u0161eimos odontologijos klinika\" width=\"580\" height=\"326\" src=\"https:\/\/www.youtube.com\/embed\/M-wtGOpbBnQ?feature=oembed\" frameborder=\"0\" allow=\"accelerometer; autoplay; clipboard-write; encrypted-media; gyroscope; picture-in-picture\" allowfullscreen><\/iframe>\n<\/div><\/figure>\n\n\n\n<p>Astijus Mackevi\u010dius<\/p>\n\n\n\n<h2 class=\"has-larger-font-size\"><span class=\"ez-toc-section\" id=\"Dental_implantation\"><\/span>Dental implantation<span class=\"ez-toc-section-end\"><\/span><\/h2>\n<\/div>\n\n\n\n<div class=\"wp-block-column is-vertically-aligned-top bordercol\">\n<figure class=\"wp-block-embed is-type-video is-provider-youtube wp-block-embed-youtube wp-embed-aspect-16-9 wp-has-aspect-ratio\"><div class=\"wp-block-embed__wrapper\">\n<iframe loading=\"lazy\" title=\"Endodontija - Raimonda Mar\u010diulynait\u0117-Ustilien\u0117 | Mackevi\u010di\u0173 \u0161eimos ondontologijos klinika\" width=\"580\" height=\"326\" src=\"https:\/\/www.youtube.com\/embed\/0PW_eliSNvo?feature=oembed\" frameborder=\"0\" allow=\"accelerometer; autoplay; clipboard-write; encrypted-media; gyroscope; picture-in-picture\" allowfullscreen><\/iframe>\n<\/div><\/figure>\n\n\n\n<p>Raimonda Mar\u010diulynait\u0117-Ustilien\u0117<\/p>\n\n\n\n<h2 class=\"has-larger-font-size\"><span class=\"ez-toc-section\" id=\"Endodontics\"><\/span>Endodontics<span class=\"ez-toc-section-end\"><\/span><\/h2>\n<\/div>\n<\/div>\n<\/div><\/div>\n\n\n\n<div class=\"wp-block-group alignwide\"><div class=\"wp-block-group__inner-container\">\n<div class=\"wp-block-columns alignfull mack3\">\n<div class=\"wp-block-column is-vertically-aligned-top bordercol\">\n<figure class=\"wp-block-embed is-type-video is-provider-youtube wp-block-embed-youtube wp-embed-aspect-16-9 wp-has-aspect-ratio\"><div class=\"wp-block-embed__wrapper\">\n<iframe loading=\"lazy\" title=\"Burnos ir \u017eandikaulio chirurgija - Andrius Talij\u016bnas  | Mackevi\u010di\u0173 \u0161eimos odontologijos klinika\" width=\"580\" height=\"326\" src=\"https:\/\/www.youtube.com\/embed\/mioN2LGw-p8?feature=oembed\" frameborder=\"0\" allow=\"accelerometer; autoplay; clipboard-write; encrypted-media; gyroscope; picture-in-picture\" allowfullscreen><\/iframe>\n<\/div><\/figure>\n\n\n\n<p>Andrius Talij\u016bnas<\/p>\n\n\n\n<h2 class=\"has-larger-font-size\"><span class=\"ez-toc-section\" id=\"Oral_and_maxillofacial_surgery\"><\/span>Oral and maxillofacial surgery<span class=\"ez-toc-section-end\"><\/span><\/h2>\n<\/div>\n\n\n\n<div class=\"wp-block-column is-vertically-aligned-top bordercol\">\n<figure class=\"wp-block-embed is-type-video is-provider-youtube wp-block-embed-youtube wp-embed-aspect-16-9 wp-has-aspect-ratio\"><div class=\"wp-block-embed__wrapper\">\n<iframe loading=\"lazy\" title=\"Burnos Higiena - Indr\u0117 Naru\u0161evi\u010di\u016bt\u0117   | Mackevi\u010di\u0173 \u0161eimos odontologijos klinika\" width=\"580\" height=\"326\" src=\"https:\/\/www.youtube.com\/embed\/wL_mhkVwYTg?feature=oembed\" frameborder=\"0\" allow=\"accelerometer; autoplay; clipboard-write; encrypted-media; gyroscope; picture-in-picture\" allowfullscreen><\/iframe>\n<\/div><\/figure>\n\n\n\n<p>Indr\u0117 Naru\u0161evi\u010di\u016bt\u0117<\/p>\n\n\n\n<h2 class=\"has-larger-font-size\"><span class=\"ez-toc-section\" id=\"Oral_hygiene\"><\/span>Oral hygiene<span class=\"ez-toc-section-end\"><\/span><\/h2>\n<\/div>\n<\/div>\n<\/div><\/div>\n\n\n\n<div class=\"wp-block-group alignwide\"><div class=\"wp-block-group__inner-container\">\n<div class=\"wp-block-columns alignfull mack3\">\n<div class=\"wp-block-column is-vertically-aligned-top bordercol\">\n<figure class=\"wp-block-embed is-type-video is-provider-youtube wp-block-embed-youtube wp-embed-aspect-16-9 wp-has-aspect-ratio\"><div class=\"wp-block-embed__wrapper\">\n<iframe loading=\"lazy\" title=\"Ortodontija - Migl\u0117 Banevi\u010di\u016bt\u0117-Lapatinsk\u0117 | Mackevi\u010di\u0173 \u0161eimos odontologijos klinika\" width=\"580\" height=\"326\" src=\"https:\/\/www.youtube.com\/embed\/Srd-1EC3SBY?feature=oembed\" frameborder=\"0\" allow=\"accelerometer; autoplay; clipboard-write; encrypted-media; gyroscope; picture-in-picture\" allowfullscreen><\/iframe>\n<\/div><\/figure>\n\n\n\n<p>Migl\u0117 Banevi\u010di\u016bt\u0117-Lapatinsk\u0117<\/p>\n\n\n\n<h2 class=\"has-larger-font-size\"><span class=\"ez-toc-section\" id=\"Orthodontics\"><\/span>Orthodontics<span class=\"ez-toc-section-end\"><\/span><\/h2>\n<\/div>\n\n\n\n<div class=\"wp-block-column is-vertically-aligned-top bordercol\">\n<figure class=\"wp-block-embed is-type-video is-provider-youtube wp-block-embed-youtube wp-embed-aspect-16-9 wp-has-aspect-ratio\"><div class=\"wp-block-embed__wrapper\">\n<iframe loading=\"lazy\" title=\"Perdiodontologija - Giedrius Krukonis  | Mackevi\u010di\u0173 odontologijos klinika\" width=\"580\" height=\"326\" src=\"https:\/\/www.youtube.com\/embed\/_Uz1dcs2qvM?feature=oembed\" frameborder=\"0\" allow=\"accelerometer; autoplay; clipboard-write; encrypted-media; gyroscope; picture-in-picture\" allowfullscreen><\/iframe>\n<\/div><\/figure>\n\n\n\n<p>Giedrius Krukonis<\/p>\n\n\n\n<h2 class=\"has-larger-font-size\"><span class=\"ez-toc-section\" id=\"Periodontology\"><\/span>Periodontology<span class=\"ez-toc-section-end\"><\/span><\/h2>\n<\/div>\n<\/div>\n<\/div><\/div>\n\n\n\n<div class=\"wp-block-group alignwide\"><div class=\"wp-block-group__inner-container\">\n<div class=\"wp-block-columns alignfull mack3\">\n<div class=\"wp-block-column is-vertically-aligned-top bordercol\">\n<figure class=\"wp-block-embed is-type-video is-provider-youtube wp-block-embed-youtube wp-embed-aspect-16-9 wp-has-aspect-ratio\"><div class=\"wp-block-embed__wrapper\">\n<iframe loading=\"lazy\" title=\"Ortodontija - Monika Mackevi\u010di\u016bt\u0117 | Mackevi\u010di\u0173 odontologijos klinika\" width=\"580\" height=\"326\" src=\"https:\/\/www.youtube.com\/embed\/odYgRnpkg2A?feature=oembed\" frameborder=\"0\" allow=\"accelerometer; autoplay; clipboard-write; encrypted-media; gyroscope; picture-in-picture\" allowfullscreen><\/iframe>\n<\/div><\/figure>\n\n\n\n<p>Monika Mackevi\u010di\u016bt\u0117<\/p>\n\n\n\n<h2 class=\"has-larger-font-size\"><span class=\"ez-toc-section\" id=\"Orthodontics-2\"><\/span>Orthodontics<span class=\"ez-toc-section-end\"><\/span><\/h2>\n<\/div>\n\n\n\n<div class=\"wp-block-column is-vertically-aligned-top\">\n<p><\/p>\n<\/div>\n<\/div>\n<\/div><\/div>","protected":false},"excerpt":{"rendered":"<p>Astijus Mackevi\u010dius Dental prostheticsSalivary gland diseasesAll-on-four implantationOral cancerDental implantationEndodonticsOral and maxillofacial surgeryOral hygieneOrthodonticsPeriodontologyOrthodontics Dental prosthetics Andrius Talij\u016bnas Salivary gland diseases Astijus Mackevi\u010dius All-on-four implantation Andrius Talij\u016bnas Oral cancer Astijus Mackevi\u010dius Dental implantation Raimonda Mar\u010diulynait\u0117-Ustilien\u0117 Endodontics Andrius Talij\u016bnas Oral and maxillofacial surgery Indr\u0117 Naru\u0161evi\u010di\u016bt\u0117 Oral hygiene Migl\u0117 Banevi\u010di\u016bt\u0117-Lapatinsk\u0117 Orthodontics Giedrius Krukonis Periodontology Monika Mackevi\u010di\u016bt\u0117 Orthodontics<\/p>","protected":false},"author":1,"featured_media":0,"parent":0,"menu_order":0,"comment_status":"closed","ping_status":"closed","template":"","meta":{"_monsterinsights_skip_tracking":false,"_monsterinsights_sitenote_active":false,"_monsterinsights_sitenote_note":"","_monsterinsights_sitenote_category":0},"yoast_head":"<!-- This site is optimized with the Yoast SEO plugin v17.8 - https:\/\/yoast.com\/wordpress\/plugins\/seo\/ -->\n<title>Video - A. Mackevi\u010diaus odontologijos klinika - Vilnius<\/title>\n<meta name=\"robots\" content=\"index, follow, max-snippet:-1, max-image-preview:large, max-video-preview:-1\" \/>\n<link rel=\"canonical\" href=\"https:\/\/mackeviciai.lt\/en\/video\/\" \/>\n<meta property=\"og:locale\" content=\"en_US\" \/>\n<meta property=\"og:type\" content=\"article\" \/>\n<meta property=\"og:title\" content=\"Video - A. Mackevi\u010diaus odontologijos klinika - Vilnius\" \/>\n<meta property=\"og:description\" content=\"Astijus Mackevi\u010dius Dental prostheticsSalivary gland diseasesAll-on-four implantationOral cancerDental implantationEndodonticsOral and maxillofacial surgeryOral hygieneOrthodonticsPeriodontologyOrthodontics Dental prosthetics Andrius Talij\u016bnas Salivary gland diseases Astijus Mackevi\u010dius All-on-four implantation Andrius Talij\u016bnas Oral cancer Astijus Mackevi\u010dius Dental implantation Raimonda Mar\u010diulynait\u0117-Ustilien\u0117 Endodontics Andrius Talij\u016bnas Oral and maxillofacial surgery Indr\u0117 Naru\u0161evi\u010di\u016bt\u0117 Oral hygiene Migl\u0117 Banevi\u010di\u016bt\u0117-Lapatinsk\u0117 Orthodontics Giedrius Krukonis Periodontology Monika Mackevi\u010di\u016bt\u0117 Orthodontics\" \/>\n<meta property=\"og:url\" content=\"https:\/\/mackeviciai.lt\/en\/video\/\" \/>\n<meta property=\"og:site_name\" content=\"A. Mackevi\u010diaus odontologijos klinika - Vilnius\" \/>\n<meta property=\"article:modified_time\" content=\"2025-02-14T10:42:07+00:00\" \/>\n<meta name=\"twitter:card\" content=\"summary_large_image\" \/>\n<meta name=\"twitter:label1\" content=\"Est. reading time\" \/>\n\t<meta name=\"twitter:data1\" content=\"1 minute\" \/>\n<script type=\"application\/ld+json\" class=\"yoast-schema-graph\">{\"@context\":\"https:\/\/schema.org\",\"@graph\":[{\"@type\":\"Organization\",\"@id\":\"https:\/\/mackeviciai.lt\/lt\/#organization\",\"name\":\"A. Mackevi\\u010diaus odontologijos klinika\",\"url\":\"https:\/\/mackeviciai.lt\/lt\/\",\"sameAs\":[],\"logo\":{\"@type\":\"ImageObject\",\"@id\":\"https:\/\/mackeviciai.lt\/lt\/#logo\",\"inLanguage\":\"en-US\",\"url\":\"https:\/\/www.mackeviciai.lt\/wp-content\/uploads\/2021\/12\/BLUE_HORIZONTAL.png\",\"contentUrl\":\"https:\/\/www.mackeviciai.lt\/wp-content\/uploads\/2021\/12\/BLUE_HORIZONTAL.png\",\"width\":708,\"height\":165,\"caption\":\"A. Mackevi\\u010diaus odontologijos klinika\"},\"image\":{\"@id\":\"https:\/\/mackeviciai.lt\/lt\/#logo\"}},{\"@type\":\"WebSite\",\"@id\":\"https:\/\/mackeviciai.lt\/lt\/#website\",\"url\":\"https:\/\/mackeviciai.lt\/lt\/\",\"name\":\"A. Mackevi\\u010diaus odontologijos klinika - Vilnius\",\"description\":\"\",\"publisher\":{\"@id\":\"https:\/\/mackeviciai.lt\/lt\/#organization\"},\"potentialAction\":[{\"@type\":\"SearchAction\",\"target\":{\"@type\":\"EntryPoint\",\"urlTemplate\":\"https:\/\/mackeviciai.lt\/lt\/?s={search_term_string}\"},\"query-input\":\"required name=search_term_string\"}],\"inLanguage\":\"en-US\"},{\"@type\":\"WebPage\",\"@id\":\"https:\/\/mackeviciai.lt\/en\/video\/#webpage\",\"url\":\"https:\/\/mackeviciai.lt\/en\/video\/\",\"name\":\"Video - A. Mackevi\\u010diaus odontologijos klinika - Vilnius\",\"isPartOf\":{\"@id\":\"https:\/\/mackeviciai.lt\/lt\/#website\"},\"datePublished\":\"2021-08-24T15:56:16+00:00\",\"dateModified\":\"2025-02-14T10:42:07+00:00\",\"breadcrumb\":{\"@id\":\"https:\/\/mackeviciai.lt\/en\/video\/#breadcrumb\"},\"inLanguage\":\"en-US\",\"potentialAction\":[{\"@type\":\"ReadAction\",\"target\":[\"https:\/\/mackeviciai.lt\/en\/video\/\"]}]},{\"@type\":\"BreadcrumbList\",\"@id\":\"https:\/\/mackeviciai.lt\/en\/video\/#breadcrumb\",\"itemListElement\":[{\"@type\":\"ListItem\",\"position\":1,\"name\":\"Home\",\"item\":\"https:\/\/mackeviciai.lt\/en\/\"},{\"@type\":\"ListItem\",\"position\":2,\"name\":\"Video\"}]}]}<\/script>\n<!-- \/ Yoast SEO plugin. -->","yoast_head_json":{"title":"Video - A. Mackevi\u010diaus odontologijos klinika - Vilnius","robots":{"index":"index","follow":"follow","max-snippet":"max-snippet:-1","max-image-preview":"max-image-preview:large","max-video-preview":"max-video-preview:-1"},"canonical":"https:\/\/mackeviciai.lt\/en\/video\/","og_locale":"en_US","og_type":"article","og_title":"Video - A. Mackevi\u010diaus odontologijos klinika - Vilnius","og_description":"Astijus Mackevi\u010dius Dental prostheticsSalivary gland diseasesAll-on-four implantationOral cancerDental implantationEndodonticsOral and maxillofacial surgeryOral hygieneOrthodonticsPeriodontologyOrthodontics Dental prosthetics Andrius Talij\u016bnas Salivary gland diseases Astijus Mackevi\u010dius All-on-four implantation Andrius Talij\u016bnas Oral cancer Astijus Mackevi\u010dius Dental implantation Raimonda Mar\u010diulynait\u0117-Ustilien\u0117 Endodontics Andrius Talij\u016bnas Oral and maxillofacial surgery Indr\u0117 Naru\u0161evi\u010di\u016bt\u0117 Oral hygiene Migl\u0117 Banevi\u010di\u016bt\u0117-Lapatinsk\u0117 Orthodontics Giedrius Krukonis Periodontology Monika Mackevi\u010di\u016bt\u0117 Orthodontics","og_url":"https:\/\/mackeviciai.lt\/en\/video\/","og_site_name":"A. Mackevi\u010diaus odontologijos klinika - Vilnius","article_modified_time":"2025-02-14T10:42:07+00:00","twitter_card":"summary_large_image","twitter_misc":{"Est. reading time":"1 minute"},"schema":{"@context":"https:\/\/schema.org","@graph":[{"@type":"Organization","@id":"https:\/\/mackeviciai.lt\/lt\/#organization","name":"A. Mackevi\u010diaus odontologijos klinika","url":"https:\/\/mackeviciai.lt\/lt\/","sameAs":[],"logo":{"@type":"ImageObject","@id":"https:\/\/mackeviciai.lt\/lt\/#logo","inLanguage":"en-US","url":"https:\/\/www.mackeviciai.lt\/wp-content\/uploads\/2021\/12\/BLUE_HORIZONTAL.png","contentUrl":"https:\/\/www.mackeviciai.lt\/wp-content\/uploads\/2021\/12\/BLUE_HORIZONTAL.png","width":708,"height":165,"caption":"A. Mackevi\u010diaus odontologijos klinika"},"image":{"@id":"https:\/\/mackeviciai.lt\/lt\/#logo"}},{"@type":"WebSite","@id":"https:\/\/mackeviciai.lt\/lt\/#website","url":"https:\/\/mackeviciai.lt\/lt\/","name":"A. Mackevi\u010diaus odontologijos klinika - Vilnius","description":"","publisher":{"@id":"https:\/\/mackeviciai.lt\/lt\/#organization"},"potentialAction":[{"@type":"SearchAction","target":{"@type":"EntryPoint","urlTemplate":"https:\/\/mackeviciai.lt\/lt\/?s={search_term_string}"},"query-input":"required name=search_term_string"}],"inLanguage":"en-US"},{"@type":"WebPage","@id":"https:\/\/mackeviciai.lt\/en\/video\/#webpage","url":"https:\/\/mackeviciai.lt\/en\/video\/","name":"Video - A. Mackevi\u010diaus odontologijos klinika - Vilnius","isPartOf":{"@id":"https:\/\/mackeviciai.lt\/lt\/#website"},"datePublished":"2021-08-24T15:56:16+00:00","dateModified":"2025-02-14T10:42:07+00:00","breadcrumb":{"@id":"https:\/\/mackeviciai.lt\/en\/video\/#breadcrumb"},"inLanguage":"en-US","potentialAction":[{"@type":"ReadAction","target":["https:\/\/mackeviciai.lt\/en\/video\/"]}]},{"@type":"BreadcrumbList","@id":"https:\/\/mackeviciai.lt\/en\/video\/#breadcrumb","itemListElement":[{"@type":"ListItem","position":1,"name":"Home","item":"https:\/\/mackeviciai.lt\/en\/"},{"@type":"ListItem","position":2,"name":"Video"}]}]}},"uagb_featured_image_src":{"full":false,"thumbnail":false,"medium":false,"medium_large":false,"large":false,"1536x1536":false,"2048x2048":false,"trp-custom-language-flag":false,"post-thumbnail":false,"twentytwenty-fullscreen":false},"uagb_author_info":{"display_name":"test159","author_link":"https:\/\/mackeviciai.lt\/en\/author\/test159\/"},"uagb_comment_info":0,"uagb_excerpt":"Astijus Mackevi\u010dius Dental prostheticsSalivary gland diseasesAll-on-four implantationOral cancerDental implantationEndodonticsOral and maxillofacial surgeryOral hygieneOrthodonticsPeriodontologyOrthodontics Dental prosthetics Andrius Talij\u016bnas Salivary gland diseases Astijus Mackevi\u010dius All-on-four implantation Andrius Talij\u016bnas Oral cancer Astijus Mackevi\u010dius Dental implantation Raimonda Mar\u010diulynait\u0117-Ustilien\u0117 Endodontics Andrius Talij\u016bnas Oral and maxillofacial surgery Indr\u0117 Naru\u0161evi\u010di\u016bt\u0117 Oral hygiene Migl\u0117 Banevi\u010di\u016bt\u0117-Lapatinsk\u0117 Orthodontics Giedrius Krukonis Periodontology Monika Mackevi\u010di\u016bt\u0117 Orthodontics","_links":{"self":[{"href":"https:\/\/mackeviciai.lt\/en\/wp-json\/wp\/v2\/pages\/1136"}],"collection":[{"href":"https:\/\/mackeviciai.lt\/en\/wp-json\/wp\/v2\/pages"}],"about":[{"href":"https:\/\/mackeviciai.lt\/en\/wp-json\/wp\/v2\/types\/page"}],"author":[{"embeddable":true,"href":"https:\/\/mackeviciai.lt\/en\/wp-json\/wp\/v2\/users\/1"}],"replies":[{"embeddable":true,"href":"https:\/\/mackeviciai.lt\/en\/wp-json\/wp\/v2\/comments?post=1136"}],"version-history":[{"count":5,"href":"https:\/\/mackeviciai.lt\/en\/wp-json\/wp\/v2\/pages\/1136\/revisions"}],"predecessor-version":[{"id":5588,"href":"https:\/\/mackeviciai.lt\/en\/wp-json\/wp\/v2\/pages\/1136\/revisions\/5588"}],"wp:attachment":[{"href":"https:\/\/mackeviciai.lt\/en\/wp-json\/wp\/v2\/media?parent=1136"}],"curies":[{"name":"wp","href":"https:\/\/api.w.org\/{rel}","templated":true}]}}