{"id":3967,"date":"2022-01-29T15:29:01","date_gmt":"2022-01-29T15:29:01","guid":{"rendered":"https:\/\/www.mackeviciai.lt\/?page_id=3967"},"modified":"2025-02-19T06:51:56","modified_gmt":"2025-02-19T06:51:56","slug":"contacts","status":"publish","type":"page","link":"https:\/\/mackeviciai.lt\/en\/contacts\/","title":{"rendered":"Contacts"},"content":{"rendered":"<div style=\"height:30px\" aria-hidden=\"true\" class=\"wp-block-spacer\"><\/div>\n\n\n\n<div class=\"wp-block-group alignwide widthfull services contactSERV hidder\"><div class=\"wp-block-group__inner-container\">\n<div class=\"wp-block-columns alignfull mack3\">\n<div class=\"wp-block-column is-vertically-aligned-top\">\n<h3 style=\"font-size:30px\">Old Town Branch<\/h3>\n\n\n\n<p>L. Stuokos-Gucevi\u010diaus st. 9-9<br>Vilnius, Lithuania, LT-01122<\/p>\n\n\n\n<p><a href=\"tel:+370 686 30526\"><a href=\"tel:+370 5261 2512\">+370 526 12512<\/a><br><a href=\"tel:+370 686 30526\">+370 686 30526<\/a><\/a><\/p>\n\n\n\n<table class=\"mackTABLE\" cellpadding=\"0\" cellspacing=\"0\" border=\"0\">\n<tr>\n    <td>I &#8211; V<\/td>\n    <td style=\"width:30%\">8:00 \u2013 20:00<\/td>\n  <\/tr>\n<\/table>\n<\/div>\n\n\n\n<div class=\"wp-block-column is-vertically-aligned-top\">\n<h3 style=\"font-size:30px\">Castle apartments<\/h3>\n\n\n\n<p>Olimpie\u010di\u0173 st. 3e<br>Vilnius 09235, Lithuania<\/p>\n\n\n\n<p><a href=\"tel:+370 686 30526\"><a href=\"tel:+370 523 14212\">+370 523 14212<\/a><br><a href=\"tel:+370 646 16368\">+370 646 16368<\/a><\/a><\/p>\n\n\n\n<table class=\"mackTABLE\" cellpadding=\"0\" cellspacing=\"0\" border=\"0\">\n<tr>\n    <td>I &#8211; V<\/td>\n    <td style=\"width:30%\">8:00 \u2013 20:00<\/td>\n  <\/tr>\n<\/table>\n\n\n\n<p><\/p>\n<\/div>\n<\/div>\n\n\n\n<div style=\"height:20px\" aria-hidden=\"true\" class=\"wp-block-spacer\"><\/div>\n<\/div><\/div>\n\n\n\n<div class=\"wp-block-group alignfull\"><div class=\"wp-block-group__inner-container\">\n<div class=\"wp-block-columns alignwide\">\n<div class=\"wp-block-column\">\n<figure class=\"wp-block-image alignfull size-large mack1img\"><img loading=\"lazy\" width=\"1024\" height=\"657\" src=\"https:\/\/mackeviciai.lt\/wp-content\/uploads\/2021\/11\/kontaktai-min-e1739788585166-1024x657.jpg\" alt=\"patient registration near counter\" class=\"wp-image-2537\" srcset=\"https:\/\/mackeviciai.lt\/wp-content\/uploads\/2021\/11\/kontaktai-min-e1739788585166-1024x657.jpg 1024w, https:\/\/mackeviciai.lt\/wp-content\/uploads\/2021\/11\/kontaktai-min-e1739788585166-300x193.jpg 300w, https:\/\/mackeviciai.lt\/wp-content\/uploads\/2021\/11\/kontaktai-min-e1739788585166-768x493.jpg 768w, https:\/\/mackeviciai.lt\/wp-content\/uploads\/2021\/11\/kontaktai-min-e1739788585166-1200x770.jpg 1200w, https:\/\/mackeviciai.lt\/wp-content\/uploads\/2021\/11\/kontaktai-min-e1739788585166-18x12.jpg 18w, https:\/\/mackeviciai.lt\/wp-content\/uploads\/2021\/11\/kontaktai-min-e1739788585166.jpg 1387w\" sizes=\"(max-width: 1024px) 100vw, 1024px\" \/><\/figure>\n\n\n\n<p><\/p>\n<\/div>\n\n\n\n<div class=\"wp-block-column mack1\">\n<h5>Have any questions?<\/h5>\n\n\n\n<h2>Contact us<\/h2>\n\n\n\n<p>Email us at <strong>info@mackeviciai.lt<\/strong><br>Or use the message creation form below to submit your email address so we can contact you.<\/p>\n\n\n\n<p>Our administration communicates in <strong>Lithuanian, Russian, and English.<\/strong><\/p>\n<\/div>\n<\/div>\n<\/div><\/div>\n\n\n<div role=\"form\" class=\"wpcf7\" id=\"wpcf7-f1138-o1\" lang=\"en-US\" dir=\"ltr\">\n<div class=\"screen-reader-response\"><\/div>\n<form action=\"\/en\/wp-json\/wp\/v2\/pages\/3967#wpcf7-f1138-o1\" method=\"post\" class=\"wpcf7-form\" novalidate=\"novalidate\" data-trp-original-action=\"\/en\/wp-json\/wp\/v2\/pages\/3967#wpcf7-f1138-o1\">\n<div style=\"display: none;\">\n<input type=\"hidden\" name=\"_wpcf7\" value=\"1138\" \/>\n<input type=\"hidden\" name=\"_wpcf7_version\" value=\"5.1.6\" \/>\n<input type=\"hidden\" name=\"_wpcf7_locale\" value=\"en_US\" \/>\n<input type=\"hidden\" name=\"_wpcf7_unit_tag\" value=\"wpcf7-f1138-o1\" \/>\n<input type=\"hidden\" name=\"_wpcf7_container_post\" value=\"0\" \/>\n<input type=\"hidden\" name=\"g-recaptcha-response\" value=\"\" \/>\n<\/div>\n<div class=\"contactrow\">\n<div class=\"contactcolumn2\">\n<p>    <span class=\"wpcf7-form-control-wrap your-name\"><input type=\"text\" name=\"your-name\" value=\"\" size=\"40\" class=\"wpcf7-form-control wpcf7-text\" aria-invalid=\"false\" placeholder=\"Your Name\" \/><\/span><\/p><\/div>\n<div class=\"contactcolumn2\">\n<p>    <span class=\"wpcf7-form-control-wrap your-subject\"><input type=\"text\" name=\"your-subject\" value=\"\" size=\"40\" class=\"wpcf7-form-control wpcf7-text\" aria-invalid=\"false\" placeholder=\"Topic\" \/><\/span><\/p><\/div>\n<\/div>\n<div class=\"contactrow\">\n<div class=\"contactcolumn1\">\n<p>    <span class=\"wpcf7-form-control-wrap your-email\"><input type=\"email\" name=\"your-email\" value=\"\" size=\"40\" class=\"wpcf7-form-control wpcf7-text wpcf7-email wpcf7-validates-as-required wpcf7-validates-as-email\" aria-required=\"true\" aria-invalid=\"false\" placeholder=\"Your email*\" \/><\/span><\/p><\/div>\n<\/div>\n<div class=\"contactrow\">\n<div class=\"contactcolumn1\">\n<p>    <span class=\"wpcf7-form-control-wrap your-message\"><textarea name=\"your-message\" cols=\"40\" rows=\"10\" class=\"wpcf7-form-control wpcf7-textarea\" aria-invalid=\"false\" placeholder=\"Message\"><\/textarea><\/span><\/p><\/div>\n<p><span class=\"wpcf7-form-control-wrap acceptance-689\"><span class=\"wpcf7-form-control wpcf7-acceptance\"><span class=\"wpcf7-list-item\"><label><input type=\"checkbox\" name=\"acceptance-689\" value=\"1\" aria-invalid=\"false\" \/><span class=\"wpcf7-list-item-label\">Check here if you accept these <a href=\"https:\/\/mackeviciai.lt\/lt\/privacy-policy\/\">Terms<\/a><\/span><\/label><\/span><\/span><\/span>\n<\/div>\n<p><input type=\"submit\" value=\"Send\" class=\"wpcf7-form-control wpcf7-submit\" \/><\/p>\n<input type='hidden' class='wpcf7-pum' value='{\"closepopup\":false,\"closedelay\":0,\"openpopup\":false,\"openpopup_id\":0}' \/><div class=\"wpcf7-response-output wpcf7-display-none\"><\/div><input type=\"hidden\" name=\"trp-form-language\" value=\"en\"\/><\/form><\/div>","protected":false},"excerpt":{"rendered":"<p>Senamies\u010dio filialas L. Stuokos-Gucevi\u010diaus g. 9-9Vilnius, Lietuva, LT-01122 +370 526 12512+370 686 30526 I &#8211; V 8:00 \u2013 20:00 Pilies apartamentai Olimpie\u010di\u0173 g. 3e,Vilnius 09235, Lietuva +370 523 14212+370 646 16368 I &#8211; V 8:00 \u2013 20:00 Have any questions? Contact us Email us at info@mackeviciai.ltOr use the message creation form below to submit your [&hellip;]<\/p>","protected":false},"author":1,"featured_media":0,"parent":0,"menu_order":0,"comment_status":"closed","ping_status":"closed","template":"","meta":{"_monsterinsights_skip_tracking":false,"_monsterinsights_sitenote_active":false,"_monsterinsights_sitenote_note":"","_monsterinsights_sitenote_category":0},"yoast_head":"<!-- This site is optimized with the Yoast SEO plugin v17.8 - https:\/\/yoast.com\/wordpress\/plugins\/seo\/ -->\n<title>Contacts - A. Mackevi\u010diaus odontologijos klinika - Vilnius<\/title>\n<meta name=\"robots\" content=\"index, follow, max-snippet:-1, max-image-preview:large, max-video-preview:-1\" \/>\n<link rel=\"canonical\" href=\"https:\/\/mackeviciai.lt\/en\/contacts\/\" \/>\n<meta property=\"og:locale\" content=\"en_US\" \/>\n<meta property=\"og:type\" content=\"article\" \/>\n<meta property=\"og:title\" content=\"Contacts - A. Mackevi\u010diaus odontologijos klinika - Vilnius\" \/>\n<meta property=\"og:description\" content=\"Senamies\u010dio filialas L. Stuokos-Gucevi\u010diaus g. 9-9Vilnius, Lietuva, LT-01122 +370 526 12512+370 686 30526 I &#8211; V 8:00 \u2013 20:00 Pilies apartamentai Olimpie\u010di\u0173 g. 3e,Vilnius 09235, Lietuva +370 523 14212+370 646 16368 I &#8211; V 8:00 \u2013 20:00 Have any questions? Contact us Email us at info@mackeviciai.ltOr use the message creation form below to submit your [&hellip;]\" \/>\n<meta property=\"og:url\" content=\"https:\/\/mackeviciai.lt\/en\/contacts\/\" \/>\n<meta property=\"og:site_name\" content=\"A. Mackevi\u010diaus odontologijos klinika - Vilnius\" \/>\n<meta property=\"article:modified_time\" content=\"2025-02-19T06:51:56+00:00\" \/>\n<meta property=\"og:image\" content=\"https:\/\/mackeviciai.lt\/wp-content\/uploads\/2021\/11\/kontaktai-min-e1739788585166-1024x657.jpg\" \/>\n<meta name=\"twitter:card\" content=\"summary_large_image\" \/>\n<meta name=\"twitter:label1\" content=\"Est. reading time\" \/>\n\t<meta name=\"twitter:data1\" content=\"1 minute\" \/>\n<script type=\"application\/ld+json\" class=\"yoast-schema-graph\">{\"@context\":\"https:\/\/schema.org\",\"@graph\":[{\"@type\":\"Organization\",\"@id\":\"https:\/\/mackeviciai.lt\/lt\/#organization\",\"name\":\"A. Mackevi\\u010diaus odontologijos klinika\",\"url\":\"https:\/\/mackeviciai.lt\/lt\/\",\"sameAs\":[],\"logo\":{\"@type\":\"ImageObject\",\"@id\":\"https:\/\/mackeviciai.lt\/lt\/#logo\",\"inLanguage\":\"en-US\",\"url\":\"https:\/\/www.mackeviciai.lt\/wp-content\/uploads\/2021\/12\/BLUE_HORIZONTAL.png\",\"contentUrl\":\"https:\/\/www.mackeviciai.lt\/wp-content\/uploads\/2021\/12\/BLUE_HORIZONTAL.png\",\"width\":708,\"height\":165,\"caption\":\"A. Mackevi\\u010diaus odontologijos klinika\"},\"image\":{\"@id\":\"https:\/\/mackeviciai.lt\/lt\/#logo\"}},{\"@type\":\"WebSite\",\"@id\":\"https:\/\/mackeviciai.lt\/lt\/#website\",\"url\":\"https:\/\/mackeviciai.lt\/lt\/\",\"name\":\"A. Mackevi\\u010diaus odontologijos klinika - Vilnius\",\"description\":\"\",\"publisher\":{\"@id\":\"https:\/\/mackeviciai.lt\/lt\/#organization\"},\"potentialAction\":[{\"@type\":\"SearchAction\",\"target\":{\"@type\":\"EntryPoint\",\"urlTemplate\":\"https:\/\/mackeviciai.lt\/lt\/?s={search_term_string}\"},\"query-input\":\"required name=search_term_string\"}],\"inLanguage\":\"en-US\"},{\"@type\":\"ImageObject\",\"@id\":\"https:\/\/mackeviciai.lt\/en\/contacts\/#primaryimage\",\"inLanguage\":\"en-US\",\"url\":\"https:\/\/mackeviciai.lt\/wp-content\/uploads\/2021\/11\/kontaktai-min-e1739788585166.jpg\",\"contentUrl\":\"https:\/\/mackeviciai.lt\/wp-content\/uploads\/2021\/11\/kontaktai-min-e1739788585166.jpg\",\"width\":1387,\"height\":890,\"caption\":\"patient registration near counter\"},{\"@type\":\"WebPage\",\"@id\":\"https:\/\/mackeviciai.lt\/en\/contacts\/#webpage\",\"url\":\"https:\/\/mackeviciai.lt\/en\/contacts\/\",\"name\":\"Contacts - A. Mackevi\\u010diaus odontologijos klinika - Vilnius\",\"isPartOf\":{\"@id\":\"https:\/\/mackeviciai.lt\/lt\/#website\"},\"primaryImageOfPage\":{\"@id\":\"https:\/\/mackeviciai.lt\/en\/contacts\/#primaryimage\"},\"datePublished\":\"2022-01-29T15:29:01+00:00\",\"dateModified\":\"2025-02-19T06:51:56+00:00\",\"breadcrumb\":{\"@id\":\"https:\/\/mackeviciai.lt\/en\/contacts\/#breadcrumb\"},\"inLanguage\":\"en-US\",\"potentialAction\":[{\"@type\":\"ReadAction\",\"target\":[\"https:\/\/mackeviciai.lt\/en\/contacts\/\"]}]},{\"@type\":\"BreadcrumbList\",\"@id\":\"https:\/\/mackeviciai.lt\/en\/contacts\/#breadcrumb\",\"itemListElement\":[{\"@type\":\"ListItem\",\"position\":1,\"name\":\"Home\",\"item\":\"https:\/\/mackeviciai.lt\/en\/\"},{\"@type\":\"ListItem\",\"position\":2,\"name\":\"Contacts\"}]}]}<\/script>\n<!-- \/ Yoast SEO plugin. -->","yoast_head_json":{"title":"Contacts - A. Mackevi\u010diaus odontologijos klinika - Vilnius","robots":{"index":"index","follow":"follow","max-snippet":"max-snippet:-1","max-image-preview":"max-image-preview:large","max-video-preview":"max-video-preview:-1"},"canonical":"https:\/\/mackeviciai.lt\/en\/contacts\/","og_locale":"en_US","og_type":"article","og_title":"Contacts - A. Mackevi\u010diaus odontologijos klinika - Vilnius","og_description":"Senamies\u010dio filialas L. Stuokos-Gucevi\u010diaus g. 9-9Vilnius, Lietuva, LT-01122 +370 526 12512+370 686 30526 I &#8211; V 8:00 \u2013 20:00 Pilies apartamentai Olimpie\u010di\u0173 g. 3e,Vilnius 09235, Lietuva +370 523 14212+370 646 16368 I &#8211; V 8:00 \u2013 20:00 Have any questions? Contact us Email us at info@mackeviciai.ltOr use the message creation form below to submit your [&hellip;]","og_url":"https:\/\/mackeviciai.lt\/en\/contacts\/","og_site_name":"A. Mackevi\u010diaus odontologijos klinika - Vilnius","article_modified_time":"2025-02-19T06:51:56+00:00","og_image":[{"url":"https:\/\/mackeviciai.lt\/wp-content\/uploads\/2021\/11\/kontaktai-min-e1739788585166-1024x657.jpg"}],"twitter_card":"summary_large_image","twitter_misc":{"Est. reading time":"1 minute"},"schema":{"@context":"https:\/\/schema.org","@graph":[{"@type":"Organization","@id":"https:\/\/mackeviciai.lt\/lt\/#organization","name":"A. Mackevi\u010diaus odontologijos klinika","url":"https:\/\/mackeviciai.lt\/lt\/","sameAs":[],"logo":{"@type":"ImageObject","@id":"https:\/\/mackeviciai.lt\/lt\/#logo","inLanguage":"en-US","url":"https:\/\/www.mackeviciai.lt\/wp-content\/uploads\/2021\/12\/BLUE_HORIZONTAL.png","contentUrl":"https:\/\/www.mackeviciai.lt\/wp-content\/uploads\/2021\/12\/BLUE_HORIZONTAL.png","width":708,"height":165,"caption":"A. Mackevi\u010diaus odontologijos klinika"},"image":{"@id":"https:\/\/mackeviciai.lt\/lt\/#logo"}},{"@type":"WebSite","@id":"https:\/\/mackeviciai.lt\/lt\/#website","url":"https:\/\/mackeviciai.lt\/lt\/","name":"A. Mackevi\u010diaus odontologijos klinika - Vilnius","description":"","publisher":{"@id":"https:\/\/mackeviciai.lt\/lt\/#organization"},"potentialAction":[{"@type":"SearchAction","target":{"@type":"EntryPoint","urlTemplate":"https:\/\/mackeviciai.lt\/lt\/?s={search_term_string}"},"query-input":"required name=search_term_string"}],"inLanguage":"en-US"},{"@type":"ImageObject","@id":"https:\/\/mackeviciai.lt\/en\/contacts\/#primaryimage","inLanguage":"en-US","url":"https:\/\/mackeviciai.lt\/wp-content\/uploads\/2021\/11\/kontaktai-min-e1739788585166.jpg","contentUrl":"https:\/\/mackeviciai.lt\/wp-content\/uploads\/2021\/11\/kontaktai-min-e1739788585166.jpg","width":1387,"height":890,"caption":"patient registration near counter"},{"@type":"WebPage","@id":"https:\/\/mackeviciai.lt\/en\/contacts\/#webpage","url":"https:\/\/mackeviciai.lt\/en\/contacts\/","name":"Contacts - A. Mackevi\u010diaus odontologijos klinika - Vilnius","isPartOf":{"@id":"https:\/\/mackeviciai.lt\/lt\/#website"},"primaryImageOfPage":{"@id":"https:\/\/mackeviciai.lt\/en\/contacts\/#primaryimage"},"datePublished":"2022-01-29T15:29:01+00:00","dateModified":"2025-02-19T06:51:56+00:00","breadcrumb":{"@id":"https:\/\/mackeviciai.lt\/en\/contacts\/#breadcrumb"},"inLanguage":"en-US","potentialAction":[{"@type":"ReadAction","target":["https:\/\/mackeviciai.lt\/en\/contacts\/"]}]},{"@type":"BreadcrumbList","@id":"https:\/\/mackeviciai.lt\/en\/contacts\/#breadcrumb","itemListElement":[{"@type":"ListItem","position":1,"name":"Home","item":"https:\/\/mackeviciai.lt\/en\/"},{"@type":"ListItem","position":2,"name":"Contacts"}]}]}},"uagb_featured_image_src":{"full":false,"thumbnail":false,"medium":false,"medium_large":false,"large":false,"1536x1536":false,"2048x2048":false,"trp-custom-language-flag":false,"post-thumbnail":false,"twentytwenty-fullscreen":false},"uagb_author_info":{"display_name":"test159","author_link":"https:\/\/mackeviciai.lt\/en\/author\/test159\/"},"uagb_comment_info":0,"uagb_excerpt":"Senamies\u010dio filialas L. Stuokos-Gucevi\u010diaus g. 9-9Vilnius, Lietuva, LT-01122 +370 526 12512+370 686 30526 I &#8211; V 8:00 \u2013 20:00 Pilies apartamentai Olimpie\u010di\u0173 g. 3e,Vilnius 09235, Lietuva +370 523 14212+370 646 16368 I &#8211; V 8:00 \u2013 20:00 Have any questions? Contact us Email us at info@mackeviciai.ltOr use the message creation form below to submit your&hellip;","_links":{"self":[{"href":"https:\/\/mackeviciai.lt\/en\/wp-json\/wp\/v2\/pages\/3967"}],"collection":[{"href":"https:\/\/mackeviciai.lt\/en\/wp-json\/wp\/v2\/pages"}],"about":[{"href":"https:\/\/mackeviciai.lt\/en\/wp-json\/wp\/v2\/types\/page"}],"author":[{"embeddable":true,"href":"https:\/\/mackeviciai.lt\/en\/wp-json\/wp\/v2\/users\/1"}],"replies":[{"embeddable":true,"href":"https:\/\/mackeviciai.lt\/en\/wp-json\/wp\/v2\/comments?post=3967"}],"version-history":[{"count":7,"href":"https:\/\/mackeviciai.lt\/en\/wp-json\/wp\/v2\/pages\/3967\/revisions"}],"predecessor-version":[{"id":5642,"href":"https:\/\/mackeviciai.lt\/en\/wp-json\/wp\/v2\/pages\/3967\/revisions\/5642"}],"wp:attachment":[{"href":"https:\/\/mackeviciai.lt\/en\/wp-json\/wp\/v2\/media?parent=3967"}],"curies":[{"name":"wp","href":"https:\/\/api.w.org\/{rel}","templated":true}]}}