{"id":4052,"date":"2022-01-30T20:06:10","date_gmt":"2022-01-30T20:06:10","guid":{"rendered":"https:\/\/www.mackeviciai.lt\/?page_id=4052"},"modified":"2025-02-14T08:51:19","modified_gmt":"2025-02-14T08:51:19","slug":"radiographic-examinations","status":"publish","type":"page","link":"https:\/\/mackeviciai.lt\/en\/radiographic-examinations\/","title":{"rendered":"Radiographic examinations"},"content":{"rendered":"<section class=\"wp-block-uagb-columns uagb-columns__wrap uagb-columns__background-undefined uagb-columns__stack-mobile uagb-columns__valign-undefined uagb-columns__gap-10 alignfull uagb-block-7378d9df mackS1\"><div class=\"uagb-columns__overlay\"><\/div><div class=\"uagb-columns__inner-wrap uagb-columns__columns-2\">\n<div class=\"wp-block-uagb-column uagb-column__wrap uagb-column__background-undefined uagb-block-65a1ecf9\"><div class=\"uagb-column__overlay\"><\/div><div class=\"uagb-column__inner-wrap\">\n<figure class=\"wp-block-image alignfull size-large\"><img loading=\"lazy\" width=\"1024\" height=\"657\" src=\"https:\/\/www.mackeviciai.lt\/wp-content\/uploads\/2021\/11\/rentgenologiniai-pagrindine-min-1-1024x657.jpg\" alt=\"mouth x-ray image on computer screen\" class=\"wp-image-2422\" srcset=\"https:\/\/mackeviciai.lt\/wp-content\/uploads\/2021\/11\/rentgenologiniai-pagrindine-min-1-1024x657.jpg 1024w, https:\/\/mackeviciai.lt\/wp-content\/uploads\/2021\/11\/rentgenologiniai-pagrindine-min-1-300x192.jpg 300w, https:\/\/mackeviciai.lt\/wp-content\/uploads\/2021\/11\/rentgenologiniai-pagrindine-min-1-768x492.jpg 768w, https:\/\/mackeviciai.lt\/wp-content\/uploads\/2021\/11\/rentgenologiniai-pagrindine-min-1-1536x985.jpg 1536w, https:\/\/mackeviciai.lt\/wp-content\/uploads\/2021\/11\/rentgenologiniai-pagrindine-min-1-1200x769.jpg 1200w, https:\/\/mackeviciai.lt\/wp-content\/uploads\/2021\/11\/rentgenologiniai-pagrindine-min-1-1980x1269.jpg 1980w, https:\/\/mackeviciai.lt\/wp-content\/uploads\/2021\/11\/rentgenologiniai-pagrindine-min-1.jpg 2048w\" sizes=\"(max-width: 1024px) 100vw, 1024px\" \/><\/figure>\n<\/div><\/div>\n\n\n\n<div class=\"wp-block-uagb-column uagb-column__wrap uagb-column__background-undefined uagb-block-4ddbc381\"><div class=\"uagb-column__overlay\"><\/div><div class=\"uagb-column__inner-wrap\">\n<p class=\"mackh2\">Radiographic examinations<\/p>\n\n\n\n<p>Oral inspection alone is often not sufficient to establish an accurate diagnosis of a patient and to plan the most effective treatment. X-ray examinations allow dentists to see the entire bone anatomy of the jaw, find the roots and channels of individual teeth, and create a digital three-dimensional image of the mouth for high-quality modelling of prostheses. Radiological images of the patient&#8217;s teeth are used in the treatment of dental root canals, various surgical operations, orthodontic straightening, dental filling, and implantation. All the examinations performed in our clinic use modern equipment, which is completely safe, and the procedure takes only a few minutes.<\/p>\n\n\n\n<div class=\"wp-block-buttons is-content-justification-right\">\n<div class=\"wp-block-button is-style-fill\"><a class=\"wp-block-button__link has-background-color has-text-color has-background no-border-radius\" href=\"tel:+37068630526\" style=\"background-color:#527c88\">+370 686 305 26<\/a><\/div>\n\n\n\n<div class=\"wp-block-button\"><a class=\"wp-block-button__link has-background-color has-primary-background-color has-text-color has-background no-border-radius\" href=\"https:\/\/mackeviciai.lt\/en\/book-an-appointment-2\/\">Online<\/a><\/div>\n<\/div>\n<\/div><\/div>\n<\/div><\/section>\n\n\n\t\t\t\t<div class=\"wp-block-uagb-table-of-contents uagb-toc__align-left uagb-toc__columns-1   uagb-block-4facea47 macktableC\" \n\t\t\t\t\tdata-scroll= \"1\"\n\t\t\t\t\tdata-offset= \"30\"\n\t\t\t\t\tdata-delay= \"100\"\n\t\t\t\t>\n\t\t\t\t<div class=\"uagb-toc__wrap\">\n\t\t\t\t\t<div class=\"uagb-toc__title-wrap\">\n\t\t\t\t\t\t<div class=\"uagb-toc__title\">\n\t\t\t\t\t\t\tContents\t\t\t\t\t\t<\/div>\n\t\t\t\t\t\t\t\t\t\t\t<\/div>\n\t\t\t\t\t\t\t\t\t\t<div class=\"uagb-toc__list-wrap\">\n\t\t\t\t\t\t<ol class=\"uagb-toc__list\"><li class=\"uagb-toc__list\"><a href=\"#panoramic-dental-x-ray\">Panoramic dental X-ray<\/a><li class=\"uagb-toc__list\"><a href=\"#periapical-x-ray\">Periapical X-ray<\/a><li class=\"uagb-toc__list\"><a href=\"#3d-computed-tomography\">3D computed tomography<\/a><li class=\"uagb-toc__list\"><a href=\"#pricelist\">Pricelist<\/a><\/ol>\t\t\t\t\t<\/div>\n\t\t\t\t\t\t\t\t\t<\/div>\n\t\t\t\t<\/div>\n\t\t\t\n\n\n<div id=\"ez-toc-container\" class=\"ez-toc-v2_0_17 counter-hierarchy counter-decimal ez-toc-transparent\">\n<nav><ul class=\"ez-toc-list ez-toc-list-level-1\"><li class=\"ez-toc-page-1 ez-toc-heading-level-2\"><a class=\"ez-toc-link ez-toc-heading-1\" href=\"https:\/\/mackeviciai.lt\/en\/radiographic-examinations\/#Panoramic_dental_X-ray\" title=\"Panoramic dental X-ray\">Panoramic dental X-ray<\/a><\/li><li class=\"ez-toc-page-1 ez-toc-heading-level-2\"><a class=\"ez-toc-link ez-toc-heading-2\" href=\"https:\/\/mackeviciai.lt\/en\/radiographic-examinations\/#Periapical_X-ray\" title=\"Periapical X-ray\">Periapical X-ray<\/a><\/li><li class=\"ez-toc-page-1 ez-toc-heading-level-2\"><a class=\"ez-toc-link ez-toc-heading-3\" href=\"https:\/\/mackeviciai.lt\/en\/radiographic-examinations\/#3D_computed_tomography\" title=\"3D computed tomography\">3D computed tomography<\/a><\/li><li class=\"ez-toc-page-1 ez-toc-heading-level-2\"><a class=\"ez-toc-link ez-toc-heading-4\" href=\"https:\/\/mackeviciai.lt\/en\/radiographic-examinations\/#Pricelist\" title=\"Pricelist\">Pricelist<\/a><\/li><\/ul><\/nav><\/div>\n<h2><span class=\"ez-toc-section\" id=\"Panoramic_dental_X-ray\"><\/span><strong>Panoramic dental X-ray<\/strong><span class=\"ez-toc-section-end\"><\/span><\/h2>\n\n\n\n<div class=\"wp-block-image\"><figure class=\"aligncenter size-large\"><img loading=\"lazy\" width=\"1024\" height=\"371\" src=\"https:\/\/mackeviciai.lt\/wp-content\/uploads\/2021\/11\/panoramine-min-e1739455221343-1024x371.jpg\" alt=\"in process of making a 3d x-ray image\" class=\"wp-image-2423\" srcset=\"https:\/\/mackeviciai.lt\/wp-content\/uploads\/2021\/11\/panoramine-min-e1739455221343-1024x371.jpg 1024w, https:\/\/mackeviciai.lt\/wp-content\/uploads\/2021\/11\/panoramine-min-e1739455221343-300x109.jpg 300w, https:\/\/mackeviciai.lt\/wp-content\/uploads\/2021\/11\/panoramine-min-e1739455221343-768x278.jpg 768w, https:\/\/mackeviciai.lt\/wp-content\/uploads\/2021\/11\/panoramine-min-e1739455221343-1536x557.jpg 1536w, https:\/\/mackeviciai.lt\/wp-content\/uploads\/2021\/11\/panoramine-min-e1739455221343-1200x435.jpg 1200w, https:\/\/mackeviciai.lt\/wp-content\/uploads\/2021\/11\/panoramine-min-e1739455221343-1980x717.jpg 1980w, https:\/\/mackeviciai.lt\/wp-content\/uploads\/2021\/11\/panoramine-min-e1739455221343-18x7.jpg 18w, https:\/\/mackeviciai.lt\/wp-content\/uploads\/2021\/11\/panoramine-min-e1739455221343.jpg 2048w\" sizes=\"(max-width: 1024px) 100vw, 1024px\" \/><\/figure><\/div>\n\n\n\n<p>A panoramic X-ray shows all of a patient\u2019s teeth, jaw joints, sinuses, and soft tissues. The photo is called panoramic since it captures a wide view of both jaws centred in a single horizontal line.<\/p>\n\n\n\n<p>The panoramic X-ray is simple to perform: the patient stands up to a special X-ray machine called orthopantomograph, bites the plastic clamp with the front teeth to ensure stability and holds the hands behind the handles. The device creates an image of the jaw in just 20-30 seconds. The X-ray image can then be printed or a digital version of it used.<\/p>\n\n\n\n<p>A panoramic photo may be required:<\/p>\n\n\n\n<ul><li>Before implantation to assess the condition of bones and to select the most effective structure.<\/li><li>Before orthodontic treatment to plan the orthodontic system\u2019s structure. Also during the orthodontic treatment to record and examine the intermediate outcome of the treatment.<\/li><li>Before oral surgery.<\/li><li>To localise occult tooth decay, cysts, granulomas, and other oral neoplasms.<\/li><li>Before a difficult tooth extraction, it is necessary to assess not only the condition of the tooth to be removed but also the condition of the surrounding tissues.<\/li><li>To accurately determine the extent of periodontal lesions.<\/li><li>To determine the position of impacted wisdom, or other, teeth.<\/li><li>To control the formation of teeth and jaws in children.<\/li><\/ul>\n\n\n\n<h2><span class=\"ez-toc-section\" id=\"Periapical_X-ray\"><\/span><strong>Periapical X-ray<\/strong><span class=\"ez-toc-section-end\"><\/span><\/h2>\n\n\n\n<div class=\"wp-block-image\"><figure class=\"aligncenter size-large\"><img loading=\"lazy\" width=\"1024\" height=\"348\" src=\"https:\/\/mackeviciai.lt\/wp-content\/uploads\/2021\/11\/dentaline-min-2-e1739455241185-1024x348.jpg\" alt=\"in process of making a 3d x-ray image\" class=\"wp-image-2424\" srcset=\"https:\/\/mackeviciai.lt\/wp-content\/uploads\/2021\/11\/dentaline-min-2-e1739455241185-1024x348.jpg 1024w, https:\/\/mackeviciai.lt\/wp-content\/uploads\/2021\/11\/dentaline-min-2-e1739455241185-300x102.jpg 300w, https:\/\/mackeviciai.lt\/wp-content\/uploads\/2021\/11\/dentaline-min-2-e1739455241185-768x261.jpg 768w, https:\/\/mackeviciai.lt\/wp-content\/uploads\/2021\/11\/dentaline-min-2-e1739455241185-1536x522.jpg 1536w, https:\/\/mackeviciai.lt\/wp-content\/uploads\/2021\/11\/dentaline-min-2-e1739455241185-1200x408.jpg 1200w, https:\/\/mackeviciai.lt\/wp-content\/uploads\/2021\/11\/dentaline-min-2-e1739455241185-1980x673.jpg 1980w, https:\/\/mackeviciai.lt\/wp-content\/uploads\/2021\/11\/dentaline-min-2-e1739455241185-18x6.jpg 18w, https:\/\/mackeviciai.lt\/wp-content\/uploads\/2021\/11\/dentaline-min-2-e1739455241185.jpg 2048w\" sizes=\"(max-width: 1024px) 100vw, 1024px\" \/><\/figure><\/div>\n\n\n\n<p>A periapical X-ray is an image of a specific area of \u200b\u200bthe jaw that shows an accurate anatomy of the roots of individual teeth and their canals. It is used to evaluate the damage caused by tooth decay or other dental diseases, or physiological abnormalities of single teeth.<\/p>\n\n\n\n<p>A visiograph is used to take periapical X-rays by emitting a small number of X-rays and transmitting the data to a computer, where it is converted into a digital image of the scanned area. The dose of radiation emitted by the visiograph is very low compared to a conventional X-ray machine, making a periapical X-ray a safe and harmless test.<\/p>\n\n\n\n<p>A Periapical X-ray may be required before the treatment of the root canals. It allows the endodontist to find and shape the dental canals, performing the treatment with as little damage to the dental tissue as possible. A periapical image is also taken prior to prosthetics of a single tooth, or a few adjacent teeth, to accurately determine the distance to the jaw canal.<\/p>\n\n\n\n<h2><span class=\"ez-toc-section\" id=\"3D_computed_tomography\"><\/span><strong>3D computed tomography<\/strong><span class=\"ez-toc-section-end\"><\/span><\/h2>\n\n\n\n<div class=\"wp-block-image\"><figure class=\"aligncenter size-large\"><img loading=\"lazy\" width=\"1024\" height=\"561\" src=\"https:\/\/www.mackeviciai.lt\/wp-content\/uploads\/2021\/11\/3d-kompiuterine-min-2-1024x561.jpg\" alt=\"in process of making a 3d x-ray image\" class=\"wp-image-2425\" srcset=\"https:\/\/mackeviciai.lt\/wp-content\/uploads\/2021\/11\/3d-kompiuterine-min-2-1024x561.jpg 1024w, https:\/\/mackeviciai.lt\/wp-content\/uploads\/2021\/11\/3d-kompiuterine-min-2-300x164.jpg 300w, https:\/\/mackeviciai.lt\/wp-content\/uploads\/2021\/11\/3d-kompiuterine-min-2-768x420.jpg 768w, https:\/\/mackeviciai.lt\/wp-content\/uploads\/2021\/11\/3d-kompiuterine-min-2-1536x841.jpg 1536w, https:\/\/mackeviciai.lt\/wp-content\/uploads\/2021\/11\/3d-kompiuterine-min-2-1200x657.jpg 1200w, https:\/\/mackeviciai.lt\/wp-content\/uploads\/2021\/11\/3d-kompiuterine-min-2-1980x1084.jpg 1980w, https:\/\/mackeviciai.lt\/wp-content\/uploads\/2021\/11\/3d-kompiuterine-min-2.jpg 2048w\" sizes=\"(max-width: 1024px) 100vw, 1024px\" \/><\/figure><\/div>\n\n\n\n<p>3D computed tomography (CT) allows us to not only to see a flat anterior view of the jaws, or even a specific tooth, but also to examine the teeth, gums, and entire oral anatomy of the mouth from all sides. CT provides a 3D model of the entire human oral area which allows for more effective treatment planning.<\/p>\n\n\n\n<p>This procedure is performed with a 3D dental tomograph &#8211; a modern and accurate piece of equipment, the radiation dose of which is up to 10 times lower than that of standard spiral CT devices. 3D tomography produces the highest quality X-ray images, which is why 3D CT has gained great popularity in modern dental clinics.<\/p>\n\n\n\n<p>3D CT is one of the most informative radiological examinations used:<\/p>\n\n\n\n<ul><li>For implantation, to examine the anatomy of the dental bone and accurately determine the implantation site.<\/li><li>For bone augmentation, when determining the shape and volume of bone in the jaw area required for implantation.<\/li><li>For the treatment of teeth by localizing the root canals and detecting recurrent tooth decay, cysts, and other inflammations.<\/li><li>For tooth extraction by determining the number of tooth roots and their locations in the jaw, minimising affected teeth.<\/li><li>For orthodontic treatment by diagnosing occlusal defects and planning the most effective method of their treatment.<\/li><\/ul>\n\n\n\n<div style=\"height:20px\" aria-hidden=\"true\" class=\"wp-block-spacer\"><\/div>\n\n\n\n<div class=\"wp-block-group alignfull\"><div class=\"wp-block-group__inner-container\">\n<h2 class=\"has-text-align-center mackmarg\"><span class=\"ez-toc-section\" id=\"Pricelist\"><\/span><strong>Pricelist<\/strong><span class=\"ez-toc-section-end\"><\/span><\/h2>\n\n\n\n<h5 style=\"margin-bottom:0; margin-top: 4rem;\">Radiographic examinations<\/h5><table class=\"mackTABLE\" cellpadding=\"0\" cellspacing=\"0\" border=\"0\">\n\n<tbody><tr>\n    <td>Panoramic dental X-ray <\/td>\n    <td>55 \u20ac<\/td>\n  <\/tr>\n  <tr>\n    <td>Periapical X-ray <\/td>\n    <td>20 \u20ac<\/td>\n  <\/tr>\n  <tr>\n    <td>3D computed tomography <\/td>\n    <td>120 \u20ac<\/td>\n  <\/tr>\n<\/tbody><\/table>\n<\/div><\/div>","protected":false},"excerpt":{"rendered":"<p>Panoramic dental X-rayPeriapical X-ray3D computed tomographyPricelist Panoramic dental X-ray A panoramic X-ray shows all of a patient\u2019s teeth, jaw joints, sinuses, and soft tissues. The photo is called panoramic since it captures a wide view of both jaws centred in a single horizontal line. The panoramic X-ray is simple to perform: the patient stands up [&hellip;]<\/p>","protected":false},"author":1,"featured_media":0,"parent":0,"menu_order":0,"comment_status":"closed","ping_status":"closed","template":"","meta":{"_monsterinsights_skip_tracking":false,"_monsterinsights_sitenote_active":false,"_monsterinsights_sitenote_note":"","_monsterinsights_sitenote_category":0},"yoast_head":"<!-- This site is optimized with the Yoast SEO plugin v17.8 - https:\/\/yoast.com\/wordpress\/plugins\/seo\/ -->\n<title>Radiographic examinations - A. Mackevi\u010diaus odontologijos klinika - Vilnius<\/title>\n<meta name=\"description\" content=\"Pacientui yra atliekami rentgenologiniai tyrimai, leid\u017eiantys pamatyti vis\u0105 \u017eandikaulio kaulin\u0119 anatomij\u0105, sukurti skaitmenin\u012f trimat\u012f vaizd\u0105.\" \/>\n<meta name=\"robots\" content=\"index, follow, max-snippet:-1, max-image-preview:large, max-video-preview:-1\" \/>\n<link rel=\"canonical\" href=\"https:\/\/mackeviciai.lt\/en\/radiographic-examinations\/\" \/>\n<meta property=\"og:locale\" content=\"en_US\" \/>\n<meta property=\"og:type\" content=\"article\" \/>\n<meta property=\"og:title\" content=\"Radiographic examinations - A. Mackevi\u010diaus odontologijos klinika - Vilnius\" \/>\n<meta property=\"og:description\" content=\"Pacientui yra atliekami rentgenologiniai tyrimai, leid\u017eiantys pamatyti vis\u0105 \u017eandikaulio kaulin\u0119 anatomij\u0105, sukurti skaitmenin\u012f trimat\u012f vaizd\u0105.\" \/>\n<meta property=\"og:url\" content=\"https:\/\/mackeviciai.lt\/en\/radiographic-examinations\/\" \/>\n<meta property=\"og:site_name\" content=\"A. Mackevi\u010diaus odontologijos klinika - Vilnius\" \/>\n<meta property=\"article:modified_time\" content=\"2025-02-14T08:51:19+00:00\" \/>\n<meta property=\"og:image\" content=\"https:\/\/www.mackeviciai.lt\/wp-content\/uploads\/2021\/11\/rentgenologiniai-pagrindine-min-1-1024x657.jpg\" \/>\n<meta name=\"twitter:card\" content=\"summary_large_image\" \/>\n<meta name=\"twitter:label1\" content=\"Est. reading time\" \/>\n\t<meta name=\"twitter:data1\" content=\"5 minutes\" \/>\n<script type=\"application\/ld+json\" class=\"yoast-schema-graph\">{\"@context\":\"https:\/\/schema.org\",\"@graph\":[{\"@type\":\"Organization\",\"@id\":\"https:\/\/mackeviciai.lt\/lt\/#organization\",\"name\":\"A. Mackevi\\u010diaus odontologijos klinika\",\"url\":\"https:\/\/mackeviciai.lt\/lt\/\",\"sameAs\":[],\"logo\":{\"@type\":\"ImageObject\",\"@id\":\"https:\/\/mackeviciai.lt\/lt\/#logo\",\"inLanguage\":\"en-US\",\"url\":\"https:\/\/www.mackeviciai.lt\/wp-content\/uploads\/2021\/12\/BLUE_HORIZONTAL.png\",\"contentUrl\":\"https:\/\/www.mackeviciai.lt\/wp-content\/uploads\/2021\/12\/BLUE_HORIZONTAL.png\",\"width\":708,\"height\":165,\"caption\":\"A. Mackevi\\u010diaus odontologijos klinika\"},\"image\":{\"@id\":\"https:\/\/mackeviciai.lt\/lt\/#logo\"}},{\"@type\":\"WebSite\",\"@id\":\"https:\/\/mackeviciai.lt\/lt\/#website\",\"url\":\"https:\/\/mackeviciai.lt\/lt\/\",\"name\":\"A. Mackevi\\u010diaus odontologijos klinika - Vilnius\",\"description\":\"\",\"publisher\":{\"@id\":\"https:\/\/mackeviciai.lt\/lt\/#organization\"},\"potentialAction\":[{\"@type\":\"SearchAction\",\"target\":{\"@type\":\"EntryPoint\",\"urlTemplate\":\"https:\/\/mackeviciai.lt\/lt\/?s={search_term_string}\"},\"query-input\":\"required name=search_term_string\"}],\"inLanguage\":\"en-US\"},{\"@type\":\"ImageObject\",\"@id\":\"https:\/\/mackeviciai.lt\/en\/radiographic-examinations\/#primaryimage\",\"inLanguage\":\"en-US\",\"url\":\"https:\/\/www.mackeviciai.lt\/wp-content\/uploads\/2021\/11\/rentgenologiniai-pagrindine-min-1-1024x657.jpg\",\"contentUrl\":\"https:\/\/www.mackeviciai.lt\/wp-content\/uploads\/2021\/11\/rentgenologiniai-pagrindine-min-1-1024x657.jpg\"},{\"@type\":\"WebPage\",\"@id\":\"https:\/\/mackeviciai.lt\/en\/radiographic-examinations\/#webpage\",\"url\":\"https:\/\/mackeviciai.lt\/en\/radiographic-examinations\/\",\"name\":\"Radiographic examinations - A. Mackevi\\u010diaus odontologijos klinika - Vilnius\",\"isPartOf\":{\"@id\":\"https:\/\/mackeviciai.lt\/lt\/#website\"},\"primaryImageOfPage\":{\"@id\":\"https:\/\/mackeviciai.lt\/en\/radiographic-examinations\/#primaryimage\"},\"datePublished\":\"2022-01-30T20:06:10+00:00\",\"dateModified\":\"2025-02-14T08:51:19+00:00\",\"description\":\"Pacientui yra atliekami rentgenologiniai tyrimai, leid\\u017eiantys pamatyti vis\\u0105 \\u017eandikaulio kaulin\\u0119 anatomij\\u0105, sukurti skaitmenin\\u012f trimat\\u012f vaizd\\u0105.\",\"breadcrumb\":{\"@id\":\"https:\/\/mackeviciai.lt\/en\/radiographic-examinations\/#breadcrumb\"},\"inLanguage\":\"en-US\",\"potentialAction\":[{\"@type\":\"ReadAction\",\"target\":[\"https:\/\/mackeviciai.lt\/en\/radiographic-examinations\/\"]}]},{\"@type\":\"BreadcrumbList\",\"@id\":\"https:\/\/mackeviciai.lt\/en\/radiographic-examinations\/#breadcrumb\",\"itemListElement\":[{\"@type\":\"ListItem\",\"position\":1,\"name\":\"Home\",\"item\":\"https:\/\/mackeviciai.lt\/en\/\"},{\"@type\":\"ListItem\",\"position\":2,\"name\":\"Radiographic examinations\"}]}]}<\/script>\n<!-- \/ Yoast SEO plugin. -->","yoast_head_json":{"title":"Radiographic examinations - A. Mackevi\u010diaus odontologijos klinika - Vilnius","description":"Pacientui yra atliekami rentgenologiniai tyrimai, leid\u017eiantys pamatyti vis\u0105 \u017eandikaulio kaulin\u0119 anatomij\u0105, sukurti skaitmenin\u012f trimat\u012f vaizd\u0105.","robots":{"index":"index","follow":"follow","max-snippet":"max-snippet:-1","max-image-preview":"max-image-preview:large","max-video-preview":"max-video-preview:-1"},"canonical":"https:\/\/mackeviciai.lt\/en\/radiographic-examinations\/","og_locale":"en_US","og_type":"article","og_title":"Radiographic examinations - A. Mackevi\u010diaus odontologijos klinika - Vilnius","og_description":"Pacientui yra atliekami rentgenologiniai tyrimai, leid\u017eiantys pamatyti vis\u0105 \u017eandikaulio kaulin\u0119 anatomij\u0105, sukurti skaitmenin\u012f trimat\u012f vaizd\u0105.","og_url":"https:\/\/mackeviciai.lt\/en\/radiographic-examinations\/","og_site_name":"A. Mackevi\u010diaus odontologijos klinika - Vilnius","article_modified_time":"2025-02-14T08:51:19+00:00","og_image":[{"url":"https:\/\/www.mackeviciai.lt\/wp-content\/uploads\/2021\/11\/rentgenologiniai-pagrindine-min-1-1024x657.jpg"}],"twitter_card":"summary_large_image","twitter_misc":{"Est. reading time":"5 minutes"},"schema":{"@context":"https:\/\/schema.org","@graph":[{"@type":"Organization","@id":"https:\/\/mackeviciai.lt\/lt\/#organization","name":"A. Mackevi\u010diaus odontologijos klinika","url":"https:\/\/mackeviciai.lt\/lt\/","sameAs":[],"logo":{"@type":"ImageObject","@id":"https:\/\/mackeviciai.lt\/lt\/#logo","inLanguage":"en-US","url":"https:\/\/www.mackeviciai.lt\/wp-content\/uploads\/2021\/12\/BLUE_HORIZONTAL.png","contentUrl":"https:\/\/www.mackeviciai.lt\/wp-content\/uploads\/2021\/12\/BLUE_HORIZONTAL.png","width":708,"height":165,"caption":"A. Mackevi\u010diaus odontologijos klinika"},"image":{"@id":"https:\/\/mackeviciai.lt\/lt\/#logo"}},{"@type":"WebSite","@id":"https:\/\/mackeviciai.lt\/lt\/#website","url":"https:\/\/mackeviciai.lt\/lt\/","name":"A. Mackevi\u010diaus odontologijos klinika - Vilnius","description":"","publisher":{"@id":"https:\/\/mackeviciai.lt\/lt\/#organization"},"potentialAction":[{"@type":"SearchAction","target":{"@type":"EntryPoint","urlTemplate":"https:\/\/mackeviciai.lt\/lt\/?s={search_term_string}"},"query-input":"required name=search_term_string"}],"inLanguage":"en-US"},{"@type":"ImageObject","@id":"https:\/\/mackeviciai.lt\/en\/radiographic-examinations\/#primaryimage","inLanguage":"en-US","url":"https:\/\/www.mackeviciai.lt\/wp-content\/uploads\/2021\/11\/rentgenologiniai-pagrindine-min-1-1024x657.jpg","contentUrl":"https:\/\/www.mackeviciai.lt\/wp-content\/uploads\/2021\/11\/rentgenologiniai-pagrindine-min-1-1024x657.jpg"},{"@type":"WebPage","@id":"https:\/\/mackeviciai.lt\/en\/radiographic-examinations\/#webpage","url":"https:\/\/mackeviciai.lt\/en\/radiographic-examinations\/","name":"Radiographic examinations - A. Mackevi\u010diaus odontologijos klinika - Vilnius","isPartOf":{"@id":"https:\/\/mackeviciai.lt\/lt\/#website"},"primaryImageOfPage":{"@id":"https:\/\/mackeviciai.lt\/en\/radiographic-examinations\/#primaryimage"},"datePublished":"2022-01-30T20:06:10+00:00","dateModified":"2025-02-14T08:51:19+00:00","description":"Pacientui yra atliekami rentgenologiniai tyrimai, leid\u017eiantys pamatyti vis\u0105 \u017eandikaulio kaulin\u0119 anatomij\u0105, sukurti skaitmenin\u012f trimat\u012f vaizd\u0105.","breadcrumb":{"@id":"https:\/\/mackeviciai.lt\/en\/radiographic-examinations\/#breadcrumb"},"inLanguage":"en-US","potentialAction":[{"@type":"ReadAction","target":["https:\/\/mackeviciai.lt\/en\/radiographic-examinations\/"]}]},{"@type":"BreadcrumbList","@id":"https:\/\/mackeviciai.lt\/en\/radiographic-examinations\/#breadcrumb","itemListElement":[{"@type":"ListItem","position":1,"name":"Home","item":"https:\/\/mackeviciai.lt\/en\/"},{"@type":"ListItem","position":2,"name":"Radiographic examinations"}]}]}},"uagb_featured_image_src":{"full":false,"thumbnail":false,"medium":false,"medium_large":false,"large":false,"1536x1536":false,"2048x2048":false,"trp-custom-language-flag":false,"post-thumbnail":false,"twentytwenty-fullscreen":false},"uagb_author_info":{"display_name":"test159","author_link":"https:\/\/mackeviciai.lt\/en\/author\/test159\/"},"uagb_comment_info":0,"uagb_excerpt":"Panoramic dental X-rayPeriapical X-ray3D computed tomographyPricelist Panoramic dental X-ray A panoramic X-ray shows all of a patient\u2019s teeth, jaw joints, sinuses, and soft tissues. The photo is called panoramic since it captures a wide view of both jaws centred in a single horizontal line. The panoramic X-ray is simple to perform: the patient stands up&hellip;","_links":{"self":[{"href":"https:\/\/mackeviciai.lt\/en\/wp-json\/wp\/v2\/pages\/4052"}],"collection":[{"href":"https:\/\/mackeviciai.lt\/en\/wp-json\/wp\/v2\/pages"}],"about":[{"href":"https:\/\/mackeviciai.lt\/en\/wp-json\/wp\/v2\/types\/page"}],"author":[{"embeddable":true,"href":"https:\/\/mackeviciai.lt\/en\/wp-json\/wp\/v2\/users\/1"}],"replies":[{"embeddable":true,"href":"https:\/\/mackeviciai.lt\/en\/wp-json\/wp\/v2\/comments?post=4052"}],"version-history":[{"count":4,"href":"https:\/\/mackeviciai.lt\/en\/wp-json\/wp\/v2\/pages\/4052\/revisions"}],"predecessor-version":[{"id":5577,"href":"https:\/\/mackeviciai.lt\/en\/wp-json\/wp\/v2\/pages\/4052\/revisions\/5577"}],"wp:attachment":[{"href":"https:\/\/mackeviciai.lt\/en\/wp-json\/wp\/v2\/media?parent=4052"}],"curies":[{"name":"wp","href":"https:\/\/api.w.org\/{rel}","templated":true}]}}