{"id":4061,"date":"2022-01-30T20:16:18","date_gmt":"2022-01-30T20:16:18","guid":{"rendered":"https:\/\/www.mackeviciai.lt\/?page_id=4061"},"modified":"2022-06-30T18:04:09","modified_gmt":"2022-06-30T18:04:09","slug":"urgent-dental-care","status":"publish","type":"page","link":"https:\/\/mackeviciai.lt\/en\/urgent-dental-care\/","title":{"rendered":"Urgent dental care"},"content":{"rendered":"<section class=\"wp-block-uagb-columns uagb-columns__wrap uagb-columns__background-undefined uagb-columns__stack-mobile uagb-columns__valign-undefined uagb-columns__gap-10 alignfull uagb-block-b3a76cf1 mackS1\"><div class=\"uagb-columns__overlay\"><\/div><div class=\"uagb-columns__inner-wrap uagb-columns__columns-2\">\n<div class=\"wp-block-uagb-column uagb-column__wrap uagb-column__background-undefined uagb-block-605e9e30\"><div class=\"uagb-column__overlay\"><\/div><div class=\"uagb-column__inner-wrap\">\n<figure class=\"wp-block-image alignfull size-large\"><img loading=\"lazy\" width=\"1024\" height=\"657\" src=\"https:\/\/www.mackeviciai.lt\/wp-content\/uploads\/2021\/11\/pagalba-pagrindine-min-1024x657.jpg\" alt=\"xray of teeth\" class=\"wp-image-2427\" srcset=\"https:\/\/mackeviciai.lt\/wp-content\/uploads\/2021\/11\/pagalba-pagrindine-min-1024x657.jpg 1024w, https:\/\/mackeviciai.lt\/wp-content\/uploads\/2021\/11\/pagalba-pagrindine-min-300x192.jpg 300w, https:\/\/mackeviciai.lt\/wp-content\/uploads\/2021\/11\/pagalba-pagrindine-min-768x492.jpg 768w, https:\/\/mackeviciai.lt\/wp-content\/uploads\/2021\/11\/pagalba-pagrindine-min-1536x985.jpg 1536w, https:\/\/mackeviciai.lt\/wp-content\/uploads\/2021\/11\/pagalba-pagrindine-min-1200x769.jpg 1200w, https:\/\/mackeviciai.lt\/wp-content\/uploads\/2021\/11\/pagalba-pagrindine-min-1980x1269.jpg 1980w, https:\/\/mackeviciai.lt\/wp-content\/uploads\/2021\/11\/pagalba-pagrindine-min.jpg 2048w\" sizes=\"(max-width: 1024px) 100vw, 1024px\" \/><\/figure>\n<\/div><\/div>\n\n\n\n<div class=\"wp-block-uagb-column uagb-column__wrap uagb-column__background-undefined uagb-block-262a5780\"><div class=\"uagb-column__overlay\"><\/div><div class=\"uagb-column__inner-wrap\">\n<p class=\"mackh2\">Urgent dental care<\/p>\n\n\n\n<p>Whether it&#8217;s a cracked tooth, unexpected pain and swelling, a broken filling or a prosthesis \u2013 For all cases requiring urgent dental care, we can provide it in the closest time possible.<\/p>\n\n\n\n<div class=\"wp-block-buttons is-content-justification-right\">\n<div class=\"wp-block-button is-style-fill\"><a class=\"wp-block-button__link has-background-color has-text-color has-background no-border-radius\" href=\"tel:+37068630526\" style=\"background-color:#527c88\">+370 686 305 26<\/a><\/div>\n\n\n\n<div class=\"wp-block-button\"><a class=\"wp-block-button__link has-background-color has-primary-background-color has-text-color has-background no-border-radius\" href=\"https:\/\/mackeviciai.lt\/en\/book-an-appointment-2\/\">ONLINE<\/a><\/div>\n<\/div>\n<\/div><\/div>\n<\/div><\/section>\n\n\n\t\t\t\t<div class=\"wp-block-uagb-table-of-contents uagb-toc__align-left uagb-toc__columns-1   uagb-block-127ef7d7 macktableC\" \n\t\t\t\t\tdata-scroll= \"1\"\n\t\t\t\t\tdata-offset= \"30\"\n\t\t\t\t\tdata-delay= \"100\"\n\t\t\t\t>\n\t\t\t\t<div class=\"uagb-toc__wrap\">\n\t\t\t\t\t<div class=\"uagb-toc__title-wrap\">\n\t\t\t\t\t\t<div class=\"uagb-toc__title\">\n\t\t\t\t\t\t\tContents\t\t\t\t\t\t<\/div>\n\t\t\t\t\t\t\t\t\t\t\t<\/div>\n\t\t\t\t\t\t\t\t\t\t<div class=\"uagb-toc__list-wrap\">\n\t\t\t\t\t\t<ol class=\"uagb-toc__list\"><li class=\"uagb-toc__list\"><a href=\"#in-what-cases-is-urgent-dental-care-needed\">In what cases is urgent dental care needed?<\/a><li class=\"uagb-toc__list\"><a href=\"#dental-trauma\">Dental trauma<\/a><li class=\"uagb-toc__list\"><a href=\"#toothache\">Toothache<\/a><li class=\"uagb-toc__list\"><a href=\"#inflammation-of-a-tooth-nerve\">Inflammation of a tooth nerve<\/a><li class=\"uagb-toc__list\"><a href=\"#tooth-extraction\">Tooth extraction<\/a><\/ol>\t\t\t\t\t<\/div>\n\t\t\t\t\t\t\t\t\t<\/div>\n\t\t\t\t<\/div>\n\t\t\t\n\n\n<div id=\"ez-toc-container\" class=\"ez-toc-v2_0_17 counter-hierarchy counter-decimal ez-toc-transparent\">\n<nav><ul class=\"ez-toc-list ez-toc-list-level-1\"><li class=\"ez-toc-page-1 ez-toc-heading-level-2\"><a class=\"ez-toc-link ez-toc-heading-1\" href=\"https:\/\/mackeviciai.lt\/en\/urgent-dental-care\/#In_what_cases_is_urgent_dental_care_needed\" title=\"In what cases is urgent dental care needed?\">In what cases is urgent dental care needed?<\/a><\/li><li class=\"ez-toc-page-1 ez-toc-heading-level-2\"><a class=\"ez-toc-link ez-toc-heading-2\" href=\"https:\/\/mackeviciai.lt\/en\/urgent-dental-care\/#Dental_trauma\" title=\"Dental trauma\">Dental trauma<\/a><\/li><li class=\"ez-toc-page-1 ez-toc-heading-level-2\"><a class=\"ez-toc-link ez-toc-heading-3\" href=\"https:\/\/mackeviciai.lt\/en\/urgent-dental-care\/#Toothache\" title=\"Toothache\">Toothache<\/a><\/li><li class=\"ez-toc-page-1 ez-toc-heading-level-2\"><a class=\"ez-toc-link ez-toc-heading-4\" href=\"https:\/\/mackeviciai.lt\/en\/urgent-dental-care\/#Inflammation_of_a_tooth_nerve\" title=\"Inflammation of a tooth nerve\">Inflammation of a tooth nerve<\/a><\/li><li class=\"ez-toc-page-1 ez-toc-heading-level-2\"><a class=\"ez-toc-link ez-toc-heading-5\" href=\"https:\/\/mackeviciai.lt\/en\/urgent-dental-care\/#Tooth_extraction\" title=\"Tooth extraction\">Tooth extraction<\/a><ul class=\"ez-toc-list-level-3\"><li class=\"ez-toc-heading-level-3\"><a class=\"ez-toc-link ez-toc-heading-6\" href=\"https:\/\/mackeviciai.lt\/en\/urgent-dental-care\/#Aesthetic_problems_and_care_of_prostheses\" title=\"Aesthetic problems and care of prostheses\">Aesthetic problems and care of prostheses<\/a><\/li><\/ul><\/li><\/ul><\/nav><\/div>\n<h2><span class=\"ez-toc-section\" id=\"In_what_cases_is_urgent_dental_care_needed\"><\/span><strong><strong>In what cases is urgent dental care needed?<\/strong><\/strong><span class=\"ez-toc-section-end\"><\/span><\/h2>\n\n\n\n<p>In case of a sudden toothache or other unpleasant sensations, it is recommended that you consult a dentist as soon as possible. Pain or swelling may be the first sign of the development of dental diseases, and their early diagnosis facilitates treatment and often requires minimal invasiveness.<\/p>\n\n\n\n<div class=\"wp-block-group alignfull widthfull services\"><div class=\"wp-block-group__inner-container\">\n<div class=\"wp-block-group alignfull\"><div class=\"wp-block-group__inner-container\">\n<div style=\"height:20px\" aria-hidden=\"true\" class=\"wp-block-spacer\"><\/div>\n\n\n\n<div class=\"wp-block-columns alignwide\">\n<div class=\"wp-block-column\">\n<div class=\"wp-block-image\"><figure class=\"aligncenter size-thumbnail is-resized\"><img loading=\"lazy\" src=\"https:\/\/www.mackeviciai.lt\/wp-content\/uploads\/2021\/11\/traumos-icon-min-150x150.jpg\" alt=\"illustration of an injured tooth\" class=\"wp-image-2428\" width=\"300\" height=\"300\" srcset=\"https:\/\/mackeviciai.lt\/wp-content\/uploads\/2021\/11\/traumos-icon-min-150x150.jpg 150w, https:\/\/mackeviciai.lt\/wp-content\/uploads\/2021\/11\/traumos-icon-min-300x300.jpg 300w, https:\/\/mackeviciai.lt\/wp-content\/uploads\/2021\/11\/traumos-icon-min.jpg 512w\" sizes=\"(max-width: 300px) 100vw, 300px\" \/><\/figure><\/div>\n<\/div>\n\n\n\n<div class=\"wp-block-column\">\n<h2 style=\"font-size:40px\"><span class=\"ez-toc-section\" id=\"Dental_trauma\"><\/span><strong>Dental trauma<\/strong><span class=\"ez-toc-section-end\"><\/span><\/h2>\n\n\n\n<p>Teeth can be injured for a variety of reasons: sports injuries, biting hard foods, traffic accidents, and more. Tooth injuries can occur as small cracks in the enamel as well as large fractures of the crown or tooth root. In severe cases of dental trauma, anti-inflammatory drugs should be applied as soon as possible. If the tooth has ruptured to the inside, it can get infected causing pulpitis, a root cyst formation in the tooth, and eventually leading to loss of the tooth.<\/p>\n<\/div>\n<\/div>\n\n\n\n<div style=\"height:40px\" aria-hidden=\"true\" class=\"wp-block-spacer\"><\/div>\n\n\n\n<div class=\"wp-block-columns alignwide reverser\">\n<div class=\"wp-block-column\">\n<div class=\"wp-block-image\"><figure class=\"aligncenter size-large is-resized\"><img loading=\"lazy\" src=\"https:\/\/www.mackeviciai.lt\/wp-content\/uploads\/2021\/11\/skausmas-icon-min.jpg\" alt=\"illustration of tooth pain\" class=\"wp-image-2429\" width=\"300\" height=\"300\" srcset=\"https:\/\/mackeviciai.lt\/wp-content\/uploads\/2021\/11\/skausmas-icon-min.jpg 512w, https:\/\/mackeviciai.lt\/wp-content\/uploads\/2021\/11\/skausmas-icon-min-300x300.jpg 300w, https:\/\/mackeviciai.lt\/wp-content\/uploads\/2021\/11\/skausmas-icon-min-150x150.jpg 150w\" sizes=\"(max-width: 300px) 100vw, 300px\" \/><\/figure><\/div>\n<\/div>\n\n\n\n<div class=\"wp-block-column\">\n<h2 class=\"has-text-align-right\" style=\"font-size:40px\"><span class=\"ez-toc-section\" id=\"Toothache\"><\/span><strong>Toothache<\/strong><span class=\"ez-toc-section-end\"><\/span><\/h2>\n\n\n\n<p>Toothache can be caused by a variety of reasons: tooth surface cracking, tooth decay damage, gingival and dental nerve inflammation, bruxism (uncontrolled grinding of the teeth), jaw joint pathologies, and many other oral and general health problems. Urgent diagnosis of pain-causing pathology ensures a rapid and uncomplicated process of treatment and rehabilitation.<\/p>\n<\/div>\n<\/div>\n<\/div><\/div>\n\n\n\n<div class=\"wp-block-group alignfull\"><div class=\"wp-block-group__inner-container\">\n<div style=\"height:20px\" aria-hidden=\"true\" class=\"wp-block-spacer\"><\/div>\n\n\n\n<div class=\"wp-block-columns alignwide\">\n<div class=\"wp-block-column\">\n<div class=\"wp-block-image\"><figure class=\"aligncenter size-large is-resized\"><img loading=\"lazy\" src=\"https:\/\/www.mackeviciai.lt\/wp-content\/uploads\/2021\/11\/uzdegimas-icon-min.jpg\" alt=\"illustration of tooth inflammation\" class=\"wp-image-2430\" width=\"300\" height=\"300\" srcset=\"https:\/\/mackeviciai.lt\/wp-content\/uploads\/2021\/11\/uzdegimas-icon-min.jpg 512w, https:\/\/mackeviciai.lt\/wp-content\/uploads\/2021\/11\/uzdegimas-icon-min-300x300.jpg 300w, https:\/\/mackeviciai.lt\/wp-content\/uploads\/2021\/11\/uzdegimas-icon-min-150x150.jpg 150w\" sizes=\"(max-width: 300px) 100vw, 300px\" \/><\/figure><\/div>\n<\/div>\n\n\n\n<div class=\"wp-block-column\">\n<h2 style=\"font-size:40px\"><span class=\"ez-toc-section\" id=\"Inflammation_of_a_tooth_nerve\"><\/span><strong>Inflammation of a tooth nerve<\/strong><span class=\"ez-toc-section-end\"><\/span><\/h2>\n\n\n\n<p>If the tooth has been traumatised (cracked to the internal organ of the pulp), or deeply damaged by tooth decay, pulpitis may occur. <a href=\"https:\/\/mackeviciai.lt\/lt\/endodontija\/\">Pulpitis is an inflammation<\/a> of the inner part of the tooth (pulp) and neglecting treatment can result in the loss of the tooth and further complications of the damaged part of the mouth (especially the adjacent teeth). Inflammation of the tooth pulp can cause sharp pain, tenderness, swelling and even fever. Pulpitis is treated by deep cleaning of the tooth root canals. The complexity of the procedure depends on how quickly the inflammation was diagnosed.<\/p>\n<\/div>\n<\/div>\n\n\n\n<div style=\"height:40px\" aria-hidden=\"true\" class=\"wp-block-spacer\"><\/div>\n\n\n\n<div class=\"wp-block-columns alignwide reverser\">\n<div class=\"wp-block-column\">\n<div class=\"wp-block-image\"><figure class=\"aligncenter size-large is-resized\"><img loading=\"lazy\" src=\"https:\/\/www.mackeviciai.lt\/wp-content\/uploads\/2021\/11\/salinimas-icon-min.jpg\" alt=\"illustration of tooth removal\" class=\"wp-image-2431\" width=\"300\" height=\"300\" srcset=\"https:\/\/mackeviciai.lt\/wp-content\/uploads\/2021\/11\/salinimas-icon-min.jpg 512w, https:\/\/mackeviciai.lt\/wp-content\/uploads\/2021\/11\/salinimas-icon-min-300x300.jpg 300w, https:\/\/mackeviciai.lt\/wp-content\/uploads\/2021\/11\/salinimas-icon-min-150x150.jpg 150w\" sizes=\"(max-width: 300px) 100vw, 300px\" \/><\/figure><\/div>\n<\/div>\n\n\n\n<div class=\"wp-block-column\">\n<h2 class=\"has-text-align-right\" style=\"font-size:40px\"><span class=\"ez-toc-section\" id=\"Tooth_extraction\"><\/span><strong>Tooth extraction<\/strong><span class=\"ez-toc-section-end\"><\/span><\/h2>\n\n\n\n<p>Urgent <a href=\"https:\/\/mackeviciai.lt\/lt\/burnos-chirurgija\/\">tooth extraction<\/a> may be required if the tooth has been untreated for a long time and has been irreversibly damaged by tooth decay or another dental disease. Urgent tooth extraction is usually required in children when milk or first permanent teeth are damaged and their restoration is impossible.<\/p>\n<\/div>\n<\/div>\n<\/div><\/div>\n\n\n\n<div class=\"wp-block-group alignfull\"><div class=\"wp-block-group__inner-container\">\n<div style=\"height:20px\" aria-hidden=\"true\" class=\"wp-block-spacer\"><\/div>\n\n\n\n<div class=\"wp-block-columns alignwide\">\n<div class=\"wp-block-column\">\n<div class=\"wp-block-image\"><figure class=\"aligncenter size-large is-resized\"><img loading=\"lazy\" src=\"https:\/\/www.mackeviciai.lt\/wp-content\/uploads\/2021\/11\/estetines-icon-min.jpg\" alt=\"illustration of aesthetic tooth restoration\" class=\"wp-image-2432\" width=\"300\" height=\"300\" srcset=\"https:\/\/mackeviciai.lt\/wp-content\/uploads\/2021\/11\/estetines-icon-min.jpg 512w, https:\/\/mackeviciai.lt\/wp-content\/uploads\/2021\/11\/estetines-icon-min-300x300.jpg 300w, https:\/\/mackeviciai.lt\/wp-content\/uploads\/2021\/11\/estetines-icon-min-150x150.jpg 150w\" sizes=\"(max-width: 300px) 100vw, 300px\" \/><\/figure><\/div>\n<\/div>\n\n\n\n<div class=\"wp-block-column\">\n<h3 style=\"font-size:40px\"><span class=\"ez-toc-section\" id=\"Aesthetic_problems_and_care_of_prostheses\"><\/span><strong>Aesthetic problems and care of prostheses<\/strong><span class=\"ez-toc-section-end\"><\/span><\/h3>\n\n\n\n<p>Urgent dental care is required in the event of a sudden fall-out or rupture of a dental filling, fracture of the front tooth, or aesthetic prostheses (e.g. laminates). Injuries or eating hard foods can also cause other artificial prostheses, such as crowns or inlays, to fall out or break. In this case, additional <a href=\"https:\/\/mackeviciai.lt\/lt\/dantu-plombavimas\/\">dental filling<\/a> and <a href=\"https:\/\/mackeviciai.lt\/lt\/dantu-protezavimas\/\">prosthetics<\/a> are performed, and dental aesthetics are restored as soon as possible.<\/p>\n<\/div>\n<\/div>\n\n\n\n<div style=\"height:40px\" aria-hidden=\"true\" class=\"wp-block-spacer\"><\/div>\n<\/div><\/div>\n<\/div><\/div>","protected":false},"excerpt":{"rendered":"<p>In what cases is urgent dental care needed?Dental traumaToothacheInflammation of a tooth nerveTooth extractionAesthetic problems and care of prostheses In what cases is urgent dental care needed? In case of a sudden toothache or other unpleasant sensations, it is recommended that you consult a dentist as soon as possible. Pain or swelling may be the [&hellip;]<\/p>","protected":false},"author":1,"featured_media":0,"parent":0,"menu_order":0,"comment_status":"closed","ping_status":"closed","template":"","meta":{"_monsterinsights_skip_tracking":false,"_monsterinsights_sitenote_active":false,"_monsterinsights_sitenote_note":"","_monsterinsights_sitenote_category":0},"yoast_head":"<!-- This site is optimized with the Yoast SEO plugin v17.8 - https:\/\/yoast.com\/wordpress\/plugins\/seo\/ -->\n<title>Urgent dental care - A. Mackevi\u010diaus odontologijos klinika - Vilnius<\/title>\n<meta name=\"description\" content=\"Visais greitos odontologin\u0117s pagalbos reikalaujan\u010diais atvejais j\u0105 suteikti galime artimiausiu laiku.\" \/>\n<meta name=\"robots\" content=\"index, follow, max-snippet:-1, max-image-preview:large, max-video-preview:-1\" \/>\n<link rel=\"canonical\" href=\"https:\/\/mackeviciai.lt\/en\/urgent-dental-care\/\" \/>\n<meta property=\"og:locale\" content=\"en_US\" \/>\n<meta property=\"og:type\" content=\"article\" \/>\n<meta property=\"og:title\" content=\"Urgent dental care - A. Mackevi\u010diaus odontologijos klinika - Vilnius\" \/>\n<meta property=\"og:description\" content=\"Visais greitos odontologin\u0117s pagalbos reikalaujan\u010diais atvejais j\u0105 suteikti galime artimiausiu laiku.\" \/>\n<meta property=\"og:url\" content=\"https:\/\/mackeviciai.lt\/en\/urgent-dental-care\/\" \/>\n<meta property=\"og:site_name\" content=\"A. Mackevi\u010diaus odontologijos klinika - Vilnius\" \/>\n<meta property=\"article:modified_time\" content=\"2022-06-30T18:04:09+00:00\" \/>\n<meta property=\"og:image\" content=\"https:\/\/www.mackeviciai.lt\/wp-content\/uploads\/2021\/11\/pagalba-pagrindine-min-1024x657.jpg\" \/>\n<meta name=\"twitter:card\" content=\"summary_large_image\" \/>\n<meta name=\"twitter:label1\" content=\"Est. reading time\" \/>\n\t<meta name=\"twitter:data1\" content=\"4 minutes\" \/>\n<script type=\"application\/ld+json\" class=\"yoast-schema-graph\">{\"@context\":\"https:\/\/schema.org\",\"@graph\":[{\"@type\":\"Organization\",\"@id\":\"https:\/\/mackeviciai.lt\/lt\/#organization\",\"name\":\"A. Mackevi\\u010diaus odontologijos klinika\",\"url\":\"https:\/\/mackeviciai.lt\/lt\/\",\"sameAs\":[],\"logo\":{\"@type\":\"ImageObject\",\"@id\":\"https:\/\/mackeviciai.lt\/lt\/#logo\",\"inLanguage\":\"en-US\",\"url\":\"https:\/\/www.mackeviciai.lt\/wp-content\/uploads\/2021\/12\/BLUE_HORIZONTAL.png\",\"contentUrl\":\"https:\/\/www.mackeviciai.lt\/wp-content\/uploads\/2021\/12\/BLUE_HORIZONTAL.png\",\"width\":708,\"height\":165,\"caption\":\"A. Mackevi\\u010diaus odontologijos klinika\"},\"image\":{\"@id\":\"https:\/\/mackeviciai.lt\/lt\/#logo\"}},{\"@type\":\"WebSite\",\"@id\":\"https:\/\/mackeviciai.lt\/lt\/#website\",\"url\":\"https:\/\/mackeviciai.lt\/lt\/\",\"name\":\"A. Mackevi\\u010diaus odontologijos klinika - Vilnius\",\"description\":\"\",\"publisher\":{\"@id\":\"https:\/\/mackeviciai.lt\/lt\/#organization\"},\"potentialAction\":[{\"@type\":\"SearchAction\",\"target\":{\"@type\":\"EntryPoint\",\"urlTemplate\":\"https:\/\/mackeviciai.lt\/lt\/?s={search_term_string}\"},\"query-input\":\"required name=search_term_string\"}],\"inLanguage\":\"en-US\"},{\"@type\":\"ImageObject\",\"@id\":\"https:\/\/mackeviciai.lt\/en\/urgent-dental-care\/#primaryimage\",\"inLanguage\":\"en-US\",\"url\":\"https:\/\/www.mackeviciai.lt\/wp-content\/uploads\/2021\/11\/pagalba-pagrindine-min-1024x657.jpg\",\"contentUrl\":\"https:\/\/www.mackeviciai.lt\/wp-content\/uploads\/2021\/11\/pagalba-pagrindine-min-1024x657.jpg\"},{\"@type\":\"WebPage\",\"@id\":\"https:\/\/mackeviciai.lt\/en\/urgent-dental-care\/#webpage\",\"url\":\"https:\/\/mackeviciai.lt\/en\/urgent-dental-care\/\",\"name\":\"Urgent dental care - A. Mackevi\\u010diaus odontologijos klinika - Vilnius\",\"isPartOf\":{\"@id\":\"https:\/\/mackeviciai.lt\/lt\/#website\"},\"primaryImageOfPage\":{\"@id\":\"https:\/\/mackeviciai.lt\/en\/urgent-dental-care\/#primaryimage\"},\"datePublished\":\"2022-01-30T20:16:18+00:00\",\"dateModified\":\"2022-06-30T18:04:09+00:00\",\"description\":\"Visais greitos odontologin\\u0117s pagalbos reikalaujan\\u010diais atvejais j\\u0105 suteikti galime artimiausiu laiku.\",\"breadcrumb\":{\"@id\":\"https:\/\/mackeviciai.lt\/en\/urgent-dental-care\/#breadcrumb\"},\"inLanguage\":\"en-US\",\"potentialAction\":[{\"@type\":\"ReadAction\",\"target\":[\"https:\/\/mackeviciai.lt\/en\/urgent-dental-care\/\"]}]},{\"@type\":\"BreadcrumbList\",\"@id\":\"https:\/\/mackeviciai.lt\/en\/urgent-dental-care\/#breadcrumb\",\"itemListElement\":[{\"@type\":\"ListItem\",\"position\":1,\"name\":\"Home\",\"item\":\"https:\/\/mackeviciai.lt\/en\/\"},{\"@type\":\"ListItem\",\"position\":2,\"name\":\"Urgent dental care\"}]}]}<\/script>\n<!-- \/ Yoast SEO plugin. -->","yoast_head_json":{"title":"Urgent dental care - A. Mackevi\u010diaus odontologijos klinika - Vilnius","description":"Visais greitos odontologin\u0117s pagalbos reikalaujan\u010diais atvejais j\u0105 suteikti galime artimiausiu laiku.","robots":{"index":"index","follow":"follow","max-snippet":"max-snippet:-1","max-image-preview":"max-image-preview:large","max-video-preview":"max-video-preview:-1"},"canonical":"https:\/\/mackeviciai.lt\/en\/urgent-dental-care\/","og_locale":"en_US","og_type":"article","og_title":"Urgent dental care - A. Mackevi\u010diaus odontologijos klinika - Vilnius","og_description":"Visais greitos odontologin\u0117s pagalbos reikalaujan\u010diais atvejais j\u0105 suteikti galime artimiausiu laiku.","og_url":"https:\/\/mackeviciai.lt\/en\/urgent-dental-care\/","og_site_name":"A. Mackevi\u010diaus odontologijos klinika - Vilnius","article_modified_time":"2022-06-30T18:04:09+00:00","og_image":[{"url":"https:\/\/www.mackeviciai.lt\/wp-content\/uploads\/2021\/11\/pagalba-pagrindine-min-1024x657.jpg"}],"twitter_card":"summary_large_image","twitter_misc":{"Est. reading time":"4 minutes"},"schema":{"@context":"https:\/\/schema.org","@graph":[{"@type":"Organization","@id":"https:\/\/mackeviciai.lt\/lt\/#organization","name":"A. Mackevi\u010diaus odontologijos klinika","url":"https:\/\/mackeviciai.lt\/lt\/","sameAs":[],"logo":{"@type":"ImageObject","@id":"https:\/\/mackeviciai.lt\/lt\/#logo","inLanguage":"en-US","url":"https:\/\/www.mackeviciai.lt\/wp-content\/uploads\/2021\/12\/BLUE_HORIZONTAL.png","contentUrl":"https:\/\/www.mackeviciai.lt\/wp-content\/uploads\/2021\/12\/BLUE_HORIZONTAL.png","width":708,"height":165,"caption":"A. Mackevi\u010diaus odontologijos klinika"},"image":{"@id":"https:\/\/mackeviciai.lt\/lt\/#logo"}},{"@type":"WebSite","@id":"https:\/\/mackeviciai.lt\/lt\/#website","url":"https:\/\/mackeviciai.lt\/lt\/","name":"A. Mackevi\u010diaus odontologijos klinika - Vilnius","description":"","publisher":{"@id":"https:\/\/mackeviciai.lt\/lt\/#organization"},"potentialAction":[{"@type":"SearchAction","target":{"@type":"EntryPoint","urlTemplate":"https:\/\/mackeviciai.lt\/lt\/?s={search_term_string}"},"query-input":"required name=search_term_string"}],"inLanguage":"en-US"},{"@type":"ImageObject","@id":"https:\/\/mackeviciai.lt\/en\/urgent-dental-care\/#primaryimage","inLanguage":"en-US","url":"https:\/\/www.mackeviciai.lt\/wp-content\/uploads\/2021\/11\/pagalba-pagrindine-min-1024x657.jpg","contentUrl":"https:\/\/www.mackeviciai.lt\/wp-content\/uploads\/2021\/11\/pagalba-pagrindine-min-1024x657.jpg"},{"@type":"WebPage","@id":"https:\/\/mackeviciai.lt\/en\/urgent-dental-care\/#webpage","url":"https:\/\/mackeviciai.lt\/en\/urgent-dental-care\/","name":"Urgent dental care - A. Mackevi\u010diaus odontologijos klinika - Vilnius","isPartOf":{"@id":"https:\/\/mackeviciai.lt\/lt\/#website"},"primaryImageOfPage":{"@id":"https:\/\/mackeviciai.lt\/en\/urgent-dental-care\/#primaryimage"},"datePublished":"2022-01-30T20:16:18+00:00","dateModified":"2022-06-30T18:04:09+00:00","description":"Visais greitos odontologin\u0117s pagalbos reikalaujan\u010diais atvejais j\u0105 suteikti galime artimiausiu laiku.","breadcrumb":{"@id":"https:\/\/mackeviciai.lt\/en\/urgent-dental-care\/#breadcrumb"},"inLanguage":"en-US","potentialAction":[{"@type":"ReadAction","target":["https:\/\/mackeviciai.lt\/en\/urgent-dental-care\/"]}]},{"@type":"BreadcrumbList","@id":"https:\/\/mackeviciai.lt\/en\/urgent-dental-care\/#breadcrumb","itemListElement":[{"@type":"ListItem","position":1,"name":"Home","item":"https:\/\/mackeviciai.lt\/en\/"},{"@type":"ListItem","position":2,"name":"Urgent dental care"}]}]}},"uagb_featured_image_src":{"full":false,"thumbnail":false,"medium":false,"medium_large":false,"large":false,"1536x1536":false,"2048x2048":false,"trp-custom-language-flag":false,"post-thumbnail":false,"twentytwenty-fullscreen":false},"uagb_author_info":{"display_name":"test159","author_link":"https:\/\/mackeviciai.lt\/en\/author\/test159\/"},"uagb_comment_info":0,"uagb_excerpt":"In what cases is urgent dental care needed?Dental traumaToothacheInflammation of a tooth nerveTooth extractionAesthetic problems and care of prostheses In what cases is urgent dental care needed? In case of a sudden toothache or other unpleasant sensations, it is recommended that you consult a dentist as soon as possible. Pain or swelling may be the&hellip;","_links":{"self":[{"href":"https:\/\/mackeviciai.lt\/en\/wp-json\/wp\/v2\/pages\/4061"}],"collection":[{"href":"https:\/\/mackeviciai.lt\/en\/wp-json\/wp\/v2\/pages"}],"about":[{"href":"https:\/\/mackeviciai.lt\/en\/wp-json\/wp\/v2\/types\/page"}],"author":[{"embeddable":true,"href":"https:\/\/mackeviciai.lt\/en\/wp-json\/wp\/v2\/users\/1"}],"replies":[{"embeddable":true,"href":"https:\/\/mackeviciai.lt\/en\/wp-json\/wp\/v2\/comments?post=4061"}],"version-history":[{"count":5,"href":"https:\/\/mackeviciai.lt\/en\/wp-json\/wp\/v2\/pages\/4061\/revisions"}],"predecessor-version":[{"id":4851,"href":"https:\/\/mackeviciai.lt\/en\/wp-json\/wp\/v2\/pages\/4061\/revisions\/4851"}],"wp:attachment":[{"href":"https:\/\/mackeviciai.lt\/en\/wp-json\/wp\/v2\/media?parent=4061"}],"curies":[{"name":"wp","href":"https:\/\/api.w.org\/{rel}","templated":true}]}}