{"id":4065,"date":"2022-01-30T20:22:44","date_gmt":"2022-01-30T20:22:44","guid":{"rendered":"https:\/\/www.mackeviciai.lt\/?page_id=4065"},"modified":"2022-01-30T22:29:08","modified_gmt":"2022-01-30T22:29:08","slug":"technology","status":"publish","type":"page","link":"https:\/\/mackeviciai.lt\/en\/technology\/","title":{"rendered":"Technology"},"content":{"rendered":"<div class=\"wp-block-group alignfull widthfull services\"><div class=\"wp-block-group__inner-container\">\n<div class=\"wp-block-cover alignfull is-position-center-center bannermain\" style=\"min-height:575px\"><img loading=\"lazy\" width=\"2048\" height=\"1024\" class=\"wp-block-cover__image-background wp-image-2102\" alt=\"\" src=\"https:\/\/www.mackeviciai.lt\/wp-content\/uploads\/2021\/11\/technologijos-pagrindine-min-1.jpg\" data-object-fit=\"cover\" srcset=\"https:\/\/mackeviciai.lt\/wp-content\/uploads\/2021\/11\/technologijos-pagrindine-min-1.jpg 2048w, https:\/\/mackeviciai.lt\/wp-content\/uploads\/2021\/11\/technologijos-pagrindine-min-1-300x150.jpg 300w, https:\/\/mackeviciai.lt\/wp-content\/uploads\/2021\/11\/technologijos-pagrindine-min-1-1024x512.jpg 1024w, https:\/\/mackeviciai.lt\/wp-content\/uploads\/2021\/11\/technologijos-pagrindine-min-1-768x384.jpg 768w, https:\/\/mackeviciai.lt\/wp-content\/uploads\/2021\/11\/technologijos-pagrindine-min-1-1536x768.jpg 1536w, https:\/\/mackeviciai.lt\/wp-content\/uploads\/2021\/11\/technologijos-pagrindine-min-1-1200x600.jpg 1200w, https:\/\/mackeviciai.lt\/wp-content\/uploads\/2021\/11\/technologijos-pagrindine-min-1-1980x990.jpg 1980w\" sizes=\"(max-width: 2048px) 100vw, 2048px\" \/><div class=\"wp-block-cover__inner-container\">\n<div class=\"wp-block-columns alignfull are-vertically-aligned-top\">\n<div class=\"wp-block-column is-vertically-aligned-top\" style=\"flex-basis:10%\">\n<div style=\"height:100px\" aria-hidden=\"true\" class=\"wp-block-spacer\"><\/div>\n\n\n\n<p><\/p>\n<\/div>\n\n\n\n<div class=\"wp-block-column is-vertically-aligned-top\">\n<div style=\"height:100px\" aria-hidden=\"true\" class=\"wp-block-spacer\"><\/div>\n\n\n\n<p class=\"has-text-align-left has-text-color\" style=\"color:#fffffa;font-size:60px;line-height:1.2\"><\/p>\n\n\n\n<p style=\"font-size:25px\"><\/p>\n\n\n\n<p><\/p>\n\n\n\n<div style=\"height:100px\" aria-hidden=\"true\" class=\"wp-block-spacer\"><\/div>\n\n\n\n<div class=\"wp-block-columns\">\n<div class=\"wp-block-column\">\n<h2 class=\"black-outline has-background-color has-text-color\"><\/h2>\n\n\n\n<p><\/p>\n<\/div>\n\n\n\n<div class=\"wp-block-column\"><\/div>\n<\/div>\n<\/div>\n\n\n\n<div class=\"wp-block-column\" style=\"flex-basis:10%\">\n<div style=\"height:37px\" aria-hidden=\"true\" class=\"wp-block-spacer\"><\/div>\n\n\n\n<p><\/p>\n<\/div>\n<\/div>\n<\/div><\/div>\n\n\n\n<div class=\"wp-block-group alignfull\"><div class=\"wp-block-group__inner-container\">\n<div style=\"height:20px\" aria-hidden=\"true\" class=\"wp-block-spacer\"><\/div>\n\n\n\n<div class=\"wp-block-columns alignwide\">\n<div class=\"wp-block-column\">\n<figure class=\"wp-block-image alignfull size-large mack1img\"><img loading=\"lazy\" width=\"1024\" height=\"657\" src=\"https:\/\/www.mackeviciai.lt\/wp-content\/uploads\/2021\/11\/3d-tomografas-min-1-1024x657.jpg\" alt=\"3d and x-ray machine orthophos xg 5\" class=\"wp-image-2556\" srcset=\"https:\/\/mackeviciai.lt\/wp-content\/uploads\/2021\/11\/3d-tomografas-min-1-1024x657.jpg 1024w, https:\/\/mackeviciai.lt\/wp-content\/uploads\/2021\/11\/3d-tomografas-min-1-300x192.jpg 300w, https:\/\/mackeviciai.lt\/wp-content\/uploads\/2021\/11\/3d-tomografas-min-1-768x492.jpg 768w, https:\/\/mackeviciai.lt\/wp-content\/uploads\/2021\/11\/3d-tomografas-min-1-1536x985.jpg 1536w, https:\/\/mackeviciai.lt\/wp-content\/uploads\/2021\/11\/3d-tomografas-min-1-1200x769.jpg 1200w, https:\/\/mackeviciai.lt\/wp-content\/uploads\/2021\/11\/3d-tomografas-min-1-1980x1269.jpg 1980w, https:\/\/mackeviciai.lt\/wp-content\/uploads\/2021\/11\/3d-tomografas-min-1.jpg 2048w\" sizes=\"(max-width: 1024px) 100vw, 1024px\" \/><\/figure>\n<\/div>\n\n\n\n<div class=\"wp-block-column mack1\">\n<div id=\"ez-toc-container\" class=\"ez-toc-v2_0_17 counter-hierarchy counter-decimal ez-toc-transparent\">\n<nav><ul class=\"ez-toc-list ez-toc-list-level-1\"><li class=\"ez-toc-page-1 ez-toc-heading-level-2\"><a class=\"ez-toc-link ez-toc-heading-1\" href=\"https:\/\/mackeviciai.lt\/en\/technology\/#3D_computed_tomography\" title=\"3D computed tomography\">3D computed tomography<\/a><\/li><li class=\"ez-toc-page-1 ez-toc-heading-level-2\"><a class=\"ez-toc-link ez-toc-heading-2\" href=\"https:\/\/mackeviciai.lt\/en\/technology\/#3D_intraoral_scanner\" title=\"3D intraoral scanner\">3D intraoral scanner<\/a><\/li><li class=\"ez-toc-page-1 ez-toc-heading-level-2\"><a class=\"ez-toc-link ez-toc-heading-3\" href=\"https:\/\/mackeviciai.lt\/en\/technology\/#Optics\" title=\"Optics\">Optics<\/a><\/li><li class=\"ez-toc-page-1 ez-toc-heading-level-2\"><a class=\"ez-toc-link ez-toc-heading-4\" href=\"https:\/\/mackeviciai.lt\/en\/technology\/#Anaesthetic_machine\" title=\"Anaesthetic machine\">Anaesthetic machine<\/a><\/li><li class=\"ez-toc-page-1 ez-toc-heading-level-2\"><a class=\"ez-toc-link ez-toc-heading-5\" href=\"https:\/\/mackeviciai.lt\/en\/technology\/#Dental_chairs\" title=\"Dental chairs\">Dental chairs<\/a><\/li><\/ul><\/nav><\/div>\n<h2 style=\"font-size:40px\"><span class=\"ez-toc-section\" id=\"3D_computed_tomography\"><\/span>3D computed tomography<span class=\"ez-toc-section-end\"><\/span><\/h2>\n\n\n\n<p>We use a digital X-ray machine for panoramic 2D \/ 3D tomography of the entire jaw and jaw joints. The dental tomography we create has exceptional image quality and extremely low radiation doses. <\/p>\n\n\n\n<p>The 3D computed tomography is ideal for X-ray examinations of both adults and children. The image generation takes place in real-time, with the data generated by the device being immediately sent to a computer where an overview of the image is prepared. An X-ray examination of the patient before a treatment plan is created allows an accurate diagnosis to be made, facilitates the treatment process, and ensures the effectiveness of the treatment.<\/p>\n<\/div>\n<\/div>\n\n\n\n<div style=\"height:40px\" aria-hidden=\"true\" class=\"wp-block-spacer\"><\/div>\n\n\n\n<div class=\"wp-block-columns alignwide reverser\">\n<div class=\"wp-block-column\">\n<figure class=\"wp-block-image alignfull size-large mack1img\"><img loading=\"lazy\" width=\"1024\" height=\"657\" src=\"https:\/\/www.mackeviciai.lt\/wp-content\/uploads\/2021\/11\/3d-skeneris-min-1-1024x657.jpg\" alt=\"inner 3d image of mouth on a screen\" class=\"wp-image-2557\" srcset=\"https:\/\/mackeviciai.lt\/wp-content\/uploads\/2021\/11\/3d-skeneris-min-1-1024x657.jpg 1024w, https:\/\/mackeviciai.lt\/wp-content\/uploads\/2021\/11\/3d-skeneris-min-1-300x192.jpg 300w, https:\/\/mackeviciai.lt\/wp-content\/uploads\/2021\/11\/3d-skeneris-min-1-768x492.jpg 768w, https:\/\/mackeviciai.lt\/wp-content\/uploads\/2021\/11\/3d-skeneris-min-1-1536x985.jpg 1536w, https:\/\/mackeviciai.lt\/wp-content\/uploads\/2021\/11\/3d-skeneris-min-1-1200x769.jpg 1200w, https:\/\/mackeviciai.lt\/wp-content\/uploads\/2021\/11\/3d-skeneris-min-1-1980x1269.jpg 1980w, https:\/\/mackeviciai.lt\/wp-content\/uploads\/2021\/11\/3d-skeneris-min-1.jpg 2048w\" sizes=\"(max-width: 1024px) 100vw, 1024px\" \/><\/figure>\n<\/div>\n\n\n\n<div class=\"wp-block-column mack1\">\n<h2 class=\"has-text-align-right\" style=\"font-size:40px\"><span class=\"ez-toc-section\" id=\"3D_intraoral_scanner\"><\/span>3D intraoral scanner<span class=\"ez-toc-section-end\"><\/span><\/h2>\n\n\n\n<p>In dentistry, a 3D intraoral scanner is used to accurately create digital dental impressions. Dental scans are performed using a small instrument with cameras that allow the dentist to scan the entire oral cavity and create a 3D image of it. <\/p>\n\n\n\n<p>An accurate 3D surface model allows the dentist to inspect the patient\u2019s teeth and gums in extreme detail. This 3D image is then sent to a laboratory where dental technicians use it to produce highly accurate, durable, and high-quality individual prostheses. <\/p>\n\n\n\n<p>A digital scan of a patient\u2019s mouth takes just a few minutes and since no impression trays are used for scanning, we avoid the unpleasant sensations caused by them, and there is no need to wait for the print material to dry.<\/p>\n<\/div>\n<\/div>\n<\/div><\/div>\n\n\n\n<div class=\"wp-block-group alignfull\"><div class=\"wp-block-group__inner-container\">\n<div style=\"height:20px\" aria-hidden=\"true\" class=\"wp-block-spacer\"><\/div>\n\n\n\n<div class=\"wp-block-columns alignwide\">\n<div class=\"wp-block-column\">\n<figure class=\"wp-block-image alignfull size-large mack1img\"><img loading=\"lazy\" width=\"1024\" height=\"657\" src=\"https:\/\/www.mackeviciai.lt\/wp-content\/uploads\/2021\/11\/odontologinis-mikroskopas-min-1024x657.jpg\" alt=\"microscope on table\" class=\"wp-image-2558\" srcset=\"https:\/\/mackeviciai.lt\/wp-content\/uploads\/2021\/11\/odontologinis-mikroskopas-min-1024x657.jpg 1024w, https:\/\/mackeviciai.lt\/wp-content\/uploads\/2021\/11\/odontologinis-mikroskopas-min-300x192.jpg 300w, https:\/\/mackeviciai.lt\/wp-content\/uploads\/2021\/11\/odontologinis-mikroskopas-min-768x492.jpg 768w, https:\/\/mackeviciai.lt\/wp-content\/uploads\/2021\/11\/odontologinis-mikroskopas-min-1536x985.jpg 1536w, https:\/\/mackeviciai.lt\/wp-content\/uploads\/2021\/11\/odontologinis-mikroskopas-min-1200x769.jpg 1200w, https:\/\/mackeviciai.lt\/wp-content\/uploads\/2021\/11\/odontologinis-mikroskopas-min-1980x1269.jpg 1980w, https:\/\/mackeviciai.lt\/wp-content\/uploads\/2021\/11\/odontologinis-mikroskopas-min.jpg 2048w\" sizes=\"(max-width: 1024px) 100vw, 1024px\" \/><\/figure>\n<\/div>\n\n\n\n<div class=\"wp-block-column mack1\">\n<h2 style=\"font-size:40px\"><span class=\"ez-toc-section\" id=\"Optics\"><\/span>Optics<span class=\"ez-toc-section-end\"><\/span><\/h2>\n\n\n\n<p>The success of dental treatment is based on accuracy. The human eye is quite accurate, but it is the magnification of modern equipment that allows dentists to see the object down to the smallest detail.<\/p>\n\n\n\n<p>Magnifying dental glasses provide better resolution (produce more accurate images), higher image contrast, and a wide field of view. For dentists, hygienists, and dental assistants, this type of dental optics allows them to perform procedures accurately and efficiently as well as reduces their fatigue and protects them against chronic back diseases (requires less bending).<\/p>\n\n\n\n<p>A dental microscope expands the possibilities of visualisation more than other types of magnification devices, especially in the treatment of dental root canals, and is frequently used in microsurgery. The surgical area is illuminated using a special light source inside the microscope. The microscope can also be connected to the second set of eyepieces, so the operation can also be tracked by a dental assistant.<\/p>\n<\/div>\n<\/div>\n\n\n\n<div style=\"height:40px\" aria-hidden=\"true\" class=\"wp-block-spacer\"><\/div>\n\n\n\n<div class=\"wp-block-columns alignwide reverser\">\n<div class=\"wp-block-column\">\n<figure class=\"wp-block-image alignfull size-large mack1img\"><img loading=\"lazy\" width=\"1024\" height=\"657\" src=\"https:\/\/www.mackeviciai.lt\/wp-content\/uploads\/2021\/11\/anestezijos-aparatas-min-1-1024x657.jpg\" alt=\"anesthesia machine\" class=\"wp-image-2559\" srcset=\"https:\/\/mackeviciai.lt\/wp-content\/uploads\/2021\/11\/anestezijos-aparatas-min-1-1024x657.jpg 1024w, https:\/\/mackeviciai.lt\/wp-content\/uploads\/2021\/11\/anestezijos-aparatas-min-1-300x192.jpg 300w, https:\/\/mackeviciai.lt\/wp-content\/uploads\/2021\/11\/anestezijos-aparatas-min-1-768x492.jpg 768w, https:\/\/mackeviciai.lt\/wp-content\/uploads\/2021\/11\/anestezijos-aparatas-min-1-1536x985.jpg 1536w, https:\/\/mackeviciai.lt\/wp-content\/uploads\/2021\/11\/anestezijos-aparatas-min-1-1200x769.jpg 1200w, https:\/\/mackeviciai.lt\/wp-content\/uploads\/2021\/11\/anestezijos-aparatas-min-1-1980x1269.jpg 1980w, https:\/\/mackeviciai.lt\/wp-content\/uploads\/2021\/11\/anestezijos-aparatas-min-1.jpg 2048w\" sizes=\"(max-width: 1024px) 100vw, 1024px\" \/><\/figure>\n<\/div>\n\n\n\n<div class=\"wp-block-column mack1\">\n<h2 class=\"has-text-align-right\" style=\"font-size:40px\"><span class=\"ez-toc-section\" id=\"Anaesthetic_machine\"><\/span>Anaesthetic machine<span class=\"ez-toc-section-end\"><\/span><\/h2>\n\n\n\n<p>The anaesthetic machine combines highly efficient ventilation, ease of use, reliability, plenty of space for additional equipment and easy integration into any type of dental operation. <\/p>\n\n\n\n<p>A powerful and automated ventilation system, without the use of compressed gas, ensures a safer and healthier anaesthesia process. This system is ideal for anaesthesia in both adults and children. Advanced safety features include the emergency shutdown, dynamic automated compensation, and the ability to manually ventilate even when the power is off. All these benefits allow our dentists to perform high-quality, safe and comfortable treatment for our patients.<\/p>\n<\/div>\n<\/div>\n<\/div><\/div>\n\n\n\n<div class=\"wp-block-group alignfull hidder\"><div class=\"wp-block-group__inner-container\">\n<div style=\"height:20px\" aria-hidden=\"true\" class=\"wp-block-spacer\"><\/div>\n\n\n\n<div class=\"wp-block-columns alignwide\">\n<div class=\"wp-block-column\">\n<figure class=\"wp-block-image alignfull size-large mack1img\"><img loading=\"lazy\" width=\"1024\" height=\"657\" src=\"https:\/\/www.mackeviciai.lt\/wp-content\/uploads\/2021\/11\/odontologinis-mikroskopas-min-1024x657.jpg\" alt=\"microscope on table\" class=\"wp-image-2558\" srcset=\"https:\/\/mackeviciai.lt\/wp-content\/uploads\/2021\/11\/odontologinis-mikroskopas-min-1024x657.jpg 1024w, https:\/\/mackeviciai.lt\/wp-content\/uploads\/2021\/11\/odontologinis-mikroskopas-min-300x192.jpg 300w, https:\/\/mackeviciai.lt\/wp-content\/uploads\/2021\/11\/odontologinis-mikroskopas-min-768x492.jpg 768w, https:\/\/mackeviciai.lt\/wp-content\/uploads\/2021\/11\/odontologinis-mikroskopas-min-1536x985.jpg 1536w, https:\/\/mackeviciai.lt\/wp-content\/uploads\/2021\/11\/odontologinis-mikroskopas-min-1200x769.jpg 1200w, https:\/\/mackeviciai.lt\/wp-content\/uploads\/2021\/11\/odontologinis-mikroskopas-min-1980x1269.jpg 1980w, https:\/\/mackeviciai.lt\/wp-content\/uploads\/2021\/11\/odontologinis-mikroskopas-min.jpg 2048w\" sizes=\"(max-width: 1024px) 100vw, 1024px\" \/><\/figure>\n<\/div>\n\n\n\n<div class=\"wp-block-column mack1\">\n<h2 style=\"font-size:40px\"><span class=\"ez-toc-section\" id=\"Dental_chairs\"><\/span>Dental chairs<span class=\"ez-toc-section-end\"><\/span><\/h2>\n\n\n\n<p>A quality dental chair should address two issues at once &#8211; ensuring patient comfort and improving the doctor&#8217;s performance. The innovative dental chairs used in our clinics deal with these tasks perfectly and ensure that patients feel relaxed during the procedure. <\/p>\n\n\n\n<p>Numerous automatic chair repositioning functions allow our dentists to perform procedures comfortably, which leads to accurate and high-quality results. Built-in instrument holders and additional features speed up the treatment process. Patients undergo procedures faster and easier, while doctors work efficiently and serve more clients in a day.<\/p>\n<\/div>\n<\/div>\n\n\n\n<div style=\"height:40px\" aria-hidden=\"true\" class=\"wp-block-spacer\"><\/div>\n<\/div><\/div>\n<\/div><\/div>","protected":false},"excerpt":{"rendered":"<p>3D computed tomography3D intraoral scannerOpticsAnaesthetic machineDental chairs 3D computed tomography We use a digital X-ray machine for panoramic 2D \/ 3D tomography of the entire jaw and jaw joints. The dental tomography we create has exceptional image quality and extremely low radiation doses. The 3D computed tomography is ideal for X-ray examinations of both adults [&hellip;]<\/p>","protected":false},"author":1,"featured_media":0,"parent":0,"menu_order":0,"comment_status":"closed","ping_status":"closed","template":"","meta":{"_monsterinsights_skip_tracking":false,"_monsterinsights_sitenote_active":false,"_monsterinsights_sitenote_note":"","_monsterinsights_sitenote_category":0},"yoast_head":"<!-- This site is optimized with the Yoast SEO plugin v17.8 - https:\/\/yoast.com\/wordpress\/plugins\/seo\/ -->\n<title>Technology - A. Mackevi\u010diaus odontologijos klinika - Vilnius<\/title>\n<meta name=\"description\" content=\"M\u016bs\u0173 klinikoje naudojama \u012franga.\" \/>\n<meta name=\"robots\" content=\"index, follow, max-snippet:-1, max-image-preview:large, max-video-preview:-1\" \/>\n<link rel=\"canonical\" href=\"https:\/\/mackeviciai.lt\/en\/technology\/\" \/>\n<meta property=\"og:locale\" content=\"en_US\" \/>\n<meta property=\"og:type\" content=\"article\" \/>\n<meta property=\"og:title\" content=\"Technology - A. Mackevi\u010diaus odontologijos klinika - Vilnius\" \/>\n<meta property=\"og:description\" content=\"M\u016bs\u0173 klinikoje naudojama \u012franga.\" \/>\n<meta property=\"og:url\" content=\"https:\/\/mackeviciai.lt\/en\/technology\/\" \/>\n<meta property=\"og:site_name\" content=\"A. Mackevi\u010diaus odontologijos klinika - Vilnius\" \/>\n<meta property=\"article:modified_time\" content=\"2022-01-30T22:29:08+00:00\" \/>\n<meta property=\"og:image\" content=\"https:\/\/www.mackeviciai.lt\/wp-content\/uploads\/2021\/11\/technologijos-pagrindine-min-1.jpg\" \/>\n<meta name=\"twitter:card\" content=\"summary_large_image\" \/>\n<meta name=\"twitter:label1\" content=\"Est. reading time\" \/>\n\t<meta name=\"twitter:data1\" content=\"4 minutes\" \/>\n<script type=\"application\/ld+json\" class=\"yoast-schema-graph\">{\"@context\":\"https:\/\/schema.org\",\"@graph\":[{\"@type\":\"Organization\",\"@id\":\"https:\/\/mackeviciai.lt\/lt\/#organization\",\"name\":\"A. Mackevi\\u010diaus odontologijos klinika\",\"url\":\"https:\/\/mackeviciai.lt\/lt\/\",\"sameAs\":[],\"logo\":{\"@type\":\"ImageObject\",\"@id\":\"https:\/\/mackeviciai.lt\/lt\/#logo\",\"inLanguage\":\"en-US\",\"url\":\"https:\/\/www.mackeviciai.lt\/wp-content\/uploads\/2021\/12\/BLUE_HORIZONTAL.png\",\"contentUrl\":\"https:\/\/www.mackeviciai.lt\/wp-content\/uploads\/2021\/12\/BLUE_HORIZONTAL.png\",\"width\":708,\"height\":165,\"caption\":\"A. Mackevi\\u010diaus odontologijos klinika\"},\"image\":{\"@id\":\"https:\/\/mackeviciai.lt\/lt\/#logo\"}},{\"@type\":\"WebSite\",\"@id\":\"https:\/\/mackeviciai.lt\/lt\/#website\",\"url\":\"https:\/\/mackeviciai.lt\/lt\/\",\"name\":\"A. Mackevi\\u010diaus odontologijos klinika - Vilnius\",\"description\":\"\",\"publisher\":{\"@id\":\"https:\/\/mackeviciai.lt\/lt\/#organization\"},\"potentialAction\":[{\"@type\":\"SearchAction\",\"target\":{\"@type\":\"EntryPoint\",\"urlTemplate\":\"https:\/\/mackeviciai.lt\/lt\/?s={search_term_string}\"},\"query-input\":\"required name=search_term_string\"}],\"inLanguage\":\"en-US\"},{\"@type\":\"ImageObject\",\"@id\":\"https:\/\/mackeviciai.lt\/en\/technology\/#primaryimage\",\"inLanguage\":\"en-US\",\"url\":\"https:\/\/www.mackeviciai.lt\/wp-content\/uploads\/2021\/11\/technologijos-pagrindine-min-1.jpg\",\"contentUrl\":\"https:\/\/www.mackeviciai.lt\/wp-content\/uploads\/2021\/11\/technologijos-pagrindine-min-1.jpg\"},{\"@type\":\"WebPage\",\"@id\":\"https:\/\/mackeviciai.lt\/en\/technology\/#webpage\",\"url\":\"https:\/\/mackeviciai.lt\/en\/technology\/\",\"name\":\"Technology - A. Mackevi\\u010diaus odontologijos klinika - Vilnius\",\"isPartOf\":{\"@id\":\"https:\/\/mackeviciai.lt\/lt\/#website\"},\"primaryImageOfPage\":{\"@id\":\"https:\/\/mackeviciai.lt\/en\/technology\/#primaryimage\"},\"datePublished\":\"2022-01-30T20:22:44+00:00\",\"dateModified\":\"2022-01-30T22:29:08+00:00\",\"description\":\"M\\u016bs\\u0173 klinikoje naudojama \\u012franga.\",\"breadcrumb\":{\"@id\":\"https:\/\/mackeviciai.lt\/en\/technology\/#breadcrumb\"},\"inLanguage\":\"en-US\",\"potentialAction\":[{\"@type\":\"ReadAction\",\"target\":[\"https:\/\/mackeviciai.lt\/en\/technology\/\"]}]},{\"@type\":\"BreadcrumbList\",\"@id\":\"https:\/\/mackeviciai.lt\/en\/technology\/#breadcrumb\",\"itemListElement\":[{\"@type\":\"ListItem\",\"position\":1,\"name\":\"Home\",\"item\":\"https:\/\/mackeviciai.lt\/en\/\"},{\"@type\":\"ListItem\",\"position\":2,\"name\":\"Technology\"}]}]}<\/script>\n<!-- \/ Yoast SEO plugin. -->","yoast_head_json":{"title":"Technology - A. Mackevi\u010diaus odontologijos klinika - Vilnius","description":"M\u016bs\u0173 klinikoje naudojama \u012franga.","robots":{"index":"index","follow":"follow","max-snippet":"max-snippet:-1","max-image-preview":"max-image-preview:large","max-video-preview":"max-video-preview:-1"},"canonical":"https:\/\/mackeviciai.lt\/en\/technology\/","og_locale":"en_US","og_type":"article","og_title":"Technology - A. Mackevi\u010diaus odontologijos klinika - Vilnius","og_description":"M\u016bs\u0173 klinikoje naudojama \u012franga.","og_url":"https:\/\/mackeviciai.lt\/en\/technology\/","og_site_name":"A. Mackevi\u010diaus odontologijos klinika - Vilnius","article_modified_time":"2022-01-30T22:29:08+00:00","og_image":[{"url":"https:\/\/www.mackeviciai.lt\/wp-content\/uploads\/2021\/11\/technologijos-pagrindine-min-1.jpg"}],"twitter_card":"summary_large_image","twitter_misc":{"Est. reading time":"4 minutes"},"schema":{"@context":"https:\/\/schema.org","@graph":[{"@type":"Organization","@id":"https:\/\/mackeviciai.lt\/lt\/#organization","name":"A. Mackevi\u010diaus odontologijos klinika","url":"https:\/\/mackeviciai.lt\/lt\/","sameAs":[],"logo":{"@type":"ImageObject","@id":"https:\/\/mackeviciai.lt\/lt\/#logo","inLanguage":"en-US","url":"https:\/\/www.mackeviciai.lt\/wp-content\/uploads\/2021\/12\/BLUE_HORIZONTAL.png","contentUrl":"https:\/\/www.mackeviciai.lt\/wp-content\/uploads\/2021\/12\/BLUE_HORIZONTAL.png","width":708,"height":165,"caption":"A. Mackevi\u010diaus odontologijos klinika"},"image":{"@id":"https:\/\/mackeviciai.lt\/lt\/#logo"}},{"@type":"WebSite","@id":"https:\/\/mackeviciai.lt\/lt\/#website","url":"https:\/\/mackeviciai.lt\/lt\/","name":"A. Mackevi\u010diaus odontologijos klinika - Vilnius","description":"","publisher":{"@id":"https:\/\/mackeviciai.lt\/lt\/#organization"},"potentialAction":[{"@type":"SearchAction","target":{"@type":"EntryPoint","urlTemplate":"https:\/\/mackeviciai.lt\/lt\/?s={search_term_string}"},"query-input":"required name=search_term_string"}],"inLanguage":"en-US"},{"@type":"ImageObject","@id":"https:\/\/mackeviciai.lt\/en\/technology\/#primaryimage","inLanguage":"en-US","url":"https:\/\/www.mackeviciai.lt\/wp-content\/uploads\/2021\/11\/technologijos-pagrindine-min-1.jpg","contentUrl":"https:\/\/www.mackeviciai.lt\/wp-content\/uploads\/2021\/11\/technologijos-pagrindine-min-1.jpg"},{"@type":"WebPage","@id":"https:\/\/mackeviciai.lt\/en\/technology\/#webpage","url":"https:\/\/mackeviciai.lt\/en\/technology\/","name":"Technology - A. Mackevi\u010diaus odontologijos klinika - Vilnius","isPartOf":{"@id":"https:\/\/mackeviciai.lt\/lt\/#website"},"primaryImageOfPage":{"@id":"https:\/\/mackeviciai.lt\/en\/technology\/#primaryimage"},"datePublished":"2022-01-30T20:22:44+00:00","dateModified":"2022-01-30T22:29:08+00:00","description":"M\u016bs\u0173 klinikoje naudojama \u012franga.","breadcrumb":{"@id":"https:\/\/mackeviciai.lt\/en\/technology\/#breadcrumb"},"inLanguage":"en-US","potentialAction":[{"@type":"ReadAction","target":["https:\/\/mackeviciai.lt\/en\/technology\/"]}]},{"@type":"BreadcrumbList","@id":"https:\/\/mackeviciai.lt\/en\/technology\/#breadcrumb","itemListElement":[{"@type":"ListItem","position":1,"name":"Home","item":"https:\/\/mackeviciai.lt\/en\/"},{"@type":"ListItem","position":2,"name":"Technology"}]}]}},"uagb_featured_image_src":{"full":false,"thumbnail":false,"medium":false,"medium_large":false,"large":false,"1536x1536":false,"2048x2048":false,"trp-custom-language-flag":false,"post-thumbnail":false,"twentytwenty-fullscreen":false},"uagb_author_info":{"display_name":"test159","author_link":"https:\/\/mackeviciai.lt\/en\/author\/test159\/"},"uagb_comment_info":0,"uagb_excerpt":"3D computed tomography3D intraoral scannerOpticsAnaesthetic machineDental chairs 3D computed tomography We use a digital X-ray machine for panoramic 2D \/ 3D tomography of the entire jaw and jaw joints. The dental tomography we create has exceptional image quality and extremely low radiation doses. The 3D computed tomography is ideal for X-ray examinations of both adults&hellip;","_links":{"self":[{"href":"https:\/\/mackeviciai.lt\/en\/wp-json\/wp\/v2\/pages\/4065"}],"collection":[{"href":"https:\/\/mackeviciai.lt\/en\/wp-json\/wp\/v2\/pages"}],"about":[{"href":"https:\/\/mackeviciai.lt\/en\/wp-json\/wp\/v2\/types\/page"}],"author":[{"embeddable":true,"href":"https:\/\/mackeviciai.lt\/en\/wp-json\/wp\/v2\/users\/1"}],"replies":[{"embeddable":true,"href":"https:\/\/mackeviciai.lt\/en\/wp-json\/wp\/v2\/comments?post=4065"}],"version-history":[{"count":3,"href":"https:\/\/mackeviciai.lt\/en\/wp-json\/wp\/v2\/pages\/4065\/revisions"}],"predecessor-version":[{"id":4193,"href":"https:\/\/mackeviciai.lt\/en\/wp-json\/wp\/v2\/pages\/4065\/revisions\/4193"}],"wp:attachment":[{"href":"https:\/\/mackeviciai.lt\/en\/wp-json\/wp\/v2\/media?parent=4065"}],"curies":[{"name":"wp","href":"https:\/\/api.w.org\/{rel}","templated":true}]}}