{"id":4169,"date":"2022-01-31T00:47:37","date_gmt":"2022-01-31T00:47:37","guid":{"rendered":"https:\/\/www.mackeviciai.lt\/?page_id=4169"},"modified":"2026-04-03T06:36:29","modified_gmt":"2026-04-03T06:36:29","slug":"andrius-talijunas-2","status":"publish","type":"page","link":"https:\/\/mackeviciai.lt\/en\/andrius-talijunas-2\/","title":{"rendered":"Andrius Talijunas"},"content":{"rendered":"<div class=\"wp-block-group alignfull mackD1\"><div class=\"wp-block-group__inner-container\">\n<section class=\"wp-block-uagb-columns uagb-columns__wrap uagb-columns__background-undefined uagb-columns__stack-mobile uagb-columns__valign-undefined uagb-columns__gap-10 alignfull uagb-block-a84c4384\"><div class=\"uagb-columns__overlay\"><\/div><div class=\"uagb-columns__inner-wrap uagb-columns__columns-2\">\n<div class=\"wp-block-uagb-column uagb-column__wrap uagb-column__background-undefined uagb-block-ba5ec762 mackDOCspec2\"><div class=\"uagb-column__overlay\"><\/div><div class=\"uagb-column__inner-wrap\">\n<figure class=\"wp-block-image alignfull size-large docDOCimg\"><img loading=\"lazy\" width=\"600\" height=\"600\" src=\"https:\/\/www.mackeviciai.lt\/wp-content\/uploads\/2021\/11\/Andrius_Talijunas-min.jpg\" alt=\"doctor portrait\" class=\"wp-image-2228\" srcset=\"https:\/\/mackeviciai.lt\/wp-content\/uploads\/2021\/11\/Andrius_Talijunas-min.jpg 600w, https:\/\/mackeviciai.lt\/wp-content\/uploads\/2021\/11\/Andrius_Talijunas-min-300x300.jpg 300w, https:\/\/mackeviciai.lt\/wp-content\/uploads\/2021\/11\/Andrius_Talijunas-min-150x150.jpg 150w\" sizes=\"(max-width: 600px) 100vw, 600px\" \/><\/figure>\n\n\n\n<div id=\"ez-toc-container\" class=\"ez-toc-v2_0_17 counter-hierarchy counter-decimal ez-toc-transparent\">\n<nav><ul class=\"ez-toc-list ez-toc-list-level-1\"><ul class=\"ez-toc-list-level-4\"><li class=\"ez-toc-heading-level-4\"><ul class=\"ez-toc-list-level-4\"><li class=\"ez-toc-heading-level-4\"><a class=\"ez-toc-link ez-toc-heading-1\" href=\"https:\/\/mackeviciai.lt\/en\/andrius-talijunas-2\/#Andrius_Talijunas\" title=\"Andrius Talij\u016bnas\">Andrius Talij\u016bnas<\/a><\/li><li class=\"ez-toc-page-1 ez-toc-heading-level-4\"><a class=\"ez-toc-link ez-toc-heading-2\" href=\"https:\/\/mackeviciai.lt\/en\/andrius-talijunas-2\/#Biography\" title=\"Biography\">Biography<\/a><\/li><li class=\"ez-toc-page-1 ez-toc-heading-level-4\"><a class=\"ez-toc-link ez-toc-heading-3\" href=\"https:\/\/mackeviciai.lt\/en\/andrius-talijunas-2\/#Scientific_work\" title=\"Scientific work\">Scientific work<\/a><\/li><li class=\"ez-toc-page-1 ez-toc-heading-level-4\"><a class=\"ez-toc-link ez-toc-heading-4\" href=\"https:\/\/mackeviciai.lt\/en\/andrius-talijunas-2\/#Membership_in_professional_organizations\" title=\"Membership in professional organizations\">Membership in professional organizations<\/a><\/li><li class=\"ez-toc-page-1 ez-toc-heading-level-4\"><a class=\"ez-toc-link ez-toc-heading-5\" href=\"https:\/\/mackeviciai.lt\/en\/andrius-talijunas-2\/#Qualification_improvement\" title=\"Qualification improvement\">Qualification improvement<\/a><\/li><\/ul><\/li><\/ul><\/li><li class=\"ez-toc-page-1 ez-toc-heading-level-2\"><a class=\"ez-toc-link ez-toc-heading-6\" href=\"https:\/\/mackeviciai.lt\/en\/andrius-talijunas-2\/#Oral_and_maxillofacial_surgery\" title=\"Oral and maxillofacial surgery\">Oral and maxillofacial surgery<\/a><\/li><\/ul><\/nav><\/div>\n<h4 class=\"varpav\"><span class=\"ez-toc-section\" id=\"Andrius_Talijunas\"><\/span><strong>Andrius Talij\u016bnas<\/strong><span class=\"ez-toc-section-end\"><\/span><\/h4>\n\n\n\n<p class=\"nomarg\" style=\"font-size:20px\"><strong>FACIAL AND MAXILLOFACIAL SURGEON<\/strong><\/p>\n\n\n\n<div class=\"wp-block-group mackDOCspec\"><div class=\"wp-block-group__inner-container\">\n<h6><strong><strong>SPECIALISATION<\/strong><\/strong><\/h6>\n\n\n\n<p>Oral surgery<\/p>\n\n\n\n<h6><strong><strong>LICENCE NUMBER<\/strong><\/strong><\/h6>\n\n\n\n<p>MPL-17016<\/p>\n\n\n\n<h6><strong><strong>LANGUAGES<\/strong><\/strong><\/h6>\n\n\n\n<p>Lithuanian, English, Russian<\/p>\n<\/div><\/div>\n<\/div><\/div>\n\n\n\n<div class=\"wp-block-uagb-column uagb-column__wrap uagb-column__background-undefined uagb-block-3221636d\"><div class=\"uagb-column__overlay\"><\/div><div class=\"uagb-column__inner-wrap\">\n<div class=\"wp-block-group alignfull mackbox nomarg2\"><div class=\"wp-block-group__inner-container\">\n<p>\u201cProfessionalism, teamwork and a moderate sense of humour are important in my work.\u201d<\/p>\n<\/div><\/div>\n\n\n\n<h4><span class=\"ez-toc-section\" id=\"Biography\"><\/span><strong>Biography<\/strong><span class=\"ez-toc-section-end\"><\/span><\/h4>\n\n\n\n<p class=\"docBIO\">\n<strong class=\"first\">2006<\/strong> graduated from the Faculty of Medicine of Vilnius University <strong>2011<\/strong> Vilnius University Hospital Zalgiris Clinic: Residency in Facial and Maxillofacial Surgery, postgraduate studies, professional qualification of maxillofacial surgeon\n<\/p>\n\n\n\n<h4><span class=\"ez-toc-section\" id=\"Scientific_work\"><\/span>Scientific work<span class=\"ez-toc-section-end\"><\/span><\/h4>\n\n\n\n<p>Mokslin\u0117 praktin\u0117 konferencija \u201eVeido ir \u017eandikauli\u0173 chirurgijos aktualijos\u201c skaitytas prane\u0161imas \u201ePlok\u0161\u010dial\u0105stelin\u0117s karcinomos verukozin\u0117 forma\u201c, 2011-05-13.<\/p>\n\n\n\n<p>A. Talij\u016bnas, L. Zaleckas \u201eProliferacinis periostitas: klinikinis atvejis ir literat\u016bros ap\u017evalga\u201c \/\/ Medicinos teorija ir praktika 2011 T.17(Nr. 4), 280 \u2013 286 p.<\/p>\n\n\n\n<h4><span class=\"ez-toc-section\" id=\"Membership_in_professional_organizations\"><\/span><strong>Membership in professional organizations<\/strong><span class=\"ez-toc-section-end\"><\/span><\/h4>\n\n\n\n<p>\nMember of the Lithuanian Society of Facial and Maxillofacial Surgeons\n<\/p>\n\n\n\n<h4><span class=\"ez-toc-section\" id=\"Qualification_improvement\"><\/span>Qualification improvement<span class=\"ez-toc-section-end\"><\/span><\/h4>\n\n\n\n<p>Botulinum Toxin Injection Training for the Treatment of Bruxism, Vilnius Lithuania  <\/p>\n\n\n\n<p>19th Congress of the European Association for Cranio-Maxillo-Facial Surgery. Bologna, Italy, 9-12 September 2008.<\/p>\n\n\n\n<p>3rd International Specialization and Advancement Course on Cranio-Maxillofacial and Oral surgery. \u201eDiagnosis, differential diagnosis and treatment of specific and unspecific inflammations of soft and hard tissues of the face and the neck, directions of spreading and treatment management of abscesses and phlegmones of the face\u201c. Warsaw, Poland, 19-21 March 2009.<\/p>\n\n\n\n<span id=\"dots\"><br>&#8230;<\/span>\n<span id=\"more\">\n\n\n\n<p>5th International Specialization and Advancement Course on Cranio-Maxillofacial and Oral surgery. \u201cEpidemiology , diagnosis and surgical treatment of malignant neoplasms of the head and the neck region\u201d. Warsaw, Poland, 19-21 November 2009.<\/p>\n\n\n\n<p>20th Congress of the European Association for Cranio-Maxillo-Facial Surgery. Bruges, Belgium 14-17 September 2010.<\/p>\n\n\n\n<p>Facial deformity surgery. London, United Kingdom, 19-20 May 2011.<\/p>\n\n\n\n<p>Skubioji medicinos pagalba. Vilnius,Lietuva, spalio 3-7d. 2011.<\/p>\n\n\n\n<p>\u201eImplantacija vir\u0161utiniame \u017eandikaulyje galini\u0173 dant\u0173 srityje. Sinuso pak\u0117limas\u201c, Vilnius, Lietuva, kovo 17, 2012. Vilniaus implantologijos centras.<\/p>\n\n\n\n<\/span>\n\n\n\n<button onclick=\"myFunctionBIO()\" id=\"myBtn\">READ MORE<\/button>\n<\/div><\/div>\n<\/div><\/section>\n\n\n\n<p><\/p>\n<\/div><\/div>\n\n\n\n<div class=\"wp-block-group alignfull widthfull services\"><div class=\"wp-block-group__inner-container\">\n<div class=\"wp-block-group alignfull\"><div class=\"wp-block-group__inner-container\">\n<div class=\"wp-block-columns alignwide\">\n<div class=\"wp-block-column\">\n<figure class=\"wp-block-embed is-type-video is-provider-youtube wp-block-embed-youtube frame wp-embed-aspect-16-9 wp-has-aspect-ratio\"><div class=\"wp-block-embed__wrapper\">\n<iframe loading=\"lazy\" title=\"Burnos ir \u017eandikaulio chirurgija - Andrius Talij\u016bnas  | Mackevi\u010di\u0173 \u0161eimos odontologijos klinika\" width=\"580\" height=\"326\" src=\"https:\/\/www.youtube.com\/embed\/mioN2LGw-p8?feature=oembed\" frameborder=\"0\" allow=\"accelerometer; autoplay; clipboard-write; encrypted-media; gyroscope; picture-in-picture; web-share\" referrerpolicy=\"strict-origin-when-cross-origin\" allowfullscreen><\/iframe>\n<\/div><\/figure>\n<\/div>\n\n\n\n<div class=\"wp-block-column mack1\">\n<h5>Meet Andrius Talij\u016bnas<\/h5>\n\n\n\n<h2><span class=\"ez-toc-section\" id=\"Oral_and_maxillofacial_surgery\"><\/span><strong>Oral and maxillofacial surgery<\/strong><span class=\"ez-toc-section-end\"><\/span><\/h2>\n\n\n\n<p>At the Mackevi\u010dius Dental Clinics, you can get all the help you need for complicated dental and gum problems. We provide a wide range of surgical services in the face and jaw area. Facial and jaw injuries, inflammation, removal of various soft tissue tumours, cysts, surgical removal of teeth (wisdom, impacted teeth), congenital or acquired defects and deformities, salivary gland diseases, etc. are treated here.<\/p>\n\n\n\n<div class=\"wp-block-buttons is-content-justification-center\">\n<div class=\"wp-block-button is-style-outline\"><a class=\"wp-block-button__link has-primary-color has-text-color\" href=\"https:\/\/mackeviciai.lt\/lt\/vaizdo-irasai\/\" style=\"border-radius:10px\">SEE MORE<\/a><\/div>\n<\/div>\n<\/div>\n<\/div>\n<\/div><\/div>\n<\/div><\/div>","protected":false},"excerpt":{"rendered":"<p>Meet Andrius Talij\u016bnas Oral and maxillofacial surgery At the Mackevi\u010dius Dental Clinics, you can get all the help you need for complicated dental and gum problems. We provide a wide range of surgical services in the face and jaw area. Facial and jaw injuries, inflammation, removal of various soft tissue tumours, cysts, surgical removal of [&hellip;]<\/p>","protected":false},"author":1,"featured_media":0,"parent":0,"menu_order":0,"comment_status":"closed","ping_status":"closed","template":"","meta":{"_monsterinsights_skip_tracking":false,"_monsterinsights_sitenote_active":false,"_monsterinsights_sitenote_note":"","_monsterinsights_sitenote_category":0},"yoast_head":"<!-- This site is optimized with the Yoast SEO plugin v17.8 - https:\/\/yoast.com\/wordpress\/plugins\/seo\/ -->\n<title>Andrius Talijunas - A. Mackevi\u010diaus odontologijos klinika - Vilnius<\/title>\n<meta name=\"robots\" content=\"index, follow, max-snippet:-1, max-image-preview:large, max-video-preview:-1\" \/>\n<link rel=\"canonical\" href=\"https:\/\/mackeviciai.lt\/en\/andrius-talijunas-2\/\" \/>\n<meta property=\"og:locale\" content=\"en_US\" \/>\n<meta property=\"og:type\" content=\"article\" \/>\n<meta property=\"og:title\" content=\"Andrius Talijunas - A. Mackevi\u010diaus odontologijos klinika - Vilnius\" \/>\n<meta property=\"og:description\" content=\"Meet Andrius Talij\u016bnas Oral and maxillofacial surgery At the Mackevi\u010dius Dental Clinics, you can get all the help you need for complicated dental and gum problems. We provide a wide range of surgical services in the face and jaw area. Facial and jaw injuries, inflammation, removal of various soft tissue tumours, cysts, surgical removal of [&hellip;]\" \/>\n<meta property=\"og:url\" content=\"https:\/\/mackeviciai.lt\/en\/andrius-talijunas-2\/\" \/>\n<meta property=\"og:site_name\" content=\"A. Mackevi\u010diaus odontologijos klinika - Vilnius\" \/>\n<meta property=\"article:modified_time\" content=\"2026-04-03T06:36:29+00:00\" \/>\n<meta property=\"og:image\" content=\"https:\/\/www.mackeviciai.lt\/wp-content\/uploads\/2021\/11\/Andrius_Talijunas-min.jpg\" \/>\n<meta name=\"twitter:card\" content=\"summary_large_image\" \/>\n<meta name=\"twitter:label1\" content=\"Est. reading time\" \/>\n\t<meta name=\"twitter:data1\" content=\"2 minutes\" \/>\n<script type=\"application\/ld+json\" class=\"yoast-schema-graph\">{\"@context\":\"https:\/\/schema.org\",\"@graph\":[{\"@type\":\"Organization\",\"@id\":\"https:\/\/mackeviciai.lt\/lt\/#organization\",\"name\":\"A. Mackevi\\u010diaus odontologijos klinika\",\"url\":\"https:\/\/mackeviciai.lt\/lt\/\",\"sameAs\":[],\"logo\":{\"@type\":\"ImageObject\",\"@id\":\"https:\/\/mackeviciai.lt\/lt\/#logo\",\"inLanguage\":\"en-US\",\"url\":\"https:\/\/www.mackeviciai.lt\/wp-content\/uploads\/2021\/12\/BLUE_HORIZONTAL.png\",\"contentUrl\":\"https:\/\/www.mackeviciai.lt\/wp-content\/uploads\/2021\/12\/BLUE_HORIZONTAL.png\",\"width\":708,\"height\":165,\"caption\":\"A. Mackevi\\u010diaus odontologijos klinika\"},\"image\":{\"@id\":\"https:\/\/mackeviciai.lt\/lt\/#logo\"}},{\"@type\":\"WebSite\",\"@id\":\"https:\/\/mackeviciai.lt\/lt\/#website\",\"url\":\"https:\/\/mackeviciai.lt\/lt\/\",\"name\":\"A. Mackevi\\u010diaus odontologijos klinika - Vilnius\",\"description\":\"\",\"publisher\":{\"@id\":\"https:\/\/mackeviciai.lt\/lt\/#organization\"},\"potentialAction\":[{\"@type\":\"SearchAction\",\"target\":{\"@type\":\"EntryPoint\",\"urlTemplate\":\"https:\/\/mackeviciai.lt\/lt\/?s={search_term_string}\"},\"query-input\":\"required name=search_term_string\"}],\"inLanguage\":\"en-US\"},{\"@type\":\"ImageObject\",\"@id\":\"https:\/\/mackeviciai.lt\/en\/andrius-talijunas-2\/#primaryimage\",\"inLanguage\":\"en-US\",\"url\":\"https:\/\/www.mackeviciai.lt\/wp-content\/uploads\/2021\/11\/Andrius_Talijunas-min.jpg\",\"contentUrl\":\"https:\/\/www.mackeviciai.lt\/wp-content\/uploads\/2021\/11\/Andrius_Talijunas-min.jpg\"},{\"@type\":\"WebPage\",\"@id\":\"https:\/\/mackeviciai.lt\/en\/andrius-talijunas-2\/#webpage\",\"url\":\"https:\/\/mackeviciai.lt\/en\/andrius-talijunas-2\/\",\"name\":\"Andrius Talijunas - A. Mackevi\\u010diaus odontologijos klinika - Vilnius\",\"isPartOf\":{\"@id\":\"https:\/\/mackeviciai.lt\/lt\/#website\"},\"primaryImageOfPage\":{\"@id\":\"https:\/\/mackeviciai.lt\/en\/andrius-talijunas-2\/#primaryimage\"},\"datePublished\":\"2022-01-31T00:47:37+00:00\",\"dateModified\":\"2026-04-03T06:36:29+00:00\",\"breadcrumb\":{\"@id\":\"https:\/\/mackeviciai.lt\/en\/andrius-talijunas-2\/#breadcrumb\"},\"inLanguage\":\"en-US\",\"potentialAction\":[{\"@type\":\"ReadAction\",\"target\":[\"https:\/\/mackeviciai.lt\/en\/andrius-talijunas-2\/\"]}]},{\"@type\":\"BreadcrumbList\",\"@id\":\"https:\/\/mackeviciai.lt\/en\/andrius-talijunas-2\/#breadcrumb\",\"itemListElement\":[{\"@type\":\"ListItem\",\"position\":1,\"name\":\"Home\",\"item\":\"https:\/\/mackeviciai.lt\/en\/\"},{\"@type\":\"ListItem\",\"position\":2,\"name\":\"Andrius Talijunas\"}]}]}<\/script>\n<!-- \/ Yoast SEO plugin. -->","yoast_head_json":{"title":"Andrius Talijunas - A. Mackevi\u010diaus odontologijos klinika - Vilnius","robots":{"index":"index","follow":"follow","max-snippet":"max-snippet:-1","max-image-preview":"max-image-preview:large","max-video-preview":"max-video-preview:-1"},"canonical":"https:\/\/mackeviciai.lt\/en\/andrius-talijunas-2\/","og_locale":"en_US","og_type":"article","og_title":"Andrius Talijunas - A. Mackevi\u010diaus odontologijos klinika - Vilnius","og_description":"Meet Andrius Talij\u016bnas Oral and maxillofacial surgery At the Mackevi\u010dius Dental Clinics, you can get all the help you need for complicated dental and gum problems. We provide a wide range of surgical services in the face and jaw area. Facial and jaw injuries, inflammation, removal of various soft tissue tumours, cysts, surgical removal of [&hellip;]","og_url":"https:\/\/mackeviciai.lt\/en\/andrius-talijunas-2\/","og_site_name":"A. Mackevi\u010diaus odontologijos klinika - Vilnius","article_modified_time":"2026-04-03T06:36:29+00:00","og_image":[{"url":"https:\/\/www.mackeviciai.lt\/wp-content\/uploads\/2021\/11\/Andrius_Talijunas-min.jpg"}],"twitter_card":"summary_large_image","twitter_misc":{"Est. reading time":"2 minutes"},"schema":{"@context":"https:\/\/schema.org","@graph":[{"@type":"Organization","@id":"https:\/\/mackeviciai.lt\/lt\/#organization","name":"A. Mackevi\u010diaus odontologijos klinika","url":"https:\/\/mackeviciai.lt\/lt\/","sameAs":[],"logo":{"@type":"ImageObject","@id":"https:\/\/mackeviciai.lt\/lt\/#logo","inLanguage":"en-US","url":"https:\/\/www.mackeviciai.lt\/wp-content\/uploads\/2021\/12\/BLUE_HORIZONTAL.png","contentUrl":"https:\/\/www.mackeviciai.lt\/wp-content\/uploads\/2021\/12\/BLUE_HORIZONTAL.png","width":708,"height":165,"caption":"A. Mackevi\u010diaus odontologijos klinika"},"image":{"@id":"https:\/\/mackeviciai.lt\/lt\/#logo"}},{"@type":"WebSite","@id":"https:\/\/mackeviciai.lt\/lt\/#website","url":"https:\/\/mackeviciai.lt\/lt\/","name":"A. Mackevi\u010diaus odontologijos klinika - Vilnius","description":"","publisher":{"@id":"https:\/\/mackeviciai.lt\/lt\/#organization"},"potentialAction":[{"@type":"SearchAction","target":{"@type":"EntryPoint","urlTemplate":"https:\/\/mackeviciai.lt\/lt\/?s={search_term_string}"},"query-input":"required name=search_term_string"}],"inLanguage":"en-US"},{"@type":"ImageObject","@id":"https:\/\/mackeviciai.lt\/en\/andrius-talijunas-2\/#primaryimage","inLanguage":"en-US","url":"https:\/\/www.mackeviciai.lt\/wp-content\/uploads\/2021\/11\/Andrius_Talijunas-min.jpg","contentUrl":"https:\/\/www.mackeviciai.lt\/wp-content\/uploads\/2021\/11\/Andrius_Talijunas-min.jpg"},{"@type":"WebPage","@id":"https:\/\/mackeviciai.lt\/en\/andrius-talijunas-2\/#webpage","url":"https:\/\/mackeviciai.lt\/en\/andrius-talijunas-2\/","name":"Andrius Talijunas - A. Mackevi\u010diaus odontologijos klinika - Vilnius","isPartOf":{"@id":"https:\/\/mackeviciai.lt\/lt\/#website"},"primaryImageOfPage":{"@id":"https:\/\/mackeviciai.lt\/en\/andrius-talijunas-2\/#primaryimage"},"datePublished":"2022-01-31T00:47:37+00:00","dateModified":"2026-04-03T06:36:29+00:00","breadcrumb":{"@id":"https:\/\/mackeviciai.lt\/en\/andrius-talijunas-2\/#breadcrumb"},"inLanguage":"en-US","potentialAction":[{"@type":"ReadAction","target":["https:\/\/mackeviciai.lt\/en\/andrius-talijunas-2\/"]}]},{"@type":"BreadcrumbList","@id":"https:\/\/mackeviciai.lt\/en\/andrius-talijunas-2\/#breadcrumb","itemListElement":[{"@type":"ListItem","position":1,"name":"Home","item":"https:\/\/mackeviciai.lt\/en\/"},{"@type":"ListItem","position":2,"name":"Andrius Talijunas"}]}]}},"uagb_featured_image_src":{"full":false,"thumbnail":false,"medium":false,"medium_large":false,"large":false,"1536x1536":false,"2048x2048":false,"trp-custom-language-flag":false,"post-thumbnail":false,"twentytwenty-fullscreen":false},"uagb_author_info":{"display_name":"test159","author_link":"https:\/\/mackeviciai.lt\/en\/author\/test159\/"},"uagb_comment_info":0,"uagb_excerpt":"Meet Andrius Talij\u016bnas Oral and maxillofacial surgery At the Mackevi\u010dius Dental Clinics, you can get all the help you need for complicated dental and gum problems. We provide a wide range of surgical services in the face and jaw area. Facial and jaw injuries, inflammation, removal of various soft tissue tumours, cysts, surgical removal of&hellip;","_links":{"self":[{"href":"https:\/\/mackeviciai.lt\/en\/wp-json\/wp\/v2\/pages\/4169"}],"collection":[{"href":"https:\/\/mackeviciai.lt\/en\/wp-json\/wp\/v2\/pages"}],"about":[{"href":"https:\/\/mackeviciai.lt\/en\/wp-json\/wp\/v2\/types\/page"}],"author":[{"embeddable":true,"href":"https:\/\/mackeviciai.lt\/en\/wp-json\/wp\/v2\/users\/1"}],"replies":[{"embeddable":true,"href":"https:\/\/mackeviciai.lt\/en\/wp-json\/wp\/v2\/comments?post=4169"}],"version-history":[{"count":9,"href":"https:\/\/mackeviciai.lt\/en\/wp-json\/wp\/v2\/pages\/4169\/revisions"}],"predecessor-version":[{"id":6103,"href":"https:\/\/mackeviciai.lt\/en\/wp-json\/wp\/v2\/pages\/4169\/revisions\/6103"}],"wp:attachment":[{"href":"https:\/\/mackeviciai.lt\/en\/wp-json\/wp\/v2\/media?parent=4169"}],"curies":[{"name":"wp","href":"https:\/\/api.w.org\/{rel}","templated":true}]}}