{"id":4170,"date":"2022-01-30T23:29:03","date_gmt":"2022-01-30T23:29:03","guid":{"rendered":"https:\/\/www.mackeviciai.lt\/?page_id=4170"},"modified":"2026-04-02T13:03:23","modified_gmt":"2026-04-02T13:03:23","slug":"astijus-mackevicius-2","status":"publish","type":"page","link":"https:\/\/mackeviciai.lt\/en\/astijus-mackevicius-2\/","title":{"rendered":"Astijus Mackevicius"},"content":{"rendered":"<div class=\"wp-block-group alignfull mackD1\"><div class=\"wp-block-group__inner-container\">\n<section class=\"wp-block-uagb-columns uagb-columns__wrap uagb-columns__background-undefined uagb-columns__stack-mobile uagb-columns__valign-undefined uagb-columns__gap-10 alignfull uagb-block-5358e741\"><div class=\"uagb-columns__overlay\"><\/div><div class=\"uagb-columns__inner-wrap uagb-columns__columns-2\">\n<div class=\"wp-block-uagb-column uagb-column__wrap uagb-column__background-undefined uagb-block-d9bb1049 mackDOCspec2\"><div class=\"uagb-column__overlay\"><\/div><div class=\"uagb-column__inner-wrap\">\n<figure class=\"wp-block-image alignfull size-large docDOCimg\"><img loading=\"lazy\" width=\"600\" height=\"600\" src=\"https:\/\/www.mackeviciai.lt\/wp-content\/uploads\/2021\/11\/Astijus_Mackevicius-min.jpg\" alt=\"doctor portrait\" class=\"wp-image-2229\" srcset=\"https:\/\/mackeviciai.lt\/wp-content\/uploads\/2021\/11\/Astijus_Mackevicius-min.jpg 600w, https:\/\/mackeviciai.lt\/wp-content\/uploads\/2021\/11\/Astijus_Mackevicius-min-300x300.jpg 300w, https:\/\/mackeviciai.lt\/wp-content\/uploads\/2021\/11\/Astijus_Mackevicius-min-150x150.jpg 150w\" sizes=\"(max-width: 600px) 100vw, 600px\" \/><\/figure>\n\n\n\n<div id=\"ez-toc-container\" class=\"ez-toc-v2_0_17 counter-hierarchy counter-decimal ez-toc-transparent\">\n<nav><ul class=\"ez-toc-list ez-toc-list-level-1\"><ul class=\"ez-toc-list-level-4\"><li class=\"ez-toc-heading-level-4\"><ul class=\"ez-toc-list-level-4\"><li class=\"ez-toc-heading-level-4\"><a class=\"ez-toc-link ez-toc-heading-1\" href=\"https:\/\/mackeviciai.lt\/en\/astijus-mackevicius-2\/#Astijus_Mackevicius\" title=\"Astijus Mackevi\u010dius\">Astijus Mackevi\u010dius<\/a><\/li><li class=\"ez-toc-page-1 ez-toc-heading-level-4\"><a class=\"ez-toc-link ez-toc-heading-2\" href=\"https:\/\/mackeviciai.lt\/en\/astijus-mackevicius-2\/#Biography\" title=\"Biography\">Biography<\/a><\/li><li class=\"ez-toc-page-1 ez-toc-heading-level-4\"><a class=\"ez-toc-link ez-toc-heading-3\" href=\"https:\/\/mackeviciai.lt\/en\/astijus-mackevicius-2\/#Membership_in_professional_organisations\" title=\"Membership in professional organisations\">Membership in professional organisations<\/a><\/li><li class=\"ez-toc-page-1 ez-toc-heading-level-4\"><a class=\"ez-toc-link ez-toc-heading-4\" href=\"https:\/\/mackeviciai.lt\/en\/astijus-mackevicius-2\/#Qualification_improvement\" title=\"Qualification improvement\">Qualification improvement<\/a><\/li><\/ul><\/li><\/ul><\/li><li class=\"ez-toc-page-1 ez-toc-heading-level-2\"><a class=\"ez-toc-link ez-toc-heading-5\" href=\"https:\/\/mackeviciai.lt\/en\/astijus-mackevicius-2\/#Dental_prosthetics\" title=\"Dental prosthetics\">Dental prosthetics<\/a><\/li><\/ul><\/nav><\/div>\n<h4 class=\"varpav\"><span class=\"ez-toc-section\" id=\"Astijus_Mackevicius\"><\/span><strong>Astijus Mackevi\u010dius<\/strong><span class=\"ez-toc-section-end\"><\/span><\/h4>\n\n\n\n<p class=\"nomarg\" style=\"font-size:20px\"><strong>FOUNDER AND CHIEF PHYSICIAN<\/strong><\/p>\n\n\n\n<div class=\"wp-block-group mackDOCspec\"><div class=\"wp-block-group__inner-container\">\n<h6><strong>SPECIALISATION<\/strong><\/h6>\n\n\n\n<p>Dental prosthetics, implantology, periodontology<\/p>\n\n\n\n<h6><strong><strong>LICENCE NUMBER<\/strong><\/strong><\/h6>\n\n\n\n<p>OPL-00034<\/p>\n\n\n\n<h6><strong>Languages<\/strong><\/h6>\n\n\n\n<p>Lithuanian, English, Russian<\/p>\n<\/div><\/div>\n<\/div><\/div>\n\n\n\n<div class=\"wp-block-uagb-column uagb-column__wrap uagb-column__background-undefined uagb-block-eda4b891\"><div class=\"uagb-column__overlay\"><\/div><div class=\"uagb-column__inner-wrap\">\n<div class=\"wp-block-group alignfull mackbox nomarg2\"><div class=\"wp-block-group__inner-container\">\n<p>\u201cI always recommend the treatment method I would choose myself.\u201d<\/p>\n<\/div><\/div>\n\n\n\n<h4><span class=\"ez-toc-section\" id=\"Biography\"><\/span>Biography<span class=\"ez-toc-section-end\"><\/span><\/h4>\n\n\n\n<p class=\"docBIO\">\n<strong class=\"first\">1989<\/strong> graduated from the Faculty of Dentistry of Kaunas Medical Institute. Acquired dentist qualification.\n<strong>1989 \u2013 1990<\/strong> had an internship at the 8th Polyclinic in Vilnius.\n<strong>1990 \u2013 1992<\/strong> worked at the polyclinic of the 2nd city hospital of Vilnius as a dental surgeon.\n<strong>1992<\/strong> completed the specialisation \u201eSurgical treatment of periodontitis\u201c at the Faculty of Medicine of Vilnius University.\n<strong>1992 \u2013 1994<\/strong> had an internship at the Dr. Ruth Noll Dental Clinic in the USA.\n<strong>1994 \u2013 2005<\/strong> worked as a dentist at LLC Denticija.\n<strong>1995<\/strong> opened a private dental clinic \u201cA. Mackevi\u010dius Dental Clinic \u201d.\n<\/p>\n\n\n\n<h4><span class=\"ez-toc-section\" id=\"Membership_in_professional_organisations\"><\/span>Membership in professional organisations<span class=\"ez-toc-section-end\"><\/span><\/h4>\n\n\n\n<p>\nLOOD, LPD, BAO, EAO, ITI, Member of the Lithuanian Chamber of Dentists.\n<\/p>\n\n\n\n<h4><span class=\"ez-toc-section\" id=\"Qualification_improvement\"><\/span>Qualification improvement<span class=\"ez-toc-section-end\"><\/span><\/h4>\n\n\n\n<p> <strong>2026 m.<\/strong> <\/p>\n\n\n\n<p>Teorinis-praktinis kursas \u201ePer\u017eengiant ribas. Naujos kartos implantologija\u201c, Rokas Kuprys<\/p>\n\n\n\n<p><strong>2025 m.<\/strong><\/p>\n\n\n\n<p>2-day Vertical Regeneration Course with Dr. Istvan Urban, Vilnius, Lithuania<\/p>\n\n\n\n<p>Skaitmeninis \u201eFULL-ARCH\u201c Protezavimo Protokolas, Prof. dr. Vygandas Rutk\u016bnas<\/p>\n\n\n\n<p>Konferencija \u201eStraumann forum 2025\u201c, 2025 m. kovo 22 d., Kaunas, Lietuva<\/p>\n\n\n\n<p>Konferencija \u201eOrtopedin\u0117s odontologijos aktualijos 2025 (Game of Prostho)\u201c, 2025 m., gegu\u017e\u0117s 10 d., Kaunas, Lietuva<\/p>\n\n\n\n<p><strong><strong>2024 m.<\/strong> <\/strong><\/p>\n\n\n\n<p>Hands-on course \u201eZero bone loss concepts\u201c by prof. Tomas Linkevi\u010dius, 23-25 May 2024, Vilnius<\/p>\n\n\n\n<p>International Aesthetic Days Conference, 19-22 September 2024, Palma de Mallorca, Spain<\/p>\n\n\n\n<p>3-j\u0173 dien\u0173 teorinis-praktikinis seminaras \u201eNeodent\u00ae Digital Guided Surgery Course LEVEL \u2013 COMPLEX\u201c, Portugalijoje, Figueira da Foz mieste<\/p>\n\n\n\n<p><strong>2023 m.<\/strong><\/p>\n\n\n\n<p>Teorinis kursas \u201eApie k\u0105 implantologijoje nekalbama garsiai: Nes\u0117km\u0117s, komplikacijos ir j\u0173 sprendimai\u201c, 2023 m. kovo 4d., Megagen Baltics<\/p>\n\n\n\n<p>Seminar \u201e2023 TakeAway Solutions from Korea (TASK)\u201c, 8-9 June 2023, (MegaGenHQ, Korea)<\/p>\n\n\n\n<p>Course of Total Rehabilitation with Immediate Loading, 17 June 2023, Braga<\/p>\n\n\n\n<p>Teorinis kursas \u201eFRONT DESK = SUCCESS, 2023 m. lapkri\u010dio 15 d., MegaGen Baltics<\/p>\n\n\n\n<p><strong>2022 m.<\/strong><\/p>\n\n\n\n<p>Teorinis ir praktinis kursas \u201e\u017dvilgsnis \u012f protezavimo ant implanto galimybes per gydytojo, dant\u0173 techniko ir atram\u0173 in\u017einieriaus prizm\u0119\u201c, 2022 m. gruod\u017eio 3 d., Megagen Baltics<\/p>\n\n\n\n<p>Mokslin\u0117 konferencija \u201eGenialumas paprastume\u201c, 2022 m. spalio 6-7 d., Druskininkai<\/p>\n\n\n\n<p>Kursas \u201eFull arch immediate restorations. Where are we now and what is the future?\u201c, 2022 m. rugs\u0117jo 16-17 d., The 6th MegaGen European Scientific Meeting in Bucharest, Romania<\/p>\n\n\n\n<p> Mokslin\u0117 konferencija \u201eInformacija, patirtis, i\u0161mintis\u201c, 2022 m. spalio 7-8 d., Druskininkai <\/p>\n\n\n\n<p><strong>2021 m.<\/strong><\/p>\n\n\n\n<p>Konferencija \u201eImplantai estetin\u0117je zonoje\u201c, 2021 m. spalio 7-8d., Kemeras, Turkija<\/p>\n\n\n\n<p>Konferencija \u201eStrateginis klinikos valdymas\u201c, 2021 m. spalio 4-6d., Kemeras, Turkija<\/p>\n\n\n\n<p>Seminaras \u201eGidin\u0117 implantacija, privalumai ir tr\u016bkumai\u201c, 2021 m. bir\u017eelio 4d., Vilnius<\/p>\n\n\n\n<p>Profesinis Kvalifikacijos tobulinimas \u201eOdontologijos kompasas 2021\u201c, 2021 m. gegu\u017e\u0117s 28-29d., Druskininkai<\/p>\n\n\n\n<p>Teorinis ir praktinis kursas \u201eTikslios skaitmenin\u0117s dant\u0173 implantacijos ir protezavimo protokolai\u201c, 2021 m. gruod\u017eio 10-11d., Megagen Baltics<\/p>\n\n\n\n<p>Praktikinis kursas \u201eS\u0105kand\u017eio k\u0117limas kompozitu (su pava\u0161kavimu ir be jo)\u201c, 2021 m. lapkri\u010dio 12 d., Sensum<\/p>\n\n\n\n<span id=\"dots\"><br>&#8230;<\/span>\n<span id=\"more\">\n\n\n\n<p><strong>2020 m.<\/strong><\/p>\n\n\n\n<p>Nuotolinis seminaras \u201eInfekcij\u0173 kontrol\u0117 odontologijoje. Profesin\u0117 etika odontologijoje\u201c, 2020 m.,<br>rugs\u0117jo 12 d.<\/p>\n\n\n\n<p>Nuotolinis seminaras \u201ePirmoji medicinos pagalba. Burnos lig\u0173 profilaktika\u201c, 2020 m. rugs\u0117jo 12 d.<\/p>\n\n\n\n<p><strong>2019 m.<\/strong><\/p>\n\n\n\n<p>Tarptautin\u0117 mokslin\u0117 konferencija ,,Baltijos j\u016bros regiono \u0161ali\u0173 odontologijos dienos\u201c, 2019 m. rugs\u0117jo 27-28 d.Vilnius, Lietuva<\/p>\n\n\n\n<p>Kursai ,,Rentgenologinio darbo specifika odontologijoje, darbas su dentaliniais, panoraminiais rentgeno ir k\u016bgin\u0117s ap\u0161vietos kompiuterin\u0117s tomografijos aparatais\u201c, 2019 lapkri\u010dio 11-15 d., Kaunas, Lietuva<\/p>\n\n\n\n<p>Konferencija ,,4&#215;2 Plius\u201c, 2019 m. lapkri\u010dio 15-16 d., Vilnius, Lietuva<\/p>\n\n\n\n<p>Seminaras ,,Profesin\u0117 etika odontologijoje. Infekcijos kontrol\u0117 odontologijoje\u201c, 2019 m. sausio 26d., Vilnius, Lietuva<\/p>\n\n\n\n<p>Konferencija ,,Aktualijos periodontologijoje\u201c, 2019 m. kovo 2 d., Vilnius, Lietuva<\/p>\n\n\n\n<p><strong>2018 m.<\/strong><\/p>\n\n\n\n<p>Seminaras ,,Priekini\u0173 dant\u0173 adhezini\u0173 restauracij\u0173 naujov\u0117s\u201c, 2018 m., bir\u017eelio 23 d., Vilnius, Lietuva<\/p>\n\n\n\n<p>Mokymai Berlyne, Vokietijoje, 2018 m. spalio 4-5 d.<\/p>\n\n\n\n<p>Kursai ,,Neodent Intensive \u2013 Immediate Loading Course\u201c, 2018 m. lapkri\u010dio 20-21 d., Kuritiba, Brazilija<\/p>\n\n\n\n<p><strong>2017 m.<\/strong><\/p>\n\n\n\n<p>Teoriniai ir praktiniai mokymai ,,Bedan\u010di\u0173 pacient\u0173 gydymas \u0161i\u0173 dien\u0173 ekonomin\u0117mis s\u0105lygomis: Wonderbridge protokolas\u201c, 2017 m. liepos 21-22 d., Vilnius, Lietuva<\/p>\n\n\n\n<p>Mokymai ,,Gro\u017eio geometrija. CAD\/CAM naudojimas gamtos sukurtai morfologijai kopijuoti\u201c, 2017 m. lapkri\u010dio 18 d., Vilnius, Lietuva<\/p>\n\n\n\n<p><strong>2016 m.<\/strong><\/p>\n\n\n\n<p>Tobulinimosi renginys ,,Bemetal\u0117s keramikos restauracijos: nuo minimaliai invazyvi\u0173 iki didel\u0117s apimties protez\u0173 ant implant\u0173\u201c, 2016 m. vasario 27 d., Vilnius, Lietuva<\/p>\n\n\n\n<p>Tobulinimosi renginys ,,Mikroprotezavimas naudojant mikroskop\u0105\u201c, 2016 m. rugs\u0117jo 23-24 d., Vilnius, Lietuva<\/p>\n\n\n\n<p>,,Airnivol Training and Certification Course\u201c, 2016 m. gruod\u017eio 11 d., Vilnius, Lietuva<\/p>\n\n\n\n<p>Mikroprotezavimas naudojant mikroskop\u0105<\/p>\n\n\n\n<p>AirNivol Training and Certification Course<\/p>\n\n\n\n<p><strong>2015 m.<\/strong><\/p>\n\n\n\n<p>Tobulinimosi renginys ,,Mink\u0161t\u0173j\u0173 audini\u0173 estetika apie dant\u0173 implantus: proteziniai aspektai ir komplikacij\u0173 sprendimai\u201c, 2015 m. kovo 28 d., Vilnius, Lietuva<\/p>\n\n\n\n<p>Tobulinimosi renginys ,,Peri-implantito problema implantologijoje. Profilaktika ir gydymas\u201c, 2015 m. spalio 7d., Vilnius, Lietuva<\/p>\n\n\n\n<p>Edukacin\u0117 savait\u0117 Dubajuje, Jungtini\u0173 Arab\u0173 Emyratuose, 2015 m. lapkri\u010dio 4-9 d.<\/p>\n\n\n\n<p><em><u>Aktualijos periodontologijoje<\/u><\/em><\/p>\n\n\n\n<p>1st MegaGen Baltic Symposium. \u201cKomplikacij\u0173 prevencija ortopedin\u0117je odontologijoje\u201d<\/p>\n\n\n\n<p>DSD Day Lithuania. Teorinis ir praktinis skaitmeninio \u0161ypsenos planavimo kursas<\/p>\n\n\n\n<p><strong>2014 m.<\/strong><\/p>\n\n\n\n<p>Pilnas burnos estetinis protezavimas. Visapusi\u0161kas ortopedinis po\u017ei\u016bris: klasika ir naujov\u0117s<\/p>\n\n\n\n<p>Modernus dant\u0173 protezavimas skaitmenizacijos eroje<\/p>\n\n\n\n<p>K\u0105 kiekvienas odontologas tur\u0117t\u0173 \u017einoti apie temporomandibulinius sutrikimus. Faktai ir iliuzijos<\/p>\n\n\n\n<p>Regenerative periodontal surgery using Straumann Emologain (indocations, techniques, long-term results)<\/p>\n\n\n\n<p><strong>2012 m.<\/strong><\/p>\n\n\n\n<p>International Conference: Quintessence Baltic Bruxismus<\/p>\n\n\n\n<p><strong>2011 m.<\/strong><\/p>\n\n\n\n<p>Modern Implant Dentistry: From Risk Analysis To Final Restoration<\/p>\n\n\n\n<p>BioHorizons Global Symposium<\/p>\n\n\n\n<p><strong>2010 m.<\/strong><\/p>\n\n\n\n<p>Challenges and Achievements In Restorative and Functional Dentistry. Non-Metal Restorations: From Single Tooth to Full Mouth Rehabilitation<\/p>\n\n\n\n<p>Mink\u0161t\u0173j\u0173 audini\u0173 apie implant\u0105 formavimas proteziniais komponentais. Tiksl\u016bs atspaudai nuo implant\u0173<\/p>\n\n\n\n<p>Sinus Lift. Implantacija vir\u0161utiniame \u017eandikaulyje galini\u0173 dant\u0173 srityje<\/p>\n\n\n\n<p><strong>2009 m.<\/strong><\/p>\n\n\n\n<p>The Implant Training Course of AIC<\/p>\n\n\n\n<p>Vainikin\u0117s restauracijos naudojant stiklo pluo\u0161to kai\u0161\u010dius<\/p>\n\n\n\n<p>Sraigtini\u0173 implant\u0173 GSII, GSIII, MS (mikroimplantai) ir ultra wide (plat\u016bs implantai) pristatymas. Implant\u0173 chirurgija, mink\u0161t\u0173j\u0173 audini\u0173 plastika, vir\u0161utinio \u017eandikaulio kaulo persodinimo ir sinuso pak\u0117limo operacijos \u2013 indikacijos, technikos, klaid\u0173 taisymas.<\/p>\n\n\n\n<p>BioHorizons European Congress, Portugalija<\/p>\n\n\n\n<p>Minimaliai invazyvi alveolinio kaulo augmentacija sk\u0117limo ir pl\u0117timo b\u016bdu<\/p>\n\n\n\n<p><strong>2005 m.<\/strong><\/p>\n\n\n\n<p>BioHorizons European Symposium, Madridas<\/p>\n\n\n\n<p><strong>2004 m.<\/strong><\/p>\n\n\n\n<p>Esthetic Porcelain Restorations<\/p>\n\n\n\n<p><strong>1998 m.<\/strong><\/p>\n\n\n\n<p>ITI Dental Implant System<\/p>\n\n\n\n<p><strong>1996 m.<\/strong><\/p>\n\n\n\n<p>Charles M. Weiss Oral Implant Surgical Seminars<\/p>\n\n\n\n<\/span>\n\n\n\n<button onclick=\"myFunctionBIO()\" id=\"myBtn\">READ MORE<\/button>\n\n\n\n<p><\/p>\n<\/div><\/div>\n<\/div><\/section>\n<\/div><\/div>\n\n\n\n<div class=\"wp-block-group alignfull widthfull services\"><div class=\"wp-block-group__inner-container\">\n<div class=\"wp-block-group alignfull\"><div class=\"wp-block-group__inner-container\">\n<div class=\"wp-block-columns alignwide\">\n<div class=\"wp-block-column\">\n<figure class=\"wp-block-embed is-type-video is-provider-youtube wp-block-embed-youtube frame wp-embed-aspect-16-9 wp-has-aspect-ratio\"><div class=\"wp-block-embed__wrapper\">\n<iframe loading=\"lazy\" title=\"Dant\u0173 protezavimas - Astijus Mackevi\u010dius | Mackevi\u010di\u0173 \u0161eimos Odontologijos klinika\" width=\"580\" height=\"326\" src=\"https:\/\/www.youtube.com\/embed\/GR6Ze1VQ3kc?feature=oembed\" frameborder=\"0\" allow=\"accelerometer; autoplay; clipboard-write; encrypted-media; gyroscope; picture-in-picture; web-share\" referrerpolicy=\"strict-origin-when-cross-origin\" allowfullscreen><\/iframe>\n<\/div><\/figure>\n<\/div>\n\n\n\n<div class=\"wp-block-column mack1\">\n<h5>Meet Astijus Mackevi\u010dius<\/h5>\n\n\n\n<h2><span class=\"ez-toc-section\" id=\"Dental_prosthetics\"><\/span>Dental prosthetics<span class=\"ez-toc-section-end\"><\/span><\/h2>\n\n\n\n<p>Prosthodontist with more than 20 years of experience. Astijus Mackevicius specialises in dental prosthetics, implantology and periodontology. The benefits of modern prosthetics are undeniable. The procedure is designed not only to bring back any number of missing teeth but also to restore the lost bite and chewing functionality. After solving the problems that cause discomfort, you will be able to enjoy a healthy and aesthetic smile again.<\/p>\n\n\n\n<div class=\"wp-block-buttons is-content-justification-center\">\n<div class=\"wp-block-button is-style-outline\"><a class=\"wp-block-button__link has-primary-color has-text-color\" href=\"https:\/\/mackeviciai.lt\/lt\/vaizdo-irasai\/\" style=\"border-radius:10px\">SEE more<\/a><\/div>\n<\/div>\n<\/div>\n<\/div>\n<\/div><\/div>\n<\/div><\/div>","protected":false},"excerpt":{"rendered":"<p>Meet Astijus Mackevi\u010dius Dental prosthetics Prosthodontist with more than 20 years of experience. Astijus Mackevicius specialises in dental prosthetics, implantology and periodontology. The benefits of modern prosthetics are undeniable. The procedure is designed not only to bring back any number of missing teeth but also to restore the lost bite and chewing functionality. After solving [&hellip;]<\/p>","protected":false},"author":1,"featured_media":0,"parent":0,"menu_order":0,"comment_status":"closed","ping_status":"closed","template":"","meta":{"_monsterinsights_skip_tracking":false,"_monsterinsights_sitenote_active":false,"_monsterinsights_sitenote_note":"","_monsterinsights_sitenote_category":0},"yoast_head":"<!-- This site is optimized with the Yoast SEO plugin v17.8 - https:\/\/yoast.com\/wordpress\/plugins\/seo\/ -->\n<title>Astijus Mackevicius - A. Mackevi\u010diaus odontologijos klinika - Vilnius<\/title>\n<meta name=\"robots\" content=\"index, follow, max-snippet:-1, max-image-preview:large, max-video-preview:-1\" \/>\n<link rel=\"canonical\" href=\"https:\/\/mackeviciai.lt\/en\/astijus-mackevicius-2\/\" \/>\n<meta property=\"og:locale\" content=\"en_US\" \/>\n<meta property=\"og:type\" content=\"article\" \/>\n<meta property=\"og:title\" content=\"Astijus Mackevicius - A. Mackevi\u010diaus odontologijos klinika - Vilnius\" \/>\n<meta property=\"og:description\" content=\"Meet Astijus Mackevi\u010dius Dental prosthetics Prosthodontist with more than 20 years of experience. Astijus Mackevicius specialises in dental prosthetics, implantology and periodontology. The benefits of modern prosthetics are undeniable. The procedure is designed not only to bring back any number of missing teeth but also to restore the lost bite and chewing functionality. After solving [&hellip;]\" \/>\n<meta property=\"og:url\" content=\"https:\/\/mackeviciai.lt\/en\/astijus-mackevicius-2\/\" \/>\n<meta property=\"og:site_name\" content=\"A. Mackevi\u010diaus odontologijos klinika - Vilnius\" \/>\n<meta property=\"article:modified_time\" content=\"2026-04-02T13:03:23+00:00\" \/>\n<meta property=\"og:image\" content=\"https:\/\/www.mackeviciai.lt\/wp-content\/uploads\/2021\/11\/Astijus_Mackevicius-min.jpg\" \/>\n<meta name=\"twitter:card\" content=\"summary_large_image\" \/>\n<meta name=\"twitter:label1\" content=\"Est. reading time\" \/>\n\t<meta name=\"twitter:data1\" content=\"5 minutes\" \/>\n<script type=\"application\/ld+json\" class=\"yoast-schema-graph\">{\"@context\":\"https:\/\/schema.org\",\"@graph\":[{\"@type\":\"Organization\",\"@id\":\"https:\/\/mackeviciai.lt\/lt\/#organization\",\"name\":\"A. Mackevi\\u010diaus odontologijos klinika\",\"url\":\"https:\/\/mackeviciai.lt\/lt\/\",\"sameAs\":[],\"logo\":{\"@type\":\"ImageObject\",\"@id\":\"https:\/\/mackeviciai.lt\/lt\/#logo\",\"inLanguage\":\"en-US\",\"url\":\"https:\/\/www.mackeviciai.lt\/wp-content\/uploads\/2021\/12\/BLUE_HORIZONTAL.png\",\"contentUrl\":\"https:\/\/www.mackeviciai.lt\/wp-content\/uploads\/2021\/12\/BLUE_HORIZONTAL.png\",\"width\":708,\"height\":165,\"caption\":\"A. Mackevi\\u010diaus odontologijos klinika\"},\"image\":{\"@id\":\"https:\/\/mackeviciai.lt\/lt\/#logo\"}},{\"@type\":\"WebSite\",\"@id\":\"https:\/\/mackeviciai.lt\/lt\/#website\",\"url\":\"https:\/\/mackeviciai.lt\/lt\/\",\"name\":\"A. Mackevi\\u010diaus odontologijos klinika - Vilnius\",\"description\":\"\",\"publisher\":{\"@id\":\"https:\/\/mackeviciai.lt\/lt\/#organization\"},\"potentialAction\":[{\"@type\":\"SearchAction\",\"target\":{\"@type\":\"EntryPoint\",\"urlTemplate\":\"https:\/\/mackeviciai.lt\/lt\/?s={search_term_string}\"},\"query-input\":\"required name=search_term_string\"}],\"inLanguage\":\"en-US\"},{\"@type\":\"ImageObject\",\"@id\":\"https:\/\/mackeviciai.lt\/en\/astijus-mackevicius-2\/#primaryimage\",\"inLanguage\":\"en-US\",\"url\":\"https:\/\/www.mackeviciai.lt\/wp-content\/uploads\/2021\/11\/Astijus_Mackevicius-min.jpg\",\"contentUrl\":\"https:\/\/www.mackeviciai.lt\/wp-content\/uploads\/2021\/11\/Astijus_Mackevicius-min.jpg\"},{\"@type\":\"WebPage\",\"@id\":\"https:\/\/mackeviciai.lt\/en\/astijus-mackevicius-2\/#webpage\",\"url\":\"https:\/\/mackeviciai.lt\/en\/astijus-mackevicius-2\/\",\"name\":\"Astijus Mackevicius - A. Mackevi\\u010diaus odontologijos klinika - Vilnius\",\"isPartOf\":{\"@id\":\"https:\/\/mackeviciai.lt\/lt\/#website\"},\"primaryImageOfPage\":{\"@id\":\"https:\/\/mackeviciai.lt\/en\/astijus-mackevicius-2\/#primaryimage\"},\"datePublished\":\"2022-01-30T23:29:03+00:00\",\"dateModified\":\"2026-04-02T13:03:23+00:00\",\"breadcrumb\":{\"@id\":\"https:\/\/mackeviciai.lt\/en\/astijus-mackevicius-2\/#breadcrumb\"},\"inLanguage\":\"en-US\",\"potentialAction\":[{\"@type\":\"ReadAction\",\"target\":[\"https:\/\/mackeviciai.lt\/en\/astijus-mackevicius-2\/\"]}]},{\"@type\":\"BreadcrumbList\",\"@id\":\"https:\/\/mackeviciai.lt\/en\/astijus-mackevicius-2\/#breadcrumb\",\"itemListElement\":[{\"@type\":\"ListItem\",\"position\":1,\"name\":\"Home\",\"item\":\"https:\/\/mackeviciai.lt\/en\/\"},{\"@type\":\"ListItem\",\"position\":2,\"name\":\"Astijus Mackevicius\"}]}]}<\/script>\n<!-- \/ Yoast SEO plugin. -->","yoast_head_json":{"title":"Astijus Mackevicius - A. Mackevi\u010diaus odontologijos klinika - Vilnius","robots":{"index":"index","follow":"follow","max-snippet":"max-snippet:-1","max-image-preview":"max-image-preview:large","max-video-preview":"max-video-preview:-1"},"canonical":"https:\/\/mackeviciai.lt\/en\/astijus-mackevicius-2\/","og_locale":"en_US","og_type":"article","og_title":"Astijus Mackevicius - A. Mackevi\u010diaus odontologijos klinika - Vilnius","og_description":"Meet Astijus Mackevi\u010dius Dental prosthetics Prosthodontist with more than 20 years of experience. Astijus Mackevicius specialises in dental prosthetics, implantology and periodontology. The benefits of modern prosthetics are undeniable. The procedure is designed not only to bring back any number of missing teeth but also to restore the lost bite and chewing functionality. After solving [&hellip;]","og_url":"https:\/\/mackeviciai.lt\/en\/astijus-mackevicius-2\/","og_site_name":"A. Mackevi\u010diaus odontologijos klinika - Vilnius","article_modified_time":"2026-04-02T13:03:23+00:00","og_image":[{"url":"https:\/\/www.mackeviciai.lt\/wp-content\/uploads\/2021\/11\/Astijus_Mackevicius-min.jpg"}],"twitter_card":"summary_large_image","twitter_misc":{"Est. reading time":"5 minutes"},"schema":{"@context":"https:\/\/schema.org","@graph":[{"@type":"Organization","@id":"https:\/\/mackeviciai.lt\/lt\/#organization","name":"A. Mackevi\u010diaus odontologijos klinika","url":"https:\/\/mackeviciai.lt\/lt\/","sameAs":[],"logo":{"@type":"ImageObject","@id":"https:\/\/mackeviciai.lt\/lt\/#logo","inLanguage":"en-US","url":"https:\/\/www.mackeviciai.lt\/wp-content\/uploads\/2021\/12\/BLUE_HORIZONTAL.png","contentUrl":"https:\/\/www.mackeviciai.lt\/wp-content\/uploads\/2021\/12\/BLUE_HORIZONTAL.png","width":708,"height":165,"caption":"A. Mackevi\u010diaus odontologijos klinika"},"image":{"@id":"https:\/\/mackeviciai.lt\/lt\/#logo"}},{"@type":"WebSite","@id":"https:\/\/mackeviciai.lt\/lt\/#website","url":"https:\/\/mackeviciai.lt\/lt\/","name":"A. Mackevi\u010diaus odontologijos klinika - Vilnius","description":"","publisher":{"@id":"https:\/\/mackeviciai.lt\/lt\/#organization"},"potentialAction":[{"@type":"SearchAction","target":{"@type":"EntryPoint","urlTemplate":"https:\/\/mackeviciai.lt\/lt\/?s={search_term_string}"},"query-input":"required name=search_term_string"}],"inLanguage":"en-US"},{"@type":"ImageObject","@id":"https:\/\/mackeviciai.lt\/en\/astijus-mackevicius-2\/#primaryimage","inLanguage":"en-US","url":"https:\/\/www.mackeviciai.lt\/wp-content\/uploads\/2021\/11\/Astijus_Mackevicius-min.jpg","contentUrl":"https:\/\/www.mackeviciai.lt\/wp-content\/uploads\/2021\/11\/Astijus_Mackevicius-min.jpg"},{"@type":"WebPage","@id":"https:\/\/mackeviciai.lt\/en\/astijus-mackevicius-2\/#webpage","url":"https:\/\/mackeviciai.lt\/en\/astijus-mackevicius-2\/","name":"Astijus Mackevicius - A. Mackevi\u010diaus odontologijos klinika - Vilnius","isPartOf":{"@id":"https:\/\/mackeviciai.lt\/lt\/#website"},"primaryImageOfPage":{"@id":"https:\/\/mackeviciai.lt\/en\/astijus-mackevicius-2\/#primaryimage"},"datePublished":"2022-01-30T23:29:03+00:00","dateModified":"2026-04-02T13:03:23+00:00","breadcrumb":{"@id":"https:\/\/mackeviciai.lt\/en\/astijus-mackevicius-2\/#breadcrumb"},"inLanguage":"en-US","potentialAction":[{"@type":"ReadAction","target":["https:\/\/mackeviciai.lt\/en\/astijus-mackevicius-2\/"]}]},{"@type":"BreadcrumbList","@id":"https:\/\/mackeviciai.lt\/en\/astijus-mackevicius-2\/#breadcrumb","itemListElement":[{"@type":"ListItem","position":1,"name":"Home","item":"https:\/\/mackeviciai.lt\/en\/"},{"@type":"ListItem","position":2,"name":"Astijus Mackevicius"}]}]}},"uagb_featured_image_src":{"full":false,"thumbnail":false,"medium":false,"medium_large":false,"large":false,"1536x1536":false,"2048x2048":false,"trp-custom-language-flag":false,"post-thumbnail":false,"twentytwenty-fullscreen":false},"uagb_author_info":{"display_name":"test159","author_link":"https:\/\/mackeviciai.lt\/en\/author\/test159\/"},"uagb_comment_info":0,"uagb_excerpt":"Meet Astijus Mackevi\u010dius Dental prosthetics Prosthodontist with more than 20 years of experience. Astijus Mackevicius specialises in dental prosthetics, implantology and periodontology. The benefits of modern prosthetics are undeniable. The procedure is designed not only to bring back any number of missing teeth but also to restore the lost bite and chewing functionality. After solving&hellip;","_links":{"self":[{"href":"https:\/\/mackeviciai.lt\/en\/wp-json\/wp\/v2\/pages\/4170"}],"collection":[{"href":"https:\/\/mackeviciai.lt\/en\/wp-json\/wp\/v2\/pages"}],"about":[{"href":"https:\/\/mackeviciai.lt\/en\/wp-json\/wp\/v2\/types\/page"}],"author":[{"embeddable":true,"href":"https:\/\/mackeviciai.lt\/en\/wp-json\/wp\/v2\/users\/1"}],"replies":[{"embeddable":true,"href":"https:\/\/mackeviciai.lt\/en\/wp-json\/wp\/v2\/comments?post=4170"}],"version-history":[{"count":25,"href":"https:\/\/mackeviciai.lt\/en\/wp-json\/wp\/v2\/pages\/4170\/revisions"}],"predecessor-version":[{"id":6080,"href":"https:\/\/mackeviciai.lt\/en\/wp-json\/wp\/v2\/pages\/4170\/revisions\/6080"}],"wp:attachment":[{"href":"https:\/\/mackeviciai.lt\/en\/wp-json\/wp\/v2\/media?parent=4170"}],"curies":[{"name":"wp","href":"https:\/\/api.w.org\/{rel}","templated":true}]}}