{"id":4172,"date":"2022-01-31T00:45:08","date_gmt":"2022-01-31T00:45:08","guid":{"rendered":"https:\/\/www.mackeviciai.lt\/?page_id=4172"},"modified":"2023-12-22T08:51:17","modified_gmt":"2023-12-22T08:51:17","slug":"egle-kiveryte-2","status":"publish","type":"page","link":"https:\/\/mackeviciai.lt\/en\/egle-kiveryte-2\/","title":{"rendered":"Egl\u0117 Kiveryte"},"content":{"rendered":"<div class=\"wp-block-group alignfull mackD1\"><div class=\"wp-block-group__inner-container\">\n<section class=\"wp-block-uagb-columns uagb-columns__wrap uagb-columns__background-undefined uagb-columns__stack-mobile uagb-columns__valign-undefined uagb-columns__gap-10 alignfull uagb-block-a8655404\"><div class=\"uagb-columns__overlay\"><\/div><div class=\"uagb-columns__inner-wrap uagb-columns__columns-2\">\n<div class=\"wp-block-uagb-column uagb-column__wrap uagb-column__background-undefined uagb-block-c66b0de6 mackDOCspec2\"><div class=\"uagb-column__overlay\"><\/div><div class=\"uagb-column__inner-wrap\">\n<figure class=\"wp-block-image alignfull size-large docDOCimg\"><img loading=\"lazy\" width=\"600\" height=\"600\" src=\"https:\/\/www.mackeviciai.lt\/wp-content\/uploads\/2021\/11\/Egle_Kiveryte-min.jpg\" alt=\"doctor portrait\" class=\"wp-image-2231\" srcset=\"https:\/\/mackeviciai.lt\/wp-content\/uploads\/2021\/11\/Egle_Kiveryte-min.jpg 600w, https:\/\/mackeviciai.lt\/wp-content\/uploads\/2021\/11\/Egle_Kiveryte-min-300x300.jpg 300w, https:\/\/mackeviciai.lt\/wp-content\/uploads\/2021\/11\/Egle_Kiveryte-min-150x150.jpg 150w\" sizes=\"(max-width: 600px) 100vw, 600px\" \/><\/figure>\n\n\n\n<div id=\"ez-toc-container\" class=\"ez-toc-v2_0_17 counter-hierarchy counter-decimal ez-toc-transparent\">\n<nav><ul class=\"ez-toc-list ez-toc-list-level-1\"><li class=\"ez-toc-page-1 ez-toc-heading-level-4\"><a class=\"ez-toc-link ez-toc-heading-1\" href=\"https:\/\/mackeviciai.lt\/en\/egle-kiveryte-2\/#Egle_Kiveryte\" title=\"Egl\u0117 Kiveryt\u0117\">Egl\u0117 Kiveryt\u0117<\/a><\/li><li class=\"ez-toc-page-1 ez-toc-heading-level-4\"><a class=\"ez-toc-link ez-toc-heading-2\" href=\"https:\/\/mackeviciai.lt\/en\/egle-kiveryte-2\/#Biography\" title=\"Biography\">Biography<\/a><\/li><li class=\"ez-toc-page-1 ez-toc-heading-level-4\"><a class=\"ez-toc-link ez-toc-heading-3\" href=\"https:\/\/mackeviciai.lt\/en\/egle-kiveryte-2\/#Membership_in_professional_organisations\" title=\"Membership in professional organisations\">Membership in professional organisations<\/a><\/li><li class=\"ez-toc-page-1 ez-toc-heading-level-4\"><a class=\"ez-toc-link ez-toc-heading-4\" href=\"https:\/\/mackeviciai.lt\/en\/egle-kiveryte-2\/#Qualification_improvement\" title=\"Qualification improvement\">Qualification improvement<\/a><\/li><\/ul><\/nav><\/div>\n<h4 class=\"varpav\"><span class=\"ez-toc-section\" id=\"Egle_Kiveryte\"><\/span><strong>Egl\u0117 Kiveryt\u0117<\/strong><span class=\"ez-toc-section-end\"><\/span><\/h4>\n\n\n\n<p class=\"nomarg\" style=\"font-size:20px\"><strong>ORAL HYGIENIST<\/strong><\/p>\n\n\n\n<div class=\"wp-block-group mackDOCspec\"><div class=\"wp-block-group__inner-container\">\n<h6><strong><strong>SPECIALISATION<\/strong><\/strong><\/h6>\n\n\n\n<p>Professional oral hygiene<\/p>\n\n\n\n<h6><strong><strong>LICENCE NUMBER<\/strong><\/strong><\/h6>\n\n\n\n<p>BPL &#8211; 06551<\/p>\n\n\n\n<h6><strong><strong>LANGUAGES<\/strong><\/strong><\/h6>\n\n\n\n<p>Lithuanian, English, Russian<\/p>\n<\/div><\/div>\n<\/div><\/div>\n\n\n\n<div class=\"wp-block-uagb-column uagb-column__wrap uagb-column__background-undefined uagb-block-0d078f22\"><div class=\"uagb-column__overlay\"><\/div><div class=\"uagb-column__inner-wrap\">\n<h4 class=\"has-text-align-left nomarg2\"><span class=\"ez-toc-section\" id=\"Biography\"><\/span>Biography<span class=\"ez-toc-section-end\"><\/span><\/h4>\n\n\n\n<p class=\"docBIO\">\n<strong class=\"first\">2015<\/strong> Graduated from the Lithuanian University of Health Sciences. Obtained a bachelor&#8217;s degree in dentistry and an oral hygienist qualification.\n<\/p>\n\n\n\n<h4><span class=\"ez-toc-section\" id=\"Membership_in_professional_organisations\"><\/span>Membership in professional organisations<span class=\"ez-toc-section-end\"><\/span><\/h4>\n\n\n\n<p>\n<strong class=\"first\">Since 2015<\/strong> Member of the Chamber of Dentists of the Republic of Lithuania\n<\/p>\n\n\n\n<h4><span class=\"ez-toc-section\" id=\"Qualification_improvement\"><\/span>Qualification improvement<span class=\"ez-toc-section-end\"><\/span><\/h4>\n\n\n\n<p><strong>2023 m.<\/strong><\/p>\n\n\n\n<p>Konferencija \u201eAktualijos periodontologijoje\u201c (Vilnius, Lietuva)<\/p>\n\n\n\n<p>Tarptautinis kongresas \u201eOdontologijos kompasas 2023\u201c (Druskininkai)<\/p>\n\n\n\n<p><strong>2022 m.<\/strong><\/p>\n\n\n\n<p>International Symposium on Dental Hygiene (Conventional Centre Dublin, Ireland)<\/p>\n\n\n\n<p>\u201cPirmoji medicinos pagalba\u201d teoriniai ir praktiniai mokymai (Auk\u0161t\u0117ja)<\/p>\n\n\n\n<p>HEALTH, ENVIRONMENT AND SUSTAINABLE DEVELOPMENT: INTERDISCIPLINARY APPROACH &nbsp;(HESDIA, Kaunas)<\/p>\n\n\n\n<p><strong>2021 m.<\/strong><\/p>\n\n\n\n<p>\u201cPirmoji medicinos pagalba\u201d teoriniai ir praktiniai mokymai (Kaunas)<\/p>\n\n\n\n<p>\u201cMedicinos ir socialini\u0173 moksl\u0173 aktualijos: socialin\u0117 partneryst\u0117 visuomen\u0117s gerovei\u201c (Kaunas)<\/p>\n\n\n\n<p>\u201eOdontologijos kompasas 2021\u201c (Druskininkai)<\/p>\n\n\n\n<p>\u201eOdontologinio kabineto dezinfekcija: i\u0161\u0161\u016bkiai COVID-19 metu\u201c (Lektor\u0117: Carola Auer (Austrija))<\/p>\n\n\n\n<span id=\"dots\"><br>&#8230;<\/span>\n<span id=\"more\">\n\n\n\n<p><strong>2020 m.<\/strong><\/p>\n\n\n\n<p>\u201ePirmoji medicinos pagalba ir burnos lig\u0173 profilaktika\u201c (Vilnius)<\/p>\n\n\n\n<p>\u201eGr\u012f\u017eimas \u012f darb\u0105 po Covid-19, paciento pri\u0117mimo saugumo prevencija\u201c (D. Krylien\u0117) Webinaras<\/p>\n\n\n\n<p>\u201eK\u0105 turi \u017einoti kiekvienas 3Shape Trios naudotojas?\u201c (E. Umbrasas) Webinaras<\/p>\n\n\n\n<p>\u201eDanten\u0173 plastika: prie\u017eastys, tikslai ir metodai\u201c (R. Grybien\u0117) Webinaras<\/p>\n\n\n\n<p>\u201eS\u0105kand\u017eio anomalijos. Kada reikalingas ortodontinis &#8211; chirurginis gydymas?\u201c (S. Grybauskas) Webinaras<\/p>\n\n\n\n<p><strong>2019 m.<\/strong><\/p>\n\n\n\n<p>\u201eAktualijos periodontologijoje\u201c (Vilnius)<\/p>\n\n\n\n<p>\u201eOdontologijos kompasas\u201c (Druskininkai)<\/p>\n\n\n\n<p>\u201eLietuvos burnos higienist\u0173 draugijos 20-me\u010diui skirta konferencija\u201c(Vilnius)<\/p>\n\n\n\n<p><strong>2018 m.<\/strong><\/p>\n\n\n\n<p>\u201eProfesionalios burnos higienos aktualijos\u201c (Vilnius)<\/p>\n\n\n\n<p><strong>2017 m.<\/strong><\/p>\n\n\n\n<p>\u201eNaujas po\u017ei\u016bris \u012f burnos lig\u0173 profilaktik\u0105\u201c (Vilnius)<\/p>\n\n\n\n<p><strong>2016 m.<\/strong><\/p>\n\n\n\n<p>\u201eProfesionalaus higienisto svarba odontologo praktikoje 2016\u201c, (Kaunas)<\/p>\n\n\n\n<p><strong>2015 m.<\/strong><\/p>\n\n\n\n<p>\u201eProfesionalaus higienisto svarba odontologo praktikoje 2015\u201c, (Kaunas)<\/p>\n\n\n\n<p>Teoriniai &#8211; praktiniai mokymai \u201eProfesionalus klient\u0173 aptarnavimas\u201c. (Kaunas)<\/p>\n\n\n\n<p><strong>2014 m.<\/strong><\/p>\n\n\n\n<p>Finding dental caries with \u201efibronic light\u201c. (Turku, Finland)<\/p>\n\n\n\n<\/span>\n\n\n\n<button onclick=\"myFunctionBIO()\" id=\"myBtn\">READ MORE<\/button>\n\n\n\n<p><\/p>\n<\/div><\/div>\n<\/div><\/section>\n<\/div><\/div>\n\n\n\n<p><\/p>","protected":false},"excerpt":{"rendered":"","protected":false},"author":1,"featured_media":0,"parent":0,"menu_order":0,"comment_status":"closed","ping_status":"closed","template":"","meta":{"_monsterinsights_skip_tracking":false,"_monsterinsights_sitenote_active":false,"_monsterinsights_sitenote_note":"","_monsterinsights_sitenote_category":0},"yoast_head":"<!-- This site is optimized with the Yoast SEO plugin v17.8 - https:\/\/yoast.com\/wordpress\/plugins\/seo\/ -->\n<title>Egl\u0117 Kiveryte - A. Mackevi\u010diaus odontologijos klinika - Vilnius<\/title>\n<meta name=\"robots\" content=\"index, follow, max-snippet:-1, max-image-preview:large, max-video-preview:-1\" \/>\n<link rel=\"canonical\" href=\"https:\/\/mackeviciai.lt\/en\/egle-kiveryte-2\/\" \/>\n<meta property=\"og:locale\" content=\"en_US\" \/>\n<meta property=\"og:type\" content=\"article\" \/>\n<meta property=\"og:title\" content=\"Egl\u0117 Kiveryte - A. Mackevi\u010diaus odontologijos klinika - Vilnius\" \/>\n<meta property=\"og:url\" content=\"https:\/\/mackeviciai.lt\/en\/egle-kiveryte-2\/\" \/>\n<meta property=\"og:site_name\" content=\"A. Mackevi\u010diaus odontologijos klinika - Vilnius\" \/>\n<meta property=\"article:modified_time\" content=\"2023-12-22T08:51:17+00:00\" \/>\n<meta property=\"og:image\" content=\"https:\/\/www.mackeviciai.lt\/wp-content\/uploads\/2021\/11\/Egle_Kiveryte-min.jpg\" \/>\n<meta name=\"twitter:card\" content=\"summary_large_image\" \/>\n<meta name=\"twitter:label1\" content=\"Est. reading time\" \/>\n\t<meta name=\"twitter:data1\" content=\"2 minutes\" \/>\n<script type=\"application\/ld+json\" class=\"yoast-schema-graph\">{\"@context\":\"https:\/\/schema.org\",\"@graph\":[{\"@type\":\"Organization\",\"@id\":\"https:\/\/mackeviciai.lt\/lt\/#organization\",\"name\":\"A. Mackevi\\u010diaus odontologijos klinika\",\"url\":\"https:\/\/mackeviciai.lt\/lt\/\",\"sameAs\":[],\"logo\":{\"@type\":\"ImageObject\",\"@id\":\"https:\/\/mackeviciai.lt\/lt\/#logo\",\"inLanguage\":\"en-US\",\"url\":\"https:\/\/www.mackeviciai.lt\/wp-content\/uploads\/2021\/12\/BLUE_HORIZONTAL.png\",\"contentUrl\":\"https:\/\/www.mackeviciai.lt\/wp-content\/uploads\/2021\/12\/BLUE_HORIZONTAL.png\",\"width\":708,\"height\":165,\"caption\":\"A. Mackevi\\u010diaus odontologijos klinika\"},\"image\":{\"@id\":\"https:\/\/mackeviciai.lt\/lt\/#logo\"}},{\"@type\":\"WebSite\",\"@id\":\"https:\/\/mackeviciai.lt\/lt\/#website\",\"url\":\"https:\/\/mackeviciai.lt\/lt\/\",\"name\":\"A. Mackevi\\u010diaus odontologijos klinika - Vilnius\",\"description\":\"\",\"publisher\":{\"@id\":\"https:\/\/mackeviciai.lt\/lt\/#organization\"},\"potentialAction\":[{\"@type\":\"SearchAction\",\"target\":{\"@type\":\"EntryPoint\",\"urlTemplate\":\"https:\/\/mackeviciai.lt\/lt\/?s={search_term_string}\"},\"query-input\":\"required name=search_term_string\"}],\"inLanguage\":\"en-US\"},{\"@type\":\"ImageObject\",\"@id\":\"https:\/\/mackeviciai.lt\/en\/egle-kiveryte-2\/#primaryimage\",\"inLanguage\":\"en-US\",\"url\":\"https:\/\/www.mackeviciai.lt\/wp-content\/uploads\/2021\/11\/Egle_Kiveryte-min.jpg\",\"contentUrl\":\"https:\/\/www.mackeviciai.lt\/wp-content\/uploads\/2021\/11\/Egle_Kiveryte-min.jpg\"},{\"@type\":\"WebPage\",\"@id\":\"https:\/\/mackeviciai.lt\/en\/egle-kiveryte-2\/#webpage\",\"url\":\"https:\/\/mackeviciai.lt\/en\/egle-kiveryte-2\/\",\"name\":\"Egl\\u0117 Kiveryte - A. Mackevi\\u010diaus odontologijos klinika - Vilnius\",\"isPartOf\":{\"@id\":\"https:\/\/mackeviciai.lt\/lt\/#website\"},\"primaryImageOfPage\":{\"@id\":\"https:\/\/mackeviciai.lt\/en\/egle-kiveryte-2\/#primaryimage\"},\"datePublished\":\"2022-01-31T00:45:08+00:00\",\"dateModified\":\"2023-12-22T08:51:17+00:00\",\"breadcrumb\":{\"@id\":\"https:\/\/mackeviciai.lt\/en\/egle-kiveryte-2\/#breadcrumb\"},\"inLanguage\":\"en-US\",\"potentialAction\":[{\"@type\":\"ReadAction\",\"target\":[\"https:\/\/mackeviciai.lt\/en\/egle-kiveryte-2\/\"]}]},{\"@type\":\"BreadcrumbList\",\"@id\":\"https:\/\/mackeviciai.lt\/en\/egle-kiveryte-2\/#breadcrumb\",\"itemListElement\":[{\"@type\":\"ListItem\",\"position\":1,\"name\":\"Home\",\"item\":\"https:\/\/mackeviciai.lt\/en\/\"},{\"@type\":\"ListItem\",\"position\":2,\"name\":\"Egl\\u0117 Kiveryte\"}]}]}<\/script>\n<!-- \/ Yoast SEO plugin. -->","yoast_head_json":{"title":"Egl\u0117 Kiveryte - A. Mackevi\u010diaus odontologijos klinika - Vilnius","robots":{"index":"index","follow":"follow","max-snippet":"max-snippet:-1","max-image-preview":"max-image-preview:large","max-video-preview":"max-video-preview:-1"},"canonical":"https:\/\/mackeviciai.lt\/en\/egle-kiveryte-2\/","og_locale":"en_US","og_type":"article","og_title":"Egl\u0117 Kiveryte - A. Mackevi\u010diaus odontologijos klinika - Vilnius","og_url":"https:\/\/mackeviciai.lt\/en\/egle-kiveryte-2\/","og_site_name":"A. Mackevi\u010diaus odontologijos klinika - Vilnius","article_modified_time":"2023-12-22T08:51:17+00:00","og_image":[{"url":"https:\/\/www.mackeviciai.lt\/wp-content\/uploads\/2021\/11\/Egle_Kiveryte-min.jpg"}],"twitter_card":"summary_large_image","twitter_misc":{"Est. reading time":"2 minutes"},"schema":{"@context":"https:\/\/schema.org","@graph":[{"@type":"Organization","@id":"https:\/\/mackeviciai.lt\/lt\/#organization","name":"A. Mackevi\u010diaus odontologijos klinika","url":"https:\/\/mackeviciai.lt\/lt\/","sameAs":[],"logo":{"@type":"ImageObject","@id":"https:\/\/mackeviciai.lt\/lt\/#logo","inLanguage":"en-US","url":"https:\/\/www.mackeviciai.lt\/wp-content\/uploads\/2021\/12\/BLUE_HORIZONTAL.png","contentUrl":"https:\/\/www.mackeviciai.lt\/wp-content\/uploads\/2021\/12\/BLUE_HORIZONTAL.png","width":708,"height":165,"caption":"A. Mackevi\u010diaus odontologijos klinika"},"image":{"@id":"https:\/\/mackeviciai.lt\/lt\/#logo"}},{"@type":"WebSite","@id":"https:\/\/mackeviciai.lt\/lt\/#website","url":"https:\/\/mackeviciai.lt\/lt\/","name":"A. Mackevi\u010diaus odontologijos klinika - Vilnius","description":"","publisher":{"@id":"https:\/\/mackeviciai.lt\/lt\/#organization"},"potentialAction":[{"@type":"SearchAction","target":{"@type":"EntryPoint","urlTemplate":"https:\/\/mackeviciai.lt\/lt\/?s={search_term_string}"},"query-input":"required name=search_term_string"}],"inLanguage":"en-US"},{"@type":"ImageObject","@id":"https:\/\/mackeviciai.lt\/en\/egle-kiveryte-2\/#primaryimage","inLanguage":"en-US","url":"https:\/\/www.mackeviciai.lt\/wp-content\/uploads\/2021\/11\/Egle_Kiveryte-min.jpg","contentUrl":"https:\/\/www.mackeviciai.lt\/wp-content\/uploads\/2021\/11\/Egle_Kiveryte-min.jpg"},{"@type":"WebPage","@id":"https:\/\/mackeviciai.lt\/en\/egle-kiveryte-2\/#webpage","url":"https:\/\/mackeviciai.lt\/en\/egle-kiveryte-2\/","name":"Egl\u0117 Kiveryte - A. Mackevi\u010diaus odontologijos klinika - Vilnius","isPartOf":{"@id":"https:\/\/mackeviciai.lt\/lt\/#website"},"primaryImageOfPage":{"@id":"https:\/\/mackeviciai.lt\/en\/egle-kiveryte-2\/#primaryimage"},"datePublished":"2022-01-31T00:45:08+00:00","dateModified":"2023-12-22T08:51:17+00:00","breadcrumb":{"@id":"https:\/\/mackeviciai.lt\/en\/egle-kiveryte-2\/#breadcrumb"},"inLanguage":"en-US","potentialAction":[{"@type":"ReadAction","target":["https:\/\/mackeviciai.lt\/en\/egle-kiveryte-2\/"]}]},{"@type":"BreadcrumbList","@id":"https:\/\/mackeviciai.lt\/en\/egle-kiveryte-2\/#breadcrumb","itemListElement":[{"@type":"ListItem","position":1,"name":"Home","item":"https:\/\/mackeviciai.lt\/en\/"},{"@type":"ListItem","position":2,"name":"Egl\u0117 Kiveryte"}]}]}},"uagb_featured_image_src":{"full":false,"thumbnail":false,"medium":false,"medium_large":false,"large":false,"1536x1536":false,"2048x2048":false,"trp-custom-language-flag":false,"post-thumbnail":false,"twentytwenty-fullscreen":false},"uagb_author_info":{"display_name":"test159","author_link":"https:\/\/mackeviciai.lt\/en\/author\/test159\/"},"uagb_comment_info":0,"uagb_excerpt":null,"_links":{"self":[{"href":"https:\/\/mackeviciai.lt\/en\/wp-json\/wp\/v2\/pages\/4172"}],"collection":[{"href":"https:\/\/mackeviciai.lt\/en\/wp-json\/wp\/v2\/pages"}],"about":[{"href":"https:\/\/mackeviciai.lt\/en\/wp-json\/wp\/v2\/types\/page"}],"author":[{"embeddable":true,"href":"https:\/\/mackeviciai.lt\/en\/wp-json\/wp\/v2\/users\/1"}],"replies":[{"embeddable":true,"href":"https:\/\/mackeviciai.lt\/en\/wp-json\/wp\/v2\/comments?post=4172"}],"version-history":[{"count":5,"href":"https:\/\/mackeviciai.lt\/en\/wp-json\/wp\/v2\/pages\/4172\/revisions"}],"predecessor-version":[{"id":5131,"href":"https:\/\/mackeviciai.lt\/en\/wp-json\/wp\/v2\/pages\/4172\/revisions\/5131"}],"wp:attachment":[{"href":"https:\/\/mackeviciai.lt\/en\/wp-json\/wp\/v2\/media?parent=4172"}],"curies":[{"name":"wp","href":"https:\/\/api.w.org\/{rel}","templated":true}]}}