{"id":4174,"date":"2022-01-31T01:02:47","date_gmt":"2022-01-31T01:02:47","guid":{"rendered":"https:\/\/www.mackeviciai.lt\/?page_id=4174"},"modified":"2022-01-31T07:27:32","modified_gmt":"2022-01-31T07:27:32","slug":"giedrius-krukonis-2","status":"publish","type":"page","link":"https:\/\/mackeviciai.lt\/en\/giedrius-krukonis-2\/","title":{"rendered":"Giedrius Krukonis"},"content":{"rendered":"<div class=\"wp-block-group alignfull mackD1\"><div class=\"wp-block-group__inner-container\">\n<section class=\"wp-block-uagb-columns uagb-columns__wrap uagb-columns__background-undefined uagb-columns__stack-mobile uagb-columns__valign-undefined uagb-columns__gap-10 alignfull uagb-block-3d8aa1d1\"><div class=\"uagb-columns__overlay\"><\/div><div class=\"uagb-columns__inner-wrap uagb-columns__columns-2\">\n<div class=\"wp-block-uagb-column uagb-column__wrap uagb-column__background-undefined uagb-block-1ee6ccad mackDOCspec2\"><div class=\"uagb-column__overlay\"><\/div><div class=\"uagb-column__inner-wrap\">\n<figure class=\"wp-block-image alignfull size-large docDOCimg\"><img loading=\"lazy\" width=\"600\" height=\"600\" src=\"https:\/\/www.mackeviciai.lt\/wp-content\/uploads\/2021\/11\/Giedrius_Krukonis-min.jpg\" alt=\"doctor portrait\" class=\"wp-image-2233\" srcset=\"https:\/\/mackeviciai.lt\/wp-content\/uploads\/2021\/11\/Giedrius_Krukonis-min.jpg 600w, https:\/\/mackeviciai.lt\/wp-content\/uploads\/2021\/11\/Giedrius_Krukonis-min-300x300.jpg 300w, https:\/\/mackeviciai.lt\/wp-content\/uploads\/2021\/11\/Giedrius_Krukonis-min-150x150.jpg 150w\" sizes=\"(max-width: 600px) 100vw, 600px\" \/><\/figure>\n\n\n\n<div id=\"ez-toc-container\" class=\"ez-toc-v2_0_17 counter-hierarchy counter-decimal ez-toc-transparent\">\n<nav><ul class=\"ez-toc-list ez-toc-list-level-1\"><ul class=\"ez-toc-list-level-4\"><li class=\"ez-toc-heading-level-4\"><ul class=\"ez-toc-list-level-4\"><li class=\"ez-toc-heading-level-4\"><a class=\"ez-toc-link ez-toc-heading-1\" href=\"https:\/\/mackeviciai.lt\/en\/giedrius-krukonis-2\/#Giedrius_Krukonis\" title=\"Giedrius Krukonis\">Giedrius Krukonis<\/a><\/li><li class=\"ez-toc-page-1 ez-toc-heading-level-4\"><a class=\"ez-toc-link ez-toc-heading-2\" href=\"https:\/\/mackeviciai.lt\/en\/giedrius-krukonis-2\/#Biography\" title=\"Biography\">Biography<\/a><\/li><li class=\"ez-toc-page-1 ez-toc-heading-level-4\"><a class=\"ez-toc-link ez-toc-heading-3\" href=\"https:\/\/mackeviciai.lt\/en\/giedrius-krukonis-2\/#Membership_in_professional_organizations\" title=\"Membership in professional organizations\">Membership in professional organizations<\/a><\/li><li class=\"ez-toc-page-1 ez-toc-heading-level-4\"><a class=\"ez-toc-link ez-toc-heading-4\" href=\"https:\/\/mackeviciai.lt\/en\/giedrius-krukonis-2\/#Scientific_work\" title=\"Scientific work\">Scientific work<\/a><\/li><li class=\"ez-toc-page-1 ez-toc-heading-level-4\"><a class=\"ez-toc-link ez-toc-heading-5\" href=\"https:\/\/mackeviciai.lt\/en\/giedrius-krukonis-2\/#Qualification_improvement\" title=\"Qualification improvement\">Qualification improvement<\/a><\/li><\/ul><\/li><\/ul><\/li><li class=\"ez-toc-page-1 ez-toc-heading-level-2\"><a class=\"ez-toc-link ez-toc-heading-6\" href=\"https:\/\/mackeviciai.lt\/en\/giedrius-krukonis-2\/#Periodontics\" title=\"Periodontics\">Periodontics<\/a><\/li><\/ul><\/nav><\/div>\n<h4 class=\"varpav\"><span class=\"ez-toc-section\" id=\"Giedrius_Krukonis\"><\/span><strong>Giedrius Krukonis<\/strong><span class=\"ez-toc-section-end\"><\/span><\/h4>\n\n\n\n<p class=\"nomarg\" style=\"font-size:20px\"><strong>PERIODONTIST<\/strong><\/p>\n\n\n\n<div class=\"wp-block-group mackDOCspec\"><div class=\"wp-block-group__inner-container\">\n<h6><strong><strong>SPECIALISATION<\/strong><\/strong><\/h6>\n\n\n\n<p>Diagnosis, conservative and surgical treatment of periodontal diseases.<\/p>\n<\/div><\/div>\n<\/div><\/div>\n\n\n\n<div class=\"wp-block-uagb-column uagb-column__wrap uagb-column__background-undefined uagb-block-d2ca7280\"><div class=\"uagb-column__overlay\"><\/div><div class=\"uagb-column__inner-wrap\">\n<div class=\"wp-block-group alignfull mackbox nomarg2\"><div class=\"wp-block-group__inner-container\">\n<p>A good doctor always aims to solve problems by finding the causes and as a periodontist, I also follow this principle. A thorough examination of the patient and a good treatment plan are necessary to achieve high-quality treatment results. A periodontist always follows a broader approach to oral health, not forgetting a patient&#8217;s general health, systemic illness, and harmful habits. Healthy gums are like a solid foundation for healthy and beautiful teeth, so it is essential to ensure gum health before performing any dental treatment.<\/p>\n<\/div><\/div>\n\n\n\n<h4><span class=\"ez-toc-section\" id=\"Biography\"><\/span>Biography<span class=\"ez-toc-section-end\"><\/span><\/h4>\n\n\n\n<p class=\"docBIO\">\n<strong class=\"first\">2008<\/strong> Vilnius University, Faculty of Medicine, specialty of dentistry. <strong>2013<\/strong> Vilnius University, Faculty of Medicine, residency in periodontology. <strong>2012<\/strong> VU MF assistant. <strong>2013<\/strong> VU\u017dLK dentist periodontologist\n<\/p>\n\n\n\n<h4><span class=\"ez-toc-section\" id=\"Membership_in_professional_organizations\"><\/span><strong>Membership in professional organizations<\/strong><span class=\"ez-toc-section-end\"><\/span><\/h4>\n\n\n\n<p>\nLithuanian Society of Periodontists, Chamber of Dentists.\n<\/p>\n\n\n\n<h4><span class=\"ez-toc-section\" id=\"Scientific_work\"><\/span>Scientific work<span class=\"ez-toc-section-end\"><\/span><\/h4>\n\n\n\n<p>Academic degrees: assistant<br>Field of science: Periodontology<br>Subjects taught: Periodontology<\/p>\n\n\n\n<p><strong>Presentations at scientific and teaching-methodological conferences<\/strong><\/p>\n\n\n\n<p>Klinikinio atvejo pristatymas \u201cI\u0161orin\u0117s \u0161aknies kaklelio rezorbcija\u201d, 2013\/03\/02<\/p>\n\n\n\n<p>\u201cPeriodontito gydymo gair\u0117s ir profilaktika pagal tarptautines rekomendacijas\u201d, 2021\/09\/11<\/p>\n\n\n\n<p><strong>Publications<\/strong><\/p>\n\n\n\n<p>Pui\u0161ys A, Krukonis G, Linkevi\u010dius T, \u201cClinical success rates of submerged and non-submerged implant placement\u201d, Stomatologija Baltic Dental and Maxillofacial Journal, 2008, Vol. 10., Suppl 5. p.12-13;<\/p>\n\n\n\n<p>Krukonis G, \u017dekonien\u0117 J, Pe\u010diulien\u0117 V, \u201cPeriodonto lig\u0173 paplitimas. Taikom\u0173 tyrimo metod\u0173 ypatumai.\u201d Stomatologija \/ Lietuvos bendrosios praktikos gydytoj\u0173 stomatolog\u0173 draugija ir Lietuvos stomatolog\u0173 s\u0105junga. Kaunas : Lietuvos bendrosios praktikos gydytoj\u0173 stomatolog\u0173 draugija, 2013, t. 15, nr. 2. p. 11-16;<\/p>\n\n\n\n<h4><span class=\"ez-toc-section\" id=\"Qualification_improvement\"><\/span>Qualification improvement<span class=\"ez-toc-section-end\"><\/span><\/h4>\n\n\n\n<p>Praktikiniai Dr. Anton Sculean kursai \u201eMink\u0161t\u0173j\u0173 audini\u0173 plastika\u201d, 2019\/02\/27<\/p>\n\n\n\n<p>Nedelsiamas implantavimas ir protezavimas: komandinis po\u017ei\u016bris, Vilnius, 2015\/10\/02<\/p>\n\n\n\n<p>Bazinis implantologijos kursas, Vilnius, 2012\/12<\/p>\n<\/div><\/div>\n<\/div><\/section>\n<\/div><\/div>\n\n\n\n<div class=\"wp-block-group alignfull widthfull services\"><div class=\"wp-block-group__inner-container\">\n<div class=\"wp-block-group alignfull\"><div class=\"wp-block-group__inner-container\">\n<div class=\"wp-block-columns alignwide\">\n<div class=\"wp-block-column\">\n<figure class=\"wp-block-embed is-type-video is-provider-youtube wp-block-embed-youtube frame wp-embed-aspect-16-9 wp-has-aspect-ratio\"><div class=\"wp-block-embed__wrapper\">\n<iframe loading=\"lazy\" title=\"Perdiodontologija - Giedrius Krukonis  | Mackevi\u010di\u0173 odontologijos klinika\" width=\"580\" height=\"326\" src=\"https:\/\/www.youtube.com\/embed\/_Uz1dcs2qvM?feature=oembed\" frameborder=\"0\" allow=\"accelerometer; autoplay; clipboard-write; encrypted-media; gyroscope; picture-in-picture\" allowfullscreen><\/iframe>\n<\/div><\/figure>\n<\/div>\n\n\n\n<div class=\"wp-block-column mack1\">\n<h5><strong>Meet Giedrius Krukonis<\/strong><\/h5>\n\n\n\n<h2><span class=\"ez-toc-section\" id=\"Periodontics\"><\/span>Periodontics<span class=\"ez-toc-section-end\"><\/span><\/h2>\n\n\n\n<p>Dental plaque is the most common cause of periodontitis. The earliest symptom is bleeding of the gums, which is most frequently seen when brushing your teeth. If bleeding is present, you should contact your periodontist as soon as possible to make an accurate diagnosis.<\/p>\n\n\n\n<div class=\"wp-block-buttons is-content-justification-center\">\n<div class=\"wp-block-button is-style-outline\"><a class=\"wp-block-button__link has-primary-color has-text-color\" href=\"https:\/\/mackeviciai.lt\/lt\/vaizdo-irasai\/\" style=\"border-radius:10px\">SEE MORE<\/a><\/div>\n<\/div>\n<\/div>\n<\/div>\n<\/div><\/div>\n<\/div><\/div>","protected":false},"excerpt":{"rendered":"<p>Meet Giedrius Krukonis Periodontics Dental plaque is the most common cause of periodontitis. The earliest symptom is bleeding of the gums, which is most frequently seen when brushing your teeth. If bleeding is present, you should contact your periodontist as soon as possible to make an accurate diagnosis.<\/p>","protected":false},"author":1,"featured_media":0,"parent":0,"menu_order":0,"comment_status":"closed","ping_status":"closed","template":"","meta":{"_monsterinsights_skip_tracking":false,"_monsterinsights_sitenote_active":false,"_monsterinsights_sitenote_note":"","_monsterinsights_sitenote_category":0},"yoast_head":"<!-- This site is optimized with the Yoast SEO plugin v17.8 - https:\/\/yoast.com\/wordpress\/plugins\/seo\/ -->\n<title>Giedrius Krukonis - A. Mackevi\u010diaus odontologijos klinika - Vilnius<\/title>\n<meta name=\"robots\" content=\"index, follow, max-snippet:-1, max-image-preview:large, max-video-preview:-1\" \/>\n<link rel=\"canonical\" href=\"https:\/\/mackeviciai.lt\/en\/giedrius-krukonis-2\/\" \/>\n<meta property=\"og:locale\" content=\"en_US\" \/>\n<meta property=\"og:type\" content=\"article\" \/>\n<meta property=\"og:title\" content=\"Giedrius Krukonis - A. Mackevi\u010diaus odontologijos klinika - Vilnius\" \/>\n<meta property=\"og:description\" content=\"Meet Giedrius Krukonis Periodontics Dental plaque is the most common cause of periodontitis. The earliest symptom is bleeding of the gums, which is most frequently seen when brushing your teeth. If bleeding is present, you should contact your periodontist as soon as possible to make an accurate diagnosis.\" \/>\n<meta property=\"og:url\" content=\"https:\/\/mackeviciai.lt\/en\/giedrius-krukonis-2\/\" \/>\n<meta property=\"og:site_name\" content=\"A. Mackevi\u010diaus odontologijos klinika - Vilnius\" \/>\n<meta property=\"article:modified_time\" content=\"2022-01-31T07:27:32+00:00\" \/>\n<meta property=\"og:image\" content=\"https:\/\/www.mackeviciai.lt\/wp-content\/uploads\/2021\/11\/Giedrius_Krukonis-min.jpg\" \/>\n<meta name=\"twitter:card\" content=\"summary_large_image\" \/>\n<meta name=\"twitter:label1\" content=\"Est. reading time\" \/>\n\t<meta name=\"twitter:data1\" content=\"2 minutes\" \/>\n<script type=\"application\/ld+json\" class=\"yoast-schema-graph\">{\"@context\":\"https:\/\/schema.org\",\"@graph\":[{\"@type\":\"Organization\",\"@id\":\"https:\/\/mackeviciai.lt\/lt\/#organization\",\"name\":\"A. Mackevi\\u010diaus odontologijos klinika\",\"url\":\"https:\/\/mackeviciai.lt\/lt\/\",\"sameAs\":[],\"logo\":{\"@type\":\"ImageObject\",\"@id\":\"https:\/\/mackeviciai.lt\/lt\/#logo\",\"inLanguage\":\"en-US\",\"url\":\"https:\/\/www.mackeviciai.lt\/wp-content\/uploads\/2021\/12\/BLUE_HORIZONTAL.png\",\"contentUrl\":\"https:\/\/www.mackeviciai.lt\/wp-content\/uploads\/2021\/12\/BLUE_HORIZONTAL.png\",\"width\":708,\"height\":165,\"caption\":\"A. Mackevi\\u010diaus odontologijos klinika\"},\"image\":{\"@id\":\"https:\/\/mackeviciai.lt\/lt\/#logo\"}},{\"@type\":\"WebSite\",\"@id\":\"https:\/\/mackeviciai.lt\/lt\/#website\",\"url\":\"https:\/\/mackeviciai.lt\/lt\/\",\"name\":\"A. Mackevi\\u010diaus odontologijos klinika - Vilnius\",\"description\":\"\",\"publisher\":{\"@id\":\"https:\/\/mackeviciai.lt\/lt\/#organization\"},\"potentialAction\":[{\"@type\":\"SearchAction\",\"target\":{\"@type\":\"EntryPoint\",\"urlTemplate\":\"https:\/\/mackeviciai.lt\/lt\/?s={search_term_string}\"},\"query-input\":\"required name=search_term_string\"}],\"inLanguage\":\"en-US\"},{\"@type\":\"ImageObject\",\"@id\":\"https:\/\/mackeviciai.lt\/en\/giedrius-krukonis-2\/#primaryimage\",\"inLanguage\":\"en-US\",\"url\":\"https:\/\/www.mackeviciai.lt\/wp-content\/uploads\/2021\/11\/Giedrius_Krukonis-min.jpg\",\"contentUrl\":\"https:\/\/www.mackeviciai.lt\/wp-content\/uploads\/2021\/11\/Giedrius_Krukonis-min.jpg\"},{\"@type\":\"WebPage\",\"@id\":\"https:\/\/mackeviciai.lt\/en\/giedrius-krukonis-2\/#webpage\",\"url\":\"https:\/\/mackeviciai.lt\/en\/giedrius-krukonis-2\/\",\"name\":\"Giedrius Krukonis - A. Mackevi\\u010diaus odontologijos klinika - Vilnius\",\"isPartOf\":{\"@id\":\"https:\/\/mackeviciai.lt\/lt\/#website\"},\"primaryImageOfPage\":{\"@id\":\"https:\/\/mackeviciai.lt\/en\/giedrius-krukonis-2\/#primaryimage\"},\"datePublished\":\"2022-01-31T01:02:47+00:00\",\"dateModified\":\"2022-01-31T07:27:32+00:00\",\"breadcrumb\":{\"@id\":\"https:\/\/mackeviciai.lt\/en\/giedrius-krukonis-2\/#breadcrumb\"},\"inLanguage\":\"en-US\",\"potentialAction\":[{\"@type\":\"ReadAction\",\"target\":[\"https:\/\/mackeviciai.lt\/en\/giedrius-krukonis-2\/\"]}]},{\"@type\":\"BreadcrumbList\",\"@id\":\"https:\/\/mackeviciai.lt\/en\/giedrius-krukonis-2\/#breadcrumb\",\"itemListElement\":[{\"@type\":\"ListItem\",\"position\":1,\"name\":\"Home\",\"item\":\"https:\/\/mackeviciai.lt\/en\/\"},{\"@type\":\"ListItem\",\"position\":2,\"name\":\"Giedrius Krukonis\"}]}]}<\/script>\n<!-- \/ Yoast SEO plugin. -->","yoast_head_json":{"title":"Giedrius Krukonis - A. Mackevi\u010diaus odontologijos klinika - Vilnius","robots":{"index":"index","follow":"follow","max-snippet":"max-snippet:-1","max-image-preview":"max-image-preview:large","max-video-preview":"max-video-preview:-1"},"canonical":"https:\/\/mackeviciai.lt\/en\/giedrius-krukonis-2\/","og_locale":"en_US","og_type":"article","og_title":"Giedrius Krukonis - A. Mackevi\u010diaus odontologijos klinika - Vilnius","og_description":"Meet Giedrius Krukonis Periodontics Dental plaque is the most common cause of periodontitis. The earliest symptom is bleeding of the gums, which is most frequently seen when brushing your teeth. If bleeding is present, you should contact your periodontist as soon as possible to make an accurate diagnosis.","og_url":"https:\/\/mackeviciai.lt\/en\/giedrius-krukonis-2\/","og_site_name":"A. Mackevi\u010diaus odontologijos klinika - Vilnius","article_modified_time":"2022-01-31T07:27:32+00:00","og_image":[{"url":"https:\/\/www.mackeviciai.lt\/wp-content\/uploads\/2021\/11\/Giedrius_Krukonis-min.jpg"}],"twitter_card":"summary_large_image","twitter_misc":{"Est. reading time":"2 minutes"},"schema":{"@context":"https:\/\/schema.org","@graph":[{"@type":"Organization","@id":"https:\/\/mackeviciai.lt\/lt\/#organization","name":"A. Mackevi\u010diaus odontologijos klinika","url":"https:\/\/mackeviciai.lt\/lt\/","sameAs":[],"logo":{"@type":"ImageObject","@id":"https:\/\/mackeviciai.lt\/lt\/#logo","inLanguage":"en-US","url":"https:\/\/www.mackeviciai.lt\/wp-content\/uploads\/2021\/12\/BLUE_HORIZONTAL.png","contentUrl":"https:\/\/www.mackeviciai.lt\/wp-content\/uploads\/2021\/12\/BLUE_HORIZONTAL.png","width":708,"height":165,"caption":"A. Mackevi\u010diaus odontologijos klinika"},"image":{"@id":"https:\/\/mackeviciai.lt\/lt\/#logo"}},{"@type":"WebSite","@id":"https:\/\/mackeviciai.lt\/lt\/#website","url":"https:\/\/mackeviciai.lt\/lt\/","name":"A. Mackevi\u010diaus odontologijos klinika - Vilnius","description":"","publisher":{"@id":"https:\/\/mackeviciai.lt\/lt\/#organization"},"potentialAction":[{"@type":"SearchAction","target":{"@type":"EntryPoint","urlTemplate":"https:\/\/mackeviciai.lt\/lt\/?s={search_term_string}"},"query-input":"required name=search_term_string"}],"inLanguage":"en-US"},{"@type":"ImageObject","@id":"https:\/\/mackeviciai.lt\/en\/giedrius-krukonis-2\/#primaryimage","inLanguage":"en-US","url":"https:\/\/www.mackeviciai.lt\/wp-content\/uploads\/2021\/11\/Giedrius_Krukonis-min.jpg","contentUrl":"https:\/\/www.mackeviciai.lt\/wp-content\/uploads\/2021\/11\/Giedrius_Krukonis-min.jpg"},{"@type":"WebPage","@id":"https:\/\/mackeviciai.lt\/en\/giedrius-krukonis-2\/#webpage","url":"https:\/\/mackeviciai.lt\/en\/giedrius-krukonis-2\/","name":"Giedrius Krukonis - A. Mackevi\u010diaus odontologijos klinika - Vilnius","isPartOf":{"@id":"https:\/\/mackeviciai.lt\/lt\/#website"},"primaryImageOfPage":{"@id":"https:\/\/mackeviciai.lt\/en\/giedrius-krukonis-2\/#primaryimage"},"datePublished":"2022-01-31T01:02:47+00:00","dateModified":"2022-01-31T07:27:32+00:00","breadcrumb":{"@id":"https:\/\/mackeviciai.lt\/en\/giedrius-krukonis-2\/#breadcrumb"},"inLanguage":"en-US","potentialAction":[{"@type":"ReadAction","target":["https:\/\/mackeviciai.lt\/en\/giedrius-krukonis-2\/"]}]},{"@type":"BreadcrumbList","@id":"https:\/\/mackeviciai.lt\/en\/giedrius-krukonis-2\/#breadcrumb","itemListElement":[{"@type":"ListItem","position":1,"name":"Home","item":"https:\/\/mackeviciai.lt\/en\/"},{"@type":"ListItem","position":2,"name":"Giedrius Krukonis"}]}]}},"uagb_featured_image_src":{"full":false,"thumbnail":false,"medium":false,"medium_large":false,"large":false,"1536x1536":false,"2048x2048":false,"trp-custom-language-flag":false,"post-thumbnail":false,"twentytwenty-fullscreen":false},"uagb_author_info":{"display_name":"test159","author_link":"https:\/\/mackeviciai.lt\/en\/author\/test159\/"},"uagb_comment_info":0,"uagb_excerpt":"Meet Giedrius Krukonis Periodontics Dental plaque is the most common cause of periodontitis. The earliest symptom is bleeding of the gums, which is most frequently seen when brushing your teeth. If bleeding is present, you should contact your periodontist as soon as possible to make an accurate diagnosis.","_links":{"self":[{"href":"https:\/\/mackeviciai.lt\/en\/wp-json\/wp\/v2\/pages\/4174"}],"collection":[{"href":"https:\/\/mackeviciai.lt\/en\/wp-json\/wp\/v2\/pages"}],"about":[{"href":"https:\/\/mackeviciai.lt\/en\/wp-json\/wp\/v2\/types\/page"}],"author":[{"embeddable":true,"href":"https:\/\/mackeviciai.lt\/en\/wp-json\/wp\/v2\/users\/1"}],"replies":[{"embeddable":true,"href":"https:\/\/mackeviciai.lt\/en\/wp-json\/wp\/v2\/comments?post=4174"}],"version-history":[{"count":4,"href":"https:\/\/mackeviciai.lt\/en\/wp-json\/wp\/v2\/pages\/4174\/revisions"}],"predecessor-version":[{"id":4252,"href":"https:\/\/mackeviciai.lt\/en\/wp-json\/wp\/v2\/pages\/4174\/revisions\/4252"}],"wp:attachment":[{"href":"https:\/\/mackeviciai.lt\/en\/wp-json\/wp\/v2\/media?parent=4174"}],"curies":[{"name":"wp","href":"https:\/\/api.w.org\/{rel}","templated":true}]}}