{"id":4175,"date":"2022-01-31T00:40:13","date_gmt":"2022-01-31T00:40:13","guid":{"rendered":"https:\/\/www.mackeviciai.lt\/?page_id=4175"},"modified":"2025-05-13T18:41:20","modified_gmt":"2025-05-13T18:41:20","slug":"greta-parker-2","status":"publish","type":"page","link":"https:\/\/mackeviciai.lt\/en\/greta-parker-2\/","title":{"rendered":"Greta Parker"},"content":{"rendered":"<div class=\"wp-block-group alignfull mackD1\"><div class=\"wp-block-group__inner-container\">\n<section class=\"wp-block-uagb-columns uagb-columns__wrap uagb-columns__background-undefined uagb-columns__stack-mobile uagb-columns__valign-undefined uagb-columns__gap-10 alignfull uagb-block-ad0e2f1b\"><div class=\"uagb-columns__overlay\"><\/div><div class=\"uagb-columns__inner-wrap uagb-columns__columns-2\">\n<div class=\"wp-block-uagb-column uagb-column__wrap uagb-column__background-undefined uagb-block-943ee2b2 mackDOCspec2\"><div class=\"uagb-column__overlay\"><\/div><div class=\"uagb-column__inner-wrap\">\n<figure class=\"wp-block-image alignfull size-large docDOCimg\"><img loading=\"lazy\" width=\"600\" height=\"600\" src=\"https:\/\/www.mackeviciai.lt\/wp-content\/uploads\/2021\/11\/Greta_Parker-min.jpg\" alt=\"doctor portrait\" class=\"wp-image-2234\" srcset=\"https:\/\/mackeviciai.lt\/wp-content\/uploads\/2021\/11\/Greta_Parker-min.jpg 600w, https:\/\/mackeviciai.lt\/wp-content\/uploads\/2021\/11\/Greta_Parker-min-300x300.jpg 300w, https:\/\/mackeviciai.lt\/wp-content\/uploads\/2021\/11\/Greta_Parker-min-150x150.jpg 150w\" sizes=\"(max-width: 600px) 100vw, 600px\" \/><\/figure>\n\n\n\n<div id=\"ez-toc-container\" class=\"ez-toc-v2_0_17 counter-hierarchy counter-decimal ez-toc-transparent\">\n<nav><ul class=\"ez-toc-list ez-toc-list-level-1\"><li class=\"ez-toc-page-1 ez-toc-heading-level-4\"><a class=\"ez-toc-link ez-toc-heading-1\" href=\"https:\/\/mackeviciai.lt\/en\/greta-parker-2\/#Greta_Parker\" title=\"Greta Parker\">Greta Parker<\/a><\/li><li class=\"ez-toc-page-1 ez-toc-heading-level-4\"><a class=\"ez-toc-link ez-toc-heading-2\" href=\"https:\/\/mackeviciai.lt\/en\/greta-parker-2\/#Biography\" title=\"Biography\">Biography<\/a><\/li><li class=\"ez-toc-page-1 ez-toc-heading-level-4\"><a class=\"ez-toc-link ez-toc-heading-3\" href=\"https:\/\/mackeviciai.lt\/en\/greta-parker-2\/#Membership_in_professional_organisations\" title=\"Membership in professional organisations\">Membership in professional organisations<\/a><\/li><li class=\"ez-toc-page-1 ez-toc-heading-level-4\"><a class=\"ez-toc-link ez-toc-heading-4\" href=\"https:\/\/mackeviciai.lt\/en\/greta-parker-2\/#Qualification_improvement\" title=\"Qualification improvement\">Qualification improvement<\/a><\/li><\/ul><\/nav><\/div>\n<h4 class=\"varpav\"><span class=\"ez-toc-section\" id=\"Greta_Parker\"><\/span><strong>Greta Parker<\/strong><span class=\"ez-toc-section-end\"><\/span><\/h4>\n\n\n\n<p class=\"nomarg\" style=\"font-size:20px\"><strong>GENERAL PRACTICE DENTIST<\/strong><\/p>\n\n\n\n<div class=\"wp-block-group mackDOCspec\"><div class=\"wp-block-group__inner-container\">\n<h6><strong><strong>SPECIALISATION<\/strong><\/strong><\/h6>\n\n\n\n<p>Therapeutic services, endodontics, cosmetic dental filling<\/p>\n\n\n\n<h6><strong><strong>LICENCE NUMBER<\/strong><\/strong><\/h6>\n\n\n\n<p>OPL-04623<\/p>\n<\/div><\/div>\n<\/div><\/div>\n\n\n\n<div class=\"wp-block-uagb-column uagb-column__wrap uagb-column__background-undefined uagb-block-0b330a75\"><div class=\"uagb-column__overlay\"><\/div><div class=\"uagb-column__inner-wrap\">\n<div class=\"wp-block-group alignfull mackbox nomarg2\"><div class=\"wp-block-group__inner-container\">\n<p>I have always been interested in the exact sciences and in my spare time I attend art school. I am very happy to have chosen this profession. Dentistry is a great field where various activities are intertwined. It is a very precise medical science, but it also has a very important creative factor. Every day I use my knowledge about human anatomy, as well as the chemical and physical properties of the materials used, to provide the best care possible. We are also artists: We combine shades, shape your mouth like a sculptor, take photos and plan everything with the team. Before anything else we are doctors but it is very important for us to restore not only function but also the aesthetic of your smile. It is the biggest reward for a dentist to see happy patients with healthy and beautiful smiles.<\/p>\n<\/div><\/div>\n\n\n\n<h4><span class=\"ez-toc-section\" id=\"Biography\"><\/span>Biography<span class=\"ez-toc-section-end\"><\/span><\/h4>\n\n\n\n<p class=\"docBIO\">\n<strong class=\"first\">2010-2015<\/strong> Dental Studies, Faculty of Medicine, Vilnius University. <strong>2015<\/strong> Internship \u201cPublic Institution Vilnius University Zalgiris Clinic\u201d. <strong>2015<\/strong> Master&#8217;s degree and qualification of a dentist at Vilnius University. <strong>2015.06.17<\/strong> Dental practice licence Lithuanian Chamber of Dentists.<strong>2015.10.27<\/strong> Approbation of a dentist Baden-W\u00fcrttemberg Chamber of Dentists. Stuttgart, Germany. <strong>2015-2019<\/strong> Internship and professional development in German university dental clinics.<strong>Since 2019<\/strong> Working as a doctor and dentist at A.Mackevi\u010dius Dental Clinic.\n<\/p>\n\n\n\n<h4><span class=\"ez-toc-section\" id=\"Membership_in_professional_organisations\"><\/span><strong>Membership in professional organisations<\/strong><span class=\"ez-toc-section-end\"><\/span><\/h4>\n\n\n\n<p>\nMember of the Lithuanian Chamber of Dentists and the Baden-W\u00fcrttemberg Chamber of Dentists.\n<\/p>\n\n\n\n<h4><span class=\"ez-toc-section\" id=\"Qualification_improvement\"><\/span>Qualification improvement<span class=\"ez-toc-section-end\"><\/span><\/h4>\n\n\n\n<p><strong>2025 m.<\/strong><\/p>\n\n\n\n<p>Konferencija \u201eStraumann forum 2025\u201c, 2025 m. kovo 22 d., Kaunas, Lietuva<\/p>\n\n\n\n<p><strong>2021 m.<\/strong><\/p>\n\n\n\n<p>Giedr\u0117s Kobs ir Daivos Sabaliauskien\u0117s paskaita \u201cVaik\u0173 dant\u0173 traum\u0173 gydymo protokolas\u201d<\/p>\n\n\n\n<p>Nacionalinio mokym\u0173 centro vaizdo konferencija \u201cRacionalus antimikrobini\u0173 vaistini\u0173 preparat\u0173 skyrimas ir vartojimas\u201d<\/p>\n\n\n\n<p>DMG online ICON convention:<\/p>\n\n\n\n<ul><li>Prof.Carlos Rocha Gommes Torres \u201eMolar incisor hypomineralisation\u201c<\/li><li>Dr.Omar Marouane \u201eTransillumination concept\u201c<\/li><li>Dr. Linda Greenwall \u201eTreating white spots with bleaching and resin infiltration\u201c<\/li><\/ul>\n\n\n\n<p>Daniele Rondi webinar \u201eInternal and external morphology in posteriors\u201c<\/p>\n\n\n\n<p>G.Kobs ir I.Misi\u016bnien\u0117s diskusija \u201eMineralini\u0173 med\u017eiag\u0173 ir vitamin\u0173 \u012ftaka dant\u0173 sveikatai\u201c<\/p>\n\n\n\n<p>LROR nuotolinis seminaras\u201eNeurologini\u0173 atvej\u0173 odontologo kabinete analiz\u0117 ir gydomieji veiksmai. Nesteroidini\u0173 prie\u0161u\u017edegimini\u0173 preparat\u0173 panaudojimas odontologijoje.\u201c<\/p>\n\n\n\n<p>Dr. G. Kobs paskaita&nbsp; \u201eGrie\u017eimo dantimis prie\u017eastys: nuo vaik\u0173 iki suaugusi\u0173j\u0173\u201c<\/p>\n\n\n\n<p>Dr. Daniel \u010cerny \u201eThe role of fiber post in postendodontic treatment\u201c<\/p>\n\n\n\n<p>Lietuvos odontolog\u0173 r\u016bm\u0173 renginys \u201cPiktybini\u0173 navik\u0173 diagnostika, dentalin\u0117 implantologija ir mikroprotezavimas stiklo keramikos u\u017eklotais, dant\u0173 protezavimo planavimas\u201d<\/p>\n\n\n\n<p>Dr.Kreena Patel webinar \u201eIntroduction to a perfect root canal therapy\u201c<\/p>\n\n\n\n<p>Webinar\u0173 ciklas \u201eDental esthetics\u201c (Lektoriai: Prof. Camillo D&#8217;Arcangelo, Prof. Lorenzo Vanini, dr. Alexander Fetsych, dr. Daniel Cerny, dr. Dawid Pisuk)<\/p>\n\n\n\n<span id=\"dots\"><br>&#8230;<\/span>\n<span id=\"more\">\n\n\n\n<p><strong>2020 m.<\/strong><\/p>\n\n\n\n<p>Teoriniai kursai \u201eN\u0117\u0161\u010di\u0173j\u0173 burnos sveikatos prie\u017ei\u016bra ir gydymas\u201c<\/p>\n\n\n\n<p>Vivalearning \u201eEndodonti\u0161kai gydyt\u0173 dant\u0173 atstatymas\u201c<\/p>\n\n\n\n<p>LROR seminaras \u201eB\u016btinoji medicinos pagalba, burnos lig\u0173 profilaktika, infekcij\u0173 kontrol\u0117 odontologijoje ir profesin\u0117 etika\u201e (Vilnius, Lietuva)<\/p>\n\n\n\n<p>Dr. Ron Kaminer Viva Learning \u201cNauji II klas\u0117s ertmi\u0173 plombavimo metodai kompozitu\u201d<\/p>\n\n\n\n<p>Agn\u0117 Mali\u0161auskien\u0117 (SOS klinikos webinaras) \u201eEstetinis priekini\u0173 dant\u0173 plombavimas\u201c<\/p>\n\n\n\n<p>Valdo Vilkinio GC webinaras \u201eModernios tendencijos nauj\u0173j\u0173 taki\u0173j\u0173 kompozit\u0173 (NTK) panaudojime, \u201einjekcin\u0117 estetika\u201c ir kitos naujov\u0117s.\u201c<\/p>\n\n\n\n<p>GC webinaras: Valdas Vilkinis \u201eNudilusi\u0173 dant\u0173 formos atstatymas kompozitais naudojant silikononin\u0119 form\u0105\u201c<\/p>\n\n\n\n<p>Birute Bond \u201eTooth Surface Loss\u201c webinar<\/p>\n\n\n\n<p>GC V. Vilkinio kursas \u201eAdhezinis ir tradicinis restauracij\u0173 cementavimas\u201c<\/p>\n\n\n\n<p>Dr. Kreena Patel webinar \u201cHow can tricalcium silicate cements improve my clinical practice?\u201d<\/p>\n\n\n\n<p>Prof. Camilio D\u2018Arcangelo on-line cycle \u201eMiniinvasive treatments and rehabilitations\u201c<\/p>\n\n\n\n<ul><li>Simple and predictable adhesive cementation of veneers, inlays and overlays with biocompatible composite material<\/li><li>Miniinvasive treatment of worn teeth patients<\/li><li>Additive prosthodontics for everyone<\/li><li>Practical demo on model: correct mandibular position detection and temporary mock up<\/li><\/ul>\n\n\n\n<p><strong>2019 m.<\/strong><\/p>\n\n\n\n<p>Tarptautinis kongresas \u201eOdontologijos kompasas 2019\u201c Druskininkai, Lietuva<\/p>\n\n\n\n<p>Teoriniai Quintessence kursai: \u201eAnkstyvasis vaik\u0173 dant\u0173 \u0117duonies&nbsp; epidemiologija, prevencija, pasekm\u0117s\u201c<\/p>\n\n\n\n<p>Kerr Endodontics teoriniai kursai. Stephen Buchanan, DDS \u201e3-D Continuous wave danties \u0161akn\u0173 kanal\u0173 plombavimo technika\u201c<\/p>\n\n\n\n<p>Teoriniai kursai Fay Goldstep, DDS (Toronto, Canada) \u201cMinimaliai invazyvi bioaktyvi odontologija: med\u017eiagos ir mechanizmai\u201c<\/p>\n\n\n\n<p>KaVo akademijos teoriniai kursai. Prof. Gianluca Gambarini MD, DDS (University of Rome) \u201cKaip pagerinti danties \u0161aknies kanal\u0173 irigacij\u0105\u201c<\/p>\n\n\n\n<p>GC America teoriniai kursai. Dr. Ron Kaminer \u201eCirkonio ir li\u010dio disilikato keramik\u0173 skirtumai: savyb\u0117s, preparavimas, laikin\u0173 protez\u0173 gamyba ir cementavimas\u201c<\/p>\n\n\n\n<p>Teoriniai Quintessence kursai \u201cProtezavimas- analogo ar skaitmeninis b\u016bdas?\u201c<\/p>\n\n\n\n<p><strong>2018 m.<\/strong><\/p>\n\n\n\n<p>Praktiniai periodontologijos sertifikato kursai Nr.4 \u201eAntibakterin\u0117 terapija. Burnos gleivin\u0117s patologija\u201c (Heidelberg, Vokietija)<\/p>\n\n\n\n<p>Teoriniai Quintessence kursai \u201eBurnos chirurgijos komplikacijos ir sprendimai\u201c<\/p>\n\n\n\n<p>Praktiniai periodontologijos sertifikato kursai Nr.5 \u201ePeriodonto reparacijos ir regeneracijos principai\u201c (Marburg, Vokietija)<\/p>\n\n\n\n<p><strong>2017 m.<\/strong><\/p>\n\n\n\n<p>Praktiniai periodontologijos sertifikato kursai Nr.1 \u201e\u012e\u017eanga, etiologija ir patogenez\u0117. Epidemiologija, klinikin\u0117 diagnostika ir klasifikacija\u201c (W\u00fcrzburg, Vokietija)<\/p>\n\n\n\n<p>Mokslin\u0117 konferencija \u201eAntibiotik\u0173 pritaikymo periodontologijoje aktualijos\u201c (Stuttgart, Vokietija)<\/p>\n\n\n\n<p>Praktinis seminaras \u201eDant\u0173 \u0161akn\u0173 kanal\u0173 chemomechaninis paruo\u0161imas su Reciproc Blue\u201c (Rust, Vokietija)<\/p>\n\n\n\n<p>Praktiniai periodontologijos sertifikato kursai Nr.2 \u201eKonservatyvus periodonto gydymas (Bonn, Vokietija)<\/p>\n\n\n\n<p>\u0160veicarijos odontolog\u0173 ir burnos higienist\u0173 profilaktikos forumas (Brugg, \u0160veicarija)<\/p>\n\n\n\n<p>Praktiniai periodontologijos sertifikato kursai Nr.3 \u201eChirurginis periodonto gydymas\u201c (Dresden, Vokietija)<\/p>\n\n\n\n<p>Pirmos pagalbos praktiniai kursai (B\u00fchl, Vokietija)<\/p>\n\n\n\n<p><strong>2016 m.<\/strong><\/p>\n\n\n\n<p>Praktiniai kursai: kritini\u0173 situacij\u0173 valdymas odontologijos klinikoje, pirmos pagalbos mokymai (Rust, Vokietija)<\/p>\n\n\n\n<p>Visuotinis piet\u0173 Badeno regiono odontolog\u0173 kongresas \u201cRisiko erkennen- Risiko vermeiden\u201d (Rust, Vokietija)<\/p>\n\n\n\n<p>Praktinis seminaras \u201eSkaitmeninis odontologin\u0117s klinikos valdymas\u201c (Rheinau, Vokietija)<\/p>\n\n\n\n<p>Jaun\u0173j\u0173 periodontolog\u0173 koncepto konferencija \u201cParo Konzepte: verschiedene Rezepturen- ein gemeinsames Therapieziel\u201d (Stuttgart, Vokietija)<\/p>\n\n\n\n<p>Vokietijos periodontolog\u0173 draugijos kasmetinis kongresas (W\u00fcrzburg, Vokietija)<\/p>\n\n\n\n<p>Vokietijos odontolog\u0173 r\u016bm\u0173 visuotinis kongresas (Frankfurt, Vokietija)<\/p>\n\n\n\n<p>Praktiniai kursai \u201cGydytojas ir internetin\u0117 erdv\u0117\u201d (Rheinau, Vokietija)<\/p>\n\n\n\n<p><strong>2015 m.<\/strong><\/p>\n\n\n\n<p>Mokslin\u0117 konferencija \u201cAktualijos periodontologijoje\u201d (Vilnius, Lietuva)<\/p>\n\n\n\n<p>Visuotinis Lietuvos Odontolog\u0173 r\u016bm\u0173 tarptautinis kongresas \u201cBurnos lig\u0173 profilaktika ir reabilitacija\u201d (Druskininkai, Lietuva)<\/p>\n\n\n\n<p>Nacionalinis osteologijos simpoziumas (Baden-Baden, Vokietija)<\/p>\n\n\n\n<p>Ortenau regiono odontolog\u0173 r\u016bm\u0173 kongresas (Lahr, Vokietija)<\/p>\n\n\n\n<p>Vokietijos, Pranc\u016bzijos ir \u0160veicarijos odontolog\u0173 draugij\u0173 konferencija \u201eVom Wissen zum K\u00f6nnen\u201c (Strasbourg, Pranc\u016bzija)<\/p>\n\n\n\n<p>Praktiniai CEREC kursai, Hendry Schein (Freiburg, Vokietija)<\/p>\n\n\n\n<p>Implantologijos kongresas \u201c Das Implantat vs. Zahnerhalt\u201c (Baden-Baden, Vokietija)<\/p>\n\n\n\n<p>Radiacin\u0117s saugos \u017eini\u0173 atnaujinimo mokymai (Radolfzell, Vokietija)<\/p>\n\n\n\n<p><strong>2014 m.<\/strong><\/p>\n\n\n\n<p>Visuotinis odontolog\u0173 r\u016bm\u0173 nari\u0173 susirinkimas ir tarptautinis kongresas \u201eNuo id\u0117jos iki pasiekim\u0173\u201d (Druskininkai, Lietuva)<\/p>\n\n\n\n<p><strong>2013 m.<\/strong><\/p>\n\n\n\n<p>Mokslin\u0117 konferencija \u201cAktualijos periodontologijoje\u201d (Vilnius, Lietuva)<\/p>\n\n\n\n<p>Konferencija \u201cNaujov\u0117s ir aktualijos odontologo praktikoje\u201d (Palanga, Lietuva)<\/p>\n\n\n\n<p>Tarptautinis lazerologijos kongresas \u201cLaser in dentistry\u201d ( Vilnius, Lietuva)<\/p>\n\n\n\n<p><strong>2012 m.<\/strong><\/p>\n\n\n\n<p>Tarptautin\u0117 Quintessence Baltic konferencija \u201cToday vs.the Future\u201c (Kaunas, Lietuva)<\/p>\n\n\n\n<\/span>\n\n\n\n<button onclick=\"myFunctionBIO()\" id=\"myBtn\">READ MORE<\/button>\n\n\n\n<p><\/p>\n<\/div><\/div>\n<\/div><\/section>\n<\/div><\/div>\n\n\n\n<p><\/p>","protected":false},"excerpt":{"rendered":"","protected":false},"author":1,"featured_media":0,"parent":0,"menu_order":0,"comment_status":"closed","ping_status":"closed","template":"","meta":{"_monsterinsights_skip_tracking":false,"_monsterinsights_sitenote_active":false,"_monsterinsights_sitenote_note":"","_monsterinsights_sitenote_category":0},"yoast_head":"<!-- This site is optimized with the Yoast SEO plugin v17.8 - https:\/\/yoast.com\/wordpress\/plugins\/seo\/ -->\n<title>Greta Parker - A. Mackevi\u010diaus odontologijos klinika - Vilnius<\/title>\n<meta name=\"robots\" content=\"index, follow, max-snippet:-1, max-image-preview:large, max-video-preview:-1\" \/>\n<link rel=\"canonical\" href=\"https:\/\/mackeviciai.lt\/en\/greta-parker-2\/\" \/>\n<meta property=\"og:locale\" content=\"en_US\" \/>\n<meta property=\"og:type\" content=\"article\" \/>\n<meta property=\"og:title\" content=\"Greta Parker - A. Mackevi\u010diaus odontologijos klinika - Vilnius\" \/>\n<meta property=\"og:url\" content=\"https:\/\/mackeviciai.lt\/en\/greta-parker-2\/\" \/>\n<meta property=\"og:site_name\" content=\"A. Mackevi\u010diaus odontologijos klinika - Vilnius\" \/>\n<meta property=\"article:modified_time\" content=\"2025-05-13T18:41:20+00:00\" \/>\n<meta property=\"og:image\" content=\"https:\/\/www.mackeviciai.lt\/wp-content\/uploads\/2021\/11\/Greta_Parker-min.jpg\" \/>\n<meta name=\"twitter:card\" content=\"summary_large_image\" \/>\n<meta name=\"twitter:label1\" content=\"Est. reading time\" \/>\n\t<meta name=\"twitter:data1\" content=\"5 minutes\" \/>\n<script type=\"application\/ld+json\" class=\"yoast-schema-graph\">{\"@context\":\"https:\/\/schema.org\",\"@graph\":[{\"@type\":\"Organization\",\"@id\":\"https:\/\/mackeviciai.lt\/lt\/#organization\",\"name\":\"A. Mackevi\\u010diaus odontologijos klinika\",\"url\":\"https:\/\/mackeviciai.lt\/lt\/\",\"sameAs\":[],\"logo\":{\"@type\":\"ImageObject\",\"@id\":\"https:\/\/mackeviciai.lt\/lt\/#logo\",\"inLanguage\":\"en-US\",\"url\":\"https:\/\/www.mackeviciai.lt\/wp-content\/uploads\/2021\/12\/BLUE_HORIZONTAL.png\",\"contentUrl\":\"https:\/\/www.mackeviciai.lt\/wp-content\/uploads\/2021\/12\/BLUE_HORIZONTAL.png\",\"width\":708,\"height\":165,\"caption\":\"A. Mackevi\\u010diaus odontologijos klinika\"},\"image\":{\"@id\":\"https:\/\/mackeviciai.lt\/lt\/#logo\"}},{\"@type\":\"WebSite\",\"@id\":\"https:\/\/mackeviciai.lt\/lt\/#website\",\"url\":\"https:\/\/mackeviciai.lt\/lt\/\",\"name\":\"A. Mackevi\\u010diaus odontologijos klinika - Vilnius\",\"description\":\"\",\"publisher\":{\"@id\":\"https:\/\/mackeviciai.lt\/lt\/#organization\"},\"potentialAction\":[{\"@type\":\"SearchAction\",\"target\":{\"@type\":\"EntryPoint\",\"urlTemplate\":\"https:\/\/mackeviciai.lt\/lt\/?s={search_term_string}\"},\"query-input\":\"required name=search_term_string\"}],\"inLanguage\":\"en-US\"},{\"@type\":\"ImageObject\",\"@id\":\"https:\/\/mackeviciai.lt\/en\/greta-parker-2\/#primaryimage\",\"inLanguage\":\"en-US\",\"url\":\"https:\/\/www.mackeviciai.lt\/wp-content\/uploads\/2021\/11\/Greta_Parker-min.jpg\",\"contentUrl\":\"https:\/\/www.mackeviciai.lt\/wp-content\/uploads\/2021\/11\/Greta_Parker-min.jpg\"},{\"@type\":\"WebPage\",\"@id\":\"https:\/\/mackeviciai.lt\/en\/greta-parker-2\/#webpage\",\"url\":\"https:\/\/mackeviciai.lt\/en\/greta-parker-2\/\",\"name\":\"Greta Parker - A. Mackevi\\u010diaus odontologijos klinika - Vilnius\",\"isPartOf\":{\"@id\":\"https:\/\/mackeviciai.lt\/lt\/#website\"},\"primaryImageOfPage\":{\"@id\":\"https:\/\/mackeviciai.lt\/en\/greta-parker-2\/#primaryimage\"},\"datePublished\":\"2022-01-31T00:40:13+00:00\",\"dateModified\":\"2025-05-13T18:41:20+00:00\",\"breadcrumb\":{\"@id\":\"https:\/\/mackeviciai.lt\/en\/greta-parker-2\/#breadcrumb\"},\"inLanguage\":\"en-US\",\"potentialAction\":[{\"@type\":\"ReadAction\",\"target\":[\"https:\/\/mackeviciai.lt\/en\/greta-parker-2\/\"]}]},{\"@type\":\"BreadcrumbList\",\"@id\":\"https:\/\/mackeviciai.lt\/en\/greta-parker-2\/#breadcrumb\",\"itemListElement\":[{\"@type\":\"ListItem\",\"position\":1,\"name\":\"Home\",\"item\":\"https:\/\/mackeviciai.lt\/en\/\"},{\"@type\":\"ListItem\",\"position\":2,\"name\":\"Greta Parker\"}]}]}<\/script>\n<!-- \/ Yoast SEO plugin. -->","yoast_head_json":{"title":"Greta Parker - A. Mackevi\u010diaus odontologijos klinika - Vilnius","robots":{"index":"index","follow":"follow","max-snippet":"max-snippet:-1","max-image-preview":"max-image-preview:large","max-video-preview":"max-video-preview:-1"},"canonical":"https:\/\/mackeviciai.lt\/en\/greta-parker-2\/","og_locale":"en_US","og_type":"article","og_title":"Greta Parker - A. Mackevi\u010diaus odontologijos klinika - Vilnius","og_url":"https:\/\/mackeviciai.lt\/en\/greta-parker-2\/","og_site_name":"A. Mackevi\u010diaus odontologijos klinika - Vilnius","article_modified_time":"2025-05-13T18:41:20+00:00","og_image":[{"url":"https:\/\/www.mackeviciai.lt\/wp-content\/uploads\/2021\/11\/Greta_Parker-min.jpg"}],"twitter_card":"summary_large_image","twitter_misc":{"Est. reading time":"5 minutes"},"schema":{"@context":"https:\/\/schema.org","@graph":[{"@type":"Organization","@id":"https:\/\/mackeviciai.lt\/lt\/#organization","name":"A. Mackevi\u010diaus odontologijos klinika","url":"https:\/\/mackeviciai.lt\/lt\/","sameAs":[],"logo":{"@type":"ImageObject","@id":"https:\/\/mackeviciai.lt\/lt\/#logo","inLanguage":"en-US","url":"https:\/\/www.mackeviciai.lt\/wp-content\/uploads\/2021\/12\/BLUE_HORIZONTAL.png","contentUrl":"https:\/\/www.mackeviciai.lt\/wp-content\/uploads\/2021\/12\/BLUE_HORIZONTAL.png","width":708,"height":165,"caption":"A. Mackevi\u010diaus odontologijos klinika"},"image":{"@id":"https:\/\/mackeviciai.lt\/lt\/#logo"}},{"@type":"WebSite","@id":"https:\/\/mackeviciai.lt\/lt\/#website","url":"https:\/\/mackeviciai.lt\/lt\/","name":"A. Mackevi\u010diaus odontologijos klinika - Vilnius","description":"","publisher":{"@id":"https:\/\/mackeviciai.lt\/lt\/#organization"},"potentialAction":[{"@type":"SearchAction","target":{"@type":"EntryPoint","urlTemplate":"https:\/\/mackeviciai.lt\/lt\/?s={search_term_string}"},"query-input":"required name=search_term_string"}],"inLanguage":"en-US"},{"@type":"ImageObject","@id":"https:\/\/mackeviciai.lt\/en\/greta-parker-2\/#primaryimage","inLanguage":"en-US","url":"https:\/\/www.mackeviciai.lt\/wp-content\/uploads\/2021\/11\/Greta_Parker-min.jpg","contentUrl":"https:\/\/www.mackeviciai.lt\/wp-content\/uploads\/2021\/11\/Greta_Parker-min.jpg"},{"@type":"WebPage","@id":"https:\/\/mackeviciai.lt\/en\/greta-parker-2\/#webpage","url":"https:\/\/mackeviciai.lt\/en\/greta-parker-2\/","name":"Greta Parker - A. Mackevi\u010diaus odontologijos klinika - Vilnius","isPartOf":{"@id":"https:\/\/mackeviciai.lt\/lt\/#website"},"primaryImageOfPage":{"@id":"https:\/\/mackeviciai.lt\/en\/greta-parker-2\/#primaryimage"},"datePublished":"2022-01-31T00:40:13+00:00","dateModified":"2025-05-13T18:41:20+00:00","breadcrumb":{"@id":"https:\/\/mackeviciai.lt\/en\/greta-parker-2\/#breadcrumb"},"inLanguage":"en-US","potentialAction":[{"@type":"ReadAction","target":["https:\/\/mackeviciai.lt\/en\/greta-parker-2\/"]}]},{"@type":"BreadcrumbList","@id":"https:\/\/mackeviciai.lt\/en\/greta-parker-2\/#breadcrumb","itemListElement":[{"@type":"ListItem","position":1,"name":"Home","item":"https:\/\/mackeviciai.lt\/en\/"},{"@type":"ListItem","position":2,"name":"Greta Parker"}]}]}},"uagb_featured_image_src":{"full":false,"thumbnail":false,"medium":false,"medium_large":false,"large":false,"1536x1536":false,"2048x2048":false,"trp-custom-language-flag":false,"post-thumbnail":false,"twentytwenty-fullscreen":false},"uagb_author_info":{"display_name":"test159","author_link":"https:\/\/mackeviciai.lt\/en\/author\/test159\/"},"uagb_comment_info":0,"uagb_excerpt":null,"_links":{"self":[{"href":"https:\/\/mackeviciai.lt\/en\/wp-json\/wp\/v2\/pages\/4175"}],"collection":[{"href":"https:\/\/mackeviciai.lt\/en\/wp-json\/wp\/v2\/pages"}],"about":[{"href":"https:\/\/mackeviciai.lt\/en\/wp-json\/wp\/v2\/types\/page"}],"author":[{"embeddable":true,"href":"https:\/\/mackeviciai.lt\/en\/wp-json\/wp\/v2\/users\/1"}],"replies":[{"embeddable":true,"href":"https:\/\/mackeviciai.lt\/en\/wp-json\/wp\/v2\/comments?post=4175"}],"version-history":[{"count":4,"href":"https:\/\/mackeviciai.lt\/en\/wp-json\/wp\/v2\/pages\/4175\/revisions"}],"predecessor-version":[{"id":5752,"href":"https:\/\/mackeviciai.lt\/en\/wp-json\/wp\/v2\/pages\/4175\/revisions\/5752"}],"wp:attachment":[{"href":"https:\/\/mackeviciai.lt\/en\/wp-json\/wp\/v2\/media?parent=4175"}],"curies":[{"name":"wp","href":"https:\/\/api.w.org\/{rel}","templated":true}]}}