{"id":4176,"date":"2022-01-31T01:06:33","date_gmt":"2022-01-31T01:06:33","guid":{"rendered":"https:\/\/www.mackeviciai.lt\/?page_id=4176"},"modified":"2026-04-02T13:05:20","modified_gmt":"2026-04-02T13:05:20","slug":"indre-naruseviciute-2","status":"publish","type":"page","link":"https:\/\/mackeviciai.lt\/en\/indre-naruseviciute-2\/","title":{"rendered":"Indr\u0117 Naru\u0161evi\u010di\u016bt\u0117"},"content":{"rendered":"<div class=\"wp-block-group alignfull mackD1\"><div class=\"wp-block-group__inner-container\">\n<section class=\"wp-block-uagb-columns uagb-columns__wrap uagb-columns__background-undefined uagb-columns__stack-mobile uagb-columns__valign-undefined uagb-columns__gap-10 alignfull uagb-block-78615b6f\"><div class=\"uagb-columns__overlay\"><\/div><div class=\"uagb-columns__inner-wrap uagb-columns__columns-2\">\n<div class=\"wp-block-uagb-column uagb-column__wrap uagb-column__background-undefined uagb-block-698b6785 mackDOCspec2\"><div class=\"uagb-column__overlay\"><\/div><div class=\"uagb-column__inner-wrap\">\n<figure class=\"wp-block-image alignfull size-large docDOCimg\"><img loading=\"lazy\" width=\"600\" height=\"600\" src=\"https:\/\/www.mackeviciai.lt\/wp-content\/uploads\/2021\/11\/Indre_Naruseviciute-min.jpg\" alt=\"doctor portrait\" class=\"wp-image-2235\" srcset=\"https:\/\/mackeviciai.lt\/wp-content\/uploads\/2021\/11\/Indre_Naruseviciute-min.jpg 600w, https:\/\/mackeviciai.lt\/wp-content\/uploads\/2021\/11\/Indre_Naruseviciute-min-300x300.jpg 300w, https:\/\/mackeviciai.lt\/wp-content\/uploads\/2021\/11\/Indre_Naruseviciute-min-150x150.jpg 150w\" sizes=\"(max-width: 600px) 100vw, 600px\" \/><\/figure>\n\n\n\n<div id=\"ez-toc-container\" class=\"ez-toc-v2_0_17 counter-hierarchy counter-decimal ez-toc-transparent\">\n<nav><ul class=\"ez-toc-list ez-toc-list-level-1\"><ul class=\"ez-toc-list-level-4\"><li class=\"ez-toc-heading-level-4\"><ul class=\"ez-toc-list-level-4\"><li class=\"ez-toc-heading-level-4\"><a class=\"ez-toc-link ez-toc-heading-1\" href=\"https:\/\/mackeviciai.lt\/en\/indre-naruseviciute-2\/#Indre_Naruseviciute\" title=\"Indr\u0117 Naru\u0161evi\u010di\u016bt\u0117\">Indr\u0117 Naru\u0161evi\u010di\u016bt\u0117<\/a><\/li><li class=\"ez-toc-page-1 ez-toc-heading-level-4\"><a class=\"ez-toc-link ez-toc-heading-2\" href=\"https:\/\/mackeviciai.lt\/en\/indre-naruseviciute-2\/#Biography\" title=\"Biography\">Biography<\/a><\/li><li class=\"ez-toc-page-1 ez-toc-heading-level-4\"><a class=\"ez-toc-link ez-toc-heading-3\" href=\"https:\/\/mackeviciai.lt\/en\/indre-naruseviciute-2\/#Membership_in_professional_organizations\" title=\"Membership in professional organizations\">Membership in professional organizations<\/a><\/li><li class=\"ez-toc-page-1 ez-toc-heading-level-4\"><a class=\"ez-toc-link ez-toc-heading-4\" href=\"https:\/\/mackeviciai.lt\/en\/indre-naruseviciute-2\/#Qualification_improvement\" title=\"Qualification improvement\">Qualification improvement<\/a><\/li><\/ul><\/li><\/ul><\/li><li class=\"ez-toc-page-1 ez-toc-heading-level-2\"><a class=\"ez-toc-link ez-toc-heading-5\" href=\"https:\/\/mackeviciai.lt\/en\/indre-naruseviciute-2\/#Oral_hygiene\" title=\"Oral hygiene\">Oral hygiene<\/a><\/li><\/ul><\/nav><\/div>\n<h4 class=\"varpav\"><span class=\"ez-toc-section\" id=\"Indre_Naruseviciute\"><\/span><strong>Indr\u0117 Naru\u0161evi\u010di\u016bt\u0117<\/strong><span class=\"ez-toc-section-end\"><\/span><\/h4>\n\n\n\n<p class=\"nomarg\" style=\"font-size:20px\"><strong>ORAL HYGIENIST<\/strong><\/p>\n\n\n\n<div class=\"wp-block-group mackDOCspec\"><div class=\"wp-block-group__inner-container\">\n<h6><strong><strong>SPECIALISATION<\/strong><\/strong><\/h6>\n\n\n\n<p>Oral hygiene<\/p>\n\n\n\n<h6><strong><strong>LICENCE NUMBER<\/strong><\/strong><\/h6>\n\n\n\n<p>BPL-03079<\/p>\n\n\n\n<h6><strong><strong>LANGUAGES<\/strong><\/strong><\/h6>\n\n\n\n<p>Lithuanian, English, Russian<\/p>\n<\/div><\/div>\n<\/div><\/div>\n\n\n\n<div class=\"wp-block-uagb-column uagb-column__wrap uagb-column__background-undefined uagb-block-33e971e7\"><div class=\"uagb-column__overlay\"><\/div><div class=\"uagb-column__inner-wrap\">\n<div class=\"wp-block-group alignfull mackbox nomarg2\"><div class=\"wp-block-group__inner-container\">\n<p>\u201cVisit for a professional oral hygiene session regularly and enjoy a healthy natural smile.\u201d<\/p>\n<\/div><\/div>\n\n\n\n<h4><span class=\"ez-toc-section\" id=\"Biography\"><\/span>Biography<span class=\"ez-toc-section-end\"><\/span><\/h4>\n\n\n\n<p class=\"docBIO\">\n<strong class=\"first\">2001 \u2013 2004<\/strong> Kaunas College, specialty of dental assistant <strong>2007<\/strong> graduated from Kaunas College and obtained the qualification of an oral hygienist.\n<\/p>\n\n\n\n<h4><span class=\"ez-toc-section\" id=\"Membership_in_professional_organizations\"><\/span>Membership in professional organizations<span class=\"ez-toc-section-end\"><\/span><\/h4>\n\n\n\n<p>\n<strong class=\"first\">Since 2004<\/strong> Member of the Chamber of Dentists of the Republic of Lithuania.\n<\/p>\n\n\n\n<h4><span class=\"ez-toc-section\" id=\"Qualification_improvement\"><\/span>Qualification improvement<span class=\"ez-toc-section-end\"><\/span><\/h4>\n\n\n\n<p><strong>2022 m.<\/strong><\/p>\n\n\n\n<p>Kursai \u201eEuroPerio10\u201c, 2022 m. bir\u017eelio 15-18 d., Bella Center Copenhagen, Denmark<\/p>\n\n\n\n<p><strong>2019 m.<\/strong><\/p>\n\n\n\n<p>Kursai ,,Full Mouth Disinfection Protocols\u201c, 2019 m. baland\u017eio 5-6 d., Piacenza, Italija<\/p>\n\n\n\n<p><strong>2016 m.<\/strong><\/p>\n\n\n\n<p>International Symposium on Dental Hygiene, 2016 m. bir\u017eelio 24-25d., Messe Basel, \u0160veicarija<\/p>\n\n\n\n<p>Kursai ,,The Vector Method\u201d, 2016 m. spalio 12d., Bietigheim-Bissingen, Vokietija<\/p>\n\n\n\n<span id=\"dots\"><br>&#8230;<\/span>\n<span id=\"more\">\n\n\n\n<p><strong>2014 m.<\/strong><\/p>\n\n\n\n<p>Kursai ,,Prophylaxis Master Class\u201c, 2014 m. kovo 14 d., Stokholmas, \u0160vedija<\/p>\n\n\n\n<p><strong>2013 m.<\/strong><\/p>\n\n\n\n<p>Balinimo kursai \u201eIntroduction to tooth whitening\u201c , Londonas<\/p>\n\n\n\n<p>Skaitytas paskait\u0173 ciklas \u201ePeriodontologo, bendrosios praktikos gydytojo ir burnos higienisto bendradarbiavimo aspektai\u201c, Kaunas<\/p>\n\n\n\n<p>Konsultant\u0117 PBH klausimais, atliekant mokslin\u012f darb\u0105 su KMU studentais \u201ePBH \u012ftaka restauracijoms\u201c<\/p>\n\n\n\n<p><strong>2012 m.<\/strong><\/p>\n\n\n\n<p>Instruktor\u0117 ITOP kursuose, Vilnius<\/p>\n\n\n\n<p>Prad\u0117ta vykdyti nauja profilaktikos programa \u201eKaip u\u017eauginti vaik\u0173 kart\u0105 be karieso\u201c<\/p>\n\n\n\n<p><strong>2011 m.<\/strong><\/p>\n\n\n\n<p>Baziniai kursai \u201eINDIVIDUALAUS BURNOS LIG\u0172 PROFILAKTIKOS MOKYMAI (iTOP)\u201c Lektor\u0117 Kristen Warrer<\/p>\n\n\n\n<p>Skaitytas paskait\u0173 ciklas \u201ePBH svarba prie\u0161 ir po implantacijos\u201c, Kaunas<\/p>\n\n\n\n<p>Individual\u016bs praktiniai mokymai \u201eBow line dental clinic\u201c, Londonas<\/p>\n\n\n\n<p>Balinimo kursai \u201eIntroduction to tooth whitening\u201c , Londonas<\/p>\n\n\n\n<p>Skaitytas prane\u0161imas \u201ePBH svarba prie\u0161 ir po implantacij\u0173\u201c, Kaunas<\/p>\n\n\n\n<p><strong>2010 m.<\/strong><\/p>\n\n\n\n<p>\u201eDant\u0173 balinimo naujov\u0117s\u201c, Anglija<\/p>\n\n\n\n<p>\u201eEMS\u201c kursai, \u0160vedija<\/p>\n\n\n\n<p><strong>2009 m.<\/strong><\/p>\n\n\n\n<p>Dalyvavimas televizijos laidoje tema \u201eKaip teisingai pri\u017ei\u016br\u0117ti pieninius dantukus.\u201c<\/p>\n\n\n\n<p><strong>2008 m.<\/strong><\/p>\n\n\n\n<p>Praktin\u0117 sta\u017euot\u0117 kompanijoje \u201eOpro\u201c, Anglija<\/p>\n\n\n\n<p><strong>2006 m.<\/strong><\/p>\n\n\n\n<p>Atliko Erasmus main\u0173 program\u0105, 3 m\u0117n., Suomija<\/p>\n\n\n\n<\/span>\n\n\n\n<button onclick=\"myFunctionBIO()\" id=\"myBtn\">READ MORE<\/button>\n\n\n\n<p><\/p>\n<\/div><\/div>\n<\/div><\/section>\n<\/div><\/div>\n\n\n\n<div class=\"wp-block-group alignfull widthfull services\"><div class=\"wp-block-group__inner-container\">\n<div class=\"wp-block-group alignfull\"><div class=\"wp-block-group__inner-container\">\n<div style=\"height:40px\" aria-hidden=\"true\" class=\"wp-block-spacer\"><\/div>\n\n\n\n<div class=\"wp-block-columns alignwide\">\n<div class=\"wp-block-column\">\n<figure class=\"wp-block-embed is-type-video is-provider-youtube wp-block-embed-youtube frame wp-embed-aspect-16-9 wp-has-aspect-ratio\"><div class=\"wp-block-embed__wrapper\">\n<iframe loading=\"lazy\" title=\"Burnos Higiena - Indr\u0117 Naru\u0161evi\u010di\u016bt\u0117   | Mackevi\u010di\u0173 \u0161eimos odontologijos klinika\" width=\"580\" height=\"326\" src=\"https:\/\/www.youtube.com\/embed\/wL_mhkVwYTg?feature=oembed\" frameborder=\"0\" allow=\"accelerometer; autoplay; clipboard-write; encrypted-media; gyroscope; picture-in-picture\" allowfullscreen><\/iframe>\n<\/div><\/figure>\n<\/div>\n\n\n\n<div class=\"wp-block-column mack1\">\n<h5>Meet Indr\u0117 Naru\u0161evi\u010di\u016bt\u0117<\/h5>\n\n\n\n<h2><span class=\"ez-toc-section\" id=\"Oral_hygiene\"><\/span>Oral hygiene<span class=\"ez-toc-section-end\"><\/span><\/h2>\n\n\n\n<p>Regular and professional oral hygiene servicing is an excellent preventive measure against various problems of the mouth, teeth, and gums. Do not hesitate to contact our clinic.<\/p>\n\n\n\n<div class=\"wp-block-buttons is-content-justification-center\">\n<div class=\"wp-block-button is-style-outline\"><a class=\"wp-block-button__link has-primary-color has-text-color\" style=\"border-radius:10px\">SEE MORE<\/a><\/div>\n<\/div>\n<\/div>\n<\/div>\n<\/div><\/div>\n<\/div><\/div>","protected":false},"excerpt":{"rendered":"<p>Meet Indr\u0117 Naru\u0161evi\u010di\u016bt\u0117 Oral hygiene Regular and professional oral hygiene servicing is an excellent preventive measure against various problems of the mouth, teeth, and gums. Do not hesitate to contact our clinic.<\/p>","protected":false},"author":1,"featured_media":0,"parent":0,"menu_order":0,"comment_status":"closed","ping_status":"closed","template":"","meta":{"_monsterinsights_skip_tracking":false,"_monsterinsights_sitenote_active":false,"_monsterinsights_sitenote_note":"","_monsterinsights_sitenote_category":0},"yoast_head":"<!-- This site is optimized with the Yoast SEO plugin v17.8 - https:\/\/yoast.com\/wordpress\/plugins\/seo\/ -->\n<title>Indr\u0117 Naru\u0161evi\u010di\u016bt\u0117 - A. Mackevi\u010diaus odontologijos klinika - Vilnius<\/title>\n<meta name=\"robots\" content=\"index, follow, max-snippet:-1, max-image-preview:large, max-video-preview:-1\" \/>\n<link rel=\"canonical\" href=\"https:\/\/mackeviciai.lt\/en\/indre-naruseviciute-2\/\" \/>\n<meta property=\"og:locale\" content=\"en_US\" \/>\n<meta property=\"og:type\" content=\"article\" \/>\n<meta property=\"og:title\" content=\"Indr\u0117 Naru\u0161evi\u010di\u016bt\u0117 - A. Mackevi\u010diaus odontologijos klinika - Vilnius\" \/>\n<meta property=\"og:description\" content=\"Meet Indr\u0117 Naru\u0161evi\u010di\u016bt\u0117 Oral hygiene Regular and professional oral hygiene servicing is an excellent preventive measure against various problems of the mouth, teeth, and gums. Do not hesitate to contact our clinic.\" \/>\n<meta property=\"og:url\" content=\"https:\/\/mackeviciai.lt\/en\/indre-naruseviciute-2\/\" \/>\n<meta property=\"og:site_name\" content=\"A. Mackevi\u010diaus odontologijos klinika - Vilnius\" \/>\n<meta property=\"article:modified_time\" content=\"2026-04-02T13:05:20+00:00\" \/>\n<meta property=\"og:image\" content=\"https:\/\/www.mackeviciai.lt\/wp-content\/uploads\/2021\/11\/Indre_Naruseviciute-min.jpg\" \/>\n<meta name=\"twitter:card\" content=\"summary_large_image\" \/>\n<meta name=\"twitter:label1\" content=\"Est. reading time\" \/>\n\t<meta name=\"twitter:data1\" content=\"2 minutes\" \/>\n<script type=\"application\/ld+json\" class=\"yoast-schema-graph\">{\"@context\":\"https:\/\/schema.org\",\"@graph\":[{\"@type\":\"Organization\",\"@id\":\"https:\/\/mackeviciai.lt\/lt\/#organization\",\"name\":\"A. Mackevi\\u010diaus odontologijos klinika\",\"url\":\"https:\/\/mackeviciai.lt\/lt\/\",\"sameAs\":[],\"logo\":{\"@type\":\"ImageObject\",\"@id\":\"https:\/\/mackeviciai.lt\/lt\/#logo\",\"inLanguage\":\"en-US\",\"url\":\"https:\/\/www.mackeviciai.lt\/wp-content\/uploads\/2021\/12\/BLUE_HORIZONTAL.png\",\"contentUrl\":\"https:\/\/www.mackeviciai.lt\/wp-content\/uploads\/2021\/12\/BLUE_HORIZONTAL.png\",\"width\":708,\"height\":165,\"caption\":\"A. Mackevi\\u010diaus odontologijos klinika\"},\"image\":{\"@id\":\"https:\/\/mackeviciai.lt\/lt\/#logo\"}},{\"@type\":\"WebSite\",\"@id\":\"https:\/\/mackeviciai.lt\/lt\/#website\",\"url\":\"https:\/\/mackeviciai.lt\/lt\/\",\"name\":\"A. Mackevi\\u010diaus odontologijos klinika - Vilnius\",\"description\":\"\",\"publisher\":{\"@id\":\"https:\/\/mackeviciai.lt\/lt\/#organization\"},\"potentialAction\":[{\"@type\":\"SearchAction\",\"target\":{\"@type\":\"EntryPoint\",\"urlTemplate\":\"https:\/\/mackeviciai.lt\/lt\/?s={search_term_string}\"},\"query-input\":\"required name=search_term_string\"}],\"inLanguage\":\"en-US\"},{\"@type\":\"ImageObject\",\"@id\":\"https:\/\/mackeviciai.lt\/en\/indre-naruseviciute-2\/#primaryimage\",\"inLanguage\":\"en-US\",\"url\":\"https:\/\/www.mackeviciai.lt\/wp-content\/uploads\/2021\/11\/Indre_Naruseviciute-min.jpg\",\"contentUrl\":\"https:\/\/www.mackeviciai.lt\/wp-content\/uploads\/2021\/11\/Indre_Naruseviciute-min.jpg\"},{\"@type\":\"WebPage\",\"@id\":\"https:\/\/mackeviciai.lt\/en\/indre-naruseviciute-2\/#webpage\",\"url\":\"https:\/\/mackeviciai.lt\/en\/indre-naruseviciute-2\/\",\"name\":\"Indr\\u0117 Naru\\u0161evi\\u010di\\u016bt\\u0117 - A. Mackevi\\u010diaus odontologijos klinika - Vilnius\",\"isPartOf\":{\"@id\":\"https:\/\/mackeviciai.lt\/lt\/#website\"},\"primaryImageOfPage\":{\"@id\":\"https:\/\/mackeviciai.lt\/en\/indre-naruseviciute-2\/#primaryimage\"},\"datePublished\":\"2022-01-31T01:06:33+00:00\",\"dateModified\":\"2026-04-02T13:05:20+00:00\",\"breadcrumb\":{\"@id\":\"https:\/\/mackeviciai.lt\/en\/indre-naruseviciute-2\/#breadcrumb\"},\"inLanguage\":\"en-US\",\"potentialAction\":[{\"@type\":\"ReadAction\",\"target\":[\"https:\/\/mackeviciai.lt\/en\/indre-naruseviciute-2\/\"]}]},{\"@type\":\"BreadcrumbList\",\"@id\":\"https:\/\/mackeviciai.lt\/en\/indre-naruseviciute-2\/#breadcrumb\",\"itemListElement\":[{\"@type\":\"ListItem\",\"position\":1,\"name\":\"Home\",\"item\":\"https:\/\/mackeviciai.lt\/en\/\"},{\"@type\":\"ListItem\",\"position\":2,\"name\":\"Indr\\u0117 Naru\\u0161evi\\u010di\\u016bt\\u0117\"}]}]}<\/script>\n<!-- \/ Yoast SEO plugin. -->","yoast_head_json":{"title":"Indr\u0117 Naru\u0161evi\u010di\u016bt\u0117 - A. Mackevi\u010diaus odontologijos klinika - Vilnius","robots":{"index":"index","follow":"follow","max-snippet":"max-snippet:-1","max-image-preview":"max-image-preview:large","max-video-preview":"max-video-preview:-1"},"canonical":"https:\/\/mackeviciai.lt\/en\/indre-naruseviciute-2\/","og_locale":"en_US","og_type":"article","og_title":"Indr\u0117 Naru\u0161evi\u010di\u016bt\u0117 - A. Mackevi\u010diaus odontologijos klinika - Vilnius","og_description":"Meet Indr\u0117 Naru\u0161evi\u010di\u016bt\u0117 Oral hygiene Regular and professional oral hygiene servicing is an excellent preventive measure against various problems of the mouth, teeth, and gums. Do not hesitate to contact our clinic.","og_url":"https:\/\/mackeviciai.lt\/en\/indre-naruseviciute-2\/","og_site_name":"A. Mackevi\u010diaus odontologijos klinika - Vilnius","article_modified_time":"2026-04-02T13:05:20+00:00","og_image":[{"url":"https:\/\/www.mackeviciai.lt\/wp-content\/uploads\/2021\/11\/Indre_Naruseviciute-min.jpg"}],"twitter_card":"summary_large_image","twitter_misc":{"Est. reading time":"2 minutes"},"schema":{"@context":"https:\/\/schema.org","@graph":[{"@type":"Organization","@id":"https:\/\/mackeviciai.lt\/lt\/#organization","name":"A. Mackevi\u010diaus odontologijos klinika","url":"https:\/\/mackeviciai.lt\/lt\/","sameAs":[],"logo":{"@type":"ImageObject","@id":"https:\/\/mackeviciai.lt\/lt\/#logo","inLanguage":"en-US","url":"https:\/\/www.mackeviciai.lt\/wp-content\/uploads\/2021\/12\/BLUE_HORIZONTAL.png","contentUrl":"https:\/\/www.mackeviciai.lt\/wp-content\/uploads\/2021\/12\/BLUE_HORIZONTAL.png","width":708,"height":165,"caption":"A. Mackevi\u010diaus odontologijos klinika"},"image":{"@id":"https:\/\/mackeviciai.lt\/lt\/#logo"}},{"@type":"WebSite","@id":"https:\/\/mackeviciai.lt\/lt\/#website","url":"https:\/\/mackeviciai.lt\/lt\/","name":"A. Mackevi\u010diaus odontologijos klinika - Vilnius","description":"","publisher":{"@id":"https:\/\/mackeviciai.lt\/lt\/#organization"},"potentialAction":[{"@type":"SearchAction","target":{"@type":"EntryPoint","urlTemplate":"https:\/\/mackeviciai.lt\/lt\/?s={search_term_string}"},"query-input":"required name=search_term_string"}],"inLanguage":"en-US"},{"@type":"ImageObject","@id":"https:\/\/mackeviciai.lt\/en\/indre-naruseviciute-2\/#primaryimage","inLanguage":"en-US","url":"https:\/\/www.mackeviciai.lt\/wp-content\/uploads\/2021\/11\/Indre_Naruseviciute-min.jpg","contentUrl":"https:\/\/www.mackeviciai.lt\/wp-content\/uploads\/2021\/11\/Indre_Naruseviciute-min.jpg"},{"@type":"WebPage","@id":"https:\/\/mackeviciai.lt\/en\/indre-naruseviciute-2\/#webpage","url":"https:\/\/mackeviciai.lt\/en\/indre-naruseviciute-2\/","name":"Indr\u0117 Naru\u0161evi\u010di\u016bt\u0117 - A. Mackevi\u010diaus odontologijos klinika - Vilnius","isPartOf":{"@id":"https:\/\/mackeviciai.lt\/lt\/#website"},"primaryImageOfPage":{"@id":"https:\/\/mackeviciai.lt\/en\/indre-naruseviciute-2\/#primaryimage"},"datePublished":"2022-01-31T01:06:33+00:00","dateModified":"2026-04-02T13:05:20+00:00","breadcrumb":{"@id":"https:\/\/mackeviciai.lt\/en\/indre-naruseviciute-2\/#breadcrumb"},"inLanguage":"en-US","potentialAction":[{"@type":"ReadAction","target":["https:\/\/mackeviciai.lt\/en\/indre-naruseviciute-2\/"]}]},{"@type":"BreadcrumbList","@id":"https:\/\/mackeviciai.lt\/en\/indre-naruseviciute-2\/#breadcrumb","itemListElement":[{"@type":"ListItem","position":1,"name":"Home","item":"https:\/\/mackeviciai.lt\/en\/"},{"@type":"ListItem","position":2,"name":"Indr\u0117 Naru\u0161evi\u010di\u016bt\u0117"}]}]}},"uagb_featured_image_src":{"full":false,"thumbnail":false,"medium":false,"medium_large":false,"large":false,"1536x1536":false,"2048x2048":false,"trp-custom-language-flag":false,"post-thumbnail":false,"twentytwenty-fullscreen":false},"uagb_author_info":{"display_name":"test159","author_link":"https:\/\/mackeviciai.lt\/en\/author\/test159\/"},"uagb_comment_info":0,"uagb_excerpt":"Meet Indr\u0117 Naru\u0161evi\u010di\u016bt\u0117 Oral hygiene Regular and professional oral hygiene servicing is an excellent preventive measure against various problems of the mouth, teeth, and gums. Do not hesitate to contact our clinic.","_links":{"self":[{"href":"https:\/\/mackeviciai.lt\/en\/wp-json\/wp\/v2\/pages\/4176"}],"collection":[{"href":"https:\/\/mackeviciai.lt\/en\/wp-json\/wp\/v2\/pages"}],"about":[{"href":"https:\/\/mackeviciai.lt\/en\/wp-json\/wp\/v2\/types\/page"}],"author":[{"embeddable":true,"href":"https:\/\/mackeviciai.lt\/en\/wp-json\/wp\/v2\/users\/1"}],"replies":[{"embeddable":true,"href":"https:\/\/mackeviciai.lt\/en\/wp-json\/wp\/v2\/comments?post=4176"}],"version-history":[{"count":7,"href":"https:\/\/mackeviciai.lt\/en\/wp-json\/wp\/v2\/pages\/4176\/revisions"}],"predecessor-version":[{"id":6087,"href":"https:\/\/mackeviciai.lt\/en\/wp-json\/wp\/v2\/pages\/4176\/revisions\/6087"}],"wp:attachment":[{"href":"https:\/\/mackeviciai.lt\/en\/wp-json\/wp\/v2\/media?parent=4176"}],"curies":[{"name":"wp","href":"https:\/\/api.w.org\/{rel}","templated":true}]}}