{"id":4177,"date":"2022-01-31T00:53:06","date_gmt":"2022-01-31T00:53:06","guid":{"rendered":"https:\/\/www.mackeviciai.lt\/?page_id=4177"},"modified":"2022-01-31T07:27:55","modified_gmt":"2022-01-31T07:27:55","slug":"inga-juskiene-2","status":"publish","type":"page","link":"https:\/\/mackeviciai.lt\/en\/inga-juskiene-2\/","title":{"rendered":"Inga Ju\u0161kien\u0117"},"content":{"rendered":"<div class=\"wp-block-group alignfull mackD1\"><div class=\"wp-block-group__inner-container\">\n<section class=\"wp-block-uagb-columns uagb-columns__wrap uagb-columns__background-undefined uagb-columns__stack-mobile uagb-columns__valign-undefined uagb-columns__gap-10 alignfull uagb-block-a95fc4f4\"><div class=\"uagb-columns__overlay\"><\/div><div class=\"uagb-columns__inner-wrap uagb-columns__columns-2\">\n<div class=\"wp-block-uagb-column uagb-column__wrap uagb-column__background-undefined uagb-block-908c247e mackDOCspec2\"><div class=\"uagb-column__overlay\"><\/div><div class=\"uagb-column__inner-wrap\">\n<figure class=\"wp-block-image alignfull size-large docDOCimg\"><img loading=\"lazy\" width=\"600\" height=\"600\" src=\"https:\/\/www.mackeviciai.lt\/wp-content\/uploads\/2021\/11\/Inga_Juskiene-min.jpg\" alt=\"doctor portrait\" class=\"wp-image-2224\" srcset=\"https:\/\/mackeviciai.lt\/wp-content\/uploads\/2021\/11\/Inga_Juskiene-min.jpg 600w, https:\/\/mackeviciai.lt\/wp-content\/uploads\/2021\/11\/Inga_Juskiene-min-300x300.jpg 300w, https:\/\/mackeviciai.lt\/wp-content\/uploads\/2021\/11\/Inga_Juskiene-min-150x150.jpg 150w\" sizes=\"(max-width: 600px) 100vw, 600px\" \/><\/figure>\n\n\n\n<div id=\"ez-toc-container\" class=\"ez-toc-v2_0_17 counter-hierarchy counter-decimal ez-toc-transparent\">\n<nav><ul class=\"ez-toc-list ez-toc-list-level-1\"><li class=\"ez-toc-page-1 ez-toc-heading-level-4\"><a class=\"ez-toc-link ez-toc-heading-1\" href=\"https:\/\/mackeviciai.lt\/en\/inga-juskiene-2\/#Inga_Juskiene\" title=\"Inga Ju\u0161kien\u0117\">Inga Ju\u0161kien\u0117<\/a><\/li><li class=\"ez-toc-page-1 ez-toc-heading-level-4\"><a class=\"ez-toc-link ez-toc-heading-2\" href=\"https:\/\/mackeviciai.lt\/en\/inga-juskiene-2\/#Biography\" title=\"Biography\">Biography<\/a><\/li><li class=\"ez-toc-page-1 ez-toc-heading-level-4\"><a class=\"ez-toc-link ez-toc-heading-3\" href=\"https:\/\/mackeviciai.lt\/en\/inga-juskiene-2\/#Membership_in_professional_organizations\" title=\"Membership in professional organizations\">Membership in professional organizations<\/a><\/li><li class=\"ez-toc-page-1 ez-toc-heading-level-4\"><a class=\"ez-toc-link ez-toc-heading-4\" href=\"https:\/\/mackeviciai.lt\/en\/inga-juskiene-2\/#Scientific_work\" title=\"Scientific work\">Scientific work<\/a><\/li><li class=\"ez-toc-page-1 ez-toc-heading-level-4\"><a class=\"ez-toc-link ez-toc-heading-5\" href=\"https:\/\/mackeviciai.lt\/en\/inga-juskiene-2\/#Qualification_improvement\" title=\"Qualification improvement\">Qualification improvement<\/a><\/li><\/ul><\/nav><\/div>\n<h4 class=\"varpav\"><span class=\"ez-toc-section\" id=\"Inga_Juskiene\"><\/span><strong>Inga Ju\u0161kien\u0117<\/strong><span class=\"ez-toc-section-end\"><\/span><\/h4>\n\n\n\n<p class=\"nomarg\" style=\"font-size:20px\"><strong>PAEDIATRIC DENTIST<\/strong><\/p>\n\n\n\n<div class=\"wp-block-group mackDOCspec\"><div class=\"wp-block-group__inner-container\">\n<h6><strong><strong>SPECIALISATION<\/strong><\/strong><\/h6>\n\n\n\n<p>Paediatric dentistry<\/p>\n\n\n\n<h6><strong><strong>LICENCE NUMBER<\/strong><\/strong><\/h6>\n\n\n\n<p>OPL-00070<\/p>\n<\/div><\/div>\n<\/div><\/div>\n\n\n\n<div class=\"wp-block-uagb-column uagb-column__wrap uagb-column__background-undefined uagb-block-fdc8e85e\"><div class=\"uagb-column__overlay\"><\/div><div class=\"uagb-column__inner-wrap\">\n<div class=\"wp-block-group alignfull mackbox nomarg2\"><div class=\"wp-block-group__inner-container\">\n<p>\u201cEvery child deserves a healthy and beautiful smile.\u201d<\/p>\n<\/div><\/div>\n\n\n\n<h4><span class=\"ez-toc-section\" id=\"Biography\"><\/span>Biography<span class=\"ez-toc-section-end\"><\/span><\/h4>\n\n\n\n<p class=\"docBIO\">\n<strong class=\"first\">1996<\/strong> graduated from the Faculty of Dentistry of Kaunas University of Medicine. <strong>1998<\/strong> completed a secondary residency in paediatric dentistry. <strong>1998<\/strong> started working for VUL\u017dK as a p\u0430ediatric dentist.\n<\/p>\n\n\n\n<h4><span class=\"ez-toc-section\" id=\"Membership_in_professional_organizations\"><\/span><strong>Membership in professional organizations<\/strong><span class=\"ez-toc-section-end\"><\/span><\/h4>\n\n\n\n<p>\nMember of the Lithuanian Chamber of Dentists, ESMD (The European Society of Microscope Dentistry), member of the Lithuanian Society of Periodontists, Lithuanian Society of Endodontists.\n<\/p>\n\n\n\n<h4><span class=\"ez-toc-section\" id=\"Scientific_work\"><\/span>Scientific work<span class=\"ez-toc-section-end\"><\/span><\/h4>\n\n\n\n<p>Co-author of articles on facial formation defects and the use of Carisolv.<\/p>\n\n\n\n<h4><span class=\"ez-toc-section\" id=\"Qualification_improvement\"><\/span>Qualification improvement<span class=\"ez-toc-section-end\"><\/span><\/h4>\n\n\n\n<p>Nuolat tobulinuosi Lietuvoje ir u\u017esienyje ne tik vaik\u0173 odontologijos, bet ir estetinio-funkcinio plombavimo, s\u0105kand\u017eio k\u0117limo, higienos ir profilaktikos srityse (klasikin\u0117 ir SOLO metodika) teoriniuose ir praktiniuose kursuose.<\/p>\n\n\n\n<p><strong>2018 m.<\/strong><\/p>\n\n\n\n<p>Vilniaus teritorinio skyriaus konferencija, 2018 m. kovo 24 d., Vilnius, Lietuva<\/p>\n\n\n\n<p>Konferencija ,,Odontologija Jazz\u2019o ritmu \u2013 kompleksiniai sprendimai kasdienin\u0117je praktikoje\u201c, 2018 m. baland\u017eio 13-14 d., Palanga, Lietuva<\/p>\n\n\n\n<p>Simpoziumas \u201eTooth Developmental Disturbances\u201c, 2018 m. gegu\u017e\u0117s 16-17 d., Kopenhaga, Danija<\/p>\n\n\n\n<p>6th Copenhagen Dental Trauma Symposium, 2018 m. gegu\u017e\u0117s 18-19 d., Kopenhaga, Danija<\/p>\n\n\n\n<p>Skaityta paskaita ,,Vaik\u0173 odontologija burnos higienisto praktikoje\u201c, 2018 m., lapkri\u010dio 10 d., Vilnius, Lietuva<\/p>\n\n\n\n<span id=\"dots\"><br>&#8230;<\/span>\n<span id=\"more\">\n\n\n\n<p><strong>2017 m.<\/strong><\/p>\n\n\n\n<p>Kongresas ,,Visuomen\u0117 ir odontologija: i\u0161\u0161\u016bkiai ir sprendimai\u201c, 2017 m. gegu\u017e\u0117s 26-27 d., Druskininkai, Lietuva<\/p>\n\n\n\n<p>Vilniaus teritorinio skyriaus konferencija Alytuje, 2017 m. rugpj\u016b\u010dio 24 d., Alytus, Lietuva<\/p>\n\n\n\n<p>Konferencija ,,Primus non nocere\u2026Hippocrates\u201c, 2017 m. 6-7 d., Vilnius, Lietuva<\/p>\n\n\n\n<p>Konferencija ,,Kauno dienos Vilniuje\u201c, 2017 m. spalio 20 d., Vilnius, Lietuva<\/p>\n\n\n\n<p><strong>2016 m.<\/strong><\/p>\n\n\n\n<p>Konferencija ,,4\u00d72 \u2013 tai svarbu\u201c. 2016 m. spalio 14 d,, Vilnius, Lietuva<\/p>\n\n\n\n<p><strong>2015 m.<\/strong><\/p>\n\n\n\n<p>Konferencija ,,Naujov\u0117s ir aktualijos odontologo praktikoje\u201c, 2015 m. baland\u017eio 24-25 d., Palanga, Lietuva<\/p>\n\n\n\n<p><strong>2014 m.<\/strong><\/p>\n\n\n\n<p>Konferencija ,,20 met\u0173 nepriklausomoje odontologijoje\u201c, 2014 m. spalio 3-4 d., Druskininkai, Lietuva<\/p>\n\n\n\n<\/span>\n\n\n\n<button onclick=\"myFunctionBIO()\" id=\"myBtn\">READ MORE<\/button>\n\n\n\n<p><\/p>\n<\/div><\/div>\n<\/div><\/section>\n<\/div><\/div>\n\n\n\n<p><\/p>","protected":false},"excerpt":{"rendered":"","protected":false},"author":1,"featured_media":0,"parent":0,"menu_order":0,"comment_status":"closed","ping_status":"closed","template":"","meta":{"_monsterinsights_skip_tracking":false,"_monsterinsights_sitenote_active":false,"_monsterinsights_sitenote_note":"","_monsterinsights_sitenote_category":0},"yoast_head":"<!-- This site is optimized with the Yoast SEO plugin v17.8 - https:\/\/yoast.com\/wordpress\/plugins\/seo\/ -->\n<title>Inga Ju\u0161kien\u0117 - A. Mackevi\u010diaus odontologijos klinika - Vilnius<\/title>\n<meta name=\"robots\" content=\"index, follow, max-snippet:-1, max-image-preview:large, max-video-preview:-1\" \/>\n<link rel=\"canonical\" href=\"https:\/\/mackeviciai.lt\/en\/inga-juskiene-2\/\" \/>\n<meta property=\"og:locale\" content=\"en_US\" \/>\n<meta property=\"og:type\" content=\"article\" \/>\n<meta property=\"og:title\" content=\"Inga Ju\u0161kien\u0117 - A. Mackevi\u010diaus odontologijos klinika - Vilnius\" \/>\n<meta property=\"og:url\" content=\"https:\/\/mackeviciai.lt\/en\/inga-juskiene-2\/\" \/>\n<meta property=\"og:site_name\" content=\"A. Mackevi\u010diaus odontologijos klinika - Vilnius\" \/>\n<meta property=\"article:modified_time\" content=\"2022-01-31T07:27:55+00:00\" \/>\n<meta property=\"og:image\" content=\"https:\/\/www.mackeviciai.lt\/wp-content\/uploads\/2021\/11\/Inga_Juskiene-min.jpg\" \/>\n<meta name=\"twitter:card\" content=\"summary_large_image\" \/>\n<meta name=\"twitter:label1\" content=\"Est. reading time\" \/>\n\t<meta name=\"twitter:data1\" content=\"2 minutes\" \/>\n<script type=\"application\/ld+json\" class=\"yoast-schema-graph\">{\"@context\":\"https:\/\/schema.org\",\"@graph\":[{\"@type\":\"Organization\",\"@id\":\"https:\/\/mackeviciai.lt\/lt\/#organization\",\"name\":\"A. Mackevi\\u010diaus odontologijos klinika\",\"url\":\"https:\/\/mackeviciai.lt\/lt\/\",\"sameAs\":[],\"logo\":{\"@type\":\"ImageObject\",\"@id\":\"https:\/\/mackeviciai.lt\/lt\/#logo\",\"inLanguage\":\"en-US\",\"url\":\"https:\/\/www.mackeviciai.lt\/wp-content\/uploads\/2021\/12\/BLUE_HORIZONTAL.png\",\"contentUrl\":\"https:\/\/www.mackeviciai.lt\/wp-content\/uploads\/2021\/12\/BLUE_HORIZONTAL.png\",\"width\":708,\"height\":165,\"caption\":\"A. Mackevi\\u010diaus odontologijos klinika\"},\"image\":{\"@id\":\"https:\/\/mackeviciai.lt\/lt\/#logo\"}},{\"@type\":\"WebSite\",\"@id\":\"https:\/\/mackeviciai.lt\/lt\/#website\",\"url\":\"https:\/\/mackeviciai.lt\/lt\/\",\"name\":\"A. Mackevi\\u010diaus odontologijos klinika - Vilnius\",\"description\":\"\",\"publisher\":{\"@id\":\"https:\/\/mackeviciai.lt\/lt\/#organization\"},\"potentialAction\":[{\"@type\":\"SearchAction\",\"target\":{\"@type\":\"EntryPoint\",\"urlTemplate\":\"https:\/\/mackeviciai.lt\/lt\/?s={search_term_string}\"},\"query-input\":\"required name=search_term_string\"}],\"inLanguage\":\"en-US\"},{\"@type\":\"ImageObject\",\"@id\":\"https:\/\/mackeviciai.lt\/en\/inga-juskiene-2\/#primaryimage\",\"inLanguage\":\"en-US\",\"url\":\"https:\/\/www.mackeviciai.lt\/wp-content\/uploads\/2021\/11\/Inga_Juskiene-min.jpg\",\"contentUrl\":\"https:\/\/www.mackeviciai.lt\/wp-content\/uploads\/2021\/11\/Inga_Juskiene-min.jpg\"},{\"@type\":\"WebPage\",\"@id\":\"https:\/\/mackeviciai.lt\/en\/inga-juskiene-2\/#webpage\",\"url\":\"https:\/\/mackeviciai.lt\/en\/inga-juskiene-2\/\",\"name\":\"Inga Ju\\u0161kien\\u0117 - A. Mackevi\\u010diaus odontologijos klinika - Vilnius\",\"isPartOf\":{\"@id\":\"https:\/\/mackeviciai.lt\/lt\/#website\"},\"primaryImageOfPage\":{\"@id\":\"https:\/\/mackeviciai.lt\/en\/inga-juskiene-2\/#primaryimage\"},\"datePublished\":\"2022-01-31T00:53:06+00:00\",\"dateModified\":\"2022-01-31T07:27:55+00:00\",\"breadcrumb\":{\"@id\":\"https:\/\/mackeviciai.lt\/en\/inga-juskiene-2\/#breadcrumb\"},\"inLanguage\":\"en-US\",\"potentialAction\":[{\"@type\":\"ReadAction\",\"target\":[\"https:\/\/mackeviciai.lt\/en\/inga-juskiene-2\/\"]}]},{\"@type\":\"BreadcrumbList\",\"@id\":\"https:\/\/mackeviciai.lt\/en\/inga-juskiene-2\/#breadcrumb\",\"itemListElement\":[{\"@type\":\"ListItem\",\"position\":1,\"name\":\"Home\",\"item\":\"https:\/\/mackeviciai.lt\/en\/\"},{\"@type\":\"ListItem\",\"position\":2,\"name\":\"Inga Ju\\u0161kien\\u0117\"}]}]}<\/script>\n<!-- \/ Yoast SEO plugin. -->","yoast_head_json":{"title":"Inga Ju\u0161kien\u0117 - A. Mackevi\u010diaus odontologijos klinika - Vilnius","robots":{"index":"index","follow":"follow","max-snippet":"max-snippet:-1","max-image-preview":"max-image-preview:large","max-video-preview":"max-video-preview:-1"},"canonical":"https:\/\/mackeviciai.lt\/en\/inga-juskiene-2\/","og_locale":"en_US","og_type":"article","og_title":"Inga Ju\u0161kien\u0117 - A. Mackevi\u010diaus odontologijos klinika - Vilnius","og_url":"https:\/\/mackeviciai.lt\/en\/inga-juskiene-2\/","og_site_name":"A. Mackevi\u010diaus odontologijos klinika - Vilnius","article_modified_time":"2022-01-31T07:27:55+00:00","og_image":[{"url":"https:\/\/www.mackeviciai.lt\/wp-content\/uploads\/2021\/11\/Inga_Juskiene-min.jpg"}],"twitter_card":"summary_large_image","twitter_misc":{"Est. reading time":"2 minutes"},"schema":{"@context":"https:\/\/schema.org","@graph":[{"@type":"Organization","@id":"https:\/\/mackeviciai.lt\/lt\/#organization","name":"A. Mackevi\u010diaus odontologijos klinika","url":"https:\/\/mackeviciai.lt\/lt\/","sameAs":[],"logo":{"@type":"ImageObject","@id":"https:\/\/mackeviciai.lt\/lt\/#logo","inLanguage":"en-US","url":"https:\/\/www.mackeviciai.lt\/wp-content\/uploads\/2021\/12\/BLUE_HORIZONTAL.png","contentUrl":"https:\/\/www.mackeviciai.lt\/wp-content\/uploads\/2021\/12\/BLUE_HORIZONTAL.png","width":708,"height":165,"caption":"A. Mackevi\u010diaus odontologijos klinika"},"image":{"@id":"https:\/\/mackeviciai.lt\/lt\/#logo"}},{"@type":"WebSite","@id":"https:\/\/mackeviciai.lt\/lt\/#website","url":"https:\/\/mackeviciai.lt\/lt\/","name":"A. Mackevi\u010diaus odontologijos klinika - Vilnius","description":"","publisher":{"@id":"https:\/\/mackeviciai.lt\/lt\/#organization"},"potentialAction":[{"@type":"SearchAction","target":{"@type":"EntryPoint","urlTemplate":"https:\/\/mackeviciai.lt\/lt\/?s={search_term_string}"},"query-input":"required name=search_term_string"}],"inLanguage":"en-US"},{"@type":"ImageObject","@id":"https:\/\/mackeviciai.lt\/en\/inga-juskiene-2\/#primaryimage","inLanguage":"en-US","url":"https:\/\/www.mackeviciai.lt\/wp-content\/uploads\/2021\/11\/Inga_Juskiene-min.jpg","contentUrl":"https:\/\/www.mackeviciai.lt\/wp-content\/uploads\/2021\/11\/Inga_Juskiene-min.jpg"},{"@type":"WebPage","@id":"https:\/\/mackeviciai.lt\/en\/inga-juskiene-2\/#webpage","url":"https:\/\/mackeviciai.lt\/en\/inga-juskiene-2\/","name":"Inga Ju\u0161kien\u0117 - A. Mackevi\u010diaus odontologijos klinika - Vilnius","isPartOf":{"@id":"https:\/\/mackeviciai.lt\/lt\/#website"},"primaryImageOfPage":{"@id":"https:\/\/mackeviciai.lt\/en\/inga-juskiene-2\/#primaryimage"},"datePublished":"2022-01-31T00:53:06+00:00","dateModified":"2022-01-31T07:27:55+00:00","breadcrumb":{"@id":"https:\/\/mackeviciai.lt\/en\/inga-juskiene-2\/#breadcrumb"},"inLanguage":"en-US","potentialAction":[{"@type":"ReadAction","target":["https:\/\/mackeviciai.lt\/en\/inga-juskiene-2\/"]}]},{"@type":"BreadcrumbList","@id":"https:\/\/mackeviciai.lt\/en\/inga-juskiene-2\/#breadcrumb","itemListElement":[{"@type":"ListItem","position":1,"name":"Home","item":"https:\/\/mackeviciai.lt\/en\/"},{"@type":"ListItem","position":2,"name":"Inga Ju\u0161kien\u0117"}]}]}},"uagb_featured_image_src":{"full":false,"thumbnail":false,"medium":false,"medium_large":false,"large":false,"1536x1536":false,"2048x2048":false,"trp-custom-language-flag":false,"post-thumbnail":false,"twentytwenty-fullscreen":false},"uagb_author_info":{"display_name":"test159","author_link":"https:\/\/mackeviciai.lt\/en\/author\/test159\/"},"uagb_comment_info":0,"uagb_excerpt":null,"_links":{"self":[{"href":"https:\/\/mackeviciai.lt\/en\/wp-json\/wp\/v2\/pages\/4177"}],"collection":[{"href":"https:\/\/mackeviciai.lt\/en\/wp-json\/wp\/v2\/pages"}],"about":[{"href":"https:\/\/mackeviciai.lt\/en\/wp-json\/wp\/v2\/types\/page"}],"author":[{"embeddable":true,"href":"https:\/\/mackeviciai.lt\/en\/wp-json\/wp\/v2\/users\/1"}],"replies":[{"embeddable":true,"href":"https:\/\/mackeviciai.lt\/en\/wp-json\/wp\/v2\/comments?post=4177"}],"version-history":[{"count":3,"href":"https:\/\/mackeviciai.lt\/en\/wp-json\/wp\/v2\/pages\/4177\/revisions"}],"predecessor-version":[{"id":4255,"href":"https:\/\/mackeviciai.lt\/en\/wp-json\/wp\/v2\/pages\/4177\/revisions\/4255"}],"wp:attachment":[{"href":"https:\/\/mackeviciai.lt\/en\/wp-json\/wp\/v2\/media?parent=4177"}],"curies":[{"name":"wp","href":"https:\/\/api.w.org\/{rel}","templated":true}]}}