{"id":4179,"date":"2022-01-31T00:06:16","date_gmt":"2022-01-31T00:06:16","guid":{"rendered":"https:\/\/www.mackeviciai.lt\/?page_id=4179"},"modified":"2024-11-29T10:09:26","modified_gmt":"2024-11-29T10:09:26","slug":"monika-mackeviciute-2","status":"publish","type":"page","link":"https:\/\/mackeviciai.lt\/en\/monika-mackeviciute-2\/","title":{"rendered":"Monika Mackevi\u010di\u016bt\u0117"},"content":{"rendered":"<div class=\"wp-block-group alignfull mackD1\"><div class=\"wp-block-group__inner-container\">\n<section class=\"wp-block-uagb-columns uagb-columns__wrap uagb-columns__background-undefined uagb-columns__stack-mobile uagb-columns__valign-undefined uagb-columns__gap-10 alignfull uagb-block-531fe5ce\"><div class=\"uagb-columns__overlay\"><\/div><div class=\"uagb-columns__inner-wrap uagb-columns__columns-2\">\n<div class=\"wp-block-uagb-column uagb-column__wrap uagb-column__background-undefined uagb-block-58da6f17 mackDOCspec2\"><div class=\"uagb-column__overlay\"><\/div><div class=\"uagb-column__inner-wrap\">\n<figure class=\"wp-block-image alignfull size-large docDOCimg\"><img loading=\"lazy\" width=\"600\" height=\"600\" src=\"https:\/\/www.mackeviciai.lt\/wp-content\/uploads\/2021\/11\/Monika_Mackeviciute-min.jpg\" alt=\"doctor portrait\" class=\"wp-image-2226\" srcset=\"https:\/\/mackeviciai.lt\/wp-content\/uploads\/2021\/11\/Monika_Mackeviciute-min.jpg 600w, https:\/\/mackeviciai.lt\/wp-content\/uploads\/2021\/11\/Monika_Mackeviciute-min-300x300.jpg 300w, https:\/\/mackeviciai.lt\/wp-content\/uploads\/2021\/11\/Monika_Mackeviciute-min-150x150.jpg 150w\" sizes=\"(max-width: 600px) 100vw, 600px\" \/><\/figure>\n\n\n\n<div id=\"ez-toc-container\" class=\"ez-toc-v2_0_17 counter-hierarchy counter-decimal ez-toc-transparent\">\n<nav><ul class=\"ez-toc-list ez-toc-list-level-1\"><ul class=\"ez-toc-list-level-4\"><li class=\"ez-toc-heading-level-4\"><ul class=\"ez-toc-list-level-4\"><li class=\"ez-toc-heading-level-4\"><a class=\"ez-toc-link ez-toc-heading-1\" href=\"https:\/\/mackeviciai.lt\/en\/monika-mackeviciute-2\/#Monika_Mackeviciute\" title=\"Monika Mackevi\u010di\u016bt\u0117\">Monika Mackevi\u010di\u016bt\u0117<\/a><\/li><li class=\"ez-toc-page-1 ez-toc-heading-level-4\"><a class=\"ez-toc-link ez-toc-heading-2\" href=\"https:\/\/mackeviciai.lt\/en\/monika-mackeviciute-2\/#Biography\" title=\"Biography\">Biography<\/a><\/li><li class=\"ez-toc-page-1 ez-toc-heading-level-4\"><a class=\"ez-toc-link ez-toc-heading-3\" href=\"https:\/\/mackeviciai.lt\/en\/monika-mackeviciute-2\/#Membership_in_professional_organisations\" title=\"Membership in professional organisations\">Membership in professional organisations<\/a><\/li><li class=\"ez-toc-page-1 ez-toc-heading-level-4\"><a class=\"ez-toc-link ez-toc-heading-4\" href=\"https:\/\/mackeviciai.lt\/en\/monika-mackeviciute-2\/#Scientific_work\" title=\"Scientific work\">Scientific work<\/a><\/li><li class=\"ez-toc-page-1 ez-toc-heading-level-4\"><a class=\"ez-toc-link ez-toc-heading-5\" href=\"https:\/\/mackeviciai.lt\/en\/monika-mackeviciute-2\/#Qualification_improvement\" title=\"Qualification improvement\">Qualification improvement<\/a><\/li><\/ul><\/li><\/ul><\/li><li class=\"ez-toc-page-1 ez-toc-heading-level-2\"><a class=\"ez-toc-link ez-toc-heading-6\" href=\"https:\/\/mackeviciai.lt\/en\/monika-mackeviciute-2\/#Orthodontics\" title=\"Orthodontics\">Orthodontics<\/a><\/li><\/ul><\/nav><\/div>\n<h4 class=\"varpav\"><span class=\"ez-toc-section\" id=\"Monika_Mackeviciute\"><\/span><strong>Monika Mackevi\u010di\u016bt\u0117<\/strong><span class=\"ez-toc-section-end\"><\/span><\/h4>\n\n\n\n<p class=\"nomarg\" style=\"font-size:20px\"><strong>ORTHODONTIST<\/strong><\/p>\n\n\n\n<div class=\"wp-block-group mackDOCspec\"><div class=\"wp-block-group__inner-container\">\n<h6><strong>SPECIALISATION<\/strong><\/h6>\n\n\n\n<p>Orthodontics<\/p>\n\n\n\n<h6><strong>LICENCE NUMBER<\/strong><\/h6>\n\n\n\n<p>OPL-06002<\/p>\n\n\n\n<h6><strong>LANGUAGES<\/strong><\/h6>\n\n\n\n<p>Lithuanian, English, Russian<\/p>\n<\/div><\/div>\n<\/div><\/div>\n\n\n\n<div class=\"wp-block-uagb-column uagb-column__wrap uagb-column__background-undefined uagb-block-ba92fe3f\"><div class=\"uagb-column__overlay\"><\/div><div class=\"uagb-column__inner-wrap\">\n<p><\/p>\n\n\n\n<div class=\"wp-block-group alignfull mackbox nomarg2\"><div class=\"wp-block-group__inner-container\">\n<p>\u201cA correct bite is not only aesthetic, but also an important function.\u201d<\/p>\n<\/div><\/div>\n\n\n\n<h4><span class=\"ez-toc-section\" id=\"Biography\"><\/span>Biography<span class=\"ez-toc-section-end\"><\/span><\/h4>\n\n\n\n<p class=\"docBIO\">\n<strong class=\"first\">2015<\/strong> graduated from Vilnius University with a master&#8217;s degree and acquired dentist qualification. <strong>2015<\/strong> performed an internship at the Public Institution Zalgiris Clinic of Vilnius University Hospital, Vilnius. <strong>2018-2022<\/strong> orthodontic residency at Tel Aviv University in Israel.\n<\/p>\n\n\n\n<h4><span class=\"ez-toc-section\" id=\"Membership_in_professional_organisations\"><\/span>Membership in professional organisations<span class=\"ez-toc-section-end\"><\/span><\/h4>\n\n\n\n<p>\nMember of the Lithuanian Chamber of Dentists, member of the Israel Orthodontic Society.\n<\/p>\n\n\n\n<h4><span class=\"ez-toc-section\" id=\"Scientific_work\"><\/span>Scientific work<span class=\"ez-toc-section-end\"><\/span><\/h4>\n\n\n\n<p><strong>2017 m.<\/strong><\/p>\n\n\n\n<p>\u201eOrtodontinis gydymas pieniniame s\u0105kandyje\u201c. Straipsnio autoriai: gyd. Monika Mackevi\u010di\u016bt\u0117, gyd. Vilija Berlin (\u201eStominfo\u201c 2017 m. balandis, Nr2).<\/p>\n\n\n\n<p><strong>2015 m.<\/strong><\/p>\n\n\n\n<p>\u201eValgymo sutrikimais sergan\u010di\u0173 pacient\u0173 po\u017ei\u016brio \u012f burnos sveikat\u0105 bei odontologin\u012f gydym\u0105 tyrimas\u201d. Darbo autoriai: stud. Monika Mackevi\u010di\u016bt\u0117, stud. Simonas Dubonis. Darbo vadov\u0117: doc. dr. Vilma Brukien\u0117. U\u017eimta I vieta.<\/p>\n\n\n\n<p>\u201ePilno kont\u016bro CAD\/CAM keramik\u0173 klinikinio poliravimo efektyvumo vertinimas\u201d. Darbo autoriai: stud. Monika Mackevi\u010di\u016bt\u0117, stud. Simonas Dubonis. Darbo vadovas: doc. dr. Vygandas Rutk\u016bnas.<\/p>\n\n\n\n<p><strong>2014 m.<\/strong><\/p>\n\n\n\n<p>\u201eVilniaus Universiteto ligonin\u0117s \u017dalgirio klinikos pacient\u0173 pasitenkinimo dant\u0173 estetika tyrimas\u201d. Darbo autoriai: stud. Monika Mackevi\u010di\u016bt\u0117, stud. Simonas Dubonis. Darbo vadov\u0117: doc. dr. Vilma Brukien\u0117.<\/p>\n\n\n\n<h4><span class=\"ez-toc-section\" id=\"Qualification_improvement\"><\/span>Qualification improvement<span class=\"ez-toc-section-end\"><\/span><\/h4>\n\n\n\n<p><strong>2024 m.<\/strong><\/p>\n\n\n\n<p>Masterclass Aligner Therapy Course, Warsaw<\/p>\n\n\n\n<p>8th International Orthodontic Congress\u201d, Londonas, Jungtin\u0117 Karalyst\u0117<\/p>\n\n\n\n<p><strong>2023 m.<\/strong><\/p>\n\n\n\n<p>\u201e12th Benefit User Meeting\u201c. Dusseldorf, Vokietija<\/p>\n\n\n\n<p><strong>2022 m.<\/strong><\/p>\n\n\n\n<p>Teoriniai kursai \u201e Minimum Touch Orthodontics protocol, Sagittal First and Long Term Stability. Dr. Luis Carriere\u201d (Izraelis).<\/p>\n\n\n\n<p>Konferencija \u201eDant\u0173 tiesinimas kapomis: galimyb\u0117s ir ribos, gydant jaunuolius\u201c. Vilnius, Lietuva.<\/p>\n\n\n\n<p>\u201eSpark MasterCoip Educational Programme\u201c. Londonas, Jungtin\u0117 Karalyst\u0117<\/p>\n\n\n\n<p> <a href=\"https:\/\/mackeviciai.lt\/wp-content\/uploads\/2023\/12\/Gyd.Monika.pdf\">Mokslin\u0117 konferencija \u201eInformacija, patirtis, i\u0161mintis\u201c, 2022 m. spalio 7-8 d., Druskininkai<\/a> <\/p>\n\n\n\n<p><strong>2021 m.<\/strong><\/p>\n\n\n\n<p>Teoriniai kursai \u201eFixed appliances versus aligners. Dr. Federico Migliori\u201d (Izraelis)<\/p>\n\n\n\n<p>Teoriniai kursai \u201eAnnual Orthodontic Association Conference\u2019\u2019 (Izraelis)<\/p>\n\n\n\n<p>Teoriniai kursai \u201eInvisalign&nbsp;innovations, G8, and the three SMARTs\u201d (Izraelis)<\/p>\n\n\n\n<p><strong>2020 m.<\/strong><\/p>\n\n\n\n<p>Teoriniai kursai \u201eTreatment of complex cases with Damon\u201d<\/p>\n\n\n\n<p>Teoriniai kursai \u201eEuropean Carriere Symposium\u201d<\/p>\n\n\n\n<span id=\"dots\"><br>&#8230;<\/span>\n<span id=\"more\">\n\n\n\n<p><strong>2019 m.<\/strong><\/p>\n\n\n\n<p>Teoriniai kursai \u201eHow to succeed with the passive self-ligating system. Dr. Matias Anghileri\u201d. (Izraelis)<\/p>\n\n\n\n<p>Teoriniai kursai \u201eHow to turn change into a competitive advantage\u201d. (Izraelis)<\/p>\n\n\n\n<p>Teoriniai ir praktikiniai kursai \u201eThe use of evidence-based skeletal anchorage: from research to clinical practice. Dr. Giorgio Iodice\u201d. (Izraelis)<\/p>\n\n\n\n<p>Teoriniai ir praktikiniai kursai \u201eOrthodontic systems with palatal skeletal anchorage: advanced theoretic-practical course. Dr. Giorgio Iodice\u201d. (Izraelis)<\/p>\n\n\n\n<p>Teoriniai ir praktikiniai kursai lingvalini\u0173 breket\u0173 \u201eWIN certification course\u201d (Izraelis)<\/p>\n\n\n\n<p>Teoriniai kursai \u201eInvisalign learning day\u201d (Izraelis)<\/p>\n\n\n\n<p>Teoriniai ir praktikiniai kursai \u201eForestadent Symposium. Orthodontics: The final frontier.\u201d (Vokietija)<\/p>\n\n\n\n<p>Teoriniai kursai \u201eAnnual Orthodontic Association Conference\u2019\u2019 (Izraelis)<\/p>\n\n\n\n<p><strong>2018 m.<\/strong><\/p>\n\n\n\n<p>Teoriniai kursai \u201eThe Power of Orthodontics\u201d. (Izraelis)<\/p>\n\n\n\n<p>Teoriniai kursai \u201eDant\u0173 gydymas be gr\u0119\u017eimo. Prof. Camillo D\u2018Arcangelo\u201d. (Lietuva)<\/p>\n\n\n\n<p><strong>2017 m.<\/strong><\/p>\n\n\n\n<p>Teoriniai ir praktikiniai kursai \u201eTiesiogin\u0117s kompozicin\u0117s restauracijos nuo A iki Z\u201d su Dr. Rodrigo Castillo. (Vilnius, Lietuva)<\/p>\n\n\n\n<p>Teoriniai kursai \u201eAngle III klas\u0117s s\u0105kand\u017eio anomalij\u0173 gydymas\u201d. (Kaunas, Lietuva)<\/p>\n\n\n\n<p>Teoriniai ir praktikiniai kursai \u201eMechaninis ir cheminis kanal\u0173 paruo\u0161imas. Naujos kartos \u201eBio Race\u201d instrumentai\u201c. (Vilnius, Lietuva)<\/p>\n\n\n\n<p>Teoriniai ir praktikiniai kursai \u201eOdontologin\u0117 fotografija\u201d. (Vilnius, Lietuva)<\/p>\n\n\n\n<p><strong>2015 m.<\/strong><\/p>\n\n\n\n<p>Teoriniai ir praktikiniai kursai \u2013 \u201eTiesioginis iltini\u0173 ir priekini\u0173 dant\u0173 i\u0161vedimo kelio atk\u016brimas kompozitais\u201d. (Vilnius, Lietuva)<\/p>\n\n\n\n<p>Tarptautin\u0117 konferencija \u2013 \u201eAktualijos periodontologijoje\u201d. (Vilnius, Lietuva)<\/p>\n\n\n\n<p>Praktiniai kursai \u2013 \u201eCEREC: modeliavimas, pritaikymas ir gamyba\u201d. (Vilnius, Lietuva)<\/p>\n\n\n\n<p>Radiacin\u0117s saugos mokymai -\u201eAsmen\u0173, atsaking\u0173 u\u017e radiacin\u0119 saug\u0105 asmens sveikatos prie\u017ei\u016bros \u012fstaigose, kuriose naudojami dant\u0173 rentgenodiagnostiniai aparatai, radiacin\u0117s saugos privalomas pradinis mokymas\u201d. (Vilnius, Lietuva)<\/p>\n\n\n\n<p>\u201e8<sup>th<\/sup>&nbsp;International Orthodontic Congress\u201d. (Londonas, Jungtin\u0117 Karalyst\u0117)<\/p>\n\n\n\n<p>Teoriniai kursai \u201eOdontologija XXI am\u017eiuje-kuria kryptimi einame\u201d. (Druskininkai, Lietuva)<\/p>\n\n\n\n<p>Teoriniai kursai \u201eNetiesiogin\u0117s restauracijos: nuo id\u0117jos iki galutinio rezultato. Intriguojanti restauracin\u0117s odontologijos odis\u0117ja\u201d. (Vilnius, Lietuva)<\/p>\n\n\n\n<p>Praktiniai-teoriniai kursai \u201eNetiesiogin\u0117s restauracijos: nuo id\u0117jos iki galutinio rezultato. Intriguojanti restauracin\u0117s odontologijos odis\u0117ja. Kr\u016bmini\u0173 dant\u0173 restauracijos keramikos ir kompoziciniais u\u017eklotais\u201d. (Jason Smithson, Vilnius, Lietuva)<\/p>\n\n\n\n<p>Praktiniai-teoriniai kursai \u201cNetiesiogin\u0117s restauracijos: nuo id\u0117jos iki galutinio rezultato\u201d<\/p>\n\n\n\n<p>\u201cIntriguojanti restauracin\u0117s odontologijos odis\u0117ja. Priekini\u0173 dant\u0173 preparavimo ypatumai protezuojant 3-j\u0173 skirting\u0173 tip\u0173 keramikos venyrais\u201d. Jason Smithson.&nbsp; (Vilnius, Lietuva)<\/p>\n\n\n\n<p>Teoriniai-praktikiniai kursai \u201eModule 2 on Composites from GC\u201d. (Leuvenas, Belgija)<\/p>\n\n\n\n<p>Teoriniai kursai \u201eEstetini\u0173 tiesiogini\u0173 dant\u0173 restauracij\u0173 aspektai\u201d. (Vilnius, Lietuva)<\/p>\n\n\n\n<p>Teoriniai kursai \u201eVaik\u0173 s\u0105kand\u017eio vystymosi sutrikimai, j\u0173 gydymas ir profilaktika\u201d. (Vilnius, Lietuva)<\/p>\n\n\n\n<p>Teoriniai kursai \u201eSkaitmenin\u0117s technologijos dant\u0173 protezavime. Estetiniai ir funkciniai aspektai\u201d. (Vilnius, Lietuva)<\/p>\n\n\n\n<p>Teoriniai kursai \u201eS\u0105kand\u017eio k\u0117limo ir stabilizavimo ABC\u201d. (Kaunas, Lietuva)<\/p>\n\n\n\n<p>Teoriniai ir praktikiniai kursai\u201eLaisvas priekini\u0173 dant\u0173 restauracij\u0173 dizainas. Lektorius Serhiy Radlinskyy\u201d. (Vilnius, Lietuva)<\/p>\n\n\n\n<p>Teoriniai kursai \u201eEstetini\u0173 tiesiogini\u0173 dant\u0173 restauracij\u0173 aspektai. Lektorius Serhiy Radlinskyy\u201d. (Vilnius, Lietuva)<\/p>\n\n\n\n<p>Teoriniai kursai \u201eAngle II klas\u0117s anomalij\u0173 gydymas Herbsto aparatu: klinikiniai aspektai\u201d. (Kaunas, Lietuva)<\/p>\n\n\n\n<p>Teoriniai kursai \u201eAktualijos periodontologijoje 2016\u201d. (Vilnius, Lietuva)<\/p>\n\n\n\n<p>Teoriniai kursai \u201eProfesin\u0117 etika odontologijoje. Infekcijos kontrol\u0117 odontologijoje\u201d. (Vilnius, Lietuva)<\/p>\n\n\n\n<p>Teoriniai ir praktikiniai kursai \u201eNudilusi\u0173 dant\u0173 atstatymas, s\u0105kand\u012f keliant kompozitu\u201d. (Vilnius, Lietuva)<\/p>\n\n\n\n<p><strong>2014 m.<\/strong><\/p>\n\n\n\n<p>Tarptautin\u0117 konferencija \u2013 \u201eAktualijos periodontologijoje\u201d. (Vilnius, Lietuva)<\/p>\n\n\n\n<p>Mokslin\u0117 konferencija \u2013 \u201eNaujov\u0117s ir aktualijos odontologo praktikoje\u201d. (Palanga, Lietuva)<\/p>\n\n\n\n<p>Tarptautin\u0117 konferencija \u2013 \u201eBedan\u010di\u0173 \u017eandikauli\u0173 protezavimas. All-on-4\u00a9 protokolas pagal Dr. Paulo Malo\u201d. (Vilnius, Lietuva)<\/p>\n\n\n\n<p>Tarptautin\u0117 mokslin\u0117 ir praktin\u0117 konferencija \u2013 \u201eEndobaltic 2014\u201d. (Vilnius, Lietuva)<\/p>\n\n\n\n<p>Praktiniai ir demonstraciniai kursai \u2013 \u201eVeido lank\u0173, registrat\u0173 ir artikuliatori\u0173 panaudojimas okliuzijos diagnostikai ir terapijai\u201d. (Vilnius, Lietuva)<\/p>\n\n\n\n<p>Teoriniai kursai \u2013 \u201eMikroprotezavimas aukso, keramikos ir CAD\/CAM \u012fklotais, u\u017eklotais ir daliniais vainik\u0117liais\u201d. (Vilnius, Lietuva)<\/p>\n\n\n\n<p>Mokslin\u0117 konferencija \u2013 temos: \u201eEstetinio plombavimo kompozicin\u0117mis med\u017eiagomis 20 met\u0173 praktin\u0117 patirtis: minimalios invazijos privalumai ir pritaikymas odontologijoje\u201d, \u201eSveikatos prie\u017ei\u016bros \u012fstaig\u0173 veiklos kontrol\u0117\u201d, \u201eTarpdisciplini\u0161kumas ir pa\u017eangios technologijos konservatyvioje estetin\u0117je odontologijoje\u201d. (Vilnius, Lietuva)<\/p>\n\n\n\n<p><strong>2013 m.<\/strong><\/p>\n\n\n\n<p>Tarptautin\u0117 konferencija \u2013 \u201cPerfection in Dentistry. World Leaders\u2019 Aims and achievements\u201d. (Kaunas, Lietuva)<\/p>\n\n\n\n<p>Tarptautin\u0117 mokslin\u0117 ir praktin\u0117 konferencija \u2013 \u201eEndodontija 2013\u201d. (Vilnius, Lietuva)<\/p>\n\n\n\n<\/span>\n\n\n\n<button onclick=\"myFunctionBIO()\" id=\"myBtn\">READ MORE<\/button>\n\n\n\n<p><\/p>\n<\/div><\/div>\n<\/div><\/section>\n<\/div><\/div>\n\n\n\n<div class=\"wp-block-group alignfull widthfull services\"><div class=\"wp-block-group__inner-container\">\n<div class=\"wp-block-group alignfull\"><div class=\"wp-block-group__inner-container\">\n<div class=\"wp-block-columns alignwide\">\n<div class=\"wp-block-column\">\n<figure class=\"wp-block-embed is-type-video is-provider-youtube wp-block-embed-youtube frame wp-embed-aspect-16-9 wp-has-aspect-ratio\"><div class=\"wp-block-embed__wrapper\">\n<iframe loading=\"lazy\" title=\"Ortodontija - Monika Mackevi\u010di\u016bt\u0117 | Mackevi\u010di\u0173 odontologijos klinika\" width=\"580\" height=\"326\" src=\"https:\/\/www.youtube.com\/embed\/odYgRnpkg2A?feature=oembed\" frameborder=\"0\" allow=\"accelerometer; autoplay; clipboard-write; encrypted-media; gyroscope; picture-in-picture; web-share\" referrerpolicy=\"strict-origin-when-cross-origin\" allowfullscreen><\/iframe>\n<\/div><\/figure>\n<\/div>\n\n\n\n<div class=\"wp-block-column mack1\">\n<h5>Meet Monika Mackevi\u010di\u016bt\u0117<\/h5>\n\n\n\n<h2><span class=\"ez-toc-section\" id=\"Orthodontics\"><\/span>Orthodontics<span class=\"ez-toc-section-end\"><\/span><\/h2>\n\n\n\n<p>Modern orthodontic systems and digital technologies help to straighten teeth and solve occlusion problems without the discomfort caused by other teeth-straightening methods.<\/p>\n\n\n\n<div class=\"wp-block-buttons is-content-justification-center\">\n<div class=\"wp-block-button is-style-outline\"><a class=\"wp-block-button__link has-primary-color has-text-color\" href=\"https:\/\/mackeviciai.lt\/lt\/vaizdo-irasai\/\" style=\"border-radius:10px\">SEE MORE<\/a><\/div>\n<\/div>\n<\/div>\n<\/div>\n<\/div><\/div>\n<\/div><\/div>","protected":false},"excerpt":{"rendered":"<p>Meet Monika Mackevi\u010di\u016bt\u0117 Orthodontics Modern orthodontic systems and digital technologies help to straighten teeth and solve occlusion problems without the discomfort caused by other teeth-straightening methods.<\/p>","protected":false},"author":1,"featured_media":0,"parent":0,"menu_order":0,"comment_status":"closed","ping_status":"closed","template":"","meta":{"_monsterinsights_skip_tracking":false,"_monsterinsights_sitenote_active":false,"_monsterinsights_sitenote_note":"","_monsterinsights_sitenote_category":0},"yoast_head":"<!-- This site is optimized with the Yoast SEO plugin v17.8 - https:\/\/yoast.com\/wordpress\/plugins\/seo\/ -->\n<title>Monika Mackevi\u010di\u016bt\u0117 - A. Mackevi\u010diaus odontologijos klinika - Vilnius<\/title>\n<meta name=\"robots\" content=\"index, follow, max-snippet:-1, max-image-preview:large, max-video-preview:-1\" \/>\n<link rel=\"canonical\" href=\"https:\/\/mackeviciai.lt\/en\/monika-mackeviciute-2\/\" \/>\n<meta property=\"og:locale\" content=\"en_US\" \/>\n<meta property=\"og:type\" content=\"article\" \/>\n<meta property=\"og:title\" content=\"Monika Mackevi\u010di\u016bt\u0117 - A. Mackevi\u010diaus odontologijos klinika - Vilnius\" \/>\n<meta property=\"og:description\" content=\"Meet Monika Mackevi\u010di\u016bt\u0117 Orthodontics Modern orthodontic systems and digital technologies help to straighten teeth and solve occlusion problems without the discomfort caused by other teeth-straightening methods.\" \/>\n<meta property=\"og:url\" content=\"https:\/\/mackeviciai.lt\/en\/monika-mackeviciute-2\/\" \/>\n<meta property=\"og:site_name\" content=\"A. Mackevi\u010diaus odontologijos klinika - Vilnius\" \/>\n<meta property=\"article:modified_time\" content=\"2024-11-29T10:09:26+00:00\" \/>\n<meta property=\"og:image\" content=\"https:\/\/www.mackeviciai.lt\/wp-content\/uploads\/2021\/11\/Monika_Mackeviciute-min.jpg\" \/>\n<meta name=\"twitter:card\" content=\"summary_large_image\" \/>\n<meta name=\"twitter:label1\" content=\"Est. reading time\" \/>\n\t<meta name=\"twitter:data1\" content=\"5 minutes\" \/>\n<script type=\"application\/ld+json\" class=\"yoast-schema-graph\">{\"@context\":\"https:\/\/schema.org\",\"@graph\":[{\"@type\":\"Organization\",\"@id\":\"https:\/\/mackeviciai.lt\/lt\/#organization\",\"name\":\"A. Mackevi\\u010diaus odontologijos klinika\",\"url\":\"https:\/\/mackeviciai.lt\/lt\/\",\"sameAs\":[],\"logo\":{\"@type\":\"ImageObject\",\"@id\":\"https:\/\/mackeviciai.lt\/lt\/#logo\",\"inLanguage\":\"en-US\",\"url\":\"https:\/\/www.mackeviciai.lt\/wp-content\/uploads\/2021\/12\/BLUE_HORIZONTAL.png\",\"contentUrl\":\"https:\/\/www.mackeviciai.lt\/wp-content\/uploads\/2021\/12\/BLUE_HORIZONTAL.png\",\"width\":708,\"height\":165,\"caption\":\"A. Mackevi\\u010diaus odontologijos klinika\"},\"image\":{\"@id\":\"https:\/\/mackeviciai.lt\/lt\/#logo\"}},{\"@type\":\"WebSite\",\"@id\":\"https:\/\/mackeviciai.lt\/lt\/#website\",\"url\":\"https:\/\/mackeviciai.lt\/lt\/\",\"name\":\"A. Mackevi\\u010diaus odontologijos klinika - Vilnius\",\"description\":\"\",\"publisher\":{\"@id\":\"https:\/\/mackeviciai.lt\/lt\/#organization\"},\"potentialAction\":[{\"@type\":\"SearchAction\",\"target\":{\"@type\":\"EntryPoint\",\"urlTemplate\":\"https:\/\/mackeviciai.lt\/lt\/?s={search_term_string}\"},\"query-input\":\"required name=search_term_string\"}],\"inLanguage\":\"en-US\"},{\"@type\":\"ImageObject\",\"@id\":\"https:\/\/mackeviciai.lt\/en\/monika-mackeviciute-2\/#primaryimage\",\"inLanguage\":\"en-US\",\"url\":\"https:\/\/www.mackeviciai.lt\/wp-content\/uploads\/2021\/11\/Monika_Mackeviciute-min.jpg\",\"contentUrl\":\"https:\/\/www.mackeviciai.lt\/wp-content\/uploads\/2021\/11\/Monika_Mackeviciute-min.jpg\"},{\"@type\":\"WebPage\",\"@id\":\"https:\/\/mackeviciai.lt\/en\/monika-mackeviciute-2\/#webpage\",\"url\":\"https:\/\/mackeviciai.lt\/en\/monika-mackeviciute-2\/\",\"name\":\"Monika Mackevi\\u010di\\u016bt\\u0117 - A. Mackevi\\u010diaus odontologijos klinika - Vilnius\",\"isPartOf\":{\"@id\":\"https:\/\/mackeviciai.lt\/lt\/#website\"},\"primaryImageOfPage\":{\"@id\":\"https:\/\/mackeviciai.lt\/en\/monika-mackeviciute-2\/#primaryimage\"},\"datePublished\":\"2022-01-31T00:06:16+00:00\",\"dateModified\":\"2024-11-29T10:09:26+00:00\",\"breadcrumb\":{\"@id\":\"https:\/\/mackeviciai.lt\/en\/monika-mackeviciute-2\/#breadcrumb\"},\"inLanguage\":\"en-US\",\"potentialAction\":[{\"@type\":\"ReadAction\",\"target\":[\"https:\/\/mackeviciai.lt\/en\/monika-mackeviciute-2\/\"]}]},{\"@type\":\"BreadcrumbList\",\"@id\":\"https:\/\/mackeviciai.lt\/en\/monika-mackeviciute-2\/#breadcrumb\",\"itemListElement\":[{\"@type\":\"ListItem\",\"position\":1,\"name\":\"Home\",\"item\":\"https:\/\/mackeviciai.lt\/en\/\"},{\"@type\":\"ListItem\",\"position\":2,\"name\":\"Monika Mackevi\\u010di\\u016bt\\u0117\"}]}]}<\/script>\n<!-- \/ Yoast SEO plugin. -->","yoast_head_json":{"title":"Monika Mackevi\u010di\u016bt\u0117 - A. Mackevi\u010diaus odontologijos klinika - Vilnius","robots":{"index":"index","follow":"follow","max-snippet":"max-snippet:-1","max-image-preview":"max-image-preview:large","max-video-preview":"max-video-preview:-1"},"canonical":"https:\/\/mackeviciai.lt\/en\/monika-mackeviciute-2\/","og_locale":"en_US","og_type":"article","og_title":"Monika Mackevi\u010di\u016bt\u0117 - A. Mackevi\u010diaus odontologijos klinika - Vilnius","og_description":"Meet Monika Mackevi\u010di\u016bt\u0117 Orthodontics Modern orthodontic systems and digital technologies help to straighten teeth and solve occlusion problems without the discomfort caused by other teeth-straightening methods.","og_url":"https:\/\/mackeviciai.lt\/en\/monika-mackeviciute-2\/","og_site_name":"A. Mackevi\u010diaus odontologijos klinika - Vilnius","article_modified_time":"2024-11-29T10:09:26+00:00","og_image":[{"url":"https:\/\/www.mackeviciai.lt\/wp-content\/uploads\/2021\/11\/Monika_Mackeviciute-min.jpg"}],"twitter_card":"summary_large_image","twitter_misc":{"Est. reading time":"5 minutes"},"schema":{"@context":"https:\/\/schema.org","@graph":[{"@type":"Organization","@id":"https:\/\/mackeviciai.lt\/lt\/#organization","name":"A. Mackevi\u010diaus odontologijos klinika","url":"https:\/\/mackeviciai.lt\/lt\/","sameAs":[],"logo":{"@type":"ImageObject","@id":"https:\/\/mackeviciai.lt\/lt\/#logo","inLanguage":"en-US","url":"https:\/\/www.mackeviciai.lt\/wp-content\/uploads\/2021\/12\/BLUE_HORIZONTAL.png","contentUrl":"https:\/\/www.mackeviciai.lt\/wp-content\/uploads\/2021\/12\/BLUE_HORIZONTAL.png","width":708,"height":165,"caption":"A. Mackevi\u010diaus odontologijos klinika"},"image":{"@id":"https:\/\/mackeviciai.lt\/lt\/#logo"}},{"@type":"WebSite","@id":"https:\/\/mackeviciai.lt\/lt\/#website","url":"https:\/\/mackeviciai.lt\/lt\/","name":"A. Mackevi\u010diaus odontologijos klinika - Vilnius","description":"","publisher":{"@id":"https:\/\/mackeviciai.lt\/lt\/#organization"},"potentialAction":[{"@type":"SearchAction","target":{"@type":"EntryPoint","urlTemplate":"https:\/\/mackeviciai.lt\/lt\/?s={search_term_string}"},"query-input":"required name=search_term_string"}],"inLanguage":"en-US"},{"@type":"ImageObject","@id":"https:\/\/mackeviciai.lt\/en\/monika-mackeviciute-2\/#primaryimage","inLanguage":"en-US","url":"https:\/\/www.mackeviciai.lt\/wp-content\/uploads\/2021\/11\/Monika_Mackeviciute-min.jpg","contentUrl":"https:\/\/www.mackeviciai.lt\/wp-content\/uploads\/2021\/11\/Monika_Mackeviciute-min.jpg"},{"@type":"WebPage","@id":"https:\/\/mackeviciai.lt\/en\/monika-mackeviciute-2\/#webpage","url":"https:\/\/mackeviciai.lt\/en\/monika-mackeviciute-2\/","name":"Monika Mackevi\u010di\u016bt\u0117 - A. Mackevi\u010diaus odontologijos klinika - Vilnius","isPartOf":{"@id":"https:\/\/mackeviciai.lt\/lt\/#website"},"primaryImageOfPage":{"@id":"https:\/\/mackeviciai.lt\/en\/monika-mackeviciute-2\/#primaryimage"},"datePublished":"2022-01-31T00:06:16+00:00","dateModified":"2024-11-29T10:09:26+00:00","breadcrumb":{"@id":"https:\/\/mackeviciai.lt\/en\/monika-mackeviciute-2\/#breadcrumb"},"inLanguage":"en-US","potentialAction":[{"@type":"ReadAction","target":["https:\/\/mackeviciai.lt\/en\/monika-mackeviciute-2\/"]}]},{"@type":"BreadcrumbList","@id":"https:\/\/mackeviciai.lt\/en\/monika-mackeviciute-2\/#breadcrumb","itemListElement":[{"@type":"ListItem","position":1,"name":"Home","item":"https:\/\/mackeviciai.lt\/en\/"},{"@type":"ListItem","position":2,"name":"Monika Mackevi\u010di\u016bt\u0117"}]}]}},"uagb_featured_image_src":{"full":false,"thumbnail":false,"medium":false,"medium_large":false,"large":false,"1536x1536":false,"2048x2048":false,"trp-custom-language-flag":false,"post-thumbnail":false,"twentytwenty-fullscreen":false},"uagb_author_info":{"display_name":"test159","author_link":"https:\/\/mackeviciai.lt\/en\/author\/test159\/"},"uagb_comment_info":0,"uagb_excerpt":"Meet Monika Mackevi\u010di\u016bt\u0117 Orthodontics Modern orthodontic systems and digital technologies help to straighten teeth and solve occlusion problems without the discomfort caused by other teeth-straightening methods.","_links":{"self":[{"href":"https:\/\/mackeviciai.lt\/en\/wp-json\/wp\/v2\/pages\/4179"}],"collection":[{"href":"https:\/\/mackeviciai.lt\/en\/wp-json\/wp\/v2\/pages"}],"about":[{"href":"https:\/\/mackeviciai.lt\/en\/wp-json\/wp\/v2\/types\/page"}],"author":[{"embeddable":true,"href":"https:\/\/mackeviciai.lt\/en\/wp-json\/wp\/v2\/users\/1"}],"replies":[{"embeddable":true,"href":"https:\/\/mackeviciai.lt\/en\/wp-json\/wp\/v2\/comments?post=4179"}],"version-history":[{"count":8,"href":"https:\/\/mackeviciai.lt\/en\/wp-json\/wp\/v2\/pages\/4179\/revisions"}],"predecessor-version":[{"id":5395,"href":"https:\/\/mackeviciai.lt\/en\/wp-json\/wp\/v2\/pages\/4179\/revisions\/5395"}],"wp:attachment":[{"href":"https:\/\/mackeviciai.lt\/en\/wp-json\/wp\/v2\/media?parent=4179"}],"curies":[{"name":"wp","href":"https:\/\/api.w.org\/{rel}","templated":true}]}}