{"id":4180,"date":"2022-01-31T00:25:51","date_gmt":"2022-01-31T00:25:51","guid":{"rendered":"https:\/\/www.mackeviciai.lt\/?page_id=4180"},"modified":"2022-01-31T07:28:27","modified_gmt":"2022-01-31T07:28:27","slug":"raimonda-marciulynaite-2","status":"publish","type":"page","link":"https:\/\/mackeviciai.lt\/en\/raimonda-marciulynaite-2\/","title":{"rendered":"Raimonda Mar\u010diulynait\u0117"},"content":{"rendered":"<div class=\"wp-block-group alignfull mackD1\"><div class=\"wp-block-group__inner-container\">\n<section class=\"wp-block-uagb-columns uagb-columns__wrap uagb-columns__background-undefined uagb-columns__stack-mobile uagb-columns__valign-undefined uagb-columns__gap-10 alignfull uagb-block-57a540cd\"><div class=\"uagb-columns__overlay\"><\/div><div class=\"uagb-columns__inner-wrap uagb-columns__columns-2\">\n<div class=\"wp-block-uagb-column uagb-column__wrap uagb-column__background-undefined uagb-block-43d70b03 mackDOCspec2\"><div class=\"uagb-column__overlay\"><\/div><div class=\"uagb-column__inner-wrap\">\n<figure class=\"wp-block-image alignfull size-large docDOCimg\"><img loading=\"lazy\" width=\"600\" height=\"600\" src=\"https:\/\/www.mackeviciai.lt\/wp-content\/uploads\/2021\/11\/Raimonda-Marciulynaite-Ustiliene-min.jpg\" alt=\"doctor portrait\" class=\"wp-image-2227\" srcset=\"https:\/\/mackeviciai.lt\/wp-content\/uploads\/2021\/11\/Raimonda-Marciulynaite-Ustiliene-min.jpg 600w, https:\/\/mackeviciai.lt\/wp-content\/uploads\/2021\/11\/Raimonda-Marciulynaite-Ustiliene-min-300x300.jpg 300w, https:\/\/mackeviciai.lt\/wp-content\/uploads\/2021\/11\/Raimonda-Marciulynaite-Ustiliene-min-150x150.jpg 150w\" sizes=\"(max-width: 600px) 100vw, 600px\" \/><\/figure>\n\n\n\n<div id=\"ez-toc-container\" class=\"ez-toc-v2_0_17 counter-hierarchy counter-decimal ez-toc-transparent\">\n<nav><ul class=\"ez-toc-list ez-toc-list-level-1\"><ul class=\"ez-toc-list-level-4\"><li class=\"ez-toc-heading-level-4\"><ul class=\"ez-toc-list-level-4\"><li class=\"ez-toc-heading-level-4\"><a class=\"ez-toc-link ez-toc-heading-1\" href=\"https:\/\/mackeviciai.lt\/en\/raimonda-marciulynaite-2\/#Raimonda_Marciulynaite-Ustiliene\" title=\"Raimonda Mar\u010diulynait\u0117-Ustilien\u0117\">Raimonda Mar\u010diulynait\u0117-Ustilien\u0117<\/a><\/li><li class=\"ez-toc-page-1 ez-toc-heading-level-4\"><a class=\"ez-toc-link ez-toc-heading-2\" href=\"https:\/\/mackeviciai.lt\/en\/raimonda-marciulynaite-2\/#Biography\" title=\"Biography\">Biography<\/a><\/li><li class=\"ez-toc-page-1 ez-toc-heading-level-4\"><a class=\"ez-toc-link ez-toc-heading-3\" href=\"https:\/\/mackeviciai.lt\/en\/raimonda-marciulynaite-2\/#Membership_in_professional_organisations\" title=\"Membership in professional organisations\">Membership in professional organisations<\/a><\/li><li class=\"ez-toc-page-1 ez-toc-heading-level-4\"><a class=\"ez-toc-link ez-toc-heading-4\" href=\"https:\/\/mackeviciai.lt\/en\/raimonda-marciulynaite-2\/#Qualification_improvement\" title=\"Qualification improvement\">Qualification improvement<\/a><\/li><\/ul><\/li><\/ul><\/li><li class=\"ez-toc-page-1 ez-toc-heading-level-2\"><a class=\"ez-toc-link ez-toc-heading-5\" href=\"https:\/\/mackeviciai.lt\/en\/raimonda-marciulynaite-2\/#Endodontics\" title=\"Endodontics\">Endodontics<\/a><\/li><\/ul><\/nav><\/div>\n<h4 class=\"varpav\"><span class=\"ez-toc-section\" id=\"Raimonda_Marciulynaite-Ustiliene\"><\/span><strong>Raimonda Mar\u010diulynait\u0117-Ustilien\u0117<\/strong><span class=\"ez-toc-section-end\"><\/span><\/h4>\n\n\n\n<p class=\"nomarg\" style=\"font-size:20px\"><strong>ENDODONTIST<\/strong><\/p>\n\n\n\n<div class=\"wp-block-group mackDOCspec\"><div class=\"wp-block-group__inner-container\">\n<h6><strong><strong>SPECIALISATION<\/strong><\/strong><\/h6>\n\n\n\n<p>Endodontic treatment<\/p>\n\n\n\n<h6><strong><strong>LANGUAGES<\/strong><\/strong><\/h6>\n\n\n\n<p>Lithuanian, English, Russian<\/p>\n<\/div><\/div>\n<\/div><\/div>\n\n\n\n<div class=\"wp-block-uagb-column uagb-column__wrap uagb-column__background-undefined uagb-block-eafae22e\"><div class=\"uagb-column__overlay\"><\/div><div class=\"uagb-column__inner-wrap\">\n<div class=\"wp-block-group alignfull mackbox nomarg2\"><div class=\"wp-block-group__inner-container\">\n<p>I have always been interested in biology and the latest technology. I realised this passion by choosing a field of work that matches &#8211; endodontics. I use a modern Zeiss microscope at work and analyse the results by evaluating the highest quality digital X-ray images. The greatest joy is to see a miracle in simple things, as well as continuous improvement.<\/p>\n<\/div><\/div>\n\n\n\n<h4><span class=\"ez-toc-section\" id=\"Biography\"><\/span>Biography<span class=\"ez-toc-section-end\"><\/span><\/h4>\n\n\n\n<p class=\"docBIO\">\n<strong class=\"first\">1989\u20132001<\/strong> Zenuris Gymnasium in Prienai.\n<strong>1997\u20132001<\/strong> Birstonas City School of Art, art class. \n<strong>2001\u20132006<\/strong> Kaunas University of Medicine, professional qualification of a dentist.\n<strong>2006\u20132013<\/strong> Dental Implantation Centre.\n<strong>2008\u20132010<\/strong> Mykolas Romeris University. Master&#8217;s degree in administration of health care institutions.\n<strong>Since 2014<\/strong> resident doctor at the Clinic of the Lithuanian University of Health Sciences.\n<strong>2014 \u2013 2017<\/strong> Lithuanian University of Health Sciences, endodontics residency.\n<strong>Since 2015<\/strong> V. Tamo\u0161i\u016bnas and J. Jakutien\u0117 dental clinic \u201cAmicus Denti\u201d.\n\n\n\n\n\n\n\n<\/p>\n\n\n\n<h4><span class=\"ez-toc-section\" id=\"Membership_in_professional_organisations\"><\/span>Membership in professional organisations<span class=\"ez-toc-section-end\"><\/span><\/h4>\n\n\n\n<p class=\"docBIO\">\n<strong class=\"first\">Nuo 2006<\/strong> Member of the Chamber of Dentists of the Republic of Lithuania\n<strong> Nuo 2009<\/strong> Member of the Society of Endodontists\n\n<\/p>\n\n\n\n<h4><span class=\"ez-toc-section\" id=\"Qualification_improvement\"><\/span>Qualification improvement<span class=\"ez-toc-section-end\"><\/span><\/h4>\n\n\n\n<p>Raimonda Mar\u010diulynait\u0117 publishes articles in scientific magazines, improves in seminars, courses, and international conferences.<\/p>\n<\/div><\/div>\n<\/div><\/section>\n<\/div><\/div>\n\n\n\n<div class=\"wp-block-group alignfull widthfull services\"><div class=\"wp-block-group__inner-container\">\n<div class=\"wp-block-group alignfull\"><div class=\"wp-block-group__inner-container\">\n<div class=\"wp-block-columns alignwide\">\n<div class=\"wp-block-column\">\n<figure class=\"wp-block-embed is-type-video is-provider-youtube wp-block-embed-youtube frame wp-embed-aspect-16-9 wp-has-aspect-ratio\"><div class=\"wp-block-embed__wrapper\">\n<iframe loading=\"lazy\" title=\"Endodontija - Raimonda Mar\u010diulynait\u0117-Ustilien\u0117 | Mackevi\u010di\u0173 \u0161eimos ondontologijos klinika\" width=\"580\" height=\"326\" src=\"https:\/\/www.youtube.com\/embed\/0PW_eliSNvo?feature=oembed\" frameborder=\"0\" allow=\"accelerometer; autoplay; clipboard-write; encrypted-media; gyroscope; picture-in-picture\" allowfullscreen><\/iframe>\n<\/div><\/figure>\n<\/div>\n\n\n\n<div class=\"wp-block-column mack1\">\n<h5>Meet Raimonda Mar\u010diulynait\u0117<\/h5>\n\n\n\n<h2><span class=\"ez-toc-section\" id=\"Endodontics\"><\/span>Endodontics<span class=\"ez-toc-section-end\"><\/span><\/h2>\n\n\n\n<p>Our clinic strives for the complete prevention of the formation of dental diseases, therefore we encourage patients to visit as soon as the disease or inflammation begins to progress. In order to prevent endodontic diseases, we use magnifying lenses and microscopes in the clinic. With their help we prevent the development of more acute dental and gum diseases. This application of the technological solution significantly increases the chances of successful endodontic treatment.<\/p>\n\n\n\n<div class=\"wp-block-buttons is-content-justification-center\">\n<div class=\"wp-block-button is-style-outline\"><a class=\"wp-block-button__link has-primary-color has-text-color\" href=\"https:\/\/mackeviciai.lt\/lt\/vaizdo-irasai\/\" style=\"border-radius:10px\">See MORE<\/a><\/div>\n<\/div>\n<\/div>\n<\/div>\n<\/div><\/div>\n<\/div><\/div>","protected":false},"excerpt":{"rendered":"<p>Meet Raimonda Mar\u010diulynait\u0117 Endodontics Our clinic strives for the complete prevention of the formation of dental diseases, therefore we encourage patients to visit as soon as the disease or inflammation begins to progress. In order to prevent endodontic diseases, we use magnifying lenses and microscopes in the clinic. With their help we prevent the development [&hellip;]<\/p>","protected":false},"author":1,"featured_media":0,"parent":0,"menu_order":0,"comment_status":"closed","ping_status":"closed","template":"","meta":{"_monsterinsights_skip_tracking":false,"_monsterinsights_sitenote_active":false,"_monsterinsights_sitenote_note":"","_monsterinsights_sitenote_category":0},"yoast_head":"<!-- This site is optimized with the Yoast SEO plugin v17.8 - https:\/\/yoast.com\/wordpress\/plugins\/seo\/ -->\n<title>Raimonda Mar\u010diulynait\u0117 - A. Mackevi\u010diaus odontologijos klinika - Vilnius<\/title>\n<meta name=\"robots\" content=\"index, follow, max-snippet:-1, max-image-preview:large, max-video-preview:-1\" \/>\n<link rel=\"canonical\" href=\"https:\/\/mackeviciai.lt\/en\/raimonda-marciulynaite-2\/\" \/>\n<meta property=\"og:locale\" content=\"en_US\" \/>\n<meta property=\"og:type\" content=\"article\" \/>\n<meta property=\"og:title\" content=\"Raimonda Mar\u010diulynait\u0117 - A. Mackevi\u010diaus odontologijos klinika - Vilnius\" \/>\n<meta property=\"og:description\" content=\"Meet Raimonda Mar\u010diulynait\u0117 Endodontics Our clinic strives for the complete prevention of the formation of dental diseases, therefore we encourage patients to visit as soon as the disease or inflammation begins to progress. In order to prevent endodontic diseases, we use magnifying lenses and microscopes in the clinic. With their help we prevent the development [&hellip;]\" \/>\n<meta property=\"og:url\" content=\"https:\/\/mackeviciai.lt\/en\/raimonda-marciulynaite-2\/\" \/>\n<meta property=\"og:site_name\" content=\"A. Mackevi\u010diaus odontologijos klinika - Vilnius\" \/>\n<meta property=\"article:modified_time\" content=\"2022-01-31T07:28:27+00:00\" \/>\n<meta property=\"og:image\" content=\"https:\/\/www.mackeviciai.lt\/wp-content\/uploads\/2021\/11\/Raimonda-Marciulynaite-Ustiliene-min.jpg\" \/>\n<meta name=\"twitter:card\" content=\"summary_large_image\" \/>\n<meta name=\"twitter:label1\" content=\"Est. reading time\" \/>\n\t<meta name=\"twitter:data1\" content=\"2 minutes\" \/>\n<script type=\"application\/ld+json\" class=\"yoast-schema-graph\">{\"@context\":\"https:\/\/schema.org\",\"@graph\":[{\"@type\":\"Organization\",\"@id\":\"https:\/\/mackeviciai.lt\/lt\/#organization\",\"name\":\"A. Mackevi\\u010diaus odontologijos klinika\",\"url\":\"https:\/\/mackeviciai.lt\/lt\/\",\"sameAs\":[],\"logo\":{\"@type\":\"ImageObject\",\"@id\":\"https:\/\/mackeviciai.lt\/lt\/#logo\",\"inLanguage\":\"en-US\",\"url\":\"https:\/\/www.mackeviciai.lt\/wp-content\/uploads\/2021\/12\/BLUE_HORIZONTAL.png\",\"contentUrl\":\"https:\/\/www.mackeviciai.lt\/wp-content\/uploads\/2021\/12\/BLUE_HORIZONTAL.png\",\"width\":708,\"height\":165,\"caption\":\"A. Mackevi\\u010diaus odontologijos klinika\"},\"image\":{\"@id\":\"https:\/\/mackeviciai.lt\/lt\/#logo\"}},{\"@type\":\"WebSite\",\"@id\":\"https:\/\/mackeviciai.lt\/lt\/#website\",\"url\":\"https:\/\/mackeviciai.lt\/lt\/\",\"name\":\"A. Mackevi\\u010diaus odontologijos klinika - Vilnius\",\"description\":\"\",\"publisher\":{\"@id\":\"https:\/\/mackeviciai.lt\/lt\/#organization\"},\"potentialAction\":[{\"@type\":\"SearchAction\",\"target\":{\"@type\":\"EntryPoint\",\"urlTemplate\":\"https:\/\/mackeviciai.lt\/lt\/?s={search_term_string}\"},\"query-input\":\"required name=search_term_string\"}],\"inLanguage\":\"en-US\"},{\"@type\":\"ImageObject\",\"@id\":\"https:\/\/mackeviciai.lt\/en\/raimonda-marciulynaite-2\/#primaryimage\",\"inLanguage\":\"en-US\",\"url\":\"https:\/\/www.mackeviciai.lt\/wp-content\/uploads\/2021\/11\/Raimonda-Marciulynaite-Ustiliene-min.jpg\",\"contentUrl\":\"https:\/\/www.mackeviciai.lt\/wp-content\/uploads\/2021\/11\/Raimonda-Marciulynaite-Ustiliene-min.jpg\"},{\"@type\":\"WebPage\",\"@id\":\"https:\/\/mackeviciai.lt\/en\/raimonda-marciulynaite-2\/#webpage\",\"url\":\"https:\/\/mackeviciai.lt\/en\/raimonda-marciulynaite-2\/\",\"name\":\"Raimonda Mar\\u010diulynait\\u0117 - A. Mackevi\\u010diaus odontologijos klinika - Vilnius\",\"isPartOf\":{\"@id\":\"https:\/\/mackeviciai.lt\/lt\/#website\"},\"primaryImageOfPage\":{\"@id\":\"https:\/\/mackeviciai.lt\/en\/raimonda-marciulynaite-2\/#primaryimage\"},\"datePublished\":\"2022-01-31T00:25:51+00:00\",\"dateModified\":\"2022-01-31T07:28:27+00:00\",\"breadcrumb\":{\"@id\":\"https:\/\/mackeviciai.lt\/en\/raimonda-marciulynaite-2\/#breadcrumb\"},\"inLanguage\":\"en-US\",\"potentialAction\":[{\"@type\":\"ReadAction\",\"target\":[\"https:\/\/mackeviciai.lt\/en\/raimonda-marciulynaite-2\/\"]}]},{\"@type\":\"BreadcrumbList\",\"@id\":\"https:\/\/mackeviciai.lt\/en\/raimonda-marciulynaite-2\/#breadcrumb\",\"itemListElement\":[{\"@type\":\"ListItem\",\"position\":1,\"name\":\"Home\",\"item\":\"https:\/\/mackeviciai.lt\/en\/\"},{\"@type\":\"ListItem\",\"position\":2,\"name\":\"Raimonda Mar\\u010diulynait\\u0117\"}]}]}<\/script>\n<!-- \/ Yoast SEO plugin. -->","yoast_head_json":{"title":"Raimonda Mar\u010diulynait\u0117 - A. Mackevi\u010diaus odontologijos klinika - Vilnius","robots":{"index":"index","follow":"follow","max-snippet":"max-snippet:-1","max-image-preview":"max-image-preview:large","max-video-preview":"max-video-preview:-1"},"canonical":"https:\/\/mackeviciai.lt\/en\/raimonda-marciulynaite-2\/","og_locale":"en_US","og_type":"article","og_title":"Raimonda Mar\u010diulynait\u0117 - A. Mackevi\u010diaus odontologijos klinika - Vilnius","og_description":"Meet Raimonda Mar\u010diulynait\u0117 Endodontics Our clinic strives for the complete prevention of the formation of dental diseases, therefore we encourage patients to visit as soon as the disease or inflammation begins to progress. In order to prevent endodontic diseases, we use magnifying lenses and microscopes in the clinic. With their help we prevent the development [&hellip;]","og_url":"https:\/\/mackeviciai.lt\/en\/raimonda-marciulynaite-2\/","og_site_name":"A. Mackevi\u010diaus odontologijos klinika - Vilnius","article_modified_time":"2022-01-31T07:28:27+00:00","og_image":[{"url":"https:\/\/www.mackeviciai.lt\/wp-content\/uploads\/2021\/11\/Raimonda-Marciulynaite-Ustiliene-min.jpg"}],"twitter_card":"summary_large_image","twitter_misc":{"Est. reading time":"2 minutes"},"schema":{"@context":"https:\/\/schema.org","@graph":[{"@type":"Organization","@id":"https:\/\/mackeviciai.lt\/lt\/#organization","name":"A. Mackevi\u010diaus odontologijos klinika","url":"https:\/\/mackeviciai.lt\/lt\/","sameAs":[],"logo":{"@type":"ImageObject","@id":"https:\/\/mackeviciai.lt\/lt\/#logo","inLanguage":"en-US","url":"https:\/\/www.mackeviciai.lt\/wp-content\/uploads\/2021\/12\/BLUE_HORIZONTAL.png","contentUrl":"https:\/\/www.mackeviciai.lt\/wp-content\/uploads\/2021\/12\/BLUE_HORIZONTAL.png","width":708,"height":165,"caption":"A. Mackevi\u010diaus odontologijos klinika"},"image":{"@id":"https:\/\/mackeviciai.lt\/lt\/#logo"}},{"@type":"WebSite","@id":"https:\/\/mackeviciai.lt\/lt\/#website","url":"https:\/\/mackeviciai.lt\/lt\/","name":"A. Mackevi\u010diaus odontologijos klinika - Vilnius","description":"","publisher":{"@id":"https:\/\/mackeviciai.lt\/lt\/#organization"},"potentialAction":[{"@type":"SearchAction","target":{"@type":"EntryPoint","urlTemplate":"https:\/\/mackeviciai.lt\/lt\/?s={search_term_string}"},"query-input":"required name=search_term_string"}],"inLanguage":"en-US"},{"@type":"ImageObject","@id":"https:\/\/mackeviciai.lt\/en\/raimonda-marciulynaite-2\/#primaryimage","inLanguage":"en-US","url":"https:\/\/www.mackeviciai.lt\/wp-content\/uploads\/2021\/11\/Raimonda-Marciulynaite-Ustiliene-min.jpg","contentUrl":"https:\/\/www.mackeviciai.lt\/wp-content\/uploads\/2021\/11\/Raimonda-Marciulynaite-Ustiliene-min.jpg"},{"@type":"WebPage","@id":"https:\/\/mackeviciai.lt\/en\/raimonda-marciulynaite-2\/#webpage","url":"https:\/\/mackeviciai.lt\/en\/raimonda-marciulynaite-2\/","name":"Raimonda Mar\u010diulynait\u0117 - A. Mackevi\u010diaus odontologijos klinika - Vilnius","isPartOf":{"@id":"https:\/\/mackeviciai.lt\/lt\/#website"},"primaryImageOfPage":{"@id":"https:\/\/mackeviciai.lt\/en\/raimonda-marciulynaite-2\/#primaryimage"},"datePublished":"2022-01-31T00:25:51+00:00","dateModified":"2022-01-31T07:28:27+00:00","breadcrumb":{"@id":"https:\/\/mackeviciai.lt\/en\/raimonda-marciulynaite-2\/#breadcrumb"},"inLanguage":"en-US","potentialAction":[{"@type":"ReadAction","target":["https:\/\/mackeviciai.lt\/en\/raimonda-marciulynaite-2\/"]}]},{"@type":"BreadcrumbList","@id":"https:\/\/mackeviciai.lt\/en\/raimonda-marciulynaite-2\/#breadcrumb","itemListElement":[{"@type":"ListItem","position":1,"name":"Home","item":"https:\/\/mackeviciai.lt\/en\/"},{"@type":"ListItem","position":2,"name":"Raimonda Mar\u010diulynait\u0117"}]}]}},"uagb_featured_image_src":{"full":false,"thumbnail":false,"medium":false,"medium_large":false,"large":false,"1536x1536":false,"2048x2048":false,"trp-custom-language-flag":false,"post-thumbnail":false,"twentytwenty-fullscreen":false},"uagb_author_info":{"display_name":"test159","author_link":"https:\/\/mackeviciai.lt\/en\/author\/test159\/"},"uagb_comment_info":0,"uagb_excerpt":"Meet Raimonda Mar\u010diulynait\u0117 Endodontics Our clinic strives for the complete prevention of the formation of dental diseases, therefore we encourage patients to visit as soon as the disease or inflammation begins to progress. In order to prevent endodontic diseases, we use magnifying lenses and microscopes in the clinic. With their help we prevent the development&hellip;","_links":{"self":[{"href":"https:\/\/mackeviciai.lt\/en\/wp-json\/wp\/v2\/pages\/4180"}],"collection":[{"href":"https:\/\/mackeviciai.lt\/en\/wp-json\/wp\/v2\/pages"}],"about":[{"href":"https:\/\/mackeviciai.lt\/en\/wp-json\/wp\/v2\/types\/page"}],"author":[{"embeddable":true,"href":"https:\/\/mackeviciai.lt\/en\/wp-json\/wp\/v2\/users\/1"}],"replies":[{"embeddable":true,"href":"https:\/\/mackeviciai.lt\/en\/wp-json\/wp\/v2\/comments?post=4180"}],"version-history":[{"count":8,"href":"https:\/\/mackeviciai.lt\/en\/wp-json\/wp\/v2\/pages\/4180\/revisions"}],"predecessor-version":[{"id":4258,"href":"https:\/\/mackeviciai.lt\/en\/wp-json\/wp\/v2\/pages\/4180\/revisions\/4258"}],"wp:attachment":[{"href":"https:\/\/mackeviciai.lt\/en\/wp-json\/wp\/v2\/media?parent=4180"}],"curies":[{"name":"wp","href":"https:\/\/api.w.org\/{rel}","templated":true}]}}