{"id":5644,"date":"2025-02-19T07:02:16","date_gmt":"2025-02-19T07:02:16","guid":{"rendered":"https:\/\/mackeviciai.lt\/?page_id=5644"},"modified":"2026-01-15T18:59:20","modified_gmt":"2026-01-15T18:59:20","slug":"team","status":"publish","type":"page","link":"https:\/\/mackeviciai.lt\/en\/team\/","title":{"rendered":"Team"},"content":{"rendered":"<h2 class=\"has-text-align-center mackmarg0\">Team<\/h2>\n\n\n\n<div id=\"slickslider\">\n<div class=\"multiple-items\">\n   <div class=\"docDOC\"><a href=\"https:\/\/mackeviciai.lt\/lt\/astijus-mackevicius\/\"><img loading=\"lazy\" src=\"https:\/\/www.mackeviciai.lt\/wp-content\/uploads\/2021\/11\/Astijus_Mackevicius-min.jpg\" height=\"200px\" width=\"400px\" alt=\"doctor\"><p class=\"name\">Astijus Mackevi\u010dius<\/p>\n<p class=\"prof\">FOUNDER AND <\/br>CHIEF PHYSICIAN<\/p>\n<\/a><\/div>\n\n  <div class=\"docDOC\"><a href=\"https:\/\/mackeviciai.lt\/lt\/birute-mackeviciene\/\"><img loading=\"lazy\" src=\"https:\/\/www.mackeviciai.lt\/wp-content\/uploads\/2021\/11\/Birute_Mackeviciene-min-1.jpg\" height=\"200px\" width=\"400px\" alt=\"doctor\"><p class=\"name\">Birut\u0117 Mackevi\u010dien\u0117<\/p>\n<p class=\"prof\">GENERAL PRACTICE <\/br>DENTIST<\/p>\n<\/a><\/div>\n  \n  <div class=\"docDOC\"><a href=\"https:\/\/mackeviciai.lt\/lt\/monika-mackeviciute\/\"><img loading=\"lazy\" src=\"https:\/\/www.mackeviciai.lt\/wp-content\/uploads\/2021\/11\/Monika_Mackeviciute-min.jpg\" height=\"200px\" width=\"400px\" alt=\"doctor\"><p class=\"name\">Monika Mackevi\u010di\u016bt\u0117<\/p>\n<p class=\"prof\">ORTHODONTIST<\/br><\/br><\/p>\n<\/a><\/div>\n\n<div class=\"docDOC\"><a href=\"https:\/\/mackeviciai.lt\/en\/migle-mackeviciute-2\/\"><img loading=\"lazy\" src=\"https:\/\/mackeviciai.lt\/wp-content\/uploads\/2026\/01\/migle_mackeviciute-1.jpg\" height=\"200px\" width=\"400px\" alt=\"doctor\"><p class=\"name\">Migl\u0117 Mackevi\u010di\u016bt\u0117<\/p>\n<p class=\"prof\">GENERAL PRACTICE <\/br>DENTIST<\/p>\n<\/a><\/div>\n  \n<\/div>\n<\/div>\n\n\n\n<div id=\"slickslider\">\n<div class=\"multiple-items\">\n\n<div class=\"docDOC\"><a href=\"https:\/\/mackeviciai.lt\/lt\/adas-latvys\/\"><img loading=\"eager\" src=\"https:\/\/mackeviciai.lt\/wp-content\/uploads\/2025\/02\/adas_latvys-min.jpg\" height=\"200px\" width=\"400px\" alt=\"doctor\"><p class=\"name\">Adas Latvys<\/p>\n<p class=\"prof\">ORAL<\/br> SURGEON<\/p>\n<\/a><\/div>\n \n\n <div class=\"docDOC\"><a href=\"https:\/\/mackeviciai.lt\/lt\/andrius-talijunas\/\"><img loading=\"lazy\" src=\"https:\/\/www.mackeviciai.lt\/wp-content\/uploads\/2021\/11\/Andrius_Talijunas-min.jpg\" height=\"200px\" width=\"400px\" alt=\"doctor\"><p class=\"name\">Andrius Talij\u016bnas<\/p>\n<p class=\"prof\">FACIAL AND <\/br>MAXILLOFACIAL SURGEON<\/p>\n<\/a><\/div>\n\n\n<div class=\"docDOC\"><a href=\"https:\/\/mackeviciai.lt\/lt\/giedrius-krukonis\/\"><img loading=\"lazy\" src=\"https:\/\/www.mackeviciai.lt\/wp-content\/uploads\/2021\/11\/Giedrius_Krukonis-min.jpg\" height=\"200px\" width=\"400px\" alt=\"doctor\"><p class=\"name\">Giedrius Krukonis<\/p>\n<p class=\"prof\">PERIODONTIST<\/br><br\/><\/p>\n<\/a><\/div>\n\n<div class=\"docDOC\"><a href=\"https:\/\/mackeviciai.lt\/lt\/linas-antanas-stankevicius\/\"><img loading=\"eager\" src=\"https:\/\/mackeviciai.lt\/wp-content\/uploads\/2025\/07\/linas-stankevicius.jpg\" height=\"200px\" width=\"400px\" alt=\"doctor\"><p class=\"name\">Linas Stankevi\u010dius<\/p>\n<p class=\"prof\">PHYSICIAN<\/br><\/br><\/p>\n<\/a><\/div>\n\n\n\n<\/div>\n<\/div>\n\n\n\n<div id=\"slickslider\">\n<div class=\"multiple-items\">\n\n<div class=\"docDOC\"><a href=\"https:\/\/mackeviciai.lt\/lt\/greta-parker\/\"><img loading=\"lazy\" src=\"https:\/\/www.mackeviciai.lt\/wp-content\/uploads\/2021\/11\/Greta_Parker-min.jpg\" height=\"200px\" width=\"400px\" alt=\"doctor\"><p class=\"name\">Greta Parker<\/p>\n<p class=\"prof\">GENERAL PRACTICE <\/br>DENTIST<\/p>\n<\/a><\/div>\n\n\n  <div class=\"docDOC\"><a href=\"https:\/\/mackeviciai.lt\/lt\/raimonda-marciulynaite\/\"><img loading=\"lazy\" src=\"https:\/\/www.mackeviciai.lt\/wp-content\/uploads\/2021\/11\/Raimonda-Marciulynaite-Ustiliene-min.jpg\" height=\"200px\" width=\"400px\" alt=\"doctor\"><p class=\"name\">Raimonda Mar\u010diulynait\u0117<\/p>\n<p class=\"prof\">ENDODONTIST<\/br><br\/><\/p>\n<\/a><\/div>\n\n   <div class=\"docDOC\"><a href=\"https:\/\/mackeviciai.lt\/lt\/inga-juskiene\/\"><img loading=\"lazy\" src=\"https:\/\/www.mackeviciai.lt\/wp-content\/uploads\/2021\/11\/Inga_Juskiene-min.jpg\" height=\"200px\" width=\"400px\" alt=\"doctor\"><p class=\"name\">Inga Ju\u0161kien\u0117<\/p>\n<p class=\"prof\">PAEDIATRIC <\/br> DENTIST<\/p>\n<\/a><\/div>\n\n<div class=\"docDOC\"><a href=\"https:\/\/mackeviciai.lt\/lt\/indre-naruseviciute\/\"><img loading=\"eager\" src=\"https:\/\/www.mackeviciai.lt\/wp-content\/uploads\/2021\/11\/Indre_Naruseviciute-min.jpg\" height=\"200px\" width=\"400px\" alt=\"doctor\"><p class=\"name\">Indr\u0117 Naru\u0161evi\u010di\u016bt\u0117<\/p>\n<p class=\"prof\">ORAL <\/br>HYGIENIST<\/p>\n<\/a><\/div>\n\n\n\n\n<\/div>\n<\/div>\n\n\n\n<div id=\"slickslider\">\n<div class=\"multiple-items\">\n\n<div class=\"docDOC\"><a href=\"https:\/\/mackeviciai.lt\/en\/skirmante-jokubauskaite-2\/\"><img loading=\"lazy\" src=\"https:\/\/mackeviciai.lt\/wp-content\/uploads\/2026\/01\/skirmante_jokubauskaite.jpg\" height=\"200px\" width=\"400px\" alt=\"doctor\"><p class=\"name\">Skirmant\u0117 Jokubauskait\u0117<\/p>\n<p class=\"prof\">ORAL<\/br> HYGIENIST<\/p>\n<\/a><\/div>\n   \n<div class=\"docDOC\"><a href=\"https:\/\/mackeviciai.lt\/en\/asta-klimkaite-2\/\"><img loading=\"eager\" src=\"https:\/\/mackeviciai.lt\/wp-content\/uploads\/2025\/02\/asta_klimkaite-min.jpg\" height=\"200px\" width=\"400px\" alt=\"doctor\"><p class=\"name\">Asta Klimkait\u0117<\/p>\n<p class=\"prof\">ORAL <\/br>HYGIENIST<\/p>\n<\/a><\/div> \n\n   <div class=\"docDOC\"><a href=\"https:\/\/mackeviciai.lt\/en\/egle-bliudziuviene-3\/\"><img loading=\"eager\" src=\"https:\/\/mackeviciai.lt\/wp-content\/uploads\/2025\/03\/egle-bliudziuviene.jpg\" height=\"200px\" width=\"400px\" alt=\"doctor\"><p class=\"name\">Egl\u0117 Bli\u016bd\u017eiuvien\u0117<\/p>\n<p class=\"prof\">ORAL <\/br>HYGIENIST<\/p>\n<\/a><\/div>\n\n<\/div>\n<\/div>\n\n\n\n<div id=\"slickslider\">\n<div class=\"multiple-items\">\n\n  \n\n  \n\n<\/div>\n<\/div>\n\n\n\n<p><\/p>","protected":false},"excerpt":{"rendered":"<p>Team Astijus Mackevi\u010dius FOUNDER AND CHIEF PHYSICIAN Birut\u0117 Mackevi\u010dien\u0117 GENERAL PRACTICE DENTIST Monika Mackevi\u010di\u016bt\u0117 ORTHODONTIST Migl\u0117 Mackevi\u010di\u016bt\u0117 GENERAL PRACTICE DENTIST Adas Latvys ORAL SURGEON Andrius Talij\u016bnas FACIAL AND MAXILLOFACIAL SURGEON Giedrius Krukonis PERIODONTIST Linas Stankevi\u010dius PHYSICIAN Greta Parker GENERAL PRACTICE DENTIST Raimonda Mar\u010diulynait\u0117 ENDODONTIST Inga Ju\u0161kien\u0117 PAEDIATRIC DENTIST Indr\u0117 Naru\u0161evi\u010di\u016bt\u0117 ORAL HYGIENIST Skirmant\u0117 Jokubauskait\u0117 ORAL [&hellip;]<\/p>","protected":false},"author":1,"featured_media":0,"parent":0,"menu_order":0,"comment_status":"closed","ping_status":"closed","template":"","meta":{"_monsterinsights_skip_tracking":false,"_monsterinsights_sitenote_active":false,"_monsterinsights_sitenote_note":"","_monsterinsights_sitenote_category":0},"yoast_head":"<!-- This site is optimized with the Yoast SEO plugin v17.8 - https:\/\/yoast.com\/wordpress\/plugins\/seo\/ -->\n<title>Team - A. Mackevi\u010diaus odontologijos klinika - Vilnius<\/title>\n<meta name=\"robots\" content=\"index, follow, max-snippet:-1, max-image-preview:large, max-video-preview:-1\" \/>\n<link rel=\"canonical\" href=\"https:\/\/mackeviciai.lt\/en\/team\/\" \/>\n<meta property=\"og:locale\" content=\"en_US\" \/>\n<meta property=\"og:type\" content=\"article\" \/>\n<meta property=\"og:title\" content=\"Team - A. Mackevi\u010diaus odontologijos klinika - Vilnius\" \/>\n<meta property=\"og:description\" content=\"Team Astijus Mackevi\u010dius FOUNDER AND CHIEF PHYSICIAN Birut\u0117 Mackevi\u010dien\u0117 GENERAL PRACTICE DENTIST Monika Mackevi\u010di\u016bt\u0117 ORTHODONTIST Migl\u0117 Mackevi\u010di\u016bt\u0117 GENERAL PRACTICE DENTIST Adas Latvys ORAL SURGEON Andrius Talij\u016bnas FACIAL AND MAXILLOFACIAL SURGEON Giedrius Krukonis PERIODONTIST Linas Stankevi\u010dius PHYSICIAN Greta Parker GENERAL PRACTICE DENTIST Raimonda Mar\u010diulynait\u0117 ENDODONTIST Inga Ju\u0161kien\u0117 PAEDIATRIC DENTIST Indr\u0117 Naru\u0161evi\u010di\u016bt\u0117 ORAL HYGIENIST Skirmant\u0117 Jokubauskait\u0117 ORAL [&hellip;]\" \/>\n<meta property=\"og:url\" content=\"https:\/\/mackeviciai.lt\/en\/team\/\" \/>\n<meta property=\"og:site_name\" content=\"A. Mackevi\u010diaus odontologijos klinika - Vilnius\" \/>\n<meta property=\"article:modified_time\" content=\"2026-01-15T18:59:20+00:00\" \/>\n<meta property=\"og:image\" content=\"https:\/\/www.mackeviciai.lt\/wp-content\/uploads\/2021\/11\/Astijus_Mackevicius-min.jpg\" \/>\n<meta name=\"twitter:card\" content=\"summary_large_image\" \/>\n<meta name=\"twitter:label1\" content=\"Est. reading time\" \/>\n\t<meta name=\"twitter:data1\" content=\"4 minutes\" \/>\n<script type=\"application\/ld+json\" class=\"yoast-schema-graph\">{\"@context\":\"https:\/\/schema.org\",\"@graph\":[{\"@type\":\"Organization\",\"@id\":\"https:\/\/mackeviciai.lt\/lt\/#organization\",\"name\":\"A. Mackevi\\u010diaus odontologijos klinika\",\"url\":\"https:\/\/mackeviciai.lt\/lt\/\",\"sameAs\":[],\"logo\":{\"@type\":\"ImageObject\",\"@id\":\"https:\/\/mackeviciai.lt\/lt\/#logo\",\"inLanguage\":\"en-US\",\"url\":\"https:\/\/www.mackeviciai.lt\/wp-content\/uploads\/2021\/12\/BLUE_HORIZONTAL.png\",\"contentUrl\":\"https:\/\/www.mackeviciai.lt\/wp-content\/uploads\/2021\/12\/BLUE_HORIZONTAL.png\",\"width\":708,\"height\":165,\"caption\":\"A. Mackevi\\u010diaus odontologijos klinika\"},\"image\":{\"@id\":\"https:\/\/mackeviciai.lt\/lt\/#logo\"}},{\"@type\":\"WebSite\",\"@id\":\"https:\/\/mackeviciai.lt\/lt\/#website\",\"url\":\"https:\/\/mackeviciai.lt\/lt\/\",\"name\":\"A. Mackevi\\u010diaus odontologijos klinika - Vilnius\",\"description\":\"\",\"publisher\":{\"@id\":\"https:\/\/mackeviciai.lt\/lt\/#organization\"},\"potentialAction\":[{\"@type\":\"SearchAction\",\"target\":{\"@type\":\"EntryPoint\",\"urlTemplate\":\"https:\/\/mackeviciai.lt\/lt\/?s={search_term_string}\"},\"query-input\":\"required name=search_term_string\"}],\"inLanguage\":\"en-US\"},{\"@type\":\"ImageObject\",\"@id\":\"https:\/\/mackeviciai.lt\/en\/team\/#primaryimage\",\"inLanguage\":\"en-US\",\"url\":\"https:\/\/www.mackeviciai.lt\/wp-content\/uploads\/2021\/11\/Astijus_Mackevicius-min.jpg\",\"contentUrl\":\"https:\/\/www.mackeviciai.lt\/wp-content\/uploads\/2021\/11\/Astijus_Mackevicius-min.jpg\"},{\"@type\":\"WebPage\",\"@id\":\"https:\/\/mackeviciai.lt\/en\/team\/#webpage\",\"url\":\"https:\/\/mackeviciai.lt\/en\/team\/\",\"name\":\"Team - A. Mackevi\\u010diaus odontologijos klinika - Vilnius\",\"isPartOf\":{\"@id\":\"https:\/\/mackeviciai.lt\/lt\/#website\"},\"primaryImageOfPage\":{\"@id\":\"https:\/\/mackeviciai.lt\/en\/team\/#primaryimage\"},\"datePublished\":\"2025-02-19T07:02:16+00:00\",\"dateModified\":\"2026-01-15T18:59:20+00:00\",\"breadcrumb\":{\"@id\":\"https:\/\/mackeviciai.lt\/en\/team\/#breadcrumb\"},\"inLanguage\":\"en-US\",\"potentialAction\":[{\"@type\":\"ReadAction\",\"target\":[\"https:\/\/mackeviciai.lt\/en\/team\/\"]}]},{\"@type\":\"BreadcrumbList\",\"@id\":\"https:\/\/mackeviciai.lt\/en\/team\/#breadcrumb\",\"itemListElement\":[{\"@type\":\"ListItem\",\"position\":1,\"name\":\"Home\",\"item\":\"https:\/\/mackeviciai.lt\/en\/\"},{\"@type\":\"ListItem\",\"position\":2,\"name\":\"Team\"}]}]}<\/script>\n<!-- \/ Yoast SEO plugin. -->","yoast_head_json":{"title":"Team - A. Mackevi\u010diaus odontologijos klinika - Vilnius","robots":{"index":"index","follow":"follow","max-snippet":"max-snippet:-1","max-image-preview":"max-image-preview:large","max-video-preview":"max-video-preview:-1"},"canonical":"https:\/\/mackeviciai.lt\/en\/team\/","og_locale":"en_US","og_type":"article","og_title":"Team - A. Mackevi\u010diaus odontologijos klinika - Vilnius","og_description":"Team Astijus Mackevi\u010dius FOUNDER AND CHIEF PHYSICIAN Birut\u0117 Mackevi\u010dien\u0117 GENERAL PRACTICE DENTIST Monika Mackevi\u010di\u016bt\u0117 ORTHODONTIST Migl\u0117 Mackevi\u010di\u016bt\u0117 GENERAL PRACTICE DENTIST Adas Latvys ORAL SURGEON Andrius Talij\u016bnas FACIAL AND MAXILLOFACIAL SURGEON Giedrius Krukonis PERIODONTIST Linas Stankevi\u010dius PHYSICIAN Greta Parker GENERAL PRACTICE DENTIST Raimonda Mar\u010diulynait\u0117 ENDODONTIST Inga Ju\u0161kien\u0117 PAEDIATRIC DENTIST Indr\u0117 Naru\u0161evi\u010di\u016bt\u0117 ORAL HYGIENIST Skirmant\u0117 Jokubauskait\u0117 ORAL [&hellip;]","og_url":"https:\/\/mackeviciai.lt\/en\/team\/","og_site_name":"A. Mackevi\u010diaus odontologijos klinika - Vilnius","article_modified_time":"2026-01-15T18:59:20+00:00","og_image":[{"url":"https:\/\/www.mackeviciai.lt\/wp-content\/uploads\/2021\/11\/Astijus_Mackevicius-min.jpg"}],"twitter_card":"summary_large_image","twitter_misc":{"Est. reading time":"4 minutes"},"schema":{"@context":"https:\/\/schema.org","@graph":[{"@type":"Organization","@id":"https:\/\/mackeviciai.lt\/lt\/#organization","name":"A. Mackevi\u010diaus odontologijos klinika","url":"https:\/\/mackeviciai.lt\/lt\/","sameAs":[],"logo":{"@type":"ImageObject","@id":"https:\/\/mackeviciai.lt\/lt\/#logo","inLanguage":"en-US","url":"https:\/\/www.mackeviciai.lt\/wp-content\/uploads\/2021\/12\/BLUE_HORIZONTAL.png","contentUrl":"https:\/\/www.mackeviciai.lt\/wp-content\/uploads\/2021\/12\/BLUE_HORIZONTAL.png","width":708,"height":165,"caption":"A. Mackevi\u010diaus odontologijos klinika"},"image":{"@id":"https:\/\/mackeviciai.lt\/lt\/#logo"}},{"@type":"WebSite","@id":"https:\/\/mackeviciai.lt\/lt\/#website","url":"https:\/\/mackeviciai.lt\/lt\/","name":"A. Mackevi\u010diaus odontologijos klinika - Vilnius","description":"","publisher":{"@id":"https:\/\/mackeviciai.lt\/lt\/#organization"},"potentialAction":[{"@type":"SearchAction","target":{"@type":"EntryPoint","urlTemplate":"https:\/\/mackeviciai.lt\/lt\/?s={search_term_string}"},"query-input":"required name=search_term_string"}],"inLanguage":"en-US"},{"@type":"ImageObject","@id":"https:\/\/mackeviciai.lt\/en\/team\/#primaryimage","inLanguage":"en-US","url":"https:\/\/www.mackeviciai.lt\/wp-content\/uploads\/2021\/11\/Astijus_Mackevicius-min.jpg","contentUrl":"https:\/\/www.mackeviciai.lt\/wp-content\/uploads\/2021\/11\/Astijus_Mackevicius-min.jpg"},{"@type":"WebPage","@id":"https:\/\/mackeviciai.lt\/en\/team\/#webpage","url":"https:\/\/mackeviciai.lt\/en\/team\/","name":"Team - A. Mackevi\u010diaus odontologijos klinika - Vilnius","isPartOf":{"@id":"https:\/\/mackeviciai.lt\/lt\/#website"},"primaryImageOfPage":{"@id":"https:\/\/mackeviciai.lt\/en\/team\/#primaryimage"},"datePublished":"2025-02-19T07:02:16+00:00","dateModified":"2026-01-15T18:59:20+00:00","breadcrumb":{"@id":"https:\/\/mackeviciai.lt\/en\/team\/#breadcrumb"},"inLanguage":"en-US","potentialAction":[{"@type":"ReadAction","target":["https:\/\/mackeviciai.lt\/en\/team\/"]}]},{"@type":"BreadcrumbList","@id":"https:\/\/mackeviciai.lt\/en\/team\/#breadcrumb","itemListElement":[{"@type":"ListItem","position":1,"name":"Home","item":"https:\/\/mackeviciai.lt\/en\/"},{"@type":"ListItem","position":2,"name":"Team"}]}]}},"uagb_featured_image_src":{"full":false,"thumbnail":false,"medium":false,"medium_large":false,"large":false,"1536x1536":false,"2048x2048":false,"trp-custom-language-flag":false,"post-thumbnail":false,"twentytwenty-fullscreen":false},"uagb_author_info":{"display_name":"test159","author_link":"https:\/\/mackeviciai.lt\/en\/author\/test159\/"},"uagb_comment_info":0,"uagb_excerpt":"Team Astijus Mackevi\u010dius FOUNDER AND CHIEF PHYSICIAN Birut\u0117 Mackevi\u010dien\u0117 GENERAL PRACTICE DENTIST Monika Mackevi\u010di\u016bt\u0117 ORTHODONTIST Migl\u0117 Mackevi\u010di\u016bt\u0117 GENERAL PRACTICE DENTIST Adas Latvys ORAL SURGEON Andrius Talij\u016bnas FACIAL AND MAXILLOFACIAL SURGEON Giedrius Krukonis PERIODONTIST Linas Stankevi\u010dius PHYSICIAN Greta Parker GENERAL PRACTICE DENTIST Raimonda Mar\u010diulynait\u0117 ENDODONTIST Inga Ju\u0161kien\u0117 PAEDIATRIC DENTIST Indr\u0117 Naru\u0161evi\u010di\u016bt\u0117 ORAL HYGIENIST Skirmant\u0117 Jokubauskait\u0117 ORAL&hellip;","_links":{"self":[{"href":"https:\/\/mackeviciai.lt\/en\/wp-json\/wp\/v2\/pages\/5644"}],"collection":[{"href":"https:\/\/mackeviciai.lt\/en\/wp-json\/wp\/v2\/pages"}],"about":[{"href":"https:\/\/mackeviciai.lt\/en\/wp-json\/wp\/v2\/types\/page"}],"author":[{"embeddable":true,"href":"https:\/\/mackeviciai.lt\/en\/wp-json\/wp\/v2\/users\/1"}],"replies":[{"embeddable":true,"href":"https:\/\/mackeviciai.lt\/en\/wp-json\/wp\/v2\/comments?post=5644"}],"version-history":[{"count":25,"href":"https:\/\/mackeviciai.lt\/en\/wp-json\/wp\/v2\/pages\/5644\/revisions"}],"predecessor-version":[{"id":6005,"href":"https:\/\/mackeviciai.lt\/en\/wp-json\/wp\/v2\/pages\/5644\/revisions\/6005"}],"wp:attachment":[{"href":"https:\/\/mackeviciai.lt\/en\/wp-json\/wp\/v2\/media?parent=5644"}],"curies":[{"name":"wp","href":"https:\/\/api.w.org\/{rel}","templated":true}]}}