{"id":5709,"date":"2025-03-10T20:05:05","date_gmt":"2025-03-10T20:05:05","guid":{"rendered":"https:\/\/mackeviciai.lt\/?page_id=5709"},"modified":"2025-03-10T20:10:23","modified_gmt":"2025-03-10T20:10:23","slug":"egle-bliudziuviene-3","status":"publish","type":"page","link":"https:\/\/mackeviciai.lt\/en\/egle-bliudziuviene-3\/","title":{"rendered":"Egl\u0117 Bli\u016bd\u017eiuvien\u0117"},"content":{"rendered":"<div class=\"wp-block-group alignfull mackD1\"><div class=\"wp-block-group__inner-container\">\n<section class=\"wp-block-uagb-columns uagb-columns__wrap uagb-columns__background-undefined uagb-columns__stack-mobile uagb-columns__valign-undefined uagb-columns__gap-10 alignfull uagb-block-e761d030\"><div class=\"uagb-columns__overlay\"><\/div><div class=\"uagb-columns__inner-wrap uagb-columns__columns-2\">\n<div class=\"wp-block-uagb-column uagb-column__wrap uagb-column__background-undefined uagb-block-36c1220b mackDOCspec2\"><div class=\"uagb-column__overlay\"><\/div><div class=\"uagb-column__inner-wrap\">\n<figure class=\"wp-block-image alignfull size-full docDOCimg\"><img loading=\"lazy\" width=\"600\" height=\"600\" src=\"https:\/\/mackeviciai.lt\/wp-content\/uploads\/2025\/03\/egle-bliudziuviene.jpg\" alt=\"\" class=\"wp-image-5705\" srcset=\"https:\/\/mackeviciai.lt\/wp-content\/uploads\/2025\/03\/egle-bliudziuviene.jpg 600w, https:\/\/mackeviciai.lt\/wp-content\/uploads\/2025\/03\/egle-bliudziuviene-300x300.jpg 300w, https:\/\/mackeviciai.lt\/wp-content\/uploads\/2025\/03\/egle-bliudziuviene-150x150.jpg 150w, https:\/\/mackeviciai.lt\/wp-content\/uploads\/2025\/03\/egle-bliudziuviene-12x12.jpg 12w\" sizes=\"(max-width: 600px) 100vw, 600px\" \/><\/figure>\n\n\n\n<div id=\"ez-toc-container\" class=\"ez-toc-v2_0_17 counter-hierarchy counter-decimal ez-toc-transparent\">\n<nav><ul class=\"ez-toc-list ez-toc-list-level-1\"><li class=\"ez-toc-page-1 ez-toc-heading-level-4\"><a class=\"ez-toc-link ez-toc-heading-1\" href=\"https:\/\/mackeviciai.lt\/en\/egle-bliudziuviene-3\/#Egle_Bliudziuviene\" title=\"Egl\u0117 Bli\u016bd\u017eiuvien\u0117\">Egl\u0117 Bli\u016bd\u017eiuvien\u0117<\/a><\/li><li class=\"ez-toc-page-1 ez-toc-heading-level-4\"><a class=\"ez-toc-link ez-toc-heading-2\" href=\"https:\/\/mackeviciai.lt\/en\/egle-bliudziuviene-3\/#Biography\" title=\"Biography\">Biography<\/a><\/li><li class=\"ez-toc-page-1 ez-toc-heading-level-4\"><a class=\"ez-toc-link ez-toc-heading-3\" href=\"https:\/\/mackeviciai.lt\/en\/egle-bliudziuviene-3\/#Membership_in_professional_organisations\" title=\"Membership in professional organisations\">Membership in professional organisations<\/a><\/li><li class=\"ez-toc-page-1 ez-toc-heading-level-4\"><a class=\"ez-toc-link ez-toc-heading-4\" href=\"https:\/\/mackeviciai.lt\/en\/egle-bliudziuviene-3\/#Qualification_improvement\" title=\"Qualification improvement\">Qualification improvement<\/a><\/li><\/ul><\/nav><\/div>\n<h4 class=\"varpav\"><span class=\"ez-toc-section\" id=\"Egle_Bliudziuviene\"><\/span><strong>Egl\u0117 Bli\u016bd\u017eiuvien\u0117<\/strong><span class=\"ez-toc-section-end\"><\/span><\/h4>\n\n\n\n<p class=\"nomarg\" style=\"font-size:20px\"><strong>ORAL HYGIENIST<\/strong><\/p>\n\n\n\n<div class=\"wp-block-group mackDOCspec\"><div class=\"wp-block-group__inner-container\">\n<h6><strong><strong>SPECIALISATION<\/strong><\/strong><\/h6>\n\n\n\n<p>Professional oral hygiene<\/p>\n\n\n\n<h6><strong><strong>LICENCE NUMBER<\/strong><\/strong><\/h6>\n\n\n\n<p>BPL \u2013 06566<\/p>\n\n\n\n<h6><strong><strong>LANGUAGES<\/strong><\/strong><\/h6>\n\n\n\n<p>Lithuanian, English, German<\/p>\n<\/div><\/div>\n<\/div><\/div>\n\n\n\n<div class=\"wp-block-uagb-column uagb-column__wrap uagb-column__background-undefined uagb-block-d7dc69b2\"><div class=\"uagb-column__overlay\"><\/div><div class=\"uagb-column__inner-wrap\">\n<div class=\"wp-block-group alignfull mackbox nomarg2\"><div class=\"wp-block-group__inner-container\">\n<p>\u201cMy work aims at professionalism, sincere communication and meeting patients&#8217; expectations.\u201d<\/p>\n<\/div><\/div>\n\n\n\n<h4 class=\"has-text-align-left nomarg2\"><span class=\"ez-toc-section\" id=\"Biography\"><\/span>Biography<span class=\"ez-toc-section-end\"><\/span><\/h4>\n\n\n\n<p class=\"docBIO\">\n<strong class=\"first\">2015<\/strong> Bachelor&#8217;s degree in oral care and professional qualification as an oral hygienist.\nMedical Academy of Lithuanian University of Health Sciences.\n<\/p>\n\n\n\n<h4><span class=\"ez-toc-section\" id=\"Membership_in_professional_organisations\"><\/span>Membership in professional organisations<span class=\"ez-toc-section-end\"><\/span><\/h4>\n\n\n\n<p>\n<strong class=\"first\">Since 2015<\/strong> Member of the Lithuanian Chamber of Dentists.\n<\/p>\n\n\n\n<h4><span class=\"ez-toc-section\" id=\"Qualification_improvement\"><\/span>Qualification improvement<span class=\"ez-toc-section-end\"><\/span><\/h4>\n\n\n\n<p>I continuously improve my knowledge by attending seminars, courses and international conferences on oral hygiene innovations and techniques.<\/p>\n\n\n\n<span id=\"dots\" class=\"hidder\"><br>&#8230;<\/span>\n<span id=\"more\">\n\n\n\n<\/span>\n\n\n\n<button onclick=\"myFunctionBIO()\" class=\"hidder\" id=\"myBtn\">READ MORE<\/button>\n\n\n\n<p><\/p>\n<\/div><\/div>\n<\/div><\/section>\n<\/div><\/div>\n\n\n\n<p><\/p>","protected":false},"excerpt":{"rendered":"","protected":false},"author":1,"featured_media":0,"parent":0,"menu_order":0,"comment_status":"closed","ping_status":"closed","template":"","meta":{"_monsterinsights_skip_tracking":false,"_monsterinsights_sitenote_active":false,"_monsterinsights_sitenote_note":"","_monsterinsights_sitenote_category":0},"yoast_head":"<!-- This site is optimized with the Yoast SEO plugin v17.8 - https:\/\/yoast.com\/wordpress\/plugins\/seo\/ -->\n<title>Egl\u0117 Bli\u016bd\u017eiuvien\u0117 - A. Mackevi\u010diaus odontologijos klinika - Vilnius<\/title>\n<meta name=\"robots\" content=\"index, follow, max-snippet:-1, max-image-preview:large, max-video-preview:-1\" \/>\n<link rel=\"canonical\" href=\"https:\/\/mackeviciai.lt\/en\/egle-bliudziuviene-3\/\" \/>\n<meta property=\"og:locale\" content=\"en_US\" \/>\n<meta property=\"og:type\" content=\"article\" \/>\n<meta property=\"og:title\" content=\"Egl\u0117 Bli\u016bd\u017eiuvien\u0117 - A. Mackevi\u010diaus odontologijos klinika - Vilnius\" \/>\n<meta property=\"og:url\" content=\"https:\/\/mackeviciai.lt\/en\/egle-bliudziuviene-3\/\" \/>\n<meta property=\"og:site_name\" content=\"A. Mackevi\u010diaus odontologijos klinika - Vilnius\" \/>\n<meta property=\"article:modified_time\" content=\"2025-03-10T20:10:23+00:00\" \/>\n<meta property=\"og:image\" content=\"https:\/\/mackeviciai.lt\/wp-content\/uploads\/2025\/03\/egle-bliudziuviene.jpg\" \/>\n<meta name=\"twitter:card\" content=\"summary_large_image\" \/>\n<meta name=\"twitter:label1\" content=\"Est. reading time\" \/>\n\t<meta name=\"twitter:data1\" content=\"1 minute\" \/>\n<script type=\"application\/ld+json\" class=\"yoast-schema-graph\">{\"@context\":\"https:\/\/schema.org\",\"@graph\":[{\"@type\":\"Organization\",\"@id\":\"https:\/\/mackeviciai.lt\/lt\/#organization\",\"name\":\"A. Mackevi\\u010diaus odontologijos klinika\",\"url\":\"https:\/\/mackeviciai.lt\/lt\/\",\"sameAs\":[],\"logo\":{\"@type\":\"ImageObject\",\"@id\":\"https:\/\/mackeviciai.lt\/lt\/#logo\",\"inLanguage\":\"en-US\",\"url\":\"https:\/\/www.mackeviciai.lt\/wp-content\/uploads\/2021\/12\/BLUE_HORIZONTAL.png\",\"contentUrl\":\"https:\/\/www.mackeviciai.lt\/wp-content\/uploads\/2021\/12\/BLUE_HORIZONTAL.png\",\"width\":708,\"height\":165,\"caption\":\"A. Mackevi\\u010diaus odontologijos klinika\"},\"image\":{\"@id\":\"https:\/\/mackeviciai.lt\/lt\/#logo\"}},{\"@type\":\"WebSite\",\"@id\":\"https:\/\/mackeviciai.lt\/lt\/#website\",\"url\":\"https:\/\/mackeviciai.lt\/lt\/\",\"name\":\"A. Mackevi\\u010diaus odontologijos klinika - Vilnius\",\"description\":\"\",\"publisher\":{\"@id\":\"https:\/\/mackeviciai.lt\/lt\/#organization\"},\"potentialAction\":[{\"@type\":\"SearchAction\",\"target\":{\"@type\":\"EntryPoint\",\"urlTemplate\":\"https:\/\/mackeviciai.lt\/lt\/?s={search_term_string}\"},\"query-input\":\"required name=search_term_string\"}],\"inLanguage\":\"en-US\"},{\"@type\":\"ImageObject\",\"@id\":\"https:\/\/mackeviciai.lt\/en\/egle-bliudziuviene-3\/#primaryimage\",\"inLanguage\":\"en-US\",\"url\":\"https:\/\/mackeviciai.lt\/wp-content\/uploads\/2025\/03\/egle-bliudziuviene.jpg\",\"contentUrl\":\"https:\/\/mackeviciai.lt\/wp-content\/uploads\/2025\/03\/egle-bliudziuviene.jpg\",\"width\":600,\"height\":600},{\"@type\":\"WebPage\",\"@id\":\"https:\/\/mackeviciai.lt\/en\/egle-bliudziuviene-3\/#webpage\",\"url\":\"https:\/\/mackeviciai.lt\/en\/egle-bliudziuviene-3\/\",\"name\":\"Egl\\u0117 Bli\\u016bd\\u017eiuvien\\u0117 - A. Mackevi\\u010diaus odontologijos klinika - Vilnius\",\"isPartOf\":{\"@id\":\"https:\/\/mackeviciai.lt\/lt\/#website\"},\"primaryImageOfPage\":{\"@id\":\"https:\/\/mackeviciai.lt\/en\/egle-bliudziuviene-3\/#primaryimage\"},\"datePublished\":\"2025-03-10T20:05:05+00:00\",\"dateModified\":\"2025-03-10T20:10:23+00:00\",\"breadcrumb\":{\"@id\":\"https:\/\/mackeviciai.lt\/en\/egle-bliudziuviene-3\/#breadcrumb\"},\"inLanguage\":\"en-US\",\"potentialAction\":[{\"@type\":\"ReadAction\",\"target\":[\"https:\/\/mackeviciai.lt\/en\/egle-bliudziuviene-3\/\"]}]},{\"@type\":\"BreadcrumbList\",\"@id\":\"https:\/\/mackeviciai.lt\/en\/egle-bliudziuviene-3\/#breadcrumb\",\"itemListElement\":[{\"@type\":\"ListItem\",\"position\":1,\"name\":\"Home\",\"item\":\"https:\/\/mackeviciai.lt\/en\/\"},{\"@type\":\"ListItem\",\"position\":2,\"name\":\"Egl\\u0117 Bli\\u016bd\\u017eiuvien\\u0117\"}]}]}<\/script>\n<!-- \/ Yoast SEO plugin. -->","yoast_head_json":{"title":"Egl\u0117 Bli\u016bd\u017eiuvien\u0117 - A. Mackevi\u010diaus odontologijos klinika - Vilnius","robots":{"index":"index","follow":"follow","max-snippet":"max-snippet:-1","max-image-preview":"max-image-preview:large","max-video-preview":"max-video-preview:-1"},"canonical":"https:\/\/mackeviciai.lt\/en\/egle-bliudziuviene-3\/","og_locale":"en_US","og_type":"article","og_title":"Egl\u0117 Bli\u016bd\u017eiuvien\u0117 - A. Mackevi\u010diaus odontologijos klinika - Vilnius","og_url":"https:\/\/mackeviciai.lt\/en\/egle-bliudziuviene-3\/","og_site_name":"A. Mackevi\u010diaus odontologijos klinika - Vilnius","article_modified_time":"2025-03-10T20:10:23+00:00","og_image":[{"url":"https:\/\/mackeviciai.lt\/wp-content\/uploads\/2025\/03\/egle-bliudziuviene.jpg"}],"twitter_card":"summary_large_image","twitter_misc":{"Est. reading time":"1 minute"},"schema":{"@context":"https:\/\/schema.org","@graph":[{"@type":"Organization","@id":"https:\/\/mackeviciai.lt\/lt\/#organization","name":"A. Mackevi\u010diaus odontologijos klinika","url":"https:\/\/mackeviciai.lt\/lt\/","sameAs":[],"logo":{"@type":"ImageObject","@id":"https:\/\/mackeviciai.lt\/lt\/#logo","inLanguage":"en-US","url":"https:\/\/www.mackeviciai.lt\/wp-content\/uploads\/2021\/12\/BLUE_HORIZONTAL.png","contentUrl":"https:\/\/www.mackeviciai.lt\/wp-content\/uploads\/2021\/12\/BLUE_HORIZONTAL.png","width":708,"height":165,"caption":"A. Mackevi\u010diaus odontologijos klinika"},"image":{"@id":"https:\/\/mackeviciai.lt\/lt\/#logo"}},{"@type":"WebSite","@id":"https:\/\/mackeviciai.lt\/lt\/#website","url":"https:\/\/mackeviciai.lt\/lt\/","name":"A. Mackevi\u010diaus odontologijos klinika - Vilnius","description":"","publisher":{"@id":"https:\/\/mackeviciai.lt\/lt\/#organization"},"potentialAction":[{"@type":"SearchAction","target":{"@type":"EntryPoint","urlTemplate":"https:\/\/mackeviciai.lt\/lt\/?s={search_term_string}"},"query-input":"required name=search_term_string"}],"inLanguage":"en-US"},{"@type":"ImageObject","@id":"https:\/\/mackeviciai.lt\/en\/egle-bliudziuviene-3\/#primaryimage","inLanguage":"en-US","url":"https:\/\/mackeviciai.lt\/wp-content\/uploads\/2025\/03\/egle-bliudziuviene.jpg","contentUrl":"https:\/\/mackeviciai.lt\/wp-content\/uploads\/2025\/03\/egle-bliudziuviene.jpg","width":600,"height":600},{"@type":"WebPage","@id":"https:\/\/mackeviciai.lt\/en\/egle-bliudziuviene-3\/#webpage","url":"https:\/\/mackeviciai.lt\/en\/egle-bliudziuviene-3\/","name":"Egl\u0117 Bli\u016bd\u017eiuvien\u0117 - A. Mackevi\u010diaus odontologijos klinika - Vilnius","isPartOf":{"@id":"https:\/\/mackeviciai.lt\/lt\/#website"},"primaryImageOfPage":{"@id":"https:\/\/mackeviciai.lt\/en\/egle-bliudziuviene-3\/#primaryimage"},"datePublished":"2025-03-10T20:05:05+00:00","dateModified":"2025-03-10T20:10:23+00:00","breadcrumb":{"@id":"https:\/\/mackeviciai.lt\/en\/egle-bliudziuviene-3\/#breadcrumb"},"inLanguage":"en-US","potentialAction":[{"@type":"ReadAction","target":["https:\/\/mackeviciai.lt\/en\/egle-bliudziuviene-3\/"]}]},{"@type":"BreadcrumbList","@id":"https:\/\/mackeviciai.lt\/en\/egle-bliudziuviene-3\/#breadcrumb","itemListElement":[{"@type":"ListItem","position":1,"name":"Home","item":"https:\/\/mackeviciai.lt\/en\/"},{"@type":"ListItem","position":2,"name":"Egl\u0117 Bli\u016bd\u017eiuvien\u0117"}]}]}},"uagb_featured_image_src":{"full":false,"thumbnail":false,"medium":false,"medium_large":false,"large":false,"1536x1536":false,"2048x2048":false,"trp-custom-language-flag":false,"post-thumbnail":false,"twentytwenty-fullscreen":false},"uagb_author_info":{"display_name":"test159","author_link":"https:\/\/mackeviciai.lt\/en\/author\/test159\/"},"uagb_comment_info":0,"uagb_excerpt":null,"_links":{"self":[{"href":"https:\/\/mackeviciai.lt\/en\/wp-json\/wp\/v2\/pages\/5709"}],"collection":[{"href":"https:\/\/mackeviciai.lt\/en\/wp-json\/wp\/v2\/pages"}],"about":[{"href":"https:\/\/mackeviciai.lt\/en\/wp-json\/wp\/v2\/types\/page"}],"author":[{"embeddable":true,"href":"https:\/\/mackeviciai.lt\/en\/wp-json\/wp\/v2\/users\/1"}],"replies":[{"embeddable":true,"href":"https:\/\/mackeviciai.lt\/en\/wp-json\/wp\/v2\/comments?post=5709"}],"version-history":[{"count":7,"href":"https:\/\/mackeviciai.lt\/en\/wp-json\/wp\/v2\/pages\/5709\/revisions"}],"predecessor-version":[{"id":5724,"href":"https:\/\/mackeviciai.lt\/en\/wp-json\/wp\/v2\/pages\/5709\/revisions\/5724"}],"wp:attachment":[{"href":"https:\/\/mackeviciai.lt\/en\/wp-json\/wp\/v2\/media?parent=5709"}],"curies":[{"name":"wp","href":"https:\/\/api.w.org\/{rel}","templated":true}]}}