{"id":5780,"date":"2025-06-12T19:59:52","date_gmt":"2025-06-12T19:59:52","guid":{"rendered":"https:\/\/mackeviciai.lt\/?page_id=5780"},"modified":"2026-01-15T18:59:47","modified_gmt":"2026-01-15T18:59:47","slug":"skirmante-jokubauskaite-2","status":"publish","type":"page","link":"https:\/\/mackeviciai.lt\/en\/skirmante-jokubauskaite-2\/","title":{"rendered":"Skirmant\u0117 Jokubauskait\u0117"},"content":{"rendered":"<div class=\"wp-block-group alignfull mackD1\"><div class=\"wp-block-group__inner-container\">\n<section class=\"wp-block-uagb-columns uagb-columns__wrap uagb-columns__background-undefined uagb-columns__stack-mobile uagb-columns__valign-undefined uagb-columns__gap-10 alignfull uagb-block-dd0e524d\"><div class=\"uagb-columns__overlay\"><\/div><div class=\"uagb-columns__inner-wrap uagb-columns__columns-2\">\n<div class=\"wp-block-uagb-column uagb-column__wrap uagb-column__background-undefined uagb-block-532c3ff3 mackDOCspec2\"><div class=\"uagb-column__overlay\"><\/div><div class=\"uagb-column__inner-wrap\">\n<figure class=\"wp-block-image alignfull size-large docDOCimg\"><img loading=\"lazy\" width=\"1024\" height=\"1024\" src=\"https:\/\/mackeviciai.lt\/wp-content\/uploads\/2026\/01\/skirmante_jokubauskaite-1024x1024.jpg\" alt=\"\" class=\"wp-image-5992\" srcset=\"https:\/\/mackeviciai.lt\/wp-content\/uploads\/2026\/01\/skirmante_jokubauskaite-1024x1024.jpg 1024w, https:\/\/mackeviciai.lt\/wp-content\/uploads\/2026\/01\/skirmante_jokubauskaite-300x300.jpg 300w, https:\/\/mackeviciai.lt\/wp-content\/uploads\/2026\/01\/skirmante_jokubauskaite-150x150.jpg 150w, https:\/\/mackeviciai.lt\/wp-content\/uploads\/2026\/01\/skirmante_jokubauskaite-768x768.jpg 768w, https:\/\/mackeviciai.lt\/wp-content\/uploads\/2026\/01\/skirmante_jokubauskaite-12x12.jpg 12w, https:\/\/mackeviciai.lt\/wp-content\/uploads\/2026\/01\/skirmante_jokubauskaite.jpg 1200w\" sizes=\"(max-width: 1024px) 100vw, 1024px\" \/><\/figure>\n\n\n\n<div id=\"ez-toc-container\" class=\"ez-toc-v2_0_17 counter-hierarchy counter-decimal ez-toc-transparent\">\n<nav><ul class=\"ez-toc-list ez-toc-list-level-1\"><ul class=\"ez-toc-list-level-4\"><li class=\"ez-toc-heading-level-4\"><ul class=\"ez-toc-list-level-4\"><li class=\"ez-toc-heading-level-4\"><a class=\"ez-toc-link ez-toc-heading-1\" href=\"https:\/\/mackeviciai.lt\/en\/skirmante-jokubauskaite-2\/#Skirmante_Jokubauskaite\" title=\"Skirmant\u0117 Jokubauskait\u0117\">Skirmant\u0117 Jokubauskait\u0117<\/a><\/li><li class=\"ez-toc-page-1 ez-toc-heading-level-4\"><a class=\"ez-toc-link ez-toc-heading-2\" href=\"https:\/\/mackeviciai.lt\/en\/skirmante-jokubauskaite-2\/#Biography\" title=\"Biography\">Biography<\/a><\/li><li class=\"ez-toc-page-1 ez-toc-heading-level-4\"><a class=\"ez-toc-link ez-toc-heading-3\" href=\"https:\/\/mackeviciai.lt\/en\/skirmante-jokubauskaite-2\/#Membership_in_professional_organizations\" title=\"Membership in professional organizations\">Membership in professional organizations<\/a><\/li><li class=\"ez-toc-page-1 ez-toc-heading-level-4\"><a class=\"ez-toc-link ez-toc-heading-4\" href=\"https:\/\/mackeviciai.lt\/en\/skirmante-jokubauskaite-2\/#Qualification_improvement\" title=\"Qualification improvement\">Qualification improvement<\/a><\/li><\/ul><\/li><\/ul><\/li><li class=\"ez-toc-page-1 ez-toc-heading-level-2\"><a class=\"ez-toc-link ez-toc-heading-5\" href=\"https:\/\/mackeviciai.lt\/en\/skirmante-jokubauskaite-2\/#Dantu_protezavimas\" title=\"Dant\u0173 protezavimas\">Dant\u0173 protezavimas<\/a><\/li><\/ul><\/nav><\/div>\n<h4 class=\"varpav\"><span class=\"ez-toc-section\" id=\"Skirmante_Jokubauskaite\"><\/span><strong><strong>Skirmant\u0117 Jokubauskait\u0117<\/strong><\/strong><span class=\"ez-toc-section-end\"><\/span><\/h4>\n\n\n\n<p class=\"nomarg\" style=\"font-size:20px\"><strong>ORAL HYGIENIST<\/strong><\/p>\n\n\n\n<div class=\"wp-block-group mackDOCspec\"><div class=\"wp-block-group__inner-container\">\n<h6><strong>SPECIALISATION<\/strong><\/h6>\n\n\n\n<p>Oral hygiene<\/p>\n\n\n\n<h6><strong>LICENCE NUMBER<\/strong><\/h6>\n\n\n\n<p>BPL-07439<\/p>\n\n\n\n<h6><strong>LANGUAGES<\/strong><\/h6>\n\n\n\n<p>English<\/p>\n<\/div><\/div>\n<\/div><\/div>\n\n\n\n<div class=\"wp-block-uagb-column uagb-column__wrap uagb-column__background-undefined uagb-block-6ff4b950\"><div class=\"uagb-column__overlay\"><\/div><div class=\"uagb-column__inner-wrap\">\n<div class=\"wp-block-group alignfull mackbox nomarg2\"><div class=\"wp-block-group__inner-container\">\n<p>\u201eAttentive care, modern treatment, and respect for every smile.\u201c<\/p>\n<\/div><\/div>\n\n\n\n<h4><span class=\"ez-toc-section\" id=\"Biography\"><\/span>Biography<span class=\"ez-toc-section-end\"><\/span><\/h4>\n\n\n\n<p class=\"docBIO\">\n<strong class=\"first\">2018<\/strong> Graduated from Klaip\u0117da State University of Applied Sciences with a Bachelor&#8217;s degree in Dentistry and a qualification as a dental hygienist.\n\n<\/p>\n\n\n\n<h4><span class=\"ez-toc-section\" id=\"Membership_in_professional_organizations\"><\/span>Membership in professional organizations<span class=\"ez-toc-section-end\"><\/span><\/h4>\n\n\n\n<p>\nMember of the Chamber of Dentists of the Republic of Lithuania since 2018m.\n<\/p>\n\n\n\n<h4><span class=\"ez-toc-section\" id=\"Qualification_improvement\"><\/span>Qualification improvement<span class=\"ez-toc-section-end\"><\/span><\/h4>\n\n\n\n<p>I continuously deepen my knowledge by participating in seminars, courses, and international conferences related to innovations and methodologies in oral hygiene.<\/p>\n\n\n\n<span id=\"dots\" class=\"hidder\"><br>&#8230;<\/span>\n<span id=\"more\">\n\n\n\n<\/span>\n\n\n\n<button onclick=\"myFunctionBIO()\" class=\"hidder\" id=\"myBtn\">Read More<\/button>\n\n\n\n<p><\/p>\n<\/div><\/div>\n<\/div><\/section>\n<\/div><\/div>\n\n\n\n<div class=\"wp-block-group alignfull widthfull services hidder\"><div class=\"wp-block-group__inner-container\">\n<div class=\"wp-block-group alignfull\"><div class=\"wp-block-group__inner-container\">\n<div class=\"wp-block-columns alignwide\">\n<div class=\"wp-block-column\">\n<figure class=\"wp-block-embed is-type-video is-provider-youtube wp-block-embed-youtube frame wp-embed-aspect-16-9 wp-has-aspect-ratio\"><div class=\"wp-block-embed__wrapper\">\n<iframe loading=\"lazy\" title=\"Dant\u0173 protezavimas - Astijus Mackevi\u010dius | Mackevi\u010di\u0173 \u0161eimos Odontologijos klinika\" width=\"580\" height=\"326\" src=\"https:\/\/www.youtube.com\/embed\/GR6Ze1VQ3kc?feature=oembed\" frameborder=\"0\" allow=\"accelerometer; autoplay; clipboard-write; encrypted-media; gyroscope; picture-in-picture; web-share\" referrerpolicy=\"strict-origin-when-cross-origin\" allowfullscreen><\/iframe>\n<\/div><\/figure>\n<\/div>\n\n\n\n<div class=\"wp-block-column mack1\">\n<h5>Susipa\u017einkite su Astijumi Mackevi\u010diumi<\/h5>\n\n\n\n<h2><span class=\"ez-toc-section\" id=\"Dantu_protezavimas\"><\/span>Dant\u0173 protezavimas<span class=\"ez-toc-section-end\"><\/span><\/h2>\n\n\n\n<p>Daugiau kaip 20-ties met\u0173 darbin\u0119 patirt\u012f sukaup\u0119s Gyd. Odontologas Astijus Mackevi\u010dius specializuojasi dant\u0173 protezavime, implantologijoje bei periodontologijoje. \u0160iuolaikinio dant\u0173 protezavimo nauda yra neabejotina. Proced\u016bra skirta atkurti ne tik tr\u016bkstamus atskirus ar visus dantis, bet taip pat atstatyti prarast\u0105 s\u0105kand\u017eio, kramtymo funkcij\u0105. I\u0161sprendus diskomfort\u0105 kelian\u010dias problemas gal\u0117site v\u0117l dr\u0105siai d\u017eiaugtis sveika ir esteti\u0161ka \u0161ypsena.<\/p>\n\n\n\n<div class=\"wp-block-buttons is-content-justification-center\">\n<div class=\"wp-block-button is-style-outline\"><a class=\"wp-block-button__link has-primary-color has-text-color\" href=\"https:\/\/mackeviciai.lt\/lt\/vaizdo-irasai\/\" style=\"border-radius:10px\">\u017di\u016br\u0117ti DAUGIAU<\/a><\/div>\n<\/div>\n<\/div>\n<\/div>\n<\/div><\/div>\n<\/div><\/div>","protected":false},"excerpt":{"rendered":"<p>Susipa\u017einkite su Astijumi Mackevi\u010diumi Dant\u0173 protezavimas Daugiau kaip 20-ties met\u0173 darbin\u0119 patirt\u012f sukaup\u0119s Gyd. Odontologas Astijus Mackevi\u010dius specializuojasi dant\u0173 protezavime, implantologijoje bei periodontologijoje. \u0160iuolaikinio dant\u0173 protezavimo nauda yra neabejotina. Proced\u016bra skirta atkurti ne tik tr\u016bkstamus atskirus ar visus dantis, bet taip pat atstatyti prarast\u0105 s\u0105kand\u017eio, kramtymo funkcij\u0105. I\u0161sprendus diskomfort\u0105 kelian\u010dias problemas gal\u0117site v\u0117l dr\u0105siai d\u017eiaugtis [&hellip;]<\/p>","protected":false},"author":1,"featured_media":0,"parent":0,"menu_order":0,"comment_status":"closed","ping_status":"closed","template":"","meta":{"_monsterinsights_skip_tracking":false,"_monsterinsights_sitenote_active":false,"_monsterinsights_sitenote_note":"","_monsterinsights_sitenote_category":0},"yoast_head":"<!-- This site is optimized with the Yoast SEO plugin v17.8 - https:\/\/yoast.com\/wordpress\/plugins\/seo\/ -->\n<title>Skirmant\u0117 Jokubauskait\u0117 - A. Mackevi\u010diaus odontologijos klinika - Vilnius<\/title>\n<meta name=\"description\" content=\"\u201cVisada pacientui rekomenduoju t\u0105 gydymo metod\u0105, kur\u012f rink\u010diausi pats.\u201d\" \/>\n<meta name=\"robots\" content=\"index, follow, max-snippet:-1, max-image-preview:large, max-video-preview:-1\" \/>\n<link rel=\"canonical\" href=\"https:\/\/mackeviciai.lt\/en\/skirmante-jokubauskaite-2\/\" \/>\n<meta property=\"og:locale\" content=\"en_US\" \/>\n<meta property=\"og:type\" content=\"article\" \/>\n<meta property=\"og:title\" content=\"Skirmant\u0117 Jokubauskait\u0117 - A. Mackevi\u010diaus odontologijos klinika - Vilnius\" \/>\n<meta property=\"og:description\" content=\"\u201cVisada pacientui rekomenduoju t\u0105 gydymo metod\u0105, kur\u012f rink\u010diausi pats.\u201d\" \/>\n<meta property=\"og:url\" content=\"https:\/\/mackeviciai.lt\/en\/skirmante-jokubauskaite-2\/\" \/>\n<meta property=\"og:site_name\" content=\"A. Mackevi\u010diaus odontologijos klinika - Vilnius\" \/>\n<meta property=\"article:modified_time\" content=\"2026-01-15T18:59:47+00:00\" \/>\n<meta property=\"og:image\" content=\"https:\/\/mackeviciai.lt\/wp-content\/uploads\/2026\/01\/skirmante_jokubauskaite-1024x1024.jpg\" \/>\n<meta name=\"twitter:card\" content=\"summary_large_image\" \/>\n<meta name=\"twitter:label1\" content=\"Est. reading time\" \/>\n\t<meta name=\"twitter:data1\" content=\"1 minute\" \/>\n<script type=\"application\/ld+json\" class=\"yoast-schema-graph\">{\"@context\":\"https:\/\/schema.org\",\"@graph\":[{\"@type\":\"Organization\",\"@id\":\"https:\/\/mackeviciai.lt\/lt\/#organization\",\"name\":\"A. Mackevi\\u010diaus odontologijos klinika\",\"url\":\"https:\/\/mackeviciai.lt\/lt\/\",\"sameAs\":[],\"logo\":{\"@type\":\"ImageObject\",\"@id\":\"https:\/\/mackeviciai.lt\/lt\/#logo\",\"inLanguage\":\"en-US\",\"url\":\"https:\/\/www.mackeviciai.lt\/wp-content\/uploads\/2021\/12\/BLUE_HORIZONTAL.png\",\"contentUrl\":\"https:\/\/www.mackeviciai.lt\/wp-content\/uploads\/2021\/12\/BLUE_HORIZONTAL.png\",\"width\":708,\"height\":165,\"caption\":\"A. Mackevi\\u010diaus odontologijos klinika\"},\"image\":{\"@id\":\"https:\/\/mackeviciai.lt\/lt\/#logo\"}},{\"@type\":\"WebSite\",\"@id\":\"https:\/\/mackeviciai.lt\/lt\/#website\",\"url\":\"https:\/\/mackeviciai.lt\/lt\/\",\"name\":\"A. Mackevi\\u010diaus odontologijos klinika - Vilnius\",\"description\":\"\",\"publisher\":{\"@id\":\"https:\/\/mackeviciai.lt\/lt\/#organization\"},\"potentialAction\":[{\"@type\":\"SearchAction\",\"target\":{\"@type\":\"EntryPoint\",\"urlTemplate\":\"https:\/\/mackeviciai.lt\/lt\/?s={search_term_string}\"},\"query-input\":\"required name=search_term_string\"}],\"inLanguage\":\"en-US\"},{\"@type\":\"ImageObject\",\"@id\":\"https:\/\/mackeviciai.lt\/en\/skirmante-jokubauskaite-2\/#primaryimage\",\"inLanguage\":\"en-US\",\"url\":\"https:\/\/mackeviciai.lt\/wp-content\/uploads\/2026\/01\/skirmante_jokubauskaite.jpg\",\"contentUrl\":\"https:\/\/mackeviciai.lt\/wp-content\/uploads\/2026\/01\/skirmante_jokubauskaite.jpg\",\"width\":1200,\"height\":1200},{\"@type\":\"WebPage\",\"@id\":\"https:\/\/mackeviciai.lt\/en\/skirmante-jokubauskaite-2\/#webpage\",\"url\":\"https:\/\/mackeviciai.lt\/en\/skirmante-jokubauskaite-2\/\",\"name\":\"Skirmant\\u0117 Jokubauskait\\u0117 - A. Mackevi\\u010diaus odontologijos klinika - Vilnius\",\"isPartOf\":{\"@id\":\"https:\/\/mackeviciai.lt\/lt\/#website\"},\"primaryImageOfPage\":{\"@id\":\"https:\/\/mackeviciai.lt\/en\/skirmante-jokubauskaite-2\/#primaryimage\"},\"datePublished\":\"2025-06-12T19:59:52+00:00\",\"dateModified\":\"2026-01-15T18:59:47+00:00\",\"description\":\"\\u201cVisada pacientui rekomenduoju t\\u0105 gydymo metod\\u0105, kur\\u012f rink\\u010diausi pats.\\u201d\",\"breadcrumb\":{\"@id\":\"https:\/\/mackeviciai.lt\/en\/skirmante-jokubauskaite-2\/#breadcrumb\"},\"inLanguage\":\"en-US\",\"potentialAction\":[{\"@type\":\"ReadAction\",\"target\":[\"https:\/\/mackeviciai.lt\/en\/skirmante-jokubauskaite-2\/\"]}]},{\"@type\":\"BreadcrumbList\",\"@id\":\"https:\/\/mackeviciai.lt\/en\/skirmante-jokubauskaite-2\/#breadcrumb\",\"itemListElement\":[{\"@type\":\"ListItem\",\"position\":1,\"name\":\"Home\",\"item\":\"https:\/\/mackeviciai.lt\/en\/\"},{\"@type\":\"ListItem\",\"position\":2,\"name\":\"Skirmant\\u0117 Jokubauskait\\u0117\"}]}]}<\/script>\n<!-- \/ Yoast SEO plugin. -->","yoast_head_json":{"title":"Skirmant\u0117 Jokubauskait\u0117 - A. Mackevi\u010diaus odontologijos klinika - Vilnius","description":"\u201cVisada pacientui rekomenduoju t\u0105 gydymo metod\u0105, kur\u012f rink\u010diausi pats.\u201d","robots":{"index":"index","follow":"follow","max-snippet":"max-snippet:-1","max-image-preview":"max-image-preview:large","max-video-preview":"max-video-preview:-1"},"canonical":"https:\/\/mackeviciai.lt\/en\/skirmante-jokubauskaite-2\/","og_locale":"en_US","og_type":"article","og_title":"Skirmant\u0117 Jokubauskait\u0117 - A. Mackevi\u010diaus odontologijos klinika - Vilnius","og_description":"\u201cVisada pacientui rekomenduoju t\u0105 gydymo metod\u0105, kur\u012f rink\u010diausi pats.\u201d","og_url":"https:\/\/mackeviciai.lt\/en\/skirmante-jokubauskaite-2\/","og_site_name":"A. Mackevi\u010diaus odontologijos klinika - Vilnius","article_modified_time":"2026-01-15T18:59:47+00:00","og_image":[{"url":"https:\/\/mackeviciai.lt\/wp-content\/uploads\/2026\/01\/skirmante_jokubauskaite-1024x1024.jpg"}],"twitter_card":"summary_large_image","twitter_misc":{"Est. reading time":"1 minute"},"schema":{"@context":"https:\/\/schema.org","@graph":[{"@type":"Organization","@id":"https:\/\/mackeviciai.lt\/lt\/#organization","name":"A. Mackevi\u010diaus odontologijos klinika","url":"https:\/\/mackeviciai.lt\/lt\/","sameAs":[],"logo":{"@type":"ImageObject","@id":"https:\/\/mackeviciai.lt\/lt\/#logo","inLanguage":"en-US","url":"https:\/\/www.mackeviciai.lt\/wp-content\/uploads\/2021\/12\/BLUE_HORIZONTAL.png","contentUrl":"https:\/\/www.mackeviciai.lt\/wp-content\/uploads\/2021\/12\/BLUE_HORIZONTAL.png","width":708,"height":165,"caption":"A. Mackevi\u010diaus odontologijos klinika"},"image":{"@id":"https:\/\/mackeviciai.lt\/lt\/#logo"}},{"@type":"WebSite","@id":"https:\/\/mackeviciai.lt\/lt\/#website","url":"https:\/\/mackeviciai.lt\/lt\/","name":"A. Mackevi\u010diaus odontologijos klinika - Vilnius","description":"","publisher":{"@id":"https:\/\/mackeviciai.lt\/lt\/#organization"},"potentialAction":[{"@type":"SearchAction","target":{"@type":"EntryPoint","urlTemplate":"https:\/\/mackeviciai.lt\/lt\/?s={search_term_string}"},"query-input":"required name=search_term_string"}],"inLanguage":"en-US"},{"@type":"ImageObject","@id":"https:\/\/mackeviciai.lt\/en\/skirmante-jokubauskaite-2\/#primaryimage","inLanguage":"en-US","url":"https:\/\/mackeviciai.lt\/wp-content\/uploads\/2026\/01\/skirmante_jokubauskaite.jpg","contentUrl":"https:\/\/mackeviciai.lt\/wp-content\/uploads\/2026\/01\/skirmante_jokubauskaite.jpg","width":1200,"height":1200},{"@type":"WebPage","@id":"https:\/\/mackeviciai.lt\/en\/skirmante-jokubauskaite-2\/#webpage","url":"https:\/\/mackeviciai.lt\/en\/skirmante-jokubauskaite-2\/","name":"Skirmant\u0117 Jokubauskait\u0117 - A. Mackevi\u010diaus odontologijos klinika - Vilnius","isPartOf":{"@id":"https:\/\/mackeviciai.lt\/lt\/#website"},"primaryImageOfPage":{"@id":"https:\/\/mackeviciai.lt\/en\/skirmante-jokubauskaite-2\/#primaryimage"},"datePublished":"2025-06-12T19:59:52+00:00","dateModified":"2026-01-15T18:59:47+00:00","description":"\u201cVisada pacientui rekomenduoju t\u0105 gydymo metod\u0105, kur\u012f rink\u010diausi pats.\u201d","breadcrumb":{"@id":"https:\/\/mackeviciai.lt\/en\/skirmante-jokubauskaite-2\/#breadcrumb"},"inLanguage":"en-US","potentialAction":[{"@type":"ReadAction","target":["https:\/\/mackeviciai.lt\/en\/skirmante-jokubauskaite-2\/"]}]},{"@type":"BreadcrumbList","@id":"https:\/\/mackeviciai.lt\/en\/skirmante-jokubauskaite-2\/#breadcrumb","itemListElement":[{"@type":"ListItem","position":1,"name":"Home","item":"https:\/\/mackeviciai.lt\/en\/"},{"@type":"ListItem","position":2,"name":"Skirmant\u0117 Jokubauskait\u0117"}]}]}},"uagb_featured_image_src":{"full":false,"thumbnail":false,"medium":false,"medium_large":false,"large":false,"1536x1536":false,"2048x2048":false,"trp-custom-language-flag":false,"post-thumbnail":false,"twentytwenty-fullscreen":false},"uagb_author_info":{"display_name":"test159","author_link":"https:\/\/mackeviciai.lt\/en\/author\/test159\/"},"uagb_comment_info":0,"uagb_excerpt":"Susipa\u017einkite su Astijumi Mackevi\u010diumi Dant\u0173 protezavimas Daugiau kaip 20-ties met\u0173 darbin\u0119 patirt\u012f sukaup\u0119s Gyd. Odontologas Astijus Mackevi\u010dius specializuojasi dant\u0173 protezavime, implantologijoje bei periodontologijoje. \u0160iuolaikinio dant\u0173 protezavimo nauda yra neabejotina. Proced\u016bra skirta atkurti ne tik tr\u016bkstamus atskirus ar visus dantis, bet taip pat atstatyti prarast\u0105 s\u0105kand\u017eio, kramtymo funkcij\u0105. I\u0161sprendus diskomfort\u0105 kelian\u010dias problemas gal\u0117site v\u0117l dr\u0105siai d\u017eiaugtis&hellip;","_links":{"self":[{"href":"https:\/\/mackeviciai.lt\/en\/wp-json\/wp\/v2\/pages\/5780"}],"collection":[{"href":"https:\/\/mackeviciai.lt\/en\/wp-json\/wp\/v2\/pages"}],"about":[{"href":"https:\/\/mackeviciai.lt\/en\/wp-json\/wp\/v2\/types\/page"}],"author":[{"embeddable":true,"href":"https:\/\/mackeviciai.lt\/en\/wp-json\/wp\/v2\/users\/1"}],"replies":[{"embeddable":true,"href":"https:\/\/mackeviciai.lt\/en\/wp-json\/wp\/v2\/comments?post=5780"}],"version-history":[{"count":4,"href":"https:\/\/mackeviciai.lt\/en\/wp-json\/wp\/v2\/pages\/5780\/revisions"}],"predecessor-version":[{"id":6006,"href":"https:\/\/mackeviciai.lt\/en\/wp-json\/wp\/v2\/pages\/5780\/revisions\/6006"}],"wp:attachment":[{"href":"https:\/\/mackeviciai.lt\/en\/wp-json\/wp\/v2\/media?parent=5780"}],"curies":[{"name":"wp","href":"https:\/\/api.w.org\/{rel}","templated":true}]}}