{"id":5874,"date":"2025-11-04T14:26:28","date_gmt":"2025-11-04T14:26:28","guid":{"rendered":"https:\/\/mackeviciai.lt\/?page_id=5874"},"modified":"2026-01-15T18:57:12","modified_gmt":"2026-01-15T18:57:12","slug":"migle-mackeviciute-2","status":"publish","type":"page","link":"https:\/\/mackeviciai.lt\/en\/migle-mackeviciute-2\/","title":{"rendered":"Migl\u0117 Mackevi\u010di\u016bt\u0117"},"content":{"rendered":"<div class=\"wp-block-group alignfull mackD1\"><div class=\"wp-block-group__inner-container\">\n<section class=\"wp-block-uagb-columns uagb-columns__wrap uagb-columns__background-undefined uagb-columns__stack-mobile uagb-columns__valign-undefined uagb-columns__gap-10 alignfull uagb-block-a4ac73b1\"><div class=\"uagb-columns__overlay\"><\/div><div class=\"uagb-columns__inner-wrap uagb-columns__columns-2\">\n<div class=\"wp-block-uagb-column uagb-column__wrap uagb-column__background-undefined uagb-block-fe0a7822 mackDOCspec2\"><div class=\"uagb-column__overlay\"><\/div><div class=\"uagb-column__inner-wrap\">\n<figure class=\"wp-block-image alignfull size-full docDOCimg\"><img loading=\"lazy\" width=\"700\" height=\"700\" src=\"https:\/\/mackeviciai.lt\/wp-content\/uploads\/2026\/01\/migle_mackeviciute-1.jpg\" alt=\"\" class=\"wp-image-5987\" srcset=\"https:\/\/mackeviciai.lt\/wp-content\/uploads\/2026\/01\/migle_mackeviciute-1.jpg 700w, https:\/\/mackeviciai.lt\/wp-content\/uploads\/2026\/01\/migle_mackeviciute-1-300x300.jpg 300w, https:\/\/mackeviciai.lt\/wp-content\/uploads\/2026\/01\/migle_mackeviciute-1-150x150.jpg 150w, https:\/\/mackeviciai.lt\/wp-content\/uploads\/2026\/01\/migle_mackeviciute-1-12x12.jpg 12w\" sizes=\"(max-width: 700px) 100vw, 700px\" \/><\/figure>\n\n\n\n<div id=\"ez-toc-container\" class=\"ez-toc-v2_0_17 counter-hierarchy counter-decimal ez-toc-transparent\">\n<nav><ul class=\"ez-toc-list ez-toc-list-level-1\"><ul class=\"ez-toc-list-level-4\"><li class=\"ez-toc-heading-level-4\"><ul class=\"ez-toc-list-level-4\"><li class=\"ez-toc-heading-level-4\"><a class=\"ez-toc-link ez-toc-heading-1\" href=\"https:\/\/mackeviciai.lt\/en\/migle-mackeviciute-2\/#Migle_Mackeviciute\" title=\"Migl\u0117 Mackevi\u010di\u016bt\u0117\">Migl\u0117 Mackevi\u010di\u016bt\u0117<\/a><\/li><li class=\"ez-toc-page-1 ez-toc-heading-level-4\"><a class=\"ez-toc-link ez-toc-heading-2\" href=\"https:\/\/mackeviciai.lt\/en\/migle-mackeviciute-2\/#Biography\" title=\"Biography\">Biography<\/a><\/li><li class=\"ez-toc-page-1 ez-toc-heading-level-4\"><a class=\"ez-toc-link ez-toc-heading-3\" href=\"https:\/\/mackeviciai.lt\/en\/migle-mackeviciute-2\/#Membership_in_professional_organisations\" title=\"Membership in professional organisations\">Membership in professional organisations<\/a><\/li><li class=\"ez-toc-page-1 ez-toc-heading-level-4\"><a class=\"ez-toc-link ez-toc-heading-4\" href=\"https:\/\/mackeviciai.lt\/en\/migle-mackeviciute-2\/#Scientific_activity\" title=\"Scientific activity\">Scientific activity<\/a><\/li><li class=\"ez-toc-page-1 ez-toc-heading-level-4\"><a class=\"ez-toc-link ez-toc-heading-5\" href=\"https:\/\/mackeviciai.lt\/en\/migle-mackeviciute-2\/#Qualification_improvement\" title=\" Qualification improvement \"> Qualification improvement <\/a><\/li><\/ul><\/li><\/ul><\/li><li class=\"ez-toc-page-1 ez-toc-heading-level-2\"><a class=\"ez-toc-link ez-toc-heading-6\" href=\"https:\/\/mackeviciai.lt\/en\/migle-mackeviciute-2\/#Dental_prosthetics\" title=\"Dental prosthetics\">Dental prosthetics<\/a><\/li><\/ul><\/nav><\/div>\n<h4 class=\"varpav\"><span class=\"ez-toc-section\" id=\"Migle_Mackeviciute\"><\/span><strong>Migl\u0117 Mackevi\u010di\u016bt\u0117<\/strong><span class=\"ez-toc-section-end\"><\/span><\/h4>\n\n\n\n<p class=\"nomarg\" style=\"font-size:20px\"><strong><strong>GENERAL PRACTICE DENTIST<\/strong><\/strong><\/p>\n\n\n\n<div class=\"wp-block-group mackDOCspec\"><div class=\"wp-block-group__inner-container\">\n<h6><strong>SPECIALISATION<\/strong><\/h6>\n\n\n\n<p>General practice dentist<\/p>\n\n\n\n<h6><strong><strong>LICENCE NUMBER<\/strong><\/strong><\/h6>\n\n\n\n<p> OPL-06482<\/p>\n\n\n\n<h6><strong>Languages<\/strong><\/h6>\n\n\n\n<p>Lithuanian, English, Russian<\/p>\n<\/div><\/div>\n<\/div><\/div>\n\n\n\n<div class=\"wp-block-uagb-column uagb-column__wrap uagb-column__background-undefined uagb-block-8b4eb21e\"><div class=\"uagb-column__overlay\"><\/div><div class=\"uagb-column__inner-wrap\">\n<div class=\"wp-block-group alignfull mackbox nomarg2\"><div class=\"wp-block-group__inner-container\">\n<p>\u201cArt and science create your smile\u201d<\/p>\n<\/div><\/div>\n\n\n\n<h4><span class=\"ez-toc-section\" id=\"Biography\"><\/span>Biography<span class=\"ez-toc-section-end\"><\/span><\/h4>\n\n\n\n<p class=\"docBIO\">\n<strong class=\"first\">2025<\/strong> Lithuanian University of Health Sciences, Master&#8217;s degree and qualification as a dentist.\n\n<\/p>\n\n\n\n<h4><span class=\"ez-toc-section\" id=\"Membership_in_professional_organisations\"><\/span>Membership in professional organisations<span class=\"ez-toc-section-end\"><\/span><\/h4>\n\n\n\n<p>\nMember of the Lithuanian Dental Association.\n<\/p>\n\n\n\n<h4><span class=\"ez-toc-section\" id=\"Scientific_activity\"><\/span><strong>Scientific activity<\/strong><span class=\"ez-toc-section-end\"><\/span><\/h4>\n\n\n\n<p>\n\u201ePatologin\u0117s dant\u0173 migracijos \u012ftaka gyvenimo kokybei III-IV stadijos periodontitu sergantiems pacientams.\u201d Vadov\u0117 doc Egl\u0117 Zas\u010diurinskien\u0117\n<\/p>\n\n\n\n<h4><span class=\"ez-toc-section\" id=\"Qualification_improvement\"><\/span> Qualification improvement <span class=\"ez-toc-section-end\"><\/span><\/h4>\n\n\n\n<p><strong>2025 m.<\/strong> <\/p>\n\n\n\n<p>\u201eOdontologijos kompasas 2025\u201c \u2013 tarptautinis kongresas Druskininkai, Lietuva<\/p>\n\n\n\n<p>\u201eDigital or Conventional? What is more effective\u201d \u2013 tarptautin\u0117 mokslin\u0117 ortodontijos konferencija Kaunas, Lietuva<\/p>\n\n\n\n<p>\u201eBaltic Days of Dentistry 2025\u201d Vilnius, Lietuva<\/p>\n\n\n\n<p>\u201cUpdate on Palatal TADs and CAD\/CAM Technologies\u201d \u2013 kursai Traben-Trarbach, Vokietija<\/p>\n\n\n\n<p><strong>2024 m.<\/strong><\/p>\n\n\n\n<p>\u201eSurpassing the Limits in Orthodontics\u201d \u2013 tarptautin\u0117 mokslin\u0117 ortodontijos konferencija Vilnius, Lietuva<\/p>\n\n\n\n<p>\u201eDant\u0173 tiesinimas kapomis gydymo \u017eini\u0173 gilinimas: diagnozavimo ir gydymo metodai praktikoje\u201c Vilnius, Lietuva<\/p>\n\n\n\n<p>\u201eEstetinis priekini\u0173 dant\u0173 plombavimas kompozitais\u201c Vilnius, Lietuva<\/p>\n\n\n\n<p>\u201eOdontologijos kompasas 2024\u201c \u2013 tarptautinis kongresas Druskininkai, Lietuva<\/p>\n\n\n\n<span id=\"dots\"><br>&#8230;<\/span>\n<span id=\"more\">\n\n\n\n<p><strong>2023 m.<\/strong><\/p>\n\n\n\n<p>\u201eDigitale Zahnmedizin Kongress Dentistry 4.0\u201d Viena, Austrija<\/p>\n\n\n\n<p>\u201eOdontologijos kompasas 2023\u201c \u2013 tarptautinis kongresas Druskininkai, Lietuva<\/p>\n\n\n\n<p>\u201eBaltic Days of Dentistry 2023\u201d Vilnius, Lietuva \u201eDant\u0173 estetikos pagrindai. Praktika. Lekt. Gyd. Od. Marija \u017ditkevi\u010di\u016bt\u0117 \u2013 Puteris\u201c Kaunas,<\/p>\n\n\n\n<p><strong>2022 m.<\/strong><\/p>\n\n\n\n<p>\u201eOdontologijos kompasas 2022\u201c \u2013 tarptautinis kongresas Druskininkai, Lietuva<\/p>\n\n\n\n<p>\u201eBaltic Days of Dentistry 2022\u201d Vilnius, Lietuva<\/p>\n\n\n\n<p><strong>2021 m.<\/strong><\/p>\n\n\n\n<p>\u201eMed grup\u0117s student akademijos paskait\u0173 ciklas\u201c nuotoliniai kursai<\/p>\n\n\n\n<p>\u201eBaltic Days of Dentistry 2021\u201d Vilnius, Lietuva<\/p>\n\n\n\n<p>\u201e5G galimyb\u0117 + gro\u017eis + garb\u0117 + gin\u010das + gr\u0117sm\u0117\u201d GOD konferencija Druskininkai, Lietuva<\/p>\n\n\n\n<p>\u201eOdontologijos kompasas 2021\u201c \u2013 tarptautinis kongresas Druskininkai, Lietuva<\/p>\n\n\n\n<\/span>\n\n\n\n<button onclick=\"myFunctionBIO()\" id=\"myBtn\">READ MORE<\/button>\n\n\n\n<p><\/p>\n<\/div><\/div>\n<\/div><\/section>\n<\/div><\/div>\n\n\n\n<div class=\"wp-block-group alignfull widthfull services hidder\"><div class=\"wp-block-group__inner-container\">\n<div class=\"wp-block-group alignfull\"><div class=\"wp-block-group__inner-container\">\n<div class=\"wp-block-columns alignwide\">\n<div class=\"wp-block-column\">\n<figure class=\"wp-block-embed is-type-video is-provider-youtube wp-block-embed-youtube frame wp-embed-aspect-16-9 wp-has-aspect-ratio\"><div class=\"wp-block-embed__wrapper\">\n<iframe loading=\"lazy\" title=\"Dant\u0173 protezavimas - Astijus Mackevi\u010dius | Mackevi\u010di\u0173 \u0161eimos Odontologijos klinika\" width=\"580\" height=\"326\" src=\"https:\/\/www.youtube.com\/embed\/GR6Ze1VQ3kc?feature=oembed\" frameborder=\"0\" allow=\"accelerometer; autoplay; clipboard-write; encrypted-media; gyroscope; picture-in-picture; web-share\" referrerpolicy=\"strict-origin-when-cross-origin\" allowfullscreen><\/iframe>\n<\/div><\/figure>\n<\/div>\n\n\n\n<div class=\"wp-block-column mack1\">\n<h5>Meet Astijus Mackevi\u010dius<\/h5>\n\n\n\n<h2><span class=\"ez-toc-section\" id=\"Dental_prosthetics\"><\/span>Dental prosthetics<span class=\"ez-toc-section-end\"><\/span><\/h2>\n\n\n\n<p>Prosthodontist with more than 20 years of experience. Astijus Mackevicius specialises in dental prosthetics, implantology and periodontology. The benefits of modern prosthetics are undeniable. The procedure is designed not only to bring back any number of missing teeth but also to restore the lost bite and chewing functionality. After solving the problems that cause discomfort, you will be able to enjoy a healthy and aesthetic smile again.<\/p>\n\n\n\n<div class=\"wp-block-buttons is-content-justification-center\">\n<div class=\"wp-block-button is-style-outline\"><a class=\"wp-block-button__link has-primary-color has-text-color\" href=\"https:\/\/mackeviciai.lt\/lt\/vaizdo-irasai\/\" style=\"border-radius:10px\">SEE more<\/a><\/div>\n<\/div>\n<\/div>\n<\/div>\n<\/div><\/div>\n<\/div><\/div>","protected":false},"excerpt":{"rendered":"<p>Meet Astijus Mackevi\u010dius Dental prosthetics Prosthodontist with more than 20 years of experience. Astijus Mackevicius specialises in dental prosthetics, implantology and periodontology. The benefits of modern prosthetics are undeniable. The procedure is designed not only to bring back any number of missing teeth but also to restore the lost bite and chewing functionality. After solving [&hellip;]<\/p>","protected":false},"author":1,"featured_media":0,"parent":0,"menu_order":0,"comment_status":"closed","ping_status":"closed","template":"","meta":{"_monsterinsights_skip_tracking":false,"_monsterinsights_sitenote_active":false,"_monsterinsights_sitenote_note":"","_monsterinsights_sitenote_category":0},"yoast_head":"<!-- This site is optimized with the Yoast SEO plugin v17.8 - https:\/\/yoast.com\/wordpress\/plugins\/seo\/ -->\n<title>Migl\u0117 Mackevi\u010di\u016bt\u0117 - A. Mackevi\u010diaus odontologijos klinika - Vilnius<\/title>\n<meta name=\"robots\" content=\"index, follow, max-snippet:-1, max-image-preview:large, max-video-preview:-1\" \/>\n<link rel=\"canonical\" href=\"https:\/\/mackeviciai.lt\/en\/migle-mackeviciute-2\/\" \/>\n<meta property=\"og:locale\" content=\"en_US\" \/>\n<meta property=\"og:type\" content=\"article\" \/>\n<meta property=\"og:title\" content=\"Migl\u0117 Mackevi\u010di\u016bt\u0117 - A. Mackevi\u010diaus odontologijos klinika - Vilnius\" \/>\n<meta property=\"og:description\" content=\"Meet Astijus Mackevi\u010dius Dental prosthetics Prosthodontist with more than 20 years of experience. Astijus Mackevicius specialises in dental prosthetics, implantology and periodontology. The benefits of modern prosthetics are undeniable. The procedure is designed not only to bring back any number of missing teeth but also to restore the lost bite and chewing functionality. After solving [&hellip;]\" \/>\n<meta property=\"og:url\" content=\"https:\/\/mackeviciai.lt\/en\/migle-mackeviciute-2\/\" \/>\n<meta property=\"og:site_name\" content=\"A. Mackevi\u010diaus odontologijos klinika - Vilnius\" \/>\n<meta property=\"article:modified_time\" content=\"2026-01-15T18:57:12+00:00\" \/>\n<meta property=\"og:image\" content=\"https:\/\/mackeviciai.lt\/wp-content\/uploads\/2026\/01\/migle_mackeviciute-1.jpg\" \/>\n<meta name=\"twitter:card\" content=\"summary_large_image\" \/>\n<meta name=\"twitter:label1\" content=\"Est. reading time\" \/>\n\t<meta name=\"twitter:data1\" content=\"2 minutes\" \/>\n<script type=\"application\/ld+json\" class=\"yoast-schema-graph\">{\"@context\":\"https:\/\/schema.org\",\"@graph\":[{\"@type\":\"Organization\",\"@id\":\"https:\/\/mackeviciai.lt\/lt\/#organization\",\"name\":\"A. Mackevi\\u010diaus odontologijos klinika\",\"url\":\"https:\/\/mackeviciai.lt\/lt\/\",\"sameAs\":[],\"logo\":{\"@type\":\"ImageObject\",\"@id\":\"https:\/\/mackeviciai.lt\/lt\/#logo\",\"inLanguage\":\"en-US\",\"url\":\"https:\/\/www.mackeviciai.lt\/wp-content\/uploads\/2021\/12\/BLUE_HORIZONTAL.png\",\"contentUrl\":\"https:\/\/www.mackeviciai.lt\/wp-content\/uploads\/2021\/12\/BLUE_HORIZONTAL.png\",\"width\":708,\"height\":165,\"caption\":\"A. Mackevi\\u010diaus odontologijos klinika\"},\"image\":{\"@id\":\"https:\/\/mackeviciai.lt\/lt\/#logo\"}},{\"@type\":\"WebSite\",\"@id\":\"https:\/\/mackeviciai.lt\/lt\/#website\",\"url\":\"https:\/\/mackeviciai.lt\/lt\/\",\"name\":\"A. Mackevi\\u010diaus odontologijos klinika - Vilnius\",\"description\":\"\",\"publisher\":{\"@id\":\"https:\/\/mackeviciai.lt\/lt\/#organization\"},\"potentialAction\":[{\"@type\":\"SearchAction\",\"target\":{\"@type\":\"EntryPoint\",\"urlTemplate\":\"https:\/\/mackeviciai.lt\/lt\/?s={search_term_string}\"},\"query-input\":\"required name=search_term_string\"}],\"inLanguage\":\"en-US\"},{\"@type\":\"ImageObject\",\"@id\":\"https:\/\/mackeviciai.lt\/en\/migle-mackeviciute-2\/#primaryimage\",\"inLanguage\":\"en-US\",\"url\":\"https:\/\/mackeviciai.lt\/wp-content\/uploads\/2026\/01\/migle_mackeviciute-1.jpg\",\"contentUrl\":\"https:\/\/mackeviciai.lt\/wp-content\/uploads\/2026\/01\/migle_mackeviciute-1.jpg\",\"width\":700,\"height\":700},{\"@type\":\"WebPage\",\"@id\":\"https:\/\/mackeviciai.lt\/en\/migle-mackeviciute-2\/#webpage\",\"url\":\"https:\/\/mackeviciai.lt\/en\/migle-mackeviciute-2\/\",\"name\":\"Migl\\u0117 Mackevi\\u010di\\u016bt\\u0117 - A. Mackevi\\u010diaus odontologijos klinika - Vilnius\",\"isPartOf\":{\"@id\":\"https:\/\/mackeviciai.lt\/lt\/#website\"},\"primaryImageOfPage\":{\"@id\":\"https:\/\/mackeviciai.lt\/en\/migle-mackeviciute-2\/#primaryimage\"},\"datePublished\":\"2025-11-04T14:26:28+00:00\",\"dateModified\":\"2026-01-15T18:57:12+00:00\",\"breadcrumb\":{\"@id\":\"https:\/\/mackeviciai.lt\/en\/migle-mackeviciute-2\/#breadcrumb\"},\"inLanguage\":\"en-US\",\"potentialAction\":[{\"@type\":\"ReadAction\",\"target\":[\"https:\/\/mackeviciai.lt\/en\/migle-mackeviciute-2\/\"]}]},{\"@type\":\"BreadcrumbList\",\"@id\":\"https:\/\/mackeviciai.lt\/en\/migle-mackeviciute-2\/#breadcrumb\",\"itemListElement\":[{\"@type\":\"ListItem\",\"position\":1,\"name\":\"Home\",\"item\":\"https:\/\/mackeviciai.lt\/en\/\"},{\"@type\":\"ListItem\",\"position\":2,\"name\":\"Migl\\u0117 Mackevi\\u010di\\u016bt\\u0117\"}]}]}<\/script>\n<!-- \/ Yoast SEO plugin. -->","yoast_head_json":{"title":"Migl\u0117 Mackevi\u010di\u016bt\u0117 - A. Mackevi\u010diaus odontologijos klinika - Vilnius","robots":{"index":"index","follow":"follow","max-snippet":"max-snippet:-1","max-image-preview":"max-image-preview:large","max-video-preview":"max-video-preview:-1"},"canonical":"https:\/\/mackeviciai.lt\/en\/migle-mackeviciute-2\/","og_locale":"en_US","og_type":"article","og_title":"Migl\u0117 Mackevi\u010di\u016bt\u0117 - A. Mackevi\u010diaus odontologijos klinika - Vilnius","og_description":"Meet Astijus Mackevi\u010dius Dental prosthetics Prosthodontist with more than 20 years of experience. Astijus Mackevicius specialises in dental prosthetics, implantology and periodontology. The benefits of modern prosthetics are undeniable. The procedure is designed not only to bring back any number of missing teeth but also to restore the lost bite and chewing functionality. After solving [&hellip;]","og_url":"https:\/\/mackeviciai.lt\/en\/migle-mackeviciute-2\/","og_site_name":"A. Mackevi\u010diaus odontologijos klinika - Vilnius","article_modified_time":"2026-01-15T18:57:12+00:00","og_image":[{"url":"https:\/\/mackeviciai.lt\/wp-content\/uploads\/2026\/01\/migle_mackeviciute-1.jpg"}],"twitter_card":"summary_large_image","twitter_misc":{"Est. reading time":"2 minutes"},"schema":{"@context":"https:\/\/schema.org","@graph":[{"@type":"Organization","@id":"https:\/\/mackeviciai.lt\/lt\/#organization","name":"A. Mackevi\u010diaus odontologijos klinika","url":"https:\/\/mackeviciai.lt\/lt\/","sameAs":[],"logo":{"@type":"ImageObject","@id":"https:\/\/mackeviciai.lt\/lt\/#logo","inLanguage":"en-US","url":"https:\/\/www.mackeviciai.lt\/wp-content\/uploads\/2021\/12\/BLUE_HORIZONTAL.png","contentUrl":"https:\/\/www.mackeviciai.lt\/wp-content\/uploads\/2021\/12\/BLUE_HORIZONTAL.png","width":708,"height":165,"caption":"A. Mackevi\u010diaus odontologijos klinika"},"image":{"@id":"https:\/\/mackeviciai.lt\/lt\/#logo"}},{"@type":"WebSite","@id":"https:\/\/mackeviciai.lt\/lt\/#website","url":"https:\/\/mackeviciai.lt\/lt\/","name":"A. Mackevi\u010diaus odontologijos klinika - Vilnius","description":"","publisher":{"@id":"https:\/\/mackeviciai.lt\/lt\/#organization"},"potentialAction":[{"@type":"SearchAction","target":{"@type":"EntryPoint","urlTemplate":"https:\/\/mackeviciai.lt\/lt\/?s={search_term_string}"},"query-input":"required name=search_term_string"}],"inLanguage":"en-US"},{"@type":"ImageObject","@id":"https:\/\/mackeviciai.lt\/en\/migle-mackeviciute-2\/#primaryimage","inLanguage":"en-US","url":"https:\/\/mackeviciai.lt\/wp-content\/uploads\/2026\/01\/migle_mackeviciute-1.jpg","contentUrl":"https:\/\/mackeviciai.lt\/wp-content\/uploads\/2026\/01\/migle_mackeviciute-1.jpg","width":700,"height":700},{"@type":"WebPage","@id":"https:\/\/mackeviciai.lt\/en\/migle-mackeviciute-2\/#webpage","url":"https:\/\/mackeviciai.lt\/en\/migle-mackeviciute-2\/","name":"Migl\u0117 Mackevi\u010di\u016bt\u0117 - A. Mackevi\u010diaus odontologijos klinika - Vilnius","isPartOf":{"@id":"https:\/\/mackeviciai.lt\/lt\/#website"},"primaryImageOfPage":{"@id":"https:\/\/mackeviciai.lt\/en\/migle-mackeviciute-2\/#primaryimage"},"datePublished":"2025-11-04T14:26:28+00:00","dateModified":"2026-01-15T18:57:12+00:00","breadcrumb":{"@id":"https:\/\/mackeviciai.lt\/en\/migle-mackeviciute-2\/#breadcrumb"},"inLanguage":"en-US","potentialAction":[{"@type":"ReadAction","target":["https:\/\/mackeviciai.lt\/en\/migle-mackeviciute-2\/"]}]},{"@type":"BreadcrumbList","@id":"https:\/\/mackeviciai.lt\/en\/migle-mackeviciute-2\/#breadcrumb","itemListElement":[{"@type":"ListItem","position":1,"name":"Home","item":"https:\/\/mackeviciai.lt\/en\/"},{"@type":"ListItem","position":2,"name":"Migl\u0117 Mackevi\u010di\u016bt\u0117"}]}]}},"uagb_featured_image_src":{"full":false,"thumbnail":false,"medium":false,"medium_large":false,"large":false,"1536x1536":false,"2048x2048":false,"trp-custom-language-flag":false,"post-thumbnail":false,"twentytwenty-fullscreen":false},"uagb_author_info":{"display_name":"test159","author_link":"https:\/\/mackeviciai.lt\/en\/author\/test159\/"},"uagb_comment_info":0,"uagb_excerpt":"Meet Astijus Mackevi\u010dius Dental prosthetics Prosthodontist with more than 20 years of experience. Astijus Mackevicius specialises in dental prosthetics, implantology and periodontology. The benefits of modern prosthetics are undeniable. The procedure is designed not only to bring back any number of missing teeth but also to restore the lost bite and chewing functionality. After solving&hellip;","_links":{"self":[{"href":"https:\/\/mackeviciai.lt\/en\/wp-json\/wp\/v2\/pages\/5874"}],"collection":[{"href":"https:\/\/mackeviciai.lt\/en\/wp-json\/wp\/v2\/pages"}],"about":[{"href":"https:\/\/mackeviciai.lt\/en\/wp-json\/wp\/v2\/types\/page"}],"author":[{"embeddable":true,"href":"https:\/\/mackeviciai.lt\/en\/wp-json\/wp\/v2\/users\/1"}],"replies":[{"embeddable":true,"href":"https:\/\/mackeviciai.lt\/en\/wp-json\/wp\/v2\/comments?post=5874"}],"version-history":[{"count":4,"href":"https:\/\/mackeviciai.lt\/en\/wp-json\/wp\/v2\/pages\/5874\/revisions"}],"predecessor-version":[{"id":6002,"href":"https:\/\/mackeviciai.lt\/en\/wp-json\/wp\/v2\/pages\/5874\/revisions\/6002"}],"wp:attachment":[{"href":"https:\/\/mackeviciai.lt\/en\/wp-json\/wp\/v2\/media?parent=5874"}],"curies":[{"name":"wp","href":"https:\/\/api.w.org\/{rel}","templated":true}]}}